{"id":27449,"date":"2023-05-10T13:03:12","date_gmt":"2023-05-10T11:03:12","guid":{"rendered":"https:\/\/librairie7l.com\/?post_type=product&#038;p=27449"},"modified":"2026-04-04T14:18:44","modified_gmt":"2026-04-04T12:18:44","slug":"respirer-lombre","status":"publish","type":"product","link":"https:\/\/librairie7l.com\/en\/produit\/respirer-lombre\/","title":{"rendered":"RESPIRER L&#8217;OMBRE"},"content":{"rendered":"<p>Giuseppe Penone, n\u00e9 en 1947 en Italie, est associ\u00e9 au mouvement de l&#8217;Arte Povera. Artiste de renomm\u00e9e internationale, il a repr\u00e9sent\u00e9 l&#8217;Italie \u00e0 la Biennale de Venise en 2007 et est intervenu dans les jardins et au ch\u00e2teau de Versailles en 2013.<br \/>\nCet ouvrage passionnant, illustr\u00e9 par de nombreuses photographies d&#8217;oeuvres de toutes p\u00e9riodes de Penone, r\u00e9unit l&#8217;ensemble de ses \u00e9crits pr\u00e9sent\u00e9s de mani\u00e8re chronologique. Ces courts textes permettent de mieux appr\u00e9hender son oeuvre et sa personnalit\u00e9.<br \/>\nIls paraissent dans une \u00e9dition augment\u00e9e de ses derni\u00e8res contributions.<br \/>\nComme il l&#8217;exprime dans Respirer l&#8217;ombre, iltente de \u00ab retrouver les valeurs de l&#8217;exaltation de l&#8217;oeuvre exceptionnelle, extr\u00eame, unique, impossible, absolue avec la force et l&#8217;\u00e9ternit\u00e9 des vingt ans.<br \/>\n[&#8230;] Une oeuvre model\u00e9e par un vent de terre et qui laisse les empreintes de la m\u00e9moire des r\u00eaves. Une oeuvre qui renferme les valeurs recueillies \u00e0 l&#8217;occasion d&#8217;un voyage dans le temps sur un astronef d&#8217;argile. Un voyage qui croise d&#8217;autres voyages, de p\u00e9riodes lointaines, de gens lointains, de terres lointaines. [&#8230;] en portant le regard sur l&#8217;aust\u00e8re, la furtive, la volubile, la superbe, la moqueuse, la rayonnante, l&#8217;infid\u00e8le, l&#8217;infime, l&#8217;immense pr\u00e9sence po\u00e9tique. \u00bb<\/p>\n","protected":false},"excerpt":{"rendered":"<p>Giuseppe Penone, n\u00e9 en 1947 en Italie, est associ\u00e9 au mouvement de l&#8217;Arte Povera. Artiste de renomm\u00e9e internationale, il a repr\u00e9sent\u00e9 l&#8217;Italie \u00e0 la Biennale de Venise en 2007 et est intervenu dans les jardins et au ch\u00e2teau de Versailles en 2013. Cet ouvrage passionnant, illustr\u00e9 par de nombreuses photographies d&#8217;oeuvres de toutes p\u00e9riodes de [&hellip;]<\/p>\n","protected":false},"featured_media":27447,"template":"","meta":[],"product_cat":[55,2948,47,2953],"product_tag":[],"acf":[],"yoast_head":"<!-- This site is optimized with the Yoast SEO plugin v20.11 - https:\/\/yoast.com\/wordpress\/plugins\/seo\/ -->\n<title>RESPIRER L&#039;OMBRE - Librairie 7L<\/title>\n<meta name=\"robots\" content=\"index, follow, max-snippet:-1, max-image-preview:large, max-video-preview:-1\" \/>\n<link rel=\"canonical\" href=\"https:\/\/librairie7l.com\/en\/produit\/respirer-lombre\/\" \/>\n<meta property=\"og:locale\" content=\"en_US\" \/>\n<meta property=\"og:type\" content=\"article\" \/>\n<meta property=\"og:title\" content=\"RESPIRER L&#039;OMBRE - Librairie 7L\" \/>\n<meta property=\"og:description\" content=\"Giuseppe Penone, n\u00e9 en 1947 en Italie, est associ\u00e9 au mouvement de l&#8217;Arte Povera. Artiste de renomm\u00e9e internationale, il a repr\u00e9sent\u00e9 l&#8217;Italie \u00e0 la Biennale de Venise en 2007 et est intervenu dans les jardins et au ch\u00e2teau de Versailles en 2013. Cet ouvrage passionnant, illustr\u00e9 par de nombreuses photographies d&#8217;oeuvres de toutes p\u00e9riodes de [&hellip;]\" \/>\n<meta property=\"og:url\" content=\"https:\/\/librairie7l.com\/en\/produit\/respirer-lombre\/\" \/>\n<meta property=\"og:site_name\" content=\"Librairie 7L\" \/>\n<meta property=\"article:modified_time\" content=\"2026-04-04T12:18:44+00:00\" \/>\n<meta property=\"og:image\" content=\"https:\/\/librairie7l.com\/wp-content\/uploads\/2016\/02\/9782840564942_1_75.jpg\" \/>\n\t<meta property=\"og:image:width\" content=\"333\" \/>\n\t<meta property=\"og:image:height\" content=\"681\" \/>\n\t<meta property=\"og:image:type\" content=\"image\/jpeg\" \/>\n<meta name=\"twitter:card\" content=\"summary_large_image\" \/>\n<meta name=\"twitter:label1\" content=\"Est. reading time\" \/>\n\t<meta name=\"twitter:data1\" content=\"1 minute\" \/>\n<script type=\"application\/ld+json\" class=\"yoast-schema-graph\">{\"@context\":\"https:\/\/schema.org\",\"@graph\":[{\"@type\":\"WebPage\",\"@id\":\"https:\/\/librairie7l.com\/en\/produit\/respirer-lombre\/\",\"url\":\"https:\/\/librairie7l.com\/en\/produit\/respirer-lombre\/\",\"name\":\"RESPIRER L'OMBRE - Librairie 7L\",\"isPartOf\":{\"@id\":\"https:\/\/librairie7l.com\/en\/#website\"},\"datePublished\":\"2023-05-10T11:03:12+00:00\",\"dateModified\":\"2026-04-04T12:18:44+00:00\",\"breadcrumb\":{\"@id\":\"https:\/\/librairie7l.com\/en\/produit\/respirer-lombre\/#breadcrumb\"},\"inLanguage\":\"en-US\",\"potentialAction\":[{\"@type\":\"ReadAction\",\"target\":[\"https:\/\/librairie7l.com\/en\/produit\/respirer-lombre\/\"]}]},{\"@type\":\"BreadcrumbList\",\"@id\":\"https:\/\/librairie7l.com\/en\/produit\/respirer-lombre\/#breadcrumb\",\"itemListElement\":[{\"@type\":\"ListItem\",\"position\":1,\"name\":\"Accueil\",\"item\":\"https:\/\/librairie7l.com\/en\/\"},{\"@type\":\"ListItem\",\"position\":2,\"name\":\"Shop\",\"item\":\"https:\/\/librairie7l.com\/en\/shop\/\"},{\"@type\":\"ListItem\",\"position\":3,\"name\":\"RESPIRER L&#8217;OMBRE\"}]},{\"@type\":\"WebSite\",\"@id\":\"https:\/\/librairie7l.com\/en\/#website\",\"url\":\"https:\/\/librairie7l.com\/en\/\",\"name\":\"Librairie 7L\",\"description\":\"Librairie fond\u00e9e en 1999 par Karl Lagerfeld \u00e0 Paris\",\"publisher\":{\"@id\":\"https:\/\/librairie7l.com\/en\/#organization\"},\"potentialAction\":[{\"@type\":\"SearchAction\",\"target\":{\"@type\":\"EntryPoint\",\"urlTemplate\":\"https:\/\/librairie7l.com\/en\/?s={search_term_string}\"},\"query-input\":\"required name=search_term_string\"}],\"inLanguage\":\"en-US\"},{\"@type\":\"Organization\",\"@id\":\"https:\/\/librairie7l.com\/en\/#organization\",\"name\":\"Librairie 7L\",\"url\":\"https:\/\/librairie7l.com\/en\/\",\"logo\":{\"@type\":\"ImageObject\",\"inLanguage\":\"en-US\",\"@id\":\"https:\/\/librairie7l.com\/en\/#\/schema\/logo\/image\/\",\"url\":\"https:\/\/librairie7l.com\/wp-content\/uploads\/2022\/08\/logo-1.png\",\"contentUrl\":\"https:\/\/librairie7l.com\/wp-content\/uploads\/2022\/08\/logo-1.png\",\"width\":227,\"height\":301,\"caption\":\"Librairie 7L\"},\"image\":{\"@id\":\"https:\/\/librairie7l.com\/en\/#\/schema\/logo\/image\/\"}}]}<\/script>\n<!-- \/ Yoast SEO plugin. -->","yoast_head_json":{"title":"RESPIRER L'OMBRE - Librairie 7L","robots":{"index":"index","follow":"follow","max-snippet":"max-snippet:-1","max-image-preview":"max-image-preview:large","max-video-preview":"max-video-preview:-1"},"canonical":"https:\/\/librairie7l.com\/en\/produit\/respirer-lombre\/","og_locale":"en_US","og_type":"article","og_title":"RESPIRER L'OMBRE - Librairie 7L","og_description":"Giuseppe Penone, n\u00e9 en 1947 en Italie, est associ\u00e9 au mouvement de l&#8217;Arte Povera. Artiste de renomm\u00e9e internationale, il a repr\u00e9sent\u00e9 l&#8217;Italie \u00e0 la Biennale de Venise en 2007 et est intervenu dans les jardins et au ch\u00e2teau de Versailles en 2013. Cet ouvrage passionnant, illustr\u00e9 par de nombreuses photographies d&#8217;oeuvres de toutes p\u00e9riodes de [&hellip;]","og_url":"https:\/\/librairie7l.com\/en\/produit\/respirer-lombre\/","og_site_name":"Librairie 7L","article_modified_time":"2026-04-04T12:18:44+00:00","og_image":[{"width":333,"height":681,"url":"https:\/\/librairie7l.com\/wp-content\/uploads\/2016\/02\/9782840564942_1_75.jpg","type":"image\/jpeg"}],"twitter_card":"summary_large_image","twitter_misc":{"Est. reading time":"1 minute"},"schema":{"@context":"https:\/\/schema.org","@graph":[{"@type":"WebPage","@id":"https:\/\/librairie7l.com\/en\/produit\/respirer-lombre\/","url":"https:\/\/librairie7l.com\/en\/produit\/respirer-lombre\/","name":"RESPIRER L'OMBRE - Librairie 7L","isPartOf":{"@id":"https:\/\/librairie7l.com\/en\/#website"},"datePublished":"2023-05-10T11:03:12+00:00","dateModified":"2026-04-04T12:18:44+00:00","breadcrumb":{"@id":"https:\/\/librairie7l.com\/en\/produit\/respirer-lombre\/#breadcrumb"},"inLanguage":"en-US","potentialAction":[{"@type":"ReadAction","target":["https:\/\/librairie7l.com\/en\/produit\/respirer-lombre\/"]}]},{"@type":"BreadcrumbList","@id":"https:\/\/librairie7l.com\/en\/produit\/respirer-lombre\/#breadcrumb","itemListElement":[{"@type":"ListItem","position":1,"name":"Accueil","item":"https:\/\/librairie7l.com\/en\/"},{"@type":"ListItem","position":2,"name":"Shop","item":"https:\/\/librairie7l.com\/en\/shop\/"},{"@type":"ListItem","position":3,"name":"RESPIRER L&#8217;OMBRE"}]},{"@type":"WebSite","@id":"https:\/\/librairie7l.com\/en\/#website","url":"https:\/\/librairie7l.com\/en\/","name":"Librairie 7L","description":"Librairie fond\u00e9e en 1999 par Karl Lagerfeld \u00e0 Paris","publisher":{"@id":"https:\/\/librairie7l.com\/en\/#organization"},"potentialAction":[{"@type":"SearchAction","target":{"@type":"EntryPoint","urlTemplate":"https:\/\/librairie7l.com\/en\/?s={search_term_string}"},"query-input":"required name=search_term_string"}],"inLanguage":"en-US"},{"@type":"Organization","@id":"https:\/\/librairie7l.com\/en\/#organization","name":"Librairie 7L","url":"https:\/\/librairie7l.com\/en\/","logo":{"@type":"ImageObject","inLanguage":"en-US","@id":"https:\/\/librairie7l.com\/en\/#\/schema\/logo\/image\/","url":"https:\/\/librairie7l.com\/wp-content\/uploads\/2022\/08\/logo-1.png","contentUrl":"https:\/\/librairie7l.com\/wp-content\/uploads\/2022\/08\/logo-1.png","width":227,"height":301,"caption":"Librairie 7L"},"image":{"@id":"https:\/\/librairie7l.com\/en\/#\/schema\/logo\/image\/"}}]}},"_links":{"self":[{"href":"https:\/\/librairie7l.com\/en\/wp-json\/wp\/v2\/product\/27449"}],"collection":[{"href":"https:\/\/librairie7l.com\/en\/wp-json\/wp\/v2\/product"}],"about":[{"href":"https:\/\/librairie7l.com\/en\/wp-json\/wp\/v2\/types\/product"}],"wp:featuredmedia":[{"embeddable":true,"href":"https:\/\/librairie7l.com\/en\/wp-json\/wp\/v2\/media\/27447"}],"wp:attachment":[{"href":"https:\/\/librairie7l.com\/en\/wp-json\/wp\/v2\/media?parent=27449"}],"wp:term":[{"taxonomy":"product_cat","embeddable":true,"href":"https:\/\/librairie7l.com\/en\/wp-json\/wp\/v2\/product_cat?post=27449"},{"taxonomy":"product_tag","embeddable":true,"href":"https:\/\/librairie7l.com\/en\/wp-json\/wp\/v2\/product_tag?post=27449"}],"curies":[{"name":"wp","href":"https:\/\/api.w.org\/{rel}","templated":true}]}}