{"id":27453,"date":"2023-05-10T13:03:35","date_gmt":"2023-05-10T11:03:35","guid":{"rendered":"https:\/\/librairie7l.com\/?post_type=product&#038;p=27453"},"modified":"2026-04-18T01:22:10","modified_gmt":"2026-04-17T23:22:10","slug":"tresors-de-la-collection-al-thani-a-hotel-de-la-marine","status":"publish","type":"product","link":"https:\/\/librairie7l.com\/en\/produit\/tresors-de-la-collection-al-thani-a-hotel-de-la-marine\/","title":{"rendered":"TR\u00c9SORS DE LA COLLECTION AL THANI \u00c0 H\u00d4TEL DE LA MARINE"},"content":{"rendered":"<p>L&#8217;H\u00f4tel de la Marine, qui ouvrira ses portes pour la premi\u00e8re fois en 2021, sera l&#8217;\u00e9crin des tr\u00e9sors de la Collection Al Thani, l&#8217;une des plus prestigieuses au monde. Gr\u00e2ce \u00e0 un accord de m\u00e9c\u00e9nat exceptionnel entre le Centre des monuments nationaux et la Al Thani Collection Foundation, l&#8217;ancien Garde-Meuble royal reprendra ses fonctions s\u00e9culaires de lieu d&#8217;exposition en accueillant les richesses historiques de cette collection unique. L&#8217;atelier Tsuyoshi Tane Architects a \u00e9t\u00e9 choisi pour dessiner les nouveaux espaces d&#8217;exposition au sein du monument.<\/p>\n<p>Le catalogue pr\u00e9sente cette collection priv\u00e9e, qui r\u00e9unit un large \u00e9ventail d&#8217;oeuvres provenant de nombreuses civilisations de l&#8217;Antiquit\u00e9 \u00e0 nos jours ; elle n&#8217;avait jamais \u00e9t\u00e9 expos\u00e9e ainsi aux yeux du grand public. Cet ensemble mettra en lumi\u00e8re une riche diversit\u00e9 d&#8217;oeuvres couvrant une p\u00e9riode de plus de 5000 ans. C\u00e9l\u00e9brant la force unificatrice de l&#8217;art \u00e0 travers les cultures, l&#8217;exposition r\u00e9unit des pi\u00e8ces ma\u00eetresses telles que la t\u00eate d&#8217;une figure royale d&#8217;Egypte ancienne sculpt\u00e9e dans du jaspe rouge (1475-1292 av. J.-C.), une sculpture chinoise en bronze d&#8217;un ours assis provenant de la dynastie Han (206 av. J.-C. &#8211; 25 apr. J.-C.), un pendentif Maya en forme de masque (200-600 apr. J.-C.), la coupe de jade de l&#8217;empereur moghol Jah\u00e2ng\u00eer (1569-1627), ou encore un buste en calc\u00e9doine et vermeil de l&#8217;empereur Hadrien (Italie du Sud, vers 1240).<\/p>\n","protected":false},"excerpt":{"rendered":"<p>L&#8217;H\u00f4tel de la Marine, qui ouvrira ses portes pour la premi\u00e8re fois en 2021, sera l&#8217;\u00e9crin des tr\u00e9sors de la Collection Al Thani, l&#8217;une des plus prestigieuses au monde. Gr\u00e2ce \u00e0 un accord de m\u00e9c\u00e9nat exceptionnel entre le Centre des monuments nationaux et la Al Thani Collection Foundation, l&#8217;ancien Garde-Meuble royal reprendra ses fonctions s\u00e9culaires [&hellip;]<\/p>\n","protected":false},"featured_media":27451,"template":"","meta":[],"product_cat":[55,2948,47,2953],"product_tag":[],"acf":[],"yoast_head":"<!-- This site is optimized with the Yoast SEO plugin v20.11 - https:\/\/yoast.com\/wordpress\/plugins\/seo\/ -->\n<title>TR\u00c9SORS DE LA COLLECTION AL THANI \u00c0 H\u00d4TEL DE LA MARINE - Librairie 7L<\/title>\n<meta name=\"robots\" content=\"index, follow, max-snippet:-1, max-image-preview:large, max-video-preview:-1\" \/>\n<link rel=\"canonical\" href=\"https:\/\/librairie7l.com\/en\/produit\/tresors-de-la-collection-al-thani-a-hotel-de-la-marine\/\" \/>\n<meta property=\"og:locale\" content=\"en_US\" \/>\n<meta property=\"og:type\" content=\"article\" \/>\n<meta property=\"og:title\" content=\"TR\u00c9SORS DE LA COLLECTION AL THANI \u00c0 H\u00d4TEL DE LA MARINE - Librairie 7L\" \/>\n<meta property=\"og:description\" content=\"L&#8217;H\u00f4tel de la Marine, qui ouvrira ses portes pour la premi\u00e8re fois en 2021, sera l&#8217;\u00e9crin des tr\u00e9sors de la Collection Al Thani, l&#8217;une des plus prestigieuses au monde. Gr\u00e2ce \u00e0 un accord de m\u00e9c\u00e9nat exceptionnel entre le Centre des monuments nationaux et la Al Thani Collection Foundation, l&#8217;ancien Garde-Meuble royal reprendra ses fonctions s\u00e9culaires [&hellip;]\" \/>\n<meta property=\"og:url\" content=\"https:\/\/librairie7l.com\/en\/produit\/tresors-de-la-collection-al-thani-a-hotel-de-la-marine\/\" \/>\n<meta property=\"og:site_name\" content=\"Librairie 7L\" \/>\n<meta property=\"article:modified_time\" content=\"2026-04-17T23:22:10+00:00\" \/>\n<meta property=\"og:image\" content=\"https:\/\/librairie7l.com\/wp-content\/uploads\/2020\/06\/9782757707142_1_75.jpg\" \/>\n\t<meta property=\"og:image:width\" content=\"400\" \/>\n\t<meta property=\"og:image:height\" content=\"516\" \/>\n\t<meta property=\"og:image:type\" content=\"image\/jpeg\" \/>\n<meta name=\"twitter:card\" content=\"summary_large_image\" \/>\n<meta name=\"twitter:label1\" content=\"Est. reading time\" \/>\n\t<meta name=\"twitter:data1\" content=\"1 minute\" \/>\n<script type=\"application\/ld+json\" class=\"yoast-schema-graph\">{\"@context\":\"https:\/\/schema.org\",\"@graph\":[{\"@type\":\"WebPage\",\"@id\":\"https:\/\/librairie7l.com\/en\/produit\/tresors-de-la-collection-al-thani-a-hotel-de-la-marine\/\",\"url\":\"https:\/\/librairie7l.com\/en\/produit\/tresors-de-la-collection-al-thani-a-hotel-de-la-marine\/\",\"name\":\"TR\u00c9SORS DE LA COLLECTION AL THANI \u00c0 H\u00d4TEL DE LA MARINE - Librairie 7L\",\"isPartOf\":{\"@id\":\"https:\/\/librairie7l.com\/en\/#website\"},\"datePublished\":\"2023-05-10T11:03:35+00:00\",\"dateModified\":\"2026-04-17T23:22:10+00:00\",\"breadcrumb\":{\"@id\":\"https:\/\/librairie7l.com\/en\/produit\/tresors-de-la-collection-al-thani-a-hotel-de-la-marine\/#breadcrumb\"},\"inLanguage\":\"en-US\",\"potentialAction\":[{\"@type\":\"ReadAction\",\"target\":[\"https:\/\/librairie7l.com\/en\/produit\/tresors-de-la-collection-al-thani-a-hotel-de-la-marine\/\"]}]},{\"@type\":\"BreadcrumbList\",\"@id\":\"https:\/\/librairie7l.com\/en\/produit\/tresors-de-la-collection-al-thani-a-hotel-de-la-marine\/#breadcrumb\",\"itemListElement\":[{\"@type\":\"ListItem\",\"position\":1,\"name\":\"Accueil\",\"item\":\"https:\/\/librairie7l.com\/en\/\"},{\"@type\":\"ListItem\",\"position\":2,\"name\":\"Shop\",\"item\":\"https:\/\/librairie7l.com\/en\/shop\/\"},{\"@type\":\"ListItem\",\"position\":3,\"name\":\"TR\u00c9SORS DE LA COLLECTION AL THANI \u00c0 H\u00d4TEL DE LA MARINE\"}]},{\"@type\":\"WebSite\",\"@id\":\"https:\/\/librairie7l.com\/en\/#website\",\"url\":\"https:\/\/librairie7l.com\/en\/\",\"name\":\"Librairie 7L\",\"description\":\"Librairie fond\u00e9e en 1999 par Karl Lagerfeld \u00e0 Paris\",\"publisher\":{\"@id\":\"https:\/\/librairie7l.com\/en\/#organization\"},\"potentialAction\":[{\"@type\":\"SearchAction\",\"target\":{\"@type\":\"EntryPoint\",\"urlTemplate\":\"https:\/\/librairie7l.com\/en\/?s={search_term_string}\"},\"query-input\":\"required name=search_term_string\"}],\"inLanguage\":\"en-US\"},{\"@type\":\"Organization\",\"@id\":\"https:\/\/librairie7l.com\/en\/#organization\",\"name\":\"Librairie 7L\",\"url\":\"https:\/\/librairie7l.com\/en\/\",\"logo\":{\"@type\":\"ImageObject\",\"inLanguage\":\"en-US\",\"@id\":\"https:\/\/librairie7l.com\/en\/#\/schema\/logo\/image\/\",\"url\":\"https:\/\/librairie7l.com\/wp-content\/uploads\/2022\/08\/logo-1.png\",\"contentUrl\":\"https:\/\/librairie7l.com\/wp-content\/uploads\/2022\/08\/logo-1.png\",\"width\":227,\"height\":301,\"caption\":\"Librairie 7L\"},\"image\":{\"@id\":\"https:\/\/librairie7l.com\/en\/#\/schema\/logo\/image\/\"}}]}<\/script>\n<!-- \/ Yoast SEO plugin. -->","yoast_head_json":{"title":"TR\u00c9SORS DE LA COLLECTION AL THANI \u00c0 H\u00d4TEL DE LA MARINE - Librairie 7L","robots":{"index":"index","follow":"follow","max-snippet":"max-snippet:-1","max-image-preview":"max-image-preview:large","max-video-preview":"max-video-preview:-1"},"canonical":"https:\/\/librairie7l.com\/en\/produit\/tresors-de-la-collection-al-thani-a-hotel-de-la-marine\/","og_locale":"en_US","og_type":"article","og_title":"TR\u00c9SORS DE LA COLLECTION AL THANI \u00c0 H\u00d4TEL DE LA MARINE - Librairie 7L","og_description":"L&#8217;H\u00f4tel de la Marine, qui ouvrira ses portes pour la premi\u00e8re fois en 2021, sera l&#8217;\u00e9crin des tr\u00e9sors de la Collection Al Thani, l&#8217;une des plus prestigieuses au monde. Gr\u00e2ce \u00e0 un accord de m\u00e9c\u00e9nat exceptionnel entre le Centre des monuments nationaux et la Al Thani Collection Foundation, l&#8217;ancien Garde-Meuble royal reprendra ses fonctions s\u00e9culaires [&hellip;]","og_url":"https:\/\/librairie7l.com\/en\/produit\/tresors-de-la-collection-al-thani-a-hotel-de-la-marine\/","og_site_name":"Librairie 7L","article_modified_time":"2026-04-17T23:22:10+00:00","og_image":[{"width":400,"height":516,"url":"https:\/\/librairie7l.com\/wp-content\/uploads\/2020\/06\/9782757707142_1_75.jpg","type":"image\/jpeg"}],"twitter_card":"summary_large_image","twitter_misc":{"Est. reading time":"1 minute"},"schema":{"@context":"https:\/\/schema.org","@graph":[{"@type":"WebPage","@id":"https:\/\/librairie7l.com\/en\/produit\/tresors-de-la-collection-al-thani-a-hotel-de-la-marine\/","url":"https:\/\/librairie7l.com\/en\/produit\/tresors-de-la-collection-al-thani-a-hotel-de-la-marine\/","name":"TR\u00c9SORS DE LA COLLECTION AL THANI \u00c0 H\u00d4TEL DE LA MARINE - Librairie 7L","isPartOf":{"@id":"https:\/\/librairie7l.com\/en\/#website"},"datePublished":"2023-05-10T11:03:35+00:00","dateModified":"2026-04-17T23:22:10+00:00","breadcrumb":{"@id":"https:\/\/librairie7l.com\/en\/produit\/tresors-de-la-collection-al-thani-a-hotel-de-la-marine\/#breadcrumb"},"inLanguage":"en-US","potentialAction":[{"@type":"ReadAction","target":["https:\/\/librairie7l.com\/en\/produit\/tresors-de-la-collection-al-thani-a-hotel-de-la-marine\/"]}]},{"@type":"BreadcrumbList","@id":"https:\/\/librairie7l.com\/en\/produit\/tresors-de-la-collection-al-thani-a-hotel-de-la-marine\/#breadcrumb","itemListElement":[{"@type":"ListItem","position":1,"name":"Accueil","item":"https:\/\/librairie7l.com\/en\/"},{"@type":"ListItem","position":2,"name":"Shop","item":"https:\/\/librairie7l.com\/en\/shop\/"},{"@type":"ListItem","position":3,"name":"TR\u00c9SORS DE LA COLLECTION AL THANI \u00c0 H\u00d4TEL DE LA MARINE"}]},{"@type":"WebSite","@id":"https:\/\/librairie7l.com\/en\/#website","url":"https:\/\/librairie7l.com\/en\/","name":"Librairie 7L","description":"Librairie fond\u00e9e en 1999 par Karl Lagerfeld \u00e0 Paris","publisher":{"@id":"https:\/\/librairie7l.com\/en\/#organization"},"potentialAction":[{"@type":"SearchAction","target":{"@type":"EntryPoint","urlTemplate":"https:\/\/librairie7l.com\/en\/?s={search_term_string}"},"query-input":"required name=search_term_string"}],"inLanguage":"en-US"},{"@type":"Organization","@id":"https:\/\/librairie7l.com\/en\/#organization","name":"Librairie 7L","url":"https:\/\/librairie7l.com\/en\/","logo":{"@type":"ImageObject","inLanguage":"en-US","@id":"https:\/\/librairie7l.com\/en\/#\/schema\/logo\/image\/","url":"https:\/\/librairie7l.com\/wp-content\/uploads\/2022\/08\/logo-1.png","contentUrl":"https:\/\/librairie7l.com\/wp-content\/uploads\/2022\/08\/logo-1.png","width":227,"height":301,"caption":"Librairie 7L"},"image":{"@id":"https:\/\/librairie7l.com\/en\/#\/schema\/logo\/image\/"}}]}},"_links":{"self":[{"href":"https:\/\/librairie7l.com\/en\/wp-json\/wp\/v2\/product\/27453"}],"collection":[{"href":"https:\/\/librairie7l.com\/en\/wp-json\/wp\/v2\/product"}],"about":[{"href":"https:\/\/librairie7l.com\/en\/wp-json\/wp\/v2\/types\/product"}],"wp:featuredmedia":[{"embeddable":true,"href":"https:\/\/librairie7l.com\/en\/wp-json\/wp\/v2\/media\/27451"}],"wp:attachment":[{"href":"https:\/\/librairie7l.com\/en\/wp-json\/wp\/v2\/media?parent=27453"}],"wp:term":[{"taxonomy":"product_cat","embeddable":true,"href":"https:\/\/librairie7l.com\/en\/wp-json\/wp\/v2\/product_cat?post=27453"},{"taxonomy":"product_tag","embeddable":true,"href":"https:\/\/librairie7l.com\/en\/wp-json\/wp\/v2\/product_tag?post=27453"}],"curies":[{"name":"wp","href":"https:\/\/api.w.org\/{rel}","templated":true}]}}