{"id":27465,"date":"2023-05-10T13:03:52","date_gmt":"2023-05-10T11:03:52","guid":{"rendered":"https:\/\/librairie7l.com\/?post_type=product&#038;p=27465"},"modified":"2026-04-18T01:20:49","modified_gmt":"2026-04-17T23:20:49","slug":"joan-mitchell-temoignages-et-confidences","status":"publish","type":"product","link":"https:\/\/librairie7l.com\/en\/produit\/joan-mitchell-temoignages-et-confidences\/","title":{"rendered":"JOAN MITCHELL. T\u00c9MOIGNAGES ET CONFIDENCES"},"content":{"rendered":"<p>Un portrait intime de l&#8217;une des plus grandes peintres am\u00e9ricaines du XXe si\u00e8cle, \u00e0 travers une collection d&#8217;entretiens in\u00e9dits avec des artistes, des historiens d&#8217;art et des personnalit\u00e9s proches de Joan Mitchell.<br \/>\nConsid\u00e9r\u00e9e comme l&#8217;une des voix les plus vives de la peinture dans la seconde moiti\u00e9 du XXe si\u00e8cle, figure de la sc\u00e8ne new-yorkaise d\u00e8s le d\u00e9but des ann\u00e9es 1950, Joan Mitchell a d\u00e9velopp\u00e9 une oeuvre gestuelle singuli\u00e8re et vibrante, caract\u00e9ris\u00e9e par une recherche toujours reconsid\u00e9r\u00e9e de la couleur et de la lumi\u00e8re et un rapport intime aux paysages, marqu\u00e9e par un rapport privil\u00e9gi\u00e9 avec la peinture europ\u00e9enne du tournant des XIXe et XXe si\u00e8cles aussi bien que par une sensibilit\u00e9 toute particuli\u00e8re \u00e0 la musique et \u00e0 la po\u00e9sie.<br \/>\nDe Paul Auster \u00e0 Zuka, cet ouvrage rassemble des entretiens men\u00e9s par Guy Bloch-Champfort avec des personnalit\u00e9s ayant c\u00f4toy\u00e9 Joan Mitchell. Gr\u00e2ce \u00e0 ces conversations in\u00e9dites, nous appara\u00eet une Joan Mitchell vivante, intime, nous r\u00e9v\u00e9lant nombre de traits inconnus, fondamentaux pour la compr\u00e9hension de l&#8217;artiste.<\/p>\n","protected":false},"excerpt":{"rendered":"<p>Un portrait intime de l&#8217;une des plus grandes peintres am\u00e9ricaines du XXe si\u00e8cle, \u00e0 travers une collection d&#8217;entretiens in\u00e9dits avec des artistes, des historiens d&#8217;art et des personnalit\u00e9s proches de Joan Mitchell. Consid\u00e9r\u00e9e comme l&#8217;une des voix les plus vives de la peinture dans la seconde moiti\u00e9 du XXe si\u00e8cle, figure de la sc\u00e8ne new-yorkaise [&hellip;]<\/p>\n","protected":false},"featured_media":27463,"template":"","meta":[],"product_cat":[55,2948,47,2953],"product_tag":[],"acf":[],"yoast_head":"<!-- This site is optimized with the Yoast SEO plugin v20.11 - https:\/\/yoast.com\/wordpress\/plugins\/seo\/ -->\n<title>JOAN MITCHELL. T\u00c9MOIGNAGES ET CONFIDENCES - Librairie 7L<\/title>\n<meta name=\"robots\" content=\"index, follow, max-snippet:-1, max-image-preview:large, max-video-preview:-1\" \/>\n<link rel=\"canonical\" href=\"https:\/\/librairie7l.com\/en\/produit\/joan-mitchell-temoignages-et-confidences\/\" \/>\n<meta property=\"og:locale\" content=\"en_US\" \/>\n<meta property=\"og:type\" content=\"article\" \/>\n<meta property=\"og:title\" content=\"JOAN MITCHELL. T\u00c9MOIGNAGES ET CONFIDENCES - Librairie 7L\" \/>\n<meta property=\"og:description\" content=\"Un portrait intime de l&#8217;une des plus grandes peintres am\u00e9ricaines du XXe si\u00e8cle, \u00e0 travers une collection d&#8217;entretiens in\u00e9dits avec des artistes, des historiens d&#8217;art et des personnalit\u00e9s proches de Joan Mitchell. Consid\u00e9r\u00e9e comme l&#8217;une des voix les plus vives de la peinture dans la seconde moiti\u00e9 du XXe si\u00e8cle, figure de la sc\u00e8ne new-yorkaise [&hellip;]\" \/>\n<meta property=\"og:url\" content=\"https:\/\/librairie7l.com\/en\/produit\/joan-mitchell-temoignages-et-confidences\/\" \/>\n<meta property=\"og:site_name\" content=\"Librairie 7L\" \/>\n<meta property=\"article:modified_time\" content=\"2026-04-17T23:20:49+00:00\" \/>\n<meta property=\"og:image\" content=\"https:\/\/librairie7l.com\/wp-content\/uploads\/2022\/09\/9782378963446_1_75.jpg\" \/>\n\t<meta property=\"og:image:width\" content=\"600\" \/>\n\t<meta property=\"og:image:height\" content=\"839\" \/>\n\t<meta property=\"og:image:type\" content=\"image\/jpeg\" \/>\n<meta name=\"twitter:card\" content=\"summary_large_image\" \/>\n<meta name=\"twitter:label1\" content=\"Est. reading time\" \/>\n\t<meta name=\"twitter:data1\" content=\"1 minute\" \/>\n<script type=\"application\/ld+json\" class=\"yoast-schema-graph\">{\"@context\":\"https:\/\/schema.org\",\"@graph\":[{\"@type\":\"WebPage\",\"@id\":\"https:\/\/librairie7l.com\/en\/produit\/joan-mitchell-temoignages-et-confidences\/\",\"url\":\"https:\/\/librairie7l.com\/en\/produit\/joan-mitchell-temoignages-et-confidences\/\",\"name\":\"JOAN MITCHELL. T\u00c9MOIGNAGES ET CONFIDENCES - Librairie 7L\",\"isPartOf\":{\"@id\":\"https:\/\/librairie7l.com\/en\/#website\"},\"datePublished\":\"2023-05-10T11:03:52+00:00\",\"dateModified\":\"2026-04-17T23:20:49+00:00\",\"breadcrumb\":{\"@id\":\"https:\/\/librairie7l.com\/en\/produit\/joan-mitchell-temoignages-et-confidences\/#breadcrumb\"},\"inLanguage\":\"en-US\",\"potentialAction\":[{\"@type\":\"ReadAction\",\"target\":[\"https:\/\/librairie7l.com\/en\/produit\/joan-mitchell-temoignages-et-confidences\/\"]}]},{\"@type\":\"BreadcrumbList\",\"@id\":\"https:\/\/librairie7l.com\/en\/produit\/joan-mitchell-temoignages-et-confidences\/#breadcrumb\",\"itemListElement\":[{\"@type\":\"ListItem\",\"position\":1,\"name\":\"Accueil\",\"item\":\"https:\/\/librairie7l.com\/en\/\"},{\"@type\":\"ListItem\",\"position\":2,\"name\":\"Shop\",\"item\":\"https:\/\/librairie7l.com\/en\/shop\/\"},{\"@type\":\"ListItem\",\"position\":3,\"name\":\"JOAN MITCHELL. T\u00c9MOIGNAGES ET CONFIDENCES\"}]},{\"@type\":\"WebSite\",\"@id\":\"https:\/\/librairie7l.com\/en\/#website\",\"url\":\"https:\/\/librairie7l.com\/en\/\",\"name\":\"Librairie 7L\",\"description\":\"Librairie fond\u00e9e en 1999 par Karl Lagerfeld \u00e0 Paris\",\"publisher\":{\"@id\":\"https:\/\/librairie7l.com\/en\/#organization\"},\"potentialAction\":[{\"@type\":\"SearchAction\",\"target\":{\"@type\":\"EntryPoint\",\"urlTemplate\":\"https:\/\/librairie7l.com\/en\/?s={search_term_string}\"},\"query-input\":\"required name=search_term_string\"}],\"inLanguage\":\"en-US\"},{\"@type\":\"Organization\",\"@id\":\"https:\/\/librairie7l.com\/en\/#organization\",\"name\":\"Librairie 7L\",\"url\":\"https:\/\/librairie7l.com\/en\/\",\"logo\":{\"@type\":\"ImageObject\",\"inLanguage\":\"en-US\",\"@id\":\"https:\/\/librairie7l.com\/en\/#\/schema\/logo\/image\/\",\"url\":\"https:\/\/librairie7l.com\/wp-content\/uploads\/2022\/08\/logo-1.png\",\"contentUrl\":\"https:\/\/librairie7l.com\/wp-content\/uploads\/2022\/08\/logo-1.png\",\"width\":227,\"height\":301,\"caption\":\"Librairie 7L\"},\"image\":{\"@id\":\"https:\/\/librairie7l.com\/en\/#\/schema\/logo\/image\/\"}}]}<\/script>\n<!-- \/ Yoast SEO plugin. -->","yoast_head_json":{"title":"JOAN MITCHELL. T\u00c9MOIGNAGES ET CONFIDENCES - Librairie 7L","robots":{"index":"index","follow":"follow","max-snippet":"max-snippet:-1","max-image-preview":"max-image-preview:large","max-video-preview":"max-video-preview:-1"},"canonical":"https:\/\/librairie7l.com\/en\/produit\/joan-mitchell-temoignages-et-confidences\/","og_locale":"en_US","og_type":"article","og_title":"JOAN MITCHELL. T\u00c9MOIGNAGES ET CONFIDENCES - Librairie 7L","og_description":"Un portrait intime de l&#8217;une des plus grandes peintres am\u00e9ricaines du XXe si\u00e8cle, \u00e0 travers une collection d&#8217;entretiens in\u00e9dits avec des artistes, des historiens d&#8217;art et des personnalit\u00e9s proches de Joan Mitchell. Consid\u00e9r\u00e9e comme l&#8217;une des voix les plus vives de la peinture dans la seconde moiti\u00e9 du XXe si\u00e8cle, figure de la sc\u00e8ne new-yorkaise [&hellip;]","og_url":"https:\/\/librairie7l.com\/en\/produit\/joan-mitchell-temoignages-et-confidences\/","og_site_name":"Librairie 7L","article_modified_time":"2026-04-17T23:20:49+00:00","og_image":[{"width":600,"height":839,"url":"https:\/\/librairie7l.com\/wp-content\/uploads\/2022\/09\/9782378963446_1_75.jpg","type":"image\/jpeg"}],"twitter_card":"summary_large_image","twitter_misc":{"Est. reading time":"1 minute"},"schema":{"@context":"https:\/\/schema.org","@graph":[{"@type":"WebPage","@id":"https:\/\/librairie7l.com\/en\/produit\/joan-mitchell-temoignages-et-confidences\/","url":"https:\/\/librairie7l.com\/en\/produit\/joan-mitchell-temoignages-et-confidences\/","name":"JOAN MITCHELL. T\u00c9MOIGNAGES ET CONFIDENCES - Librairie 7L","isPartOf":{"@id":"https:\/\/librairie7l.com\/en\/#website"},"datePublished":"2023-05-10T11:03:52+00:00","dateModified":"2026-04-17T23:20:49+00:00","breadcrumb":{"@id":"https:\/\/librairie7l.com\/en\/produit\/joan-mitchell-temoignages-et-confidences\/#breadcrumb"},"inLanguage":"en-US","potentialAction":[{"@type":"ReadAction","target":["https:\/\/librairie7l.com\/en\/produit\/joan-mitchell-temoignages-et-confidences\/"]}]},{"@type":"BreadcrumbList","@id":"https:\/\/librairie7l.com\/en\/produit\/joan-mitchell-temoignages-et-confidences\/#breadcrumb","itemListElement":[{"@type":"ListItem","position":1,"name":"Accueil","item":"https:\/\/librairie7l.com\/en\/"},{"@type":"ListItem","position":2,"name":"Shop","item":"https:\/\/librairie7l.com\/en\/shop\/"},{"@type":"ListItem","position":3,"name":"JOAN MITCHELL. T\u00c9MOIGNAGES ET CONFIDENCES"}]},{"@type":"WebSite","@id":"https:\/\/librairie7l.com\/en\/#website","url":"https:\/\/librairie7l.com\/en\/","name":"Librairie 7L","description":"Librairie fond\u00e9e en 1999 par Karl Lagerfeld \u00e0 Paris","publisher":{"@id":"https:\/\/librairie7l.com\/en\/#organization"},"potentialAction":[{"@type":"SearchAction","target":{"@type":"EntryPoint","urlTemplate":"https:\/\/librairie7l.com\/en\/?s={search_term_string}"},"query-input":"required name=search_term_string"}],"inLanguage":"en-US"},{"@type":"Organization","@id":"https:\/\/librairie7l.com\/en\/#organization","name":"Librairie 7L","url":"https:\/\/librairie7l.com\/en\/","logo":{"@type":"ImageObject","inLanguage":"en-US","@id":"https:\/\/librairie7l.com\/en\/#\/schema\/logo\/image\/","url":"https:\/\/librairie7l.com\/wp-content\/uploads\/2022\/08\/logo-1.png","contentUrl":"https:\/\/librairie7l.com\/wp-content\/uploads\/2022\/08\/logo-1.png","width":227,"height":301,"caption":"Librairie 7L"},"image":{"@id":"https:\/\/librairie7l.com\/en\/#\/schema\/logo\/image\/"}}]}},"_links":{"self":[{"href":"https:\/\/librairie7l.com\/en\/wp-json\/wp\/v2\/product\/27465"}],"collection":[{"href":"https:\/\/librairie7l.com\/en\/wp-json\/wp\/v2\/product"}],"about":[{"href":"https:\/\/librairie7l.com\/en\/wp-json\/wp\/v2\/types\/product"}],"wp:featuredmedia":[{"embeddable":true,"href":"https:\/\/librairie7l.com\/en\/wp-json\/wp\/v2\/media\/27463"}],"wp:attachment":[{"href":"https:\/\/librairie7l.com\/en\/wp-json\/wp\/v2\/media?parent=27465"}],"wp:term":[{"taxonomy":"product_cat","embeddable":true,"href":"https:\/\/librairie7l.com\/en\/wp-json\/wp\/v2\/product_cat?post=27465"},{"taxonomy":"product_tag","embeddable":true,"href":"https:\/\/librairie7l.com\/en\/wp-json\/wp\/v2\/product_tag?post=27465"}],"curies":[{"name":"wp","href":"https:\/\/api.w.org\/{rel}","templated":true}]}}