{"id":27473,"date":"2023-05-10T13:04:00","date_gmt":"2023-05-10T11:04:00","guid":{"rendered":"https:\/\/librairie7l.com\/?post_type=product&#038;p=27473"},"modified":"2026-04-12T08:14:47","modified_gmt":"2026-04-12T06:14:47","slug":"le-secret-des-couleurs-ceramiques-chinoises-de-chine-et-deurope-du-xviiie-sie","status":"publish","type":"product","link":"https:\/\/librairie7l.com\/en\/produit\/le-secret-des-couleurs-ceramiques-chinoises-de-chine-et-deurope-du-xviiie-sie\/","title":{"rendered":"LE SECRET DES COULEURS : C\u00c9RAMIQUES CHINOISES DE CHINE ET D&#8217;EUROPE DU XVIIIE SI\u00c8CLE \u00c0 NOS JOURS"},"content":{"rendered":"<p>Si notre oeil a pris aujourd&#8217;hui l&#8217;habitude de percevoir une palette infinie de couleurs se d\u00e9ployant sur toutes sortes d&#8217;objets, du panneau publicitaire au dessin anim\u00e9 en passant par l&#8217;estampe et la photographie, il n&#8217;en a pas toujours \u00e9t\u00e9 ainsi. En c\u00e9ramique comme au cin\u00e9ma, la couleur a fait l&#8217;objet d&#8217;une qu\u00eate, parfois longue et fastidieuse, mais souvent source d&#8217;une \u00e9mulation sans pr\u00e9c\u00e9dent. Cet ouvrage raconte l&#8217;histoire tumultueuse de cette qu\u00eate de la couleur sur porcelaine en Chine et en France. Il propose de mettre en regard deux moments phares de l&#8217;histoire de la porcelaine caract\u00e9ris\u00e9s par la volont\u00e9 d&#8217;\u00e9tendre la palette des \u00e9maux sur porcelaine : les tournants du XVIIIe si\u00e8cle en Chine et du XIXe si\u00e8cle en France. Un premier volet montre le d\u00e9veloppement des \u00e9maux opaques sur porcelaine et sur cuivre au XVIIIe si\u00e8cle \u00e0 travers la tr\u00e8s riche collection de porcelaines imp\u00e9riales d&#8217;Alfred Baur, les \u00e9maux de Canton de la Fondation Zoubov et les porcelaines d&#8217;exportation du mus\u00e9e Ariana (Gen\u00e8ve). La deuxi\u00e8me partie d\u00e9bute en France au XIXe si\u00e8cle \u00e0 la manufacture de S\u00e8vres et suit le p\u00e9riple des diff\u00e9rentes missions men\u00e9es en Chine pour en rapporter des \u00e9chantillons de couleur, les analyser chimiquement et les imiter ; elle se termine par les exp\u00e9rimentations de l&#8217;artiste Fance Franck (1927-2008) sur le rouge sacrificiel. Ouvrant sur la p\u00e9riode contemporaine, la derni\u00e8re partie de l&#8217;ouvrage interroge le travail sur la couleur du c\u00e9ramiste autrichien Thomas Bohle (n\u00e9 en 1958).<\/p>\n","protected":false},"excerpt":{"rendered":"<p>Si notre oeil a pris aujourd&#8217;hui l&#8217;habitude de percevoir une palette infinie de couleurs se d\u00e9ployant sur toutes sortes d&#8217;objets, du panneau publicitaire au dessin anim\u00e9 en passant par l&#8217;estampe et la photographie, il n&#8217;en a pas toujours \u00e9t\u00e9 ainsi. En c\u00e9ramique comme au cin\u00e9ma, la couleur a fait l&#8217;objet d&#8217;une qu\u00eate, parfois longue et [&hellip;]<\/p>\n","protected":false},"featured_media":27471,"template":"","meta":[],"product_cat":[55,2948,18,2952],"product_tag":[],"acf":[],"yoast_head":"<!-- This site is optimized with the Yoast SEO plugin v20.11 - https:\/\/yoast.com\/wordpress\/plugins\/seo\/ -->\n<title>LE SECRET DES COULEURS : C\u00c9RAMIQUES CHINOISES DE CHINE ET D&#039;EUROPE DU XVIIIE SI\u00c8CLE \u00c0 NOS JOURS - Librairie 7L<\/title>\n<meta name=\"robots\" content=\"index, follow, max-snippet:-1, max-image-preview:large, max-video-preview:-1\" \/>\n<link rel=\"canonical\" href=\"https:\/\/librairie7l.com\/en\/produit\/le-secret-des-couleurs-ceramiques-chinoises-de-chine-et-deurope-du-xviiie-sie\/\" \/>\n<meta property=\"og:locale\" content=\"en_US\" \/>\n<meta property=\"og:type\" content=\"article\" \/>\n<meta property=\"og:title\" content=\"LE SECRET DES COULEURS : C\u00c9RAMIQUES CHINOISES DE CHINE ET D&#039;EUROPE DU XVIIIE SI\u00c8CLE \u00c0 NOS JOURS - Librairie 7L\" \/>\n<meta property=\"og:description\" content=\"Si notre oeil a pris aujourd&#8217;hui l&#8217;habitude de percevoir une palette infinie de couleurs se d\u00e9ployant sur toutes sortes d&#8217;objets, du panneau publicitaire au dessin anim\u00e9 en passant par l&#8217;estampe et la photographie, il n&#8217;en a pas toujours \u00e9t\u00e9 ainsi. En c\u00e9ramique comme au cin\u00e9ma, la couleur a fait l&#8217;objet d&#8217;une qu\u00eate, parfois longue et [&hellip;]\" \/>\n<meta property=\"og:url\" content=\"https:\/\/librairie7l.com\/en\/produit\/le-secret-des-couleurs-ceramiques-chinoises-de-chine-et-deurope-du-xviiie-sie\/\" \/>\n<meta property=\"og:site_name\" content=\"Librairie 7L\" \/>\n<meta property=\"article:modified_time\" content=\"2026-04-12T06:14:47+00:00\" \/>\n<meta property=\"og:image\" content=\"https:\/\/librairie7l.com\/wp-content\/uploads\/2022\/03\/9791254600054_1_75.jpg\" \/>\n\t<meta property=\"og:image:width\" content=\"400\" \/>\n\t<meta property=\"og:image:height\" content=\"515\" \/>\n\t<meta property=\"og:image:type\" content=\"image\/jpeg\" \/>\n<meta name=\"twitter:card\" content=\"summary_large_image\" \/>\n<meta name=\"twitter:label1\" content=\"Est. reading time\" \/>\n\t<meta name=\"twitter:data1\" content=\"1 minute\" \/>\n<script type=\"application\/ld+json\" class=\"yoast-schema-graph\">{\"@context\":\"https:\/\/schema.org\",\"@graph\":[{\"@type\":\"WebPage\",\"@id\":\"https:\/\/librairie7l.com\/en\/produit\/le-secret-des-couleurs-ceramiques-chinoises-de-chine-et-deurope-du-xviiie-sie\/\",\"url\":\"https:\/\/librairie7l.com\/en\/produit\/le-secret-des-couleurs-ceramiques-chinoises-de-chine-et-deurope-du-xviiie-sie\/\",\"name\":\"LE SECRET DES COULEURS : C\u00c9RAMIQUES CHINOISES DE CHINE ET D'EUROPE DU XVIIIE SI\u00c8CLE \u00c0 NOS JOURS - Librairie 7L\",\"isPartOf\":{\"@id\":\"https:\/\/librairie7l.com\/en\/#website\"},\"datePublished\":\"2023-05-10T11:04:00+00:00\",\"dateModified\":\"2026-04-12T06:14:47+00:00\",\"breadcrumb\":{\"@id\":\"https:\/\/librairie7l.com\/en\/produit\/le-secret-des-couleurs-ceramiques-chinoises-de-chine-et-deurope-du-xviiie-sie\/#breadcrumb\"},\"inLanguage\":\"en-US\",\"potentialAction\":[{\"@type\":\"ReadAction\",\"target\":[\"https:\/\/librairie7l.com\/en\/produit\/le-secret-des-couleurs-ceramiques-chinoises-de-chine-et-deurope-du-xviiie-sie\/\"]}]},{\"@type\":\"BreadcrumbList\",\"@id\":\"https:\/\/librairie7l.com\/en\/produit\/le-secret-des-couleurs-ceramiques-chinoises-de-chine-et-deurope-du-xviiie-sie\/#breadcrumb\",\"itemListElement\":[{\"@type\":\"ListItem\",\"position\":1,\"name\":\"Accueil\",\"item\":\"https:\/\/librairie7l.com\/en\/\"},{\"@type\":\"ListItem\",\"position\":2,\"name\":\"Shop\",\"item\":\"https:\/\/librairie7l.com\/en\/shop\/\"},{\"@type\":\"ListItem\",\"position\":3,\"name\":\"LE SECRET DES COULEURS : C\u00c9RAMIQUES CHINOISES DE CHINE ET D&#8217;EUROPE DU XVIIIE SI\u00c8CLE \u00c0 NOS JOURS\"}]},{\"@type\":\"WebSite\",\"@id\":\"https:\/\/librairie7l.com\/en\/#website\",\"url\":\"https:\/\/librairie7l.com\/en\/\",\"name\":\"Librairie 7L\",\"description\":\"Librairie fond\u00e9e en 1999 par Karl Lagerfeld \u00e0 Paris\",\"publisher\":{\"@id\":\"https:\/\/librairie7l.com\/en\/#organization\"},\"potentialAction\":[{\"@type\":\"SearchAction\",\"target\":{\"@type\":\"EntryPoint\",\"urlTemplate\":\"https:\/\/librairie7l.com\/en\/?s={search_term_string}\"},\"query-input\":\"required name=search_term_string\"}],\"inLanguage\":\"en-US\"},{\"@type\":\"Organization\",\"@id\":\"https:\/\/librairie7l.com\/en\/#organization\",\"name\":\"Librairie 7L\",\"url\":\"https:\/\/librairie7l.com\/en\/\",\"logo\":{\"@type\":\"ImageObject\",\"inLanguage\":\"en-US\",\"@id\":\"https:\/\/librairie7l.com\/en\/#\/schema\/logo\/image\/\",\"url\":\"https:\/\/librairie7l.com\/wp-content\/uploads\/2022\/08\/logo-1.png\",\"contentUrl\":\"https:\/\/librairie7l.com\/wp-content\/uploads\/2022\/08\/logo-1.png\",\"width\":227,\"height\":301,\"caption\":\"Librairie 7L\"},\"image\":{\"@id\":\"https:\/\/librairie7l.com\/en\/#\/schema\/logo\/image\/\"}}]}<\/script>\n<!-- \/ Yoast SEO plugin. -->","yoast_head_json":{"title":"LE SECRET DES COULEURS : C\u00c9RAMIQUES CHINOISES DE CHINE ET D'EUROPE DU XVIIIE SI\u00c8CLE \u00c0 NOS JOURS - Librairie 7L","robots":{"index":"index","follow":"follow","max-snippet":"max-snippet:-1","max-image-preview":"max-image-preview:large","max-video-preview":"max-video-preview:-1"},"canonical":"https:\/\/librairie7l.com\/en\/produit\/le-secret-des-couleurs-ceramiques-chinoises-de-chine-et-deurope-du-xviiie-sie\/","og_locale":"en_US","og_type":"article","og_title":"LE SECRET DES COULEURS : C\u00c9RAMIQUES CHINOISES DE CHINE ET D'EUROPE DU XVIIIE SI\u00c8CLE \u00c0 NOS JOURS - Librairie 7L","og_description":"Si notre oeil a pris aujourd&#8217;hui l&#8217;habitude de percevoir une palette infinie de couleurs se d\u00e9ployant sur toutes sortes d&#8217;objets, du panneau publicitaire au dessin anim\u00e9 en passant par l&#8217;estampe et la photographie, il n&#8217;en a pas toujours \u00e9t\u00e9 ainsi. En c\u00e9ramique comme au cin\u00e9ma, la couleur a fait l&#8217;objet d&#8217;une qu\u00eate, parfois longue et [&hellip;]","og_url":"https:\/\/librairie7l.com\/en\/produit\/le-secret-des-couleurs-ceramiques-chinoises-de-chine-et-deurope-du-xviiie-sie\/","og_site_name":"Librairie 7L","article_modified_time":"2026-04-12T06:14:47+00:00","og_image":[{"width":400,"height":515,"url":"https:\/\/librairie7l.com\/wp-content\/uploads\/2022\/03\/9791254600054_1_75.jpg","type":"image\/jpeg"}],"twitter_card":"summary_large_image","twitter_misc":{"Est. reading time":"1 minute"},"schema":{"@context":"https:\/\/schema.org","@graph":[{"@type":"WebPage","@id":"https:\/\/librairie7l.com\/en\/produit\/le-secret-des-couleurs-ceramiques-chinoises-de-chine-et-deurope-du-xviiie-sie\/","url":"https:\/\/librairie7l.com\/en\/produit\/le-secret-des-couleurs-ceramiques-chinoises-de-chine-et-deurope-du-xviiie-sie\/","name":"LE SECRET DES COULEURS : C\u00c9RAMIQUES CHINOISES DE CHINE ET D'EUROPE DU XVIIIE SI\u00c8CLE \u00c0 NOS JOURS - Librairie 7L","isPartOf":{"@id":"https:\/\/librairie7l.com\/en\/#website"},"datePublished":"2023-05-10T11:04:00+00:00","dateModified":"2026-04-12T06:14:47+00:00","breadcrumb":{"@id":"https:\/\/librairie7l.com\/en\/produit\/le-secret-des-couleurs-ceramiques-chinoises-de-chine-et-deurope-du-xviiie-sie\/#breadcrumb"},"inLanguage":"en-US","potentialAction":[{"@type":"ReadAction","target":["https:\/\/librairie7l.com\/en\/produit\/le-secret-des-couleurs-ceramiques-chinoises-de-chine-et-deurope-du-xviiie-sie\/"]}]},{"@type":"BreadcrumbList","@id":"https:\/\/librairie7l.com\/en\/produit\/le-secret-des-couleurs-ceramiques-chinoises-de-chine-et-deurope-du-xviiie-sie\/#breadcrumb","itemListElement":[{"@type":"ListItem","position":1,"name":"Accueil","item":"https:\/\/librairie7l.com\/en\/"},{"@type":"ListItem","position":2,"name":"Shop","item":"https:\/\/librairie7l.com\/en\/shop\/"},{"@type":"ListItem","position":3,"name":"LE SECRET DES COULEURS : C\u00c9RAMIQUES CHINOISES DE CHINE ET D&#8217;EUROPE DU XVIIIE SI\u00c8CLE \u00c0 NOS JOURS"}]},{"@type":"WebSite","@id":"https:\/\/librairie7l.com\/en\/#website","url":"https:\/\/librairie7l.com\/en\/","name":"Librairie 7L","description":"Librairie fond\u00e9e en 1999 par Karl Lagerfeld \u00e0 Paris","publisher":{"@id":"https:\/\/librairie7l.com\/en\/#organization"},"potentialAction":[{"@type":"SearchAction","target":{"@type":"EntryPoint","urlTemplate":"https:\/\/librairie7l.com\/en\/?s={search_term_string}"},"query-input":"required name=search_term_string"}],"inLanguage":"en-US"},{"@type":"Organization","@id":"https:\/\/librairie7l.com\/en\/#organization","name":"Librairie 7L","url":"https:\/\/librairie7l.com\/en\/","logo":{"@type":"ImageObject","inLanguage":"en-US","@id":"https:\/\/librairie7l.com\/en\/#\/schema\/logo\/image\/","url":"https:\/\/librairie7l.com\/wp-content\/uploads\/2022\/08\/logo-1.png","contentUrl":"https:\/\/librairie7l.com\/wp-content\/uploads\/2022\/08\/logo-1.png","width":227,"height":301,"caption":"Librairie 7L"},"image":{"@id":"https:\/\/librairie7l.com\/en\/#\/schema\/logo\/image\/"}}]}},"_links":{"self":[{"href":"https:\/\/librairie7l.com\/en\/wp-json\/wp\/v2\/product\/27473"}],"collection":[{"href":"https:\/\/librairie7l.com\/en\/wp-json\/wp\/v2\/product"}],"about":[{"href":"https:\/\/librairie7l.com\/en\/wp-json\/wp\/v2\/types\/product"}],"wp:featuredmedia":[{"embeddable":true,"href":"https:\/\/librairie7l.com\/en\/wp-json\/wp\/v2\/media\/27471"}],"wp:attachment":[{"href":"https:\/\/librairie7l.com\/en\/wp-json\/wp\/v2\/media?parent=27473"}],"wp:term":[{"taxonomy":"product_cat","embeddable":true,"href":"https:\/\/librairie7l.com\/en\/wp-json\/wp\/v2\/product_cat?post=27473"},{"taxonomy":"product_tag","embeddable":true,"href":"https:\/\/librairie7l.com\/en\/wp-json\/wp\/v2\/product_tag?post=27473"}],"curies":[{"name":"wp","href":"https:\/\/api.w.org\/{rel}","templated":true}]}}