{"id":27481,"date":"2023-05-10T18:09:57","date_gmt":"2023-05-10T16:09:57","guid":{"rendered":"https:\/\/librairie7l.com\/?post_type=product&#038;p=27481"},"modified":"2026-04-29T18:53:08","modified_gmt":"2026-04-29T16:53:08","slug":"varian-fry-lhomme-qui-sauva-marc-chagall-max-ernst-andre-breton-et-deux-mille-autres-personnes","status":"publish","type":"product","link":"https:\/\/librairie7l.com\/en\/produit\/varian-fry-lhomme-qui-sauva-marc-chagall-max-ernst-andre-breton-et-deux-mille-autres-personnes\/","title":{"rendered":"VARIAN FRY : L&#8217;HOMME QUI SAUVA MARC CHAGALL, MAX ERNST, ANDR\u00c9 BRETON ET DEUX MILLE AUTRES PERSONNES"},"content":{"rendered":"<p>On doit \u00e0 Varian Fry le sauvetage, en 1940-41, de figures du monde des arts, et de la science, tels Marc Chagall, Max Ernst, Marcel Duchamp, Andr\u00e9 Breton, Hannah Arendt&#8230; Cette biographie retrace la vie du &#8220;Oskos Schindler&#8221; Am\u00e9ricain honor\u00e9 par le M\u00e9morial Yad Vashem. \u00c0 l&#8217;originie de la s\u00e9rie &#8221; Transatlantique &#8221; diffus\u00e9e sur Netflix.<br \/>\nAo\u00fbt 1940. Varian Fry (1907-1967), jeune journaliste, d\u00e9barque \u00e0 Marseille, charg\u00e9 d&#8217;une mission secr\u00e8te par l&#8217;Emergency Rescue Committe. Avec 3 000 dollars en poche et une liste de deux cents noms, il doit pr\u00e9parer l&#8217;exfiltration d&#8217;artistes et de militants qui ont fui l&#8217;Allemagne nazie, mais sont susceptibles de lui \u00eatre livr\u00e9s &#8221; sur demande &#8220;, en application de la Convention d&#8217;armistice.<br \/>\nCette liste contient les noms de peintres, de cin\u00e9astes et d&#8217;\u00e9crivains de premier plan &#8211; Max Ernst, Hannah Arendt, Lion Feuchtwanger, Heinrich Mann, Hans Bellmer, Victor Brauner, Max Oph\u00fcls, Franz Werfel &#8211; et ne va cesser de s&#8217;\u00e9largir. Des artistes fran\u00e7ais ou r\u00e9fugi\u00e9s s&#8217;y ajoutent &#8211; Marcel Duchamp, Andr\u00e9 Breton, Arthur Koestler, Victor Serge -, mais aussi de simples familles juives.<br \/>\nAvec le soutien financier de Peggy Guggenheim, Fry parvient \u00e0 monter une \u00e9quipe pour fabriquer des faux papiers, cacher ses prot\u00e9g\u00e9s et rep\u00e9rer des fili\u00e8res jusqu&#8217;\u00e0 Lisbonne ou la Martinique. Au grand d\u00e9plaisir des autorit\u00e9s de Vichy&#8230; et du gouvernement am\u00e9ricain, encore neutre dans le conflit. En d\u00e9cembre 1940, il est arr\u00eat\u00e9 et, neuf mois plus tard, expuls\u00e9 du territoire fran\u00e7ais.<br \/>\nSur la base de courriers, de rapports d\u00e9classifi\u00e9s et d&#8217;interviews, notamment avec la veuve de Fry, Sheila Isenbeg retrace l&#8217;engagement du premier Am\u00e9ricain honor\u00e9 du titre de Juste parmi les nations, en 1996.<br \/>\nUn destin qui a inspir\u00e9 la s\u00e9rie Transatlantique, con\u00e7ue par la productrice de Unorthodox, tourn\u00e9e \u00e0 Marseille et diffus\u00e9e sur Netflix.<\/p>\n<p>Pr\u00e9face de Jean-Michel Guiraud, pr\u00e9sident de l&#8217;Association Varian Fry France.<\/p>\n","protected":false},"excerpt":{"rendered":"<p>On doit \u00e0 Varian Fry le sauvetage, en 1940-41, de figures du monde des arts, et de la science, tels Marc Chagall, Max Ernst, Marcel Duchamp, Andr\u00e9 Breton, Hannah Arendt&#8230; Cette biographie retrace la vie du &#8220;Oskos Schindler&#8221; Am\u00e9ricain honor\u00e9 par le M\u00e9morial Yad Vashem. \u00c0 l&#8217;originie de la s\u00e9rie &#8221; Transatlantique &#8221; diffus\u00e9e sur [&hellip;]<\/p>\n","protected":false},"featured_media":27480,"template":"","meta":[],"product_cat":[55,2948,47,2953],"product_tag":[],"acf":[],"yoast_head":"<!-- This site is optimized with the Yoast SEO plugin v20.11 - https:\/\/yoast.com\/wordpress\/plugins\/seo\/ -->\n<title>VARIAN FRY : L&#039;HOMME QUI SAUVA MARC CHAGALL, MAX ERNST, ANDR\u00c9 BRETON ET DEUX MILLE AUTRES PERSONNES - Librairie 7L<\/title>\n<meta name=\"robots\" content=\"index, follow, max-snippet:-1, max-image-preview:large, max-video-preview:-1\" \/>\n<link rel=\"canonical\" href=\"https:\/\/librairie7l.com\/en\/produit\/varian-fry-lhomme-qui-sauva-marc-chagall-max-ernst-andre-breton-et-deux-mille-autres-personnes\/\" \/>\n<meta property=\"og:locale\" content=\"en_US\" \/>\n<meta property=\"og:type\" content=\"article\" \/>\n<meta property=\"og:title\" content=\"VARIAN FRY : L&#039;HOMME QUI SAUVA MARC CHAGALL, MAX ERNST, ANDR\u00c9 BRETON ET DEUX MILLE AUTRES PERSONNES - Librairie 7L\" \/>\n<meta property=\"og:description\" content=\"On doit \u00e0 Varian Fry le sauvetage, en 1940-41, de figures du monde des arts, et de la science, tels Marc Chagall, Max Ernst, Marcel Duchamp, Andr\u00e9 Breton, Hannah Arendt&#8230; Cette biographie retrace la vie du &#8220;Oskos Schindler&#8221; Am\u00e9ricain honor\u00e9 par le M\u00e9morial Yad Vashem. \u00c0 l&#8217;originie de la s\u00e9rie &#8221; Transatlantique &#8221; diffus\u00e9e sur [&hellip;]\" \/>\n<meta property=\"og:url\" content=\"https:\/\/librairie7l.com\/en\/produit\/varian-fry-lhomme-qui-sauva-marc-chagall-max-ernst-andre-breton-et-deux-mille-autres-personnes\/\" \/>\n<meta property=\"og:site_name\" content=\"Librairie 7L\" \/>\n<meta property=\"article:modified_time\" content=\"2026-04-29T16:53:08+00:00\" \/>\n<meta property=\"og:image\" content=\"https:\/\/librairie7l.com\/wp-content\/uploads\/2023\/02\/9782809846102_1_75.jpg\" \/>\n\t<meta property=\"og:image:width\" content=\"371\" \/>\n\t<meta property=\"og:image:height\" content=\"600\" \/>\n\t<meta property=\"og:image:type\" content=\"image\/jpeg\" \/>\n<meta name=\"twitter:card\" content=\"summary_large_image\" \/>\n<meta name=\"twitter:label1\" content=\"Est. reading time\" \/>\n\t<meta name=\"twitter:data1\" content=\"2 minutes\" \/>\n<script type=\"application\/ld+json\" class=\"yoast-schema-graph\">{\"@context\":\"https:\/\/schema.org\",\"@graph\":[{\"@type\":\"WebPage\",\"@id\":\"https:\/\/librairie7l.com\/en\/produit\/varian-fry-lhomme-qui-sauva-marc-chagall-max-ernst-andre-breton-et-deux-mille-autres-personnes\/\",\"url\":\"https:\/\/librairie7l.com\/en\/produit\/varian-fry-lhomme-qui-sauva-marc-chagall-max-ernst-andre-breton-et-deux-mille-autres-personnes\/\",\"name\":\"VARIAN FRY : L'HOMME QUI SAUVA MARC CHAGALL, MAX ERNST, ANDR\u00c9 BRETON ET DEUX MILLE AUTRES PERSONNES - Librairie 7L\",\"isPartOf\":{\"@id\":\"https:\/\/librairie7l.com\/en\/#website\"},\"datePublished\":\"2023-05-10T16:09:57+00:00\",\"dateModified\":\"2026-04-29T16:53:08+00:00\",\"breadcrumb\":{\"@id\":\"https:\/\/librairie7l.com\/en\/produit\/varian-fry-lhomme-qui-sauva-marc-chagall-max-ernst-andre-breton-et-deux-mille-autres-personnes\/#breadcrumb\"},\"inLanguage\":\"en-US\",\"potentialAction\":[{\"@type\":\"ReadAction\",\"target\":[\"https:\/\/librairie7l.com\/en\/produit\/varian-fry-lhomme-qui-sauva-marc-chagall-max-ernst-andre-breton-et-deux-mille-autres-personnes\/\"]}]},{\"@type\":\"BreadcrumbList\",\"@id\":\"https:\/\/librairie7l.com\/en\/produit\/varian-fry-lhomme-qui-sauva-marc-chagall-max-ernst-andre-breton-et-deux-mille-autres-personnes\/#breadcrumb\",\"itemListElement\":[{\"@type\":\"ListItem\",\"position\":1,\"name\":\"Accueil\",\"item\":\"https:\/\/librairie7l.com\/en\/\"},{\"@type\":\"ListItem\",\"position\":2,\"name\":\"Shop\",\"item\":\"https:\/\/librairie7l.com\/en\/shop\/\"},{\"@type\":\"ListItem\",\"position\":3,\"name\":\"VARIAN FRY : L&#8217;HOMME QUI SAUVA MARC CHAGALL, MAX ERNST, ANDR\u00c9 BRETON ET DEUX MILLE AUTRES PERSONNES\"}]},{\"@type\":\"WebSite\",\"@id\":\"https:\/\/librairie7l.com\/en\/#website\",\"url\":\"https:\/\/librairie7l.com\/en\/\",\"name\":\"Librairie 7L\",\"description\":\"Librairie fond\u00e9e en 1999 par Karl Lagerfeld \u00e0 Paris\",\"publisher\":{\"@id\":\"https:\/\/librairie7l.com\/en\/#organization\"},\"potentialAction\":[{\"@type\":\"SearchAction\",\"target\":{\"@type\":\"EntryPoint\",\"urlTemplate\":\"https:\/\/librairie7l.com\/en\/?s={search_term_string}\"},\"query-input\":\"required name=search_term_string\"}],\"inLanguage\":\"en-US\"},{\"@type\":\"Organization\",\"@id\":\"https:\/\/librairie7l.com\/en\/#organization\",\"name\":\"Librairie 7L\",\"url\":\"https:\/\/librairie7l.com\/en\/\",\"logo\":{\"@type\":\"ImageObject\",\"inLanguage\":\"en-US\",\"@id\":\"https:\/\/librairie7l.com\/en\/#\/schema\/logo\/image\/\",\"url\":\"https:\/\/librairie7l.com\/wp-content\/uploads\/2022\/08\/logo-1.png\",\"contentUrl\":\"https:\/\/librairie7l.com\/wp-content\/uploads\/2022\/08\/logo-1.png\",\"width\":227,\"height\":301,\"caption\":\"Librairie 7L\"},\"image\":{\"@id\":\"https:\/\/librairie7l.com\/en\/#\/schema\/logo\/image\/\"}}]}<\/script>\n<!-- \/ Yoast SEO plugin. -->","yoast_head_json":{"title":"VARIAN FRY : L'HOMME QUI SAUVA MARC CHAGALL, MAX ERNST, ANDR\u00c9 BRETON ET DEUX MILLE AUTRES PERSONNES - Librairie 7L","robots":{"index":"index","follow":"follow","max-snippet":"max-snippet:-1","max-image-preview":"max-image-preview:large","max-video-preview":"max-video-preview:-1"},"canonical":"https:\/\/librairie7l.com\/en\/produit\/varian-fry-lhomme-qui-sauva-marc-chagall-max-ernst-andre-breton-et-deux-mille-autres-personnes\/","og_locale":"en_US","og_type":"article","og_title":"VARIAN FRY : L'HOMME QUI SAUVA MARC CHAGALL, MAX ERNST, ANDR\u00c9 BRETON ET DEUX MILLE AUTRES PERSONNES - Librairie 7L","og_description":"On doit \u00e0 Varian Fry le sauvetage, en 1940-41, de figures du monde des arts, et de la science, tels Marc Chagall, Max Ernst, Marcel Duchamp, Andr\u00e9 Breton, Hannah Arendt&#8230; Cette biographie retrace la vie du &#8220;Oskos Schindler&#8221; Am\u00e9ricain honor\u00e9 par le M\u00e9morial Yad Vashem. \u00c0 l&#8217;originie de la s\u00e9rie &#8221; Transatlantique &#8221; diffus\u00e9e sur [&hellip;]","og_url":"https:\/\/librairie7l.com\/en\/produit\/varian-fry-lhomme-qui-sauva-marc-chagall-max-ernst-andre-breton-et-deux-mille-autres-personnes\/","og_site_name":"Librairie 7L","article_modified_time":"2026-04-29T16:53:08+00:00","og_image":[{"width":371,"height":600,"url":"https:\/\/librairie7l.com\/wp-content\/uploads\/2023\/02\/9782809846102_1_75.jpg","type":"image\/jpeg"}],"twitter_card":"summary_large_image","twitter_misc":{"Est. reading time":"2 minutes"},"schema":{"@context":"https:\/\/schema.org","@graph":[{"@type":"WebPage","@id":"https:\/\/librairie7l.com\/en\/produit\/varian-fry-lhomme-qui-sauva-marc-chagall-max-ernst-andre-breton-et-deux-mille-autres-personnes\/","url":"https:\/\/librairie7l.com\/en\/produit\/varian-fry-lhomme-qui-sauva-marc-chagall-max-ernst-andre-breton-et-deux-mille-autres-personnes\/","name":"VARIAN FRY : L'HOMME QUI SAUVA MARC CHAGALL, MAX ERNST, ANDR\u00c9 BRETON ET DEUX MILLE AUTRES PERSONNES - Librairie 7L","isPartOf":{"@id":"https:\/\/librairie7l.com\/en\/#website"},"datePublished":"2023-05-10T16:09:57+00:00","dateModified":"2026-04-29T16:53:08+00:00","breadcrumb":{"@id":"https:\/\/librairie7l.com\/en\/produit\/varian-fry-lhomme-qui-sauva-marc-chagall-max-ernst-andre-breton-et-deux-mille-autres-personnes\/#breadcrumb"},"inLanguage":"en-US","potentialAction":[{"@type":"ReadAction","target":["https:\/\/librairie7l.com\/en\/produit\/varian-fry-lhomme-qui-sauva-marc-chagall-max-ernst-andre-breton-et-deux-mille-autres-personnes\/"]}]},{"@type":"BreadcrumbList","@id":"https:\/\/librairie7l.com\/en\/produit\/varian-fry-lhomme-qui-sauva-marc-chagall-max-ernst-andre-breton-et-deux-mille-autres-personnes\/#breadcrumb","itemListElement":[{"@type":"ListItem","position":1,"name":"Accueil","item":"https:\/\/librairie7l.com\/en\/"},{"@type":"ListItem","position":2,"name":"Shop","item":"https:\/\/librairie7l.com\/en\/shop\/"},{"@type":"ListItem","position":3,"name":"VARIAN FRY : L&#8217;HOMME QUI SAUVA MARC CHAGALL, MAX ERNST, ANDR\u00c9 BRETON ET DEUX MILLE AUTRES PERSONNES"}]},{"@type":"WebSite","@id":"https:\/\/librairie7l.com\/en\/#website","url":"https:\/\/librairie7l.com\/en\/","name":"Librairie 7L","description":"Librairie fond\u00e9e en 1999 par Karl Lagerfeld \u00e0 Paris","publisher":{"@id":"https:\/\/librairie7l.com\/en\/#organization"},"potentialAction":[{"@type":"SearchAction","target":{"@type":"EntryPoint","urlTemplate":"https:\/\/librairie7l.com\/en\/?s={search_term_string}"},"query-input":"required name=search_term_string"}],"inLanguage":"en-US"},{"@type":"Organization","@id":"https:\/\/librairie7l.com\/en\/#organization","name":"Librairie 7L","url":"https:\/\/librairie7l.com\/en\/","logo":{"@type":"ImageObject","inLanguage":"en-US","@id":"https:\/\/librairie7l.com\/en\/#\/schema\/logo\/image\/","url":"https:\/\/librairie7l.com\/wp-content\/uploads\/2022\/08\/logo-1.png","contentUrl":"https:\/\/librairie7l.com\/wp-content\/uploads\/2022\/08\/logo-1.png","width":227,"height":301,"caption":"Librairie 7L"},"image":{"@id":"https:\/\/librairie7l.com\/en\/#\/schema\/logo\/image\/"}}]}},"_links":{"self":[{"href":"https:\/\/librairie7l.com\/en\/wp-json\/wp\/v2\/product\/27481"}],"collection":[{"href":"https:\/\/librairie7l.com\/en\/wp-json\/wp\/v2\/product"}],"about":[{"href":"https:\/\/librairie7l.com\/en\/wp-json\/wp\/v2\/types\/product"}],"wp:featuredmedia":[{"embeddable":true,"href":"https:\/\/librairie7l.com\/en\/wp-json\/wp\/v2\/media\/27480"}],"wp:attachment":[{"href":"https:\/\/librairie7l.com\/en\/wp-json\/wp\/v2\/media?parent=27481"}],"wp:term":[{"taxonomy":"product_cat","embeddable":true,"href":"https:\/\/librairie7l.com\/en\/wp-json\/wp\/v2\/product_cat?post=27481"},{"taxonomy":"product_tag","embeddable":true,"href":"https:\/\/librairie7l.com\/en\/wp-json\/wp\/v2\/product_tag?post=27481"}],"curies":[{"name":"wp","href":"https:\/\/api.w.org\/{rel}","templated":true}]}}