{"id":27509,"date":"2023-05-10T13:05:03","date_gmt":"2023-05-10T11:05:03","guid":{"rendered":"https:\/\/librairie7l.com\/?post_type=product&#038;p=27509"},"modified":"2026-04-06T08:50:32","modified_gmt":"2026-04-06T06:50:32","slug":"shabiller-en-politique-les-vetements-des-femmes-au-pouvoir-1936-2022","status":"publish","type":"product","link":"https:\/\/librairie7l.com\/en\/produit\/shabiller-en-politique-les-vetements-des-femmes-au-pouvoir-1936-2022\/","title":{"rendered":"S&#8217;HABILLER EN POLITIQUE ; LES V\u00caTEMENTS DES FEMMES AU POUVOIR, 1936-2022"},"content":{"rendered":"<p>Alors qu&#8217;elle se pose rarement pour les hommes politiques, dont le vestiaire soumis \u00e0 des codes stricts, la question du v\u00eatement est incontournable pour les femmes : quelle tenue choisir pour quelle circonstance dans une garde-robe bien plus \u00e9tendue que celle des hommes ?<br \/>\nSi les premi\u00e8res sous-secr\u00e9taires d&#8217;\u00c9tat sont nomm\u00e9es d\u00e8s 1936, les femmes restent tr\u00e8s rares au gouvernement et au Parlement jusqu&#8217;aux ann\u00e9es 1970. Une fois qu&#8217;elles sont parvenues au pouvoir, aucune r\u00e8gle ne les \u00e9claire sur la mani\u00e8re de se v\u00eatir et c&#8217;est le tailleur-jupe qui devient de mise. Les choses se compliquent lorsque la mode leur permet de nouvelles libert\u00e9s : dans les ann\u00e9es 1960, la minijupe, le collant, le pantalon, l&#8217;absence de soutien-gorge, la multiplicit\u00e9 des modes capillaires sont autant de possibilit\u00e9s qui leur sont offertes pour modeler leur apparence.<br \/>\nMais ces innovations ne sont pas les bienvenues en politique.<br \/>\nChaque v\u00eatement gagne sa place apr\u00e8s une lutte complexe et, une fois les nouveaux droits acquis dans l&#8217;habillement, il demeure sous le regard des critiques. L&#8217;attention accrue que les m\u00e9dias portent \u00e0 l&#8217;allure des politiciennes, \u00e0 partir des ann\u00e9es 1980 et de nos jours plus encore, sous l&#8217;influence des r\u00e9seaux sociaux, amplifie le ph\u00e9nom\u00e8ne. Aujourd&#8217;hui, s&#8217;habiller correctement, c&#8217;est montrer sa connaissance des codes sociaux et signifier qu&#8217;on les respecte.<br \/>\nDes premi\u00e8res femmes politiques du Front populaire jusqu&#8217;aux candidates pour l&#8217;\u00e9lection pr\u00e9sidentielle de 2022, ce livre \u00e9tudie la fa\u00e7on dont s&#8217;habillent les femmes politiques fran\u00e7aises. Cette enqu\u00eate rigoureuse, nourrie d&#8217;articles de presse, de photographies et d&#8217;entretiens avec plusieurs personnalit\u00e9s comme \u00c9dith Cresson, Mich\u00e8le Alliot- Marie, Roselyne Bachelot, Nathalie Kosciusko-Morizet et Najat Vallaud-Balkacem, apporte un \u00e9clairage pr\u00e9cieux sur la fa\u00e7on dont les femmes politiques vivent le<\/p>\n","protected":false},"excerpt":{"rendered":"<p>Alors qu&#8217;elle se pose rarement pour les hommes politiques, dont le vestiaire soumis \u00e0 des codes stricts, la question du v\u00eatement est incontournable pour les femmes : quelle tenue choisir pour quelle circonstance dans une garde-robe bien plus \u00e9tendue que celle des hommes ? Si les premi\u00e8res sous-secr\u00e9taires d&#8217;\u00c9tat sont nomm\u00e9es d\u00e8s 1936, les femmes [&hellip;]<\/p>\n","protected":false},"featured_media":27507,"template":"","meta":[],"product_cat":[55,2948,2957,19],"product_tag":[],"acf":[],"yoast_head":"<!-- This site is optimized with the Yoast SEO plugin v20.11 - https:\/\/yoast.com\/wordpress\/plugins\/seo\/ -->\n<title>S&#039;HABILLER EN POLITIQUE ; LES V\u00caTEMENTS DES FEMMES AU POUVOIR, 1936-2022 - Librairie 7L<\/title>\n<meta name=\"robots\" content=\"index, follow, max-snippet:-1, max-image-preview:large, max-video-preview:-1\" \/>\n<link rel=\"canonical\" href=\"https:\/\/librairie7l.com\/en\/produit\/shabiller-en-politique-les-vetements-des-femmes-au-pouvoir-1936-2022\/\" \/>\n<meta property=\"og:locale\" content=\"en_US\" \/>\n<meta property=\"og:type\" content=\"article\" \/>\n<meta property=\"og:title\" content=\"S&#039;HABILLER EN POLITIQUE ; LES V\u00caTEMENTS DES FEMMES AU POUVOIR, 1936-2022 - Librairie 7L\" \/>\n<meta property=\"og:description\" content=\"Alors qu&#8217;elle se pose rarement pour les hommes politiques, dont le vestiaire soumis \u00e0 des codes stricts, la question du v\u00eatement est incontournable pour les femmes : quelle tenue choisir pour quelle circonstance dans une garde-robe bien plus \u00e9tendue que celle des hommes ? Si les premi\u00e8res sous-secr\u00e9taires d&#8217;\u00c9tat sont nomm\u00e9es d\u00e8s 1936, les femmes [&hellip;]\" \/>\n<meta property=\"og:url\" content=\"https:\/\/librairie7l.com\/en\/produit\/shabiller-en-politique-les-vetements-des-femmes-au-pouvoir-1936-2022\/\" \/>\n<meta property=\"og:site_name\" content=\"Librairie 7L\" \/>\n<meta property=\"article:modified_time\" content=\"2026-04-06T06:50:32+00:00\" \/>\n<meta property=\"og:image\" content=\"https:\/\/librairie7l.com\/wp-content\/uploads\/2021\/09\/9782916914992_1_75.jpg\" \/>\n\t<meta property=\"og:image:width\" content=\"350\" \/>\n\t<meta property=\"og:image:height\" content=\"500\" \/>\n\t<meta property=\"og:image:type\" content=\"image\/jpeg\" \/>\n<meta name=\"twitter:card\" content=\"summary_large_image\" \/>\n<meta name=\"twitter:label1\" content=\"Est. reading time\" \/>\n\t<meta name=\"twitter:data1\" content=\"1 minute\" \/>\n<script type=\"application\/ld+json\" class=\"yoast-schema-graph\">{\"@context\":\"https:\/\/schema.org\",\"@graph\":[{\"@type\":\"WebPage\",\"@id\":\"https:\/\/librairie7l.com\/en\/produit\/shabiller-en-politique-les-vetements-des-femmes-au-pouvoir-1936-2022\/\",\"url\":\"https:\/\/librairie7l.com\/en\/produit\/shabiller-en-politique-les-vetements-des-femmes-au-pouvoir-1936-2022\/\",\"name\":\"S'HABILLER EN POLITIQUE ; LES V\u00caTEMENTS DES FEMMES AU POUVOIR, 1936-2022 - Librairie 7L\",\"isPartOf\":{\"@id\":\"https:\/\/librairie7l.com\/en\/#website\"},\"datePublished\":\"2023-05-10T11:05:03+00:00\",\"dateModified\":\"2026-04-06T06:50:32+00:00\",\"breadcrumb\":{\"@id\":\"https:\/\/librairie7l.com\/en\/produit\/shabiller-en-politique-les-vetements-des-femmes-au-pouvoir-1936-2022\/#breadcrumb\"},\"inLanguage\":\"en-US\",\"potentialAction\":[{\"@type\":\"ReadAction\",\"target\":[\"https:\/\/librairie7l.com\/en\/produit\/shabiller-en-politique-les-vetements-des-femmes-au-pouvoir-1936-2022\/\"]}]},{\"@type\":\"BreadcrumbList\",\"@id\":\"https:\/\/librairie7l.com\/en\/produit\/shabiller-en-politique-les-vetements-des-femmes-au-pouvoir-1936-2022\/#breadcrumb\",\"itemListElement\":[{\"@type\":\"ListItem\",\"position\":1,\"name\":\"Accueil\",\"item\":\"https:\/\/librairie7l.com\/en\/\"},{\"@type\":\"ListItem\",\"position\":2,\"name\":\"Shop\",\"item\":\"https:\/\/librairie7l.com\/en\/shop\/\"},{\"@type\":\"ListItem\",\"position\":3,\"name\":\"S&#8217;HABILLER EN POLITIQUE ; LES V\u00caTEMENTS DES FEMMES AU POUVOIR, 1936-2022\"}]},{\"@type\":\"WebSite\",\"@id\":\"https:\/\/librairie7l.com\/en\/#website\",\"url\":\"https:\/\/librairie7l.com\/en\/\",\"name\":\"Librairie 7L\",\"description\":\"Librairie fond\u00e9e en 1999 par Karl Lagerfeld \u00e0 Paris\",\"publisher\":{\"@id\":\"https:\/\/librairie7l.com\/en\/#organization\"},\"potentialAction\":[{\"@type\":\"SearchAction\",\"target\":{\"@type\":\"EntryPoint\",\"urlTemplate\":\"https:\/\/librairie7l.com\/en\/?s={search_term_string}\"},\"query-input\":\"required name=search_term_string\"}],\"inLanguage\":\"en-US\"},{\"@type\":\"Organization\",\"@id\":\"https:\/\/librairie7l.com\/en\/#organization\",\"name\":\"Librairie 7L\",\"url\":\"https:\/\/librairie7l.com\/en\/\",\"logo\":{\"@type\":\"ImageObject\",\"inLanguage\":\"en-US\",\"@id\":\"https:\/\/librairie7l.com\/en\/#\/schema\/logo\/image\/\",\"url\":\"https:\/\/librairie7l.com\/wp-content\/uploads\/2022\/08\/logo-1.png\",\"contentUrl\":\"https:\/\/librairie7l.com\/wp-content\/uploads\/2022\/08\/logo-1.png\",\"width\":227,\"height\":301,\"caption\":\"Librairie 7L\"},\"image\":{\"@id\":\"https:\/\/librairie7l.com\/en\/#\/schema\/logo\/image\/\"}}]}<\/script>\n<!-- \/ Yoast SEO plugin. -->","yoast_head_json":{"title":"S'HABILLER EN POLITIQUE ; LES V\u00caTEMENTS DES FEMMES AU POUVOIR, 1936-2022 - Librairie 7L","robots":{"index":"index","follow":"follow","max-snippet":"max-snippet:-1","max-image-preview":"max-image-preview:large","max-video-preview":"max-video-preview:-1"},"canonical":"https:\/\/librairie7l.com\/en\/produit\/shabiller-en-politique-les-vetements-des-femmes-au-pouvoir-1936-2022\/","og_locale":"en_US","og_type":"article","og_title":"S'HABILLER EN POLITIQUE ; LES V\u00caTEMENTS DES FEMMES AU POUVOIR, 1936-2022 - Librairie 7L","og_description":"Alors qu&#8217;elle se pose rarement pour les hommes politiques, dont le vestiaire soumis \u00e0 des codes stricts, la question du v\u00eatement est incontournable pour les femmes : quelle tenue choisir pour quelle circonstance dans une garde-robe bien plus \u00e9tendue que celle des hommes ? Si les premi\u00e8res sous-secr\u00e9taires d&#8217;\u00c9tat sont nomm\u00e9es d\u00e8s 1936, les femmes [&hellip;]","og_url":"https:\/\/librairie7l.com\/en\/produit\/shabiller-en-politique-les-vetements-des-femmes-au-pouvoir-1936-2022\/","og_site_name":"Librairie 7L","article_modified_time":"2026-04-06T06:50:32+00:00","og_image":[{"width":350,"height":500,"url":"https:\/\/librairie7l.com\/wp-content\/uploads\/2021\/09\/9782916914992_1_75.jpg","type":"image\/jpeg"}],"twitter_card":"summary_large_image","twitter_misc":{"Est. reading time":"1 minute"},"schema":{"@context":"https:\/\/schema.org","@graph":[{"@type":"WebPage","@id":"https:\/\/librairie7l.com\/en\/produit\/shabiller-en-politique-les-vetements-des-femmes-au-pouvoir-1936-2022\/","url":"https:\/\/librairie7l.com\/en\/produit\/shabiller-en-politique-les-vetements-des-femmes-au-pouvoir-1936-2022\/","name":"S'HABILLER EN POLITIQUE ; LES V\u00caTEMENTS DES FEMMES AU POUVOIR, 1936-2022 - Librairie 7L","isPartOf":{"@id":"https:\/\/librairie7l.com\/en\/#website"},"datePublished":"2023-05-10T11:05:03+00:00","dateModified":"2026-04-06T06:50:32+00:00","breadcrumb":{"@id":"https:\/\/librairie7l.com\/en\/produit\/shabiller-en-politique-les-vetements-des-femmes-au-pouvoir-1936-2022\/#breadcrumb"},"inLanguage":"en-US","potentialAction":[{"@type":"ReadAction","target":["https:\/\/librairie7l.com\/en\/produit\/shabiller-en-politique-les-vetements-des-femmes-au-pouvoir-1936-2022\/"]}]},{"@type":"BreadcrumbList","@id":"https:\/\/librairie7l.com\/en\/produit\/shabiller-en-politique-les-vetements-des-femmes-au-pouvoir-1936-2022\/#breadcrumb","itemListElement":[{"@type":"ListItem","position":1,"name":"Accueil","item":"https:\/\/librairie7l.com\/en\/"},{"@type":"ListItem","position":2,"name":"Shop","item":"https:\/\/librairie7l.com\/en\/shop\/"},{"@type":"ListItem","position":3,"name":"S&#8217;HABILLER EN POLITIQUE ; LES V\u00caTEMENTS DES FEMMES AU POUVOIR, 1936-2022"}]},{"@type":"WebSite","@id":"https:\/\/librairie7l.com\/en\/#website","url":"https:\/\/librairie7l.com\/en\/","name":"Librairie 7L","description":"Librairie fond\u00e9e en 1999 par Karl Lagerfeld \u00e0 Paris","publisher":{"@id":"https:\/\/librairie7l.com\/en\/#organization"},"potentialAction":[{"@type":"SearchAction","target":{"@type":"EntryPoint","urlTemplate":"https:\/\/librairie7l.com\/en\/?s={search_term_string}"},"query-input":"required name=search_term_string"}],"inLanguage":"en-US"},{"@type":"Organization","@id":"https:\/\/librairie7l.com\/en\/#organization","name":"Librairie 7L","url":"https:\/\/librairie7l.com\/en\/","logo":{"@type":"ImageObject","inLanguage":"en-US","@id":"https:\/\/librairie7l.com\/en\/#\/schema\/logo\/image\/","url":"https:\/\/librairie7l.com\/wp-content\/uploads\/2022\/08\/logo-1.png","contentUrl":"https:\/\/librairie7l.com\/wp-content\/uploads\/2022\/08\/logo-1.png","width":227,"height":301,"caption":"Librairie 7L"},"image":{"@id":"https:\/\/librairie7l.com\/en\/#\/schema\/logo\/image\/"}}]}},"_links":{"self":[{"href":"https:\/\/librairie7l.com\/en\/wp-json\/wp\/v2\/product\/27509"}],"collection":[{"href":"https:\/\/librairie7l.com\/en\/wp-json\/wp\/v2\/product"}],"about":[{"href":"https:\/\/librairie7l.com\/en\/wp-json\/wp\/v2\/types\/product"}],"wp:featuredmedia":[{"embeddable":true,"href":"https:\/\/librairie7l.com\/en\/wp-json\/wp\/v2\/media\/27507"}],"wp:attachment":[{"href":"https:\/\/librairie7l.com\/en\/wp-json\/wp\/v2\/media?parent=27509"}],"wp:term":[{"taxonomy":"product_cat","embeddable":true,"href":"https:\/\/librairie7l.com\/en\/wp-json\/wp\/v2\/product_cat?post=27509"},{"taxonomy":"product_tag","embeddable":true,"href":"https:\/\/librairie7l.com\/en\/wp-json\/wp\/v2\/product_tag?post=27509"}],"curies":[{"name":"wp","href":"https:\/\/api.w.org\/{rel}","templated":true}]}}