{"id":27517,"date":"2023-05-10T13:05:23","date_gmt":"2023-05-10T11:05:23","guid":{"rendered":"https:\/\/librairie7l.com\/?post_type=product&#038;p=27517"},"modified":"2026-04-27T03:30:14","modified_gmt":"2026-04-27T01:30:14","slug":"geopolitique-du-luxe-40-fiches-illustrees-pour-comprendre-le-monde","status":"publish","type":"product","link":"https:\/\/librairie7l.com\/en\/produit\/geopolitique-du-luxe-40-fiches-illustrees-pour-comprendre-le-monde\/","title":{"rendered":"G\u00c9OPOLITIQUE DU LUXE : 40 FICHES ILLUSTR\u00c9ES POUR COMPRENDRE LE MONDE"},"content":{"rendered":"<p>REP\u00c8RES ET CL\u00c9S POUR D\u00c9CRYPTER L&#8217;ACTUALIT\u00c9. Expression spectaculaire des civilisations, le luxe participe au rayonnement des grandes puissances dans le monde. Tour \u00e0 tour instru- ment du soft power, outil de la diplomatie et moyen d&#8217;influence, le luxe est un acteur incontournable des relations internationales. C&#8217;est ce que d\u00e9crit cet ouvrage d&#8217;un point de vue historique, \u00e9conomique et politique : des clich\u00e9s \u00e0 la r\u00e9alit\u00e9, il nous parle de lieux, de faits et de chiffres pour nous aider \u00e0 y voir plus clair. Sp\u00e9cialiste du luxe, l&#8217;auteur propose 40 fiches document\u00e9es pour cerner les enjeux et les d\u00e9fis de ce secteur. L&#8217;ensemble est illustr\u00e9 de cartes, de graphiques et de tableaux.<\/p>\n","protected":false},"excerpt":{"rendered":"<p>REP\u00c8RES ET CL\u00c9S POUR D\u00c9CRYPTER L&#8217;ACTUALIT\u00c9. Expression spectaculaire des civilisations, le luxe participe au rayonnement des grandes puissances dans le monde. Tour \u00e0 tour instru- ment du soft power, outil de la diplomatie et moyen d&#8217;influence, le luxe est un acteur incontournable des relations internationales. C&#8217;est ce que d\u00e9crit cet ouvrage d&#8217;un point de vue [&hellip;]<\/p>\n","protected":false},"featured_media":27515,"template":"","meta":[],"product_cat":[2948,2957],"product_tag":[],"acf":[],"yoast_head":"<!-- This site is optimized with the Yoast SEO plugin v20.11 - https:\/\/yoast.com\/wordpress\/plugins\/seo\/ -->\n<title>G\u00c9OPOLITIQUE DU LUXE : 40 FICHES ILLUSTR\u00c9ES POUR COMPRENDRE LE MONDE - Librairie 7L<\/title>\n<meta name=\"robots\" content=\"index, follow, max-snippet:-1, max-image-preview:large, max-video-preview:-1\" \/>\n<link rel=\"canonical\" href=\"https:\/\/librairie7l.com\/en\/produit\/geopolitique-du-luxe-40-fiches-illustrees-pour-comprendre-le-monde\/\" \/>\n<meta property=\"og:locale\" content=\"en_US\" \/>\n<meta property=\"og:type\" content=\"article\" \/>\n<meta property=\"og:title\" content=\"G\u00c9OPOLITIQUE DU LUXE : 40 FICHES ILLUSTR\u00c9ES POUR COMPRENDRE LE MONDE - Librairie 7L\" \/>\n<meta property=\"og:description\" content=\"REP\u00c8RES ET CL\u00c9S POUR D\u00c9CRYPTER L&#8217;ACTUALIT\u00c9. Expression spectaculaire des civilisations, le luxe participe au rayonnement des grandes puissances dans le monde. Tour \u00e0 tour instru- ment du soft power, outil de la diplomatie et moyen d&#8217;influence, le luxe est un acteur incontournable des relations internationales. C&#8217;est ce que d\u00e9crit cet ouvrage d&#8217;un point de vue [&hellip;]\" \/>\n<meta property=\"og:url\" content=\"https:\/\/librairie7l.com\/en\/produit\/geopolitique-du-luxe-40-fiches-illustrees-pour-comprendre-le-monde\/\" \/>\n<meta property=\"og:site_name\" content=\"Librairie 7L\" \/>\n<meta property=\"article:modified_time\" content=\"2026-04-27T01:30:14+00:00\" \/>\n<meta property=\"og:image\" content=\"https:\/\/librairie7l.com\/wp-content\/uploads\/2021\/06\/9782212574791_1_75.jpg\" \/>\n\t<meta property=\"og:image:width\" content=\"821\" \/>\n\t<meta property=\"og:image:height\" content=\"600\" \/>\n\t<meta property=\"og:image:type\" content=\"image\/jpeg\" \/>\n<meta name=\"twitter:card\" content=\"summary_large_image\" \/>\n<meta name=\"twitter:label1\" content=\"Est. reading time\" \/>\n\t<meta name=\"twitter:data1\" content=\"1 minute\" \/>\n<script type=\"application\/ld+json\" class=\"yoast-schema-graph\">{\"@context\":\"https:\/\/schema.org\",\"@graph\":[{\"@type\":\"WebPage\",\"@id\":\"https:\/\/librairie7l.com\/en\/produit\/geopolitique-du-luxe-40-fiches-illustrees-pour-comprendre-le-monde\/\",\"url\":\"https:\/\/librairie7l.com\/en\/produit\/geopolitique-du-luxe-40-fiches-illustrees-pour-comprendre-le-monde\/\",\"name\":\"G\u00c9OPOLITIQUE DU LUXE : 40 FICHES ILLUSTR\u00c9ES POUR COMPRENDRE LE MONDE - Librairie 7L\",\"isPartOf\":{\"@id\":\"https:\/\/librairie7l.com\/en\/#website\"},\"datePublished\":\"2023-05-10T11:05:23+00:00\",\"dateModified\":\"2026-04-27T01:30:14+00:00\",\"breadcrumb\":{\"@id\":\"https:\/\/librairie7l.com\/en\/produit\/geopolitique-du-luxe-40-fiches-illustrees-pour-comprendre-le-monde\/#breadcrumb\"},\"inLanguage\":\"en-US\",\"potentialAction\":[{\"@type\":\"ReadAction\",\"target\":[\"https:\/\/librairie7l.com\/en\/produit\/geopolitique-du-luxe-40-fiches-illustrees-pour-comprendre-le-monde\/\"]}]},{\"@type\":\"BreadcrumbList\",\"@id\":\"https:\/\/librairie7l.com\/en\/produit\/geopolitique-du-luxe-40-fiches-illustrees-pour-comprendre-le-monde\/#breadcrumb\",\"itemListElement\":[{\"@type\":\"ListItem\",\"position\":1,\"name\":\"Accueil\",\"item\":\"https:\/\/librairie7l.com\/en\/\"},{\"@type\":\"ListItem\",\"position\":2,\"name\":\"Shop\",\"item\":\"https:\/\/librairie7l.com\/en\/shop\/\"},{\"@type\":\"ListItem\",\"position\":3,\"name\":\"G\u00c9OPOLITIQUE DU LUXE : 40 FICHES ILLUSTR\u00c9ES POUR COMPRENDRE LE MONDE\"}]},{\"@type\":\"WebSite\",\"@id\":\"https:\/\/librairie7l.com\/en\/#website\",\"url\":\"https:\/\/librairie7l.com\/en\/\",\"name\":\"Librairie 7L\",\"description\":\"Librairie fond\u00e9e en 1999 par Karl Lagerfeld \u00e0 Paris\",\"publisher\":{\"@id\":\"https:\/\/librairie7l.com\/en\/#organization\"},\"potentialAction\":[{\"@type\":\"SearchAction\",\"target\":{\"@type\":\"EntryPoint\",\"urlTemplate\":\"https:\/\/librairie7l.com\/en\/?s={search_term_string}\"},\"query-input\":\"required name=search_term_string\"}],\"inLanguage\":\"en-US\"},{\"@type\":\"Organization\",\"@id\":\"https:\/\/librairie7l.com\/en\/#organization\",\"name\":\"Librairie 7L\",\"url\":\"https:\/\/librairie7l.com\/en\/\",\"logo\":{\"@type\":\"ImageObject\",\"inLanguage\":\"en-US\",\"@id\":\"https:\/\/librairie7l.com\/en\/#\/schema\/logo\/image\/\",\"url\":\"https:\/\/librairie7l.com\/wp-content\/uploads\/2022\/08\/logo-1.png\",\"contentUrl\":\"https:\/\/librairie7l.com\/wp-content\/uploads\/2022\/08\/logo-1.png\",\"width\":227,\"height\":301,\"caption\":\"Librairie 7L\"},\"image\":{\"@id\":\"https:\/\/librairie7l.com\/en\/#\/schema\/logo\/image\/\"}}]}<\/script>\n<!-- \/ Yoast SEO plugin. -->","yoast_head_json":{"title":"G\u00c9OPOLITIQUE DU LUXE : 40 FICHES ILLUSTR\u00c9ES POUR COMPRENDRE LE MONDE - Librairie 7L","robots":{"index":"index","follow":"follow","max-snippet":"max-snippet:-1","max-image-preview":"max-image-preview:large","max-video-preview":"max-video-preview:-1"},"canonical":"https:\/\/librairie7l.com\/en\/produit\/geopolitique-du-luxe-40-fiches-illustrees-pour-comprendre-le-monde\/","og_locale":"en_US","og_type":"article","og_title":"G\u00c9OPOLITIQUE DU LUXE : 40 FICHES ILLUSTR\u00c9ES POUR COMPRENDRE LE MONDE - Librairie 7L","og_description":"REP\u00c8RES ET CL\u00c9S POUR D\u00c9CRYPTER L&#8217;ACTUALIT\u00c9. Expression spectaculaire des civilisations, le luxe participe au rayonnement des grandes puissances dans le monde. Tour \u00e0 tour instru- ment du soft power, outil de la diplomatie et moyen d&#8217;influence, le luxe est un acteur incontournable des relations internationales. C&#8217;est ce que d\u00e9crit cet ouvrage d&#8217;un point de vue [&hellip;]","og_url":"https:\/\/librairie7l.com\/en\/produit\/geopolitique-du-luxe-40-fiches-illustrees-pour-comprendre-le-monde\/","og_site_name":"Librairie 7L","article_modified_time":"2026-04-27T01:30:14+00:00","og_image":[{"width":821,"height":600,"url":"https:\/\/librairie7l.com\/wp-content\/uploads\/2021\/06\/9782212574791_1_75.jpg","type":"image\/jpeg"}],"twitter_card":"summary_large_image","twitter_misc":{"Est. reading time":"1 minute"},"schema":{"@context":"https:\/\/schema.org","@graph":[{"@type":"WebPage","@id":"https:\/\/librairie7l.com\/en\/produit\/geopolitique-du-luxe-40-fiches-illustrees-pour-comprendre-le-monde\/","url":"https:\/\/librairie7l.com\/en\/produit\/geopolitique-du-luxe-40-fiches-illustrees-pour-comprendre-le-monde\/","name":"G\u00c9OPOLITIQUE DU LUXE : 40 FICHES ILLUSTR\u00c9ES POUR COMPRENDRE LE MONDE - Librairie 7L","isPartOf":{"@id":"https:\/\/librairie7l.com\/en\/#website"},"datePublished":"2023-05-10T11:05:23+00:00","dateModified":"2026-04-27T01:30:14+00:00","breadcrumb":{"@id":"https:\/\/librairie7l.com\/en\/produit\/geopolitique-du-luxe-40-fiches-illustrees-pour-comprendre-le-monde\/#breadcrumb"},"inLanguage":"en-US","potentialAction":[{"@type":"ReadAction","target":["https:\/\/librairie7l.com\/en\/produit\/geopolitique-du-luxe-40-fiches-illustrees-pour-comprendre-le-monde\/"]}]},{"@type":"BreadcrumbList","@id":"https:\/\/librairie7l.com\/en\/produit\/geopolitique-du-luxe-40-fiches-illustrees-pour-comprendre-le-monde\/#breadcrumb","itemListElement":[{"@type":"ListItem","position":1,"name":"Accueil","item":"https:\/\/librairie7l.com\/en\/"},{"@type":"ListItem","position":2,"name":"Shop","item":"https:\/\/librairie7l.com\/en\/shop\/"},{"@type":"ListItem","position":3,"name":"G\u00c9OPOLITIQUE DU LUXE : 40 FICHES ILLUSTR\u00c9ES POUR COMPRENDRE LE MONDE"}]},{"@type":"WebSite","@id":"https:\/\/librairie7l.com\/en\/#website","url":"https:\/\/librairie7l.com\/en\/","name":"Librairie 7L","description":"Librairie fond\u00e9e en 1999 par Karl Lagerfeld \u00e0 Paris","publisher":{"@id":"https:\/\/librairie7l.com\/en\/#organization"},"potentialAction":[{"@type":"SearchAction","target":{"@type":"EntryPoint","urlTemplate":"https:\/\/librairie7l.com\/en\/?s={search_term_string}"},"query-input":"required name=search_term_string"}],"inLanguage":"en-US"},{"@type":"Organization","@id":"https:\/\/librairie7l.com\/en\/#organization","name":"Librairie 7L","url":"https:\/\/librairie7l.com\/en\/","logo":{"@type":"ImageObject","inLanguage":"en-US","@id":"https:\/\/librairie7l.com\/en\/#\/schema\/logo\/image\/","url":"https:\/\/librairie7l.com\/wp-content\/uploads\/2022\/08\/logo-1.png","contentUrl":"https:\/\/librairie7l.com\/wp-content\/uploads\/2022\/08\/logo-1.png","width":227,"height":301,"caption":"Librairie 7L"},"image":{"@id":"https:\/\/librairie7l.com\/en\/#\/schema\/logo\/image\/"}}]}},"_links":{"self":[{"href":"https:\/\/librairie7l.com\/en\/wp-json\/wp\/v2\/product\/27517"}],"collection":[{"href":"https:\/\/librairie7l.com\/en\/wp-json\/wp\/v2\/product"}],"about":[{"href":"https:\/\/librairie7l.com\/en\/wp-json\/wp\/v2\/types\/product"}],"wp:featuredmedia":[{"embeddable":true,"href":"https:\/\/librairie7l.com\/en\/wp-json\/wp\/v2\/media\/27515"}],"wp:attachment":[{"href":"https:\/\/librairie7l.com\/en\/wp-json\/wp\/v2\/media?parent=27517"}],"wp:term":[{"taxonomy":"product_cat","embeddable":true,"href":"https:\/\/librairie7l.com\/en\/wp-json\/wp\/v2\/product_cat?post=27517"},{"taxonomy":"product_tag","embeddable":true,"href":"https:\/\/librairie7l.com\/en\/wp-json\/wp\/v2\/product_tag?post=27517"}],"curies":[{"name":"wp","href":"https:\/\/api.w.org\/{rel}","templated":true}]}}