{"id":27541,"date":"2023-05-10T13:06:17","date_gmt":"2023-05-10T11:06:17","guid":{"rendered":"https:\/\/librairie7l.com\/?post_type=product&#038;p=27541"},"modified":"2026-04-19T08:59:17","modified_gmt":"2026-04-19T06:59:17","slug":"bill-brandt","status":"publish","type":"product","link":"https:\/\/librairie7l.com\/en\/produit\/bill-brandt\/","title":{"rendered":"BILL BRANDT"},"content":{"rendered":"<p>L&#8217;oeuvre rigoureuse de Bill Brandt, au service d&#8217;une incontestable po\u00e9sie, s&#8217;\u00e9coule sur pr\u00e8s d&#8217;un demi-si\u00e8cle et r\u00e9sume \u00e0 elle seule les quatre grands genres de la photographie que sont le reportage social, le portrait, le nu et le paysage. R\u00e9alis\u00e9 avec les archives Bill Brandt \u00e0 Londres, cet ouvrage assoit l&#8217;importance de l&#8217;oeuvre du photographe, indispensable \u00e0 la compr\u00e9hension de l&#8217;histoire de la photographie, entre les surr\u00e9alistes et des artistes aussi diff\u00e9rents qu&#8217;Ansel Adams, Robert Frank, R. B. Kitaj et David Hockney. En plus d&#8217;un regard sur une \u00e9poque et un lieu, l&#8217;Angleterre du XXe si\u00e8cle, il l\u00e8ve un coin du voile de myst\u00e8re qui entoure le photographe, gr\u00e2ce aux textes de sp\u00e9cialistes mettant en exergue une forte qu\u00eate identitaire, psychologique et intime.<\/p>\n","protected":false},"excerpt":{"rendered":"<p>L&#8217;oeuvre rigoureuse de Bill Brandt, au service d&#8217;une incontestable po\u00e9sie, s&#8217;\u00e9coule sur pr\u00e8s d&#8217;un demi-si\u00e8cle et r\u00e9sume \u00e0 elle seule les quatre grands genres de la photographie que sont le reportage social, le portrait, le nu et le paysage. R\u00e9alis\u00e9 avec les archives Bill Brandt \u00e0 Londres, cet ouvrage assoit l&#8217;importance de l&#8217;oeuvre du photographe, [&hellip;]<\/p>\n","protected":false},"featured_media":27539,"template":"","meta":[],"product_cat":[2948,2958],"product_tag":[],"acf":[],"yoast_head":"<!-- This site is optimized with the Yoast SEO plugin v20.11 - https:\/\/yoast.com\/wordpress\/plugins\/seo\/ -->\n<title>BILL BRANDT - Librairie 7L<\/title>\n<meta name=\"robots\" content=\"index, follow, max-snippet:-1, max-image-preview:large, max-video-preview:-1\" \/>\n<link rel=\"canonical\" href=\"https:\/\/librairie7l.com\/en\/produit\/bill-brandt\/\" \/>\n<meta property=\"og:locale\" content=\"en_US\" \/>\n<meta property=\"og:type\" content=\"article\" \/>\n<meta property=\"og:title\" content=\"BILL BRANDT - Librairie 7L\" \/>\n<meta property=\"og:description\" content=\"L&#8217;oeuvre rigoureuse de Bill Brandt, au service d&#8217;une incontestable po\u00e9sie, s&#8217;\u00e9coule sur pr\u00e8s d&#8217;un demi-si\u00e8cle et r\u00e9sume \u00e0 elle seule les quatre grands genres de la photographie que sont le reportage social, le portrait, le nu et le paysage. R\u00e9alis\u00e9 avec les archives Bill Brandt \u00e0 Londres, cet ouvrage assoit l&#8217;importance de l&#8217;oeuvre du photographe, [&hellip;]\" \/>\n<meta property=\"og:url\" content=\"https:\/\/librairie7l.com\/en\/produit\/bill-brandt\/\" \/>\n<meta property=\"og:site_name\" content=\"Librairie 7L\" \/>\n<meta property=\"article:modified_time\" content=\"2026-04-19T06:59:17+00:00\" \/>\n<meta property=\"og:image\" content=\"https:\/\/librairie7l.com\/wp-content\/uploads\/2020\/07\/9782081522039_1_75.jpg\" \/>\n\t<meta property=\"og:image:width\" content=\"600\" \/>\n\t<meta property=\"og:image:height\" content=\"697\" \/>\n\t<meta property=\"og:image:type\" content=\"image\/jpeg\" \/>\n<meta name=\"twitter:card\" content=\"summary_large_image\" \/>\n<meta name=\"twitter:label1\" content=\"Est. reading time\" \/>\n\t<meta name=\"twitter:data1\" content=\"1 minute\" \/>\n<script type=\"application\/ld+json\" class=\"yoast-schema-graph\">{\"@context\":\"https:\/\/schema.org\",\"@graph\":[{\"@type\":\"WebPage\",\"@id\":\"https:\/\/librairie7l.com\/en\/produit\/bill-brandt\/\",\"url\":\"https:\/\/librairie7l.com\/en\/produit\/bill-brandt\/\",\"name\":\"BILL BRANDT - Librairie 7L\",\"isPartOf\":{\"@id\":\"https:\/\/librairie7l.com\/en\/#website\"},\"datePublished\":\"2023-05-10T11:06:17+00:00\",\"dateModified\":\"2026-04-19T06:59:17+00:00\",\"breadcrumb\":{\"@id\":\"https:\/\/librairie7l.com\/en\/produit\/bill-brandt\/#breadcrumb\"},\"inLanguage\":\"en-US\",\"potentialAction\":[{\"@type\":\"ReadAction\",\"target\":[\"https:\/\/librairie7l.com\/en\/produit\/bill-brandt\/\"]}]},{\"@type\":\"BreadcrumbList\",\"@id\":\"https:\/\/librairie7l.com\/en\/produit\/bill-brandt\/#breadcrumb\",\"itemListElement\":[{\"@type\":\"ListItem\",\"position\":1,\"name\":\"Accueil\",\"item\":\"https:\/\/librairie7l.com\/en\/\"},{\"@type\":\"ListItem\",\"position\":2,\"name\":\"Shop\",\"item\":\"https:\/\/librairie7l.com\/en\/shop\/\"},{\"@type\":\"ListItem\",\"position\":3,\"name\":\"BILL BRANDT\"}]},{\"@type\":\"WebSite\",\"@id\":\"https:\/\/librairie7l.com\/en\/#website\",\"url\":\"https:\/\/librairie7l.com\/en\/\",\"name\":\"Librairie 7L\",\"description\":\"Librairie fond\u00e9e en 1999 par Karl Lagerfeld \u00e0 Paris\",\"publisher\":{\"@id\":\"https:\/\/librairie7l.com\/en\/#organization\"},\"potentialAction\":[{\"@type\":\"SearchAction\",\"target\":{\"@type\":\"EntryPoint\",\"urlTemplate\":\"https:\/\/librairie7l.com\/en\/?s={search_term_string}\"},\"query-input\":\"required name=search_term_string\"}],\"inLanguage\":\"en-US\"},{\"@type\":\"Organization\",\"@id\":\"https:\/\/librairie7l.com\/en\/#organization\",\"name\":\"Librairie 7L\",\"url\":\"https:\/\/librairie7l.com\/en\/\",\"logo\":{\"@type\":\"ImageObject\",\"inLanguage\":\"en-US\",\"@id\":\"https:\/\/librairie7l.com\/en\/#\/schema\/logo\/image\/\",\"url\":\"https:\/\/librairie7l.com\/wp-content\/uploads\/2022\/08\/logo-1.png\",\"contentUrl\":\"https:\/\/librairie7l.com\/wp-content\/uploads\/2022\/08\/logo-1.png\",\"width\":227,\"height\":301,\"caption\":\"Librairie 7L\"},\"image\":{\"@id\":\"https:\/\/librairie7l.com\/en\/#\/schema\/logo\/image\/\"}}]}<\/script>\n<!-- \/ Yoast SEO plugin. -->","yoast_head_json":{"title":"BILL BRANDT - Librairie 7L","robots":{"index":"index","follow":"follow","max-snippet":"max-snippet:-1","max-image-preview":"max-image-preview:large","max-video-preview":"max-video-preview:-1"},"canonical":"https:\/\/librairie7l.com\/en\/produit\/bill-brandt\/","og_locale":"en_US","og_type":"article","og_title":"BILL BRANDT - Librairie 7L","og_description":"L&#8217;oeuvre rigoureuse de Bill Brandt, au service d&#8217;une incontestable po\u00e9sie, s&#8217;\u00e9coule sur pr\u00e8s d&#8217;un demi-si\u00e8cle et r\u00e9sume \u00e0 elle seule les quatre grands genres de la photographie que sont le reportage social, le portrait, le nu et le paysage. R\u00e9alis\u00e9 avec les archives Bill Brandt \u00e0 Londres, cet ouvrage assoit l&#8217;importance de l&#8217;oeuvre du photographe, [&hellip;]","og_url":"https:\/\/librairie7l.com\/en\/produit\/bill-brandt\/","og_site_name":"Librairie 7L","article_modified_time":"2026-04-19T06:59:17+00:00","og_image":[{"width":600,"height":697,"url":"https:\/\/librairie7l.com\/wp-content\/uploads\/2020\/07\/9782081522039_1_75.jpg","type":"image\/jpeg"}],"twitter_card":"summary_large_image","twitter_misc":{"Est. reading time":"1 minute"},"schema":{"@context":"https:\/\/schema.org","@graph":[{"@type":"WebPage","@id":"https:\/\/librairie7l.com\/en\/produit\/bill-brandt\/","url":"https:\/\/librairie7l.com\/en\/produit\/bill-brandt\/","name":"BILL BRANDT - Librairie 7L","isPartOf":{"@id":"https:\/\/librairie7l.com\/en\/#website"},"datePublished":"2023-05-10T11:06:17+00:00","dateModified":"2026-04-19T06:59:17+00:00","breadcrumb":{"@id":"https:\/\/librairie7l.com\/en\/produit\/bill-brandt\/#breadcrumb"},"inLanguage":"en-US","potentialAction":[{"@type":"ReadAction","target":["https:\/\/librairie7l.com\/en\/produit\/bill-brandt\/"]}]},{"@type":"BreadcrumbList","@id":"https:\/\/librairie7l.com\/en\/produit\/bill-brandt\/#breadcrumb","itemListElement":[{"@type":"ListItem","position":1,"name":"Accueil","item":"https:\/\/librairie7l.com\/en\/"},{"@type":"ListItem","position":2,"name":"Shop","item":"https:\/\/librairie7l.com\/en\/shop\/"},{"@type":"ListItem","position":3,"name":"BILL BRANDT"}]},{"@type":"WebSite","@id":"https:\/\/librairie7l.com\/en\/#website","url":"https:\/\/librairie7l.com\/en\/","name":"Librairie 7L","description":"Librairie fond\u00e9e en 1999 par Karl Lagerfeld \u00e0 Paris","publisher":{"@id":"https:\/\/librairie7l.com\/en\/#organization"},"potentialAction":[{"@type":"SearchAction","target":{"@type":"EntryPoint","urlTemplate":"https:\/\/librairie7l.com\/en\/?s={search_term_string}"},"query-input":"required name=search_term_string"}],"inLanguage":"en-US"},{"@type":"Organization","@id":"https:\/\/librairie7l.com\/en\/#organization","name":"Librairie 7L","url":"https:\/\/librairie7l.com\/en\/","logo":{"@type":"ImageObject","inLanguage":"en-US","@id":"https:\/\/librairie7l.com\/en\/#\/schema\/logo\/image\/","url":"https:\/\/librairie7l.com\/wp-content\/uploads\/2022\/08\/logo-1.png","contentUrl":"https:\/\/librairie7l.com\/wp-content\/uploads\/2022\/08\/logo-1.png","width":227,"height":301,"caption":"Librairie 7L"},"image":{"@id":"https:\/\/librairie7l.com\/en\/#\/schema\/logo\/image\/"}}]}},"_links":{"self":[{"href":"https:\/\/librairie7l.com\/en\/wp-json\/wp\/v2\/product\/27541"}],"collection":[{"href":"https:\/\/librairie7l.com\/en\/wp-json\/wp\/v2\/product"}],"about":[{"href":"https:\/\/librairie7l.com\/en\/wp-json\/wp\/v2\/types\/product"}],"wp:featuredmedia":[{"embeddable":true,"href":"https:\/\/librairie7l.com\/en\/wp-json\/wp\/v2\/media\/27539"}],"wp:attachment":[{"href":"https:\/\/librairie7l.com\/en\/wp-json\/wp\/v2\/media?parent=27541"}],"wp:term":[{"taxonomy":"product_cat","embeddable":true,"href":"https:\/\/librairie7l.com\/en\/wp-json\/wp\/v2\/product_cat?post=27541"},{"taxonomy":"product_tag","embeddable":true,"href":"https:\/\/librairie7l.com\/en\/wp-json\/wp\/v2\/product_tag?post=27541"}],"curies":[{"name":"wp","href":"https:\/\/api.w.org\/{rel}","templated":true}]}}