{"id":27593,"date":"2023-05-10T13:07:43","date_gmt":"2023-05-10T11:07:43","guid":{"rendered":"https:\/\/librairie7l.com\/?post_type=product&#038;p=27593"},"modified":"2026-04-17T13:06:29","modified_gmt":"2026-04-17T11:06:29","slug":"le-corbusier-peintre-a-cap-martin","status":"publish","type":"product","link":"https:\/\/librairie7l.com\/en\/produit\/le-corbusier-peintre-a-cap-martin\/","title":{"rendered":"LE CORBUSIER, PEINTRE \u00c0 CAP-MARTIN"},"content":{"rendered":"<p>C&#8217;est en 1937 que Le Corbusier d\u00e9couvre Roquebrune-Cap-Martin et la villa de Jean Badovici E-1027, dessin\u00e9e en grande partie par l&#8217;irlandaise Eileen Gray entre 1927 et 1929. Il y revient en 1938 et en 1939. Impressionn\u00e9 par l&#8217;ing\u00e9niosit\u00e9 et le charme de la villa il passe des moments agr\u00e9ables face \u00e0 la mer et m\u00e8ne une vie tranquille et simple, au contact de la nature.<\/p>\n<p>L\u00e0, \u00e0 quelques m\u00e8tres de la mer et de la guinguette \u00ab L&#8217;\u00c9toile de Mer \u00bb \u00e9difi\u00e9e \u00e0 la fin des ann\u00e9es 1940 par Thomas Rebutato avec lequel il nouera une forte relation d&#8217;amiti\u00e9, il construit en 1952 son Cabanon, t\u00e9moignage de ses r\u00e9flexions sur la production standardis\u00e9e, puis, en 1954-1957, les Unit\u00e9s de camping, juxtaposition de cinq cellules identiques. C&#8217;est \u00e0 proximit\u00e9 de ce site que Le Corbusier a trouv\u00e9 la mort en nageant ; il est enterr\u00e9 au cimeti\u00e8re du vieux village de Roquebrune Cap-Martin qui domine la mer. L&#8217;int\u00e9gralit\u00e9 du site est aujourd&#8217;hui ouvert au public.<br \/>\nAlors que la peinture murale est en compl\u00e8te contradiction avec sa d\u00e9finition de l&#8217;architecture comme \u00ab pur jeu de lumi\u00e8re et de volumes \u00bb, Le Corbusier va r\u00e9aliser sur ce site divers muraux, tant dans la villa d&#8217;Eileen Gray que sur les murs de L&#8217;\u00c9toile de mer et sur les parois de son Cabanon. L&#8217;auteur revient sur les diff\u00e9rents facteurs ayant conduit \u00e0 cette conversion et replace cette \u00e9volution de l&#8217;architecte dans le contexte plus g\u00e9n\u00e9ral de la peinture murale \u00e0 cette p\u00e9riode.<br \/>\nCet ouvrage documente, pour la premi\u00e8re fois, l&#8217;ensemble de cet oeuvre peint et dessin\u00e9, toujours existant pour la majeure partie, et donne \u00e9galement \u00e0 voir un Le Corbusier plus libre et v\u00e9ritable amoureux de la M\u00e9diterran\u00e9e.<\/p>\n","protected":false},"excerpt":{"rendered":"<p>C&#8217;est en 1937 que Le Corbusier d\u00e9couvre Roquebrune-Cap-Martin et la villa de Jean Badovici E-1027, dessin\u00e9e en grande partie par l&#8217;irlandaise Eileen Gray entre 1927 et 1929. Il y revient en 1938 et en 1939. Impressionn\u00e9 par l&#8217;ing\u00e9niosit\u00e9 et le charme de la villa il passe des moments agr\u00e9ables face \u00e0 la mer et m\u00e8ne [&hellip;]<\/p>\n","protected":false},"featured_media":27591,"template":"","meta":[],"product_cat":[2948,2950],"product_tag":[],"acf":[],"yoast_head":"<!-- This site is optimized with the Yoast SEO plugin v20.11 - https:\/\/yoast.com\/wordpress\/plugins\/seo\/ -->\n<title>LE CORBUSIER, PEINTRE \u00c0 CAP-MARTIN - Librairie 7L<\/title>\n<meta name=\"robots\" content=\"index, follow, max-snippet:-1, max-image-preview:large, max-video-preview:-1\" \/>\n<link rel=\"canonical\" href=\"https:\/\/librairie7l.com\/en\/produit\/le-corbusier-peintre-a-cap-martin\/\" \/>\n<meta property=\"og:locale\" content=\"en_US\" \/>\n<meta property=\"og:type\" content=\"article\" \/>\n<meta property=\"og:title\" content=\"LE CORBUSIER, PEINTRE \u00c0 CAP-MARTIN - Librairie 7L\" \/>\n<meta property=\"og:description\" content=\"C&#8217;est en 1937 que Le Corbusier d\u00e9couvre Roquebrune-Cap-Martin et la villa de Jean Badovici E-1027, dessin\u00e9e en grande partie par l&#8217;irlandaise Eileen Gray entre 1927 et 1929. Il y revient en 1938 et en 1939. Impressionn\u00e9 par l&#8217;ing\u00e9niosit\u00e9 et le charme de la villa il passe des moments agr\u00e9ables face \u00e0 la mer et m\u00e8ne [&hellip;]\" \/>\n<meta property=\"og:url\" content=\"https:\/\/librairie7l.com\/en\/produit\/le-corbusier-peintre-a-cap-martin\/\" \/>\n<meta property=\"og:site_name\" content=\"Librairie 7L\" \/>\n<meta property=\"article:modified_time\" content=\"2026-04-17T11:06:29+00:00\" \/>\n<meta property=\"og:image\" content=\"https:\/\/librairie7l.com\/wp-content\/uploads\/2020\/12\/9782757701645_1_75.jpg\" \/>\n\t<meta property=\"og:image:width\" content=\"600\" \/>\n\t<meta property=\"og:image:height\" content=\"749\" \/>\n\t<meta property=\"og:image:type\" content=\"image\/jpeg\" \/>\n<meta name=\"twitter:card\" content=\"summary_large_image\" \/>\n<meta name=\"twitter:label1\" content=\"Est. reading time\" \/>\n\t<meta name=\"twitter:data1\" content=\"1 minute\" \/>\n<script type=\"application\/ld+json\" class=\"yoast-schema-graph\">{\"@context\":\"https:\/\/schema.org\",\"@graph\":[{\"@type\":\"WebPage\",\"@id\":\"https:\/\/librairie7l.com\/en\/produit\/le-corbusier-peintre-a-cap-martin\/\",\"url\":\"https:\/\/librairie7l.com\/en\/produit\/le-corbusier-peintre-a-cap-martin\/\",\"name\":\"LE CORBUSIER, PEINTRE \u00c0 CAP-MARTIN - Librairie 7L\",\"isPartOf\":{\"@id\":\"https:\/\/librairie7l.com\/en\/#website\"},\"datePublished\":\"2023-05-10T11:07:43+00:00\",\"dateModified\":\"2026-04-17T11:06:29+00:00\",\"breadcrumb\":{\"@id\":\"https:\/\/librairie7l.com\/en\/produit\/le-corbusier-peintre-a-cap-martin\/#breadcrumb\"},\"inLanguage\":\"en-US\",\"potentialAction\":[{\"@type\":\"ReadAction\",\"target\":[\"https:\/\/librairie7l.com\/en\/produit\/le-corbusier-peintre-a-cap-martin\/\"]}]},{\"@type\":\"BreadcrumbList\",\"@id\":\"https:\/\/librairie7l.com\/en\/produit\/le-corbusier-peintre-a-cap-martin\/#breadcrumb\",\"itemListElement\":[{\"@type\":\"ListItem\",\"position\":1,\"name\":\"Accueil\",\"item\":\"https:\/\/librairie7l.com\/en\/\"},{\"@type\":\"ListItem\",\"position\":2,\"name\":\"Shop\",\"item\":\"https:\/\/librairie7l.com\/en\/shop\/\"},{\"@type\":\"ListItem\",\"position\":3,\"name\":\"LE CORBUSIER, PEINTRE \u00c0 CAP-MARTIN\"}]},{\"@type\":\"WebSite\",\"@id\":\"https:\/\/librairie7l.com\/en\/#website\",\"url\":\"https:\/\/librairie7l.com\/en\/\",\"name\":\"Librairie 7L\",\"description\":\"Librairie fond\u00e9e en 1999 par Karl Lagerfeld \u00e0 Paris\",\"publisher\":{\"@id\":\"https:\/\/librairie7l.com\/en\/#organization\"},\"potentialAction\":[{\"@type\":\"SearchAction\",\"target\":{\"@type\":\"EntryPoint\",\"urlTemplate\":\"https:\/\/librairie7l.com\/en\/?s={search_term_string}\"},\"query-input\":\"required name=search_term_string\"}],\"inLanguage\":\"en-US\"},{\"@type\":\"Organization\",\"@id\":\"https:\/\/librairie7l.com\/en\/#organization\",\"name\":\"Librairie 7L\",\"url\":\"https:\/\/librairie7l.com\/en\/\",\"logo\":{\"@type\":\"ImageObject\",\"inLanguage\":\"en-US\",\"@id\":\"https:\/\/librairie7l.com\/en\/#\/schema\/logo\/image\/\",\"url\":\"https:\/\/librairie7l.com\/wp-content\/uploads\/2022\/08\/logo-1.png\",\"contentUrl\":\"https:\/\/librairie7l.com\/wp-content\/uploads\/2022\/08\/logo-1.png\",\"width\":227,\"height\":301,\"caption\":\"Librairie 7L\"},\"image\":{\"@id\":\"https:\/\/librairie7l.com\/en\/#\/schema\/logo\/image\/\"}}]}<\/script>\n<!-- \/ Yoast SEO plugin. -->","yoast_head_json":{"title":"LE CORBUSIER, PEINTRE \u00c0 CAP-MARTIN - Librairie 7L","robots":{"index":"index","follow":"follow","max-snippet":"max-snippet:-1","max-image-preview":"max-image-preview:large","max-video-preview":"max-video-preview:-1"},"canonical":"https:\/\/librairie7l.com\/en\/produit\/le-corbusier-peintre-a-cap-martin\/","og_locale":"en_US","og_type":"article","og_title":"LE CORBUSIER, PEINTRE \u00c0 CAP-MARTIN - Librairie 7L","og_description":"C&#8217;est en 1937 que Le Corbusier d\u00e9couvre Roquebrune-Cap-Martin et la villa de Jean Badovici E-1027, dessin\u00e9e en grande partie par l&#8217;irlandaise Eileen Gray entre 1927 et 1929. Il y revient en 1938 et en 1939. Impressionn\u00e9 par l&#8217;ing\u00e9niosit\u00e9 et le charme de la villa il passe des moments agr\u00e9ables face \u00e0 la mer et m\u00e8ne [&hellip;]","og_url":"https:\/\/librairie7l.com\/en\/produit\/le-corbusier-peintre-a-cap-martin\/","og_site_name":"Librairie 7L","article_modified_time":"2026-04-17T11:06:29+00:00","og_image":[{"width":600,"height":749,"url":"https:\/\/librairie7l.com\/wp-content\/uploads\/2020\/12\/9782757701645_1_75.jpg","type":"image\/jpeg"}],"twitter_card":"summary_large_image","twitter_misc":{"Est. reading time":"1 minute"},"schema":{"@context":"https:\/\/schema.org","@graph":[{"@type":"WebPage","@id":"https:\/\/librairie7l.com\/en\/produit\/le-corbusier-peintre-a-cap-martin\/","url":"https:\/\/librairie7l.com\/en\/produit\/le-corbusier-peintre-a-cap-martin\/","name":"LE CORBUSIER, PEINTRE \u00c0 CAP-MARTIN - Librairie 7L","isPartOf":{"@id":"https:\/\/librairie7l.com\/en\/#website"},"datePublished":"2023-05-10T11:07:43+00:00","dateModified":"2026-04-17T11:06:29+00:00","breadcrumb":{"@id":"https:\/\/librairie7l.com\/en\/produit\/le-corbusier-peintre-a-cap-martin\/#breadcrumb"},"inLanguage":"en-US","potentialAction":[{"@type":"ReadAction","target":["https:\/\/librairie7l.com\/en\/produit\/le-corbusier-peintre-a-cap-martin\/"]}]},{"@type":"BreadcrumbList","@id":"https:\/\/librairie7l.com\/en\/produit\/le-corbusier-peintre-a-cap-martin\/#breadcrumb","itemListElement":[{"@type":"ListItem","position":1,"name":"Accueil","item":"https:\/\/librairie7l.com\/en\/"},{"@type":"ListItem","position":2,"name":"Shop","item":"https:\/\/librairie7l.com\/en\/shop\/"},{"@type":"ListItem","position":3,"name":"LE CORBUSIER, PEINTRE \u00c0 CAP-MARTIN"}]},{"@type":"WebSite","@id":"https:\/\/librairie7l.com\/en\/#website","url":"https:\/\/librairie7l.com\/en\/","name":"Librairie 7L","description":"Librairie fond\u00e9e en 1999 par Karl Lagerfeld \u00e0 Paris","publisher":{"@id":"https:\/\/librairie7l.com\/en\/#organization"},"potentialAction":[{"@type":"SearchAction","target":{"@type":"EntryPoint","urlTemplate":"https:\/\/librairie7l.com\/en\/?s={search_term_string}"},"query-input":"required name=search_term_string"}],"inLanguage":"en-US"},{"@type":"Organization","@id":"https:\/\/librairie7l.com\/en\/#organization","name":"Librairie 7L","url":"https:\/\/librairie7l.com\/en\/","logo":{"@type":"ImageObject","inLanguage":"en-US","@id":"https:\/\/librairie7l.com\/en\/#\/schema\/logo\/image\/","url":"https:\/\/librairie7l.com\/wp-content\/uploads\/2022\/08\/logo-1.png","contentUrl":"https:\/\/librairie7l.com\/wp-content\/uploads\/2022\/08\/logo-1.png","width":227,"height":301,"caption":"Librairie 7L"},"image":{"@id":"https:\/\/librairie7l.com\/en\/#\/schema\/logo\/image\/"}}]}},"_links":{"self":[{"href":"https:\/\/librairie7l.com\/en\/wp-json\/wp\/v2\/product\/27593"}],"collection":[{"href":"https:\/\/librairie7l.com\/en\/wp-json\/wp\/v2\/product"}],"about":[{"href":"https:\/\/librairie7l.com\/en\/wp-json\/wp\/v2\/types\/product"}],"wp:featuredmedia":[{"embeddable":true,"href":"https:\/\/librairie7l.com\/en\/wp-json\/wp\/v2\/media\/27591"}],"wp:attachment":[{"href":"https:\/\/librairie7l.com\/en\/wp-json\/wp\/v2\/media?parent=27593"}],"wp:term":[{"taxonomy":"product_cat","embeddable":true,"href":"https:\/\/librairie7l.com\/en\/wp-json\/wp\/v2\/product_cat?post=27593"},{"taxonomy":"product_tag","embeddable":true,"href":"https:\/\/librairie7l.com\/en\/wp-json\/wp\/v2\/product_tag?post=27593"}],"curies":[{"name":"wp","href":"https:\/\/api.w.org\/{rel}","templated":true}]}}