{"id":27597,"date":"2023-05-10T13:07:47","date_gmt":"2023-05-10T11:07:47","guid":{"rendered":"https:\/\/librairie7l.com\/?post_type=product&#038;p=27597"},"modified":"2026-04-06T04:06:04","modified_gmt":"2026-04-06T02:06:04","slug":"elles-ont-fait-le-monde","status":"publish","type":"product","link":"https:\/\/librairie7l.com\/en\/produit\/elles-ont-fait-le-monde\/","title":{"rendered":"ELLES ONT FAIT LE MONDE"},"content":{"rendered":"<p>Gis\u00e8le Halimi, Simone Veil, Fran\u00e7oise Sagan, Nina Simone, Frida Kalho, Megan Rapinoe&#8230; De grandes femmes ont travers\u00e9 l&#8217;histoire r\u00e9cente du monde et y ont imprim\u00e9 leur marque, contribuant \u00e0 construire un futur plus juste et plus \u00e9galitaire.<\/p>\n<p>ELLE, qui d\u00e8s sa cr\u00e9ation en 1945 se fait l&#8217;\u00e9cho de l&#8217;\u00e9mancipation des femmes et de leurs combats pour l&#8217;\u00e9volution des mentalit\u00e9s, ne pouvait que leur rendre hommage. Qu&#8217;elles soient avocates, auteures, politiciennes, actrices, sportives de haut niveau, artistes ou chanteuses, toutes ont en commun d&#8217;avoir fait reculer les pr\u00e9jug\u00e9s et bouger les lignes.<\/p>\n<p>Cinquante portraits de femmes, illustr\u00e9s de photos prises pour le magazine, qui sont autant de t\u00e9moignages de respect \u00e0 des figures aussi essentielles qu&#8217;inspirantes.<\/p>\n","protected":false},"excerpt":{"rendered":"<p>Gis\u00e8le Halimi, Simone Veil, Fran\u00e7oise Sagan, Nina Simone, Frida Kalho, Megan Rapinoe&#8230; De grandes femmes ont travers\u00e9 l&#8217;histoire r\u00e9cente du monde et y ont imprim\u00e9 leur marque, contribuant \u00e0 construire un futur plus juste et plus \u00e9galitaire. ELLE, qui d\u00e8s sa cr\u00e9ation en 1945 se fait l&#8217;\u00e9cho de l&#8217;\u00e9mancipation des femmes et de leurs combats [&hellip;]<\/p>\n","protected":false},"featured_media":27595,"template":"","meta":[],"product_cat":[55,2948,2957,19],"product_tag":[],"acf":[],"yoast_head":"<!-- This site is optimized with the Yoast SEO plugin v20.11 - https:\/\/yoast.com\/wordpress\/plugins\/seo\/ -->\n<title>ELLES ONT FAIT LE MONDE - Librairie 7L<\/title>\n<meta name=\"robots\" content=\"index, follow, max-snippet:-1, max-image-preview:large, max-video-preview:-1\" \/>\n<link rel=\"canonical\" href=\"https:\/\/librairie7l.com\/en\/produit\/elles-ont-fait-le-monde\/\" \/>\n<meta property=\"og:locale\" content=\"en_US\" \/>\n<meta property=\"og:type\" content=\"article\" \/>\n<meta property=\"og:title\" content=\"ELLES ONT FAIT LE MONDE - Librairie 7L\" \/>\n<meta property=\"og:description\" content=\"Gis\u00e8le Halimi, Simone Veil, Fran\u00e7oise Sagan, Nina Simone, Frida Kalho, Megan Rapinoe&#8230; De grandes femmes ont travers\u00e9 l&#8217;histoire r\u00e9cente du monde et y ont imprim\u00e9 leur marque, contribuant \u00e0 construire un futur plus juste et plus \u00e9galitaire. ELLE, qui d\u00e8s sa cr\u00e9ation en 1945 se fait l&#8217;\u00e9cho de l&#8217;\u00e9mancipation des femmes et de leurs combats [&hellip;]\" \/>\n<meta property=\"og:url\" content=\"https:\/\/librairie7l.com\/en\/produit\/elles-ont-fait-le-monde\/\" \/>\n<meta property=\"og:site_name\" content=\"Librairie 7L\" \/>\n<meta property=\"article:modified_time\" content=\"2026-04-06T02:06:04+00:00\" \/>\n<meta property=\"og:image\" content=\"https:\/\/librairie7l.com\/wp-content\/uploads\/2021\/05\/9782324029479_1_75.jpg\" \/>\n\t<meta property=\"og:image:width\" content=\"200\" \/>\n\t<meta property=\"og:image:height\" content=\"256\" \/>\n\t<meta property=\"og:image:type\" content=\"image\/jpeg\" \/>\n<meta name=\"twitter:card\" content=\"summary_large_image\" \/>\n<meta name=\"twitter:label1\" content=\"Est. reading time\" \/>\n\t<meta name=\"twitter:data1\" content=\"1 minute\" \/>\n<script type=\"application\/ld+json\" class=\"yoast-schema-graph\">{\"@context\":\"https:\/\/schema.org\",\"@graph\":[{\"@type\":\"WebPage\",\"@id\":\"https:\/\/librairie7l.com\/en\/produit\/elles-ont-fait-le-monde\/\",\"url\":\"https:\/\/librairie7l.com\/en\/produit\/elles-ont-fait-le-monde\/\",\"name\":\"ELLES ONT FAIT LE MONDE - Librairie 7L\",\"isPartOf\":{\"@id\":\"https:\/\/librairie7l.com\/en\/#website\"},\"datePublished\":\"2023-05-10T11:07:47+00:00\",\"dateModified\":\"2026-04-06T02:06:04+00:00\",\"breadcrumb\":{\"@id\":\"https:\/\/librairie7l.com\/en\/produit\/elles-ont-fait-le-monde\/#breadcrumb\"},\"inLanguage\":\"en-US\",\"potentialAction\":[{\"@type\":\"ReadAction\",\"target\":[\"https:\/\/librairie7l.com\/en\/produit\/elles-ont-fait-le-monde\/\"]}]},{\"@type\":\"BreadcrumbList\",\"@id\":\"https:\/\/librairie7l.com\/en\/produit\/elles-ont-fait-le-monde\/#breadcrumb\",\"itemListElement\":[{\"@type\":\"ListItem\",\"position\":1,\"name\":\"Accueil\",\"item\":\"https:\/\/librairie7l.com\/en\/\"},{\"@type\":\"ListItem\",\"position\":2,\"name\":\"Shop\",\"item\":\"https:\/\/librairie7l.com\/en\/shop\/\"},{\"@type\":\"ListItem\",\"position\":3,\"name\":\"ELLES ONT FAIT LE MONDE\"}]},{\"@type\":\"WebSite\",\"@id\":\"https:\/\/librairie7l.com\/en\/#website\",\"url\":\"https:\/\/librairie7l.com\/en\/\",\"name\":\"Librairie 7L\",\"description\":\"Librairie fond\u00e9e en 1999 par Karl Lagerfeld \u00e0 Paris\",\"publisher\":{\"@id\":\"https:\/\/librairie7l.com\/en\/#organization\"},\"potentialAction\":[{\"@type\":\"SearchAction\",\"target\":{\"@type\":\"EntryPoint\",\"urlTemplate\":\"https:\/\/librairie7l.com\/en\/?s={search_term_string}\"},\"query-input\":\"required name=search_term_string\"}],\"inLanguage\":\"en-US\"},{\"@type\":\"Organization\",\"@id\":\"https:\/\/librairie7l.com\/en\/#organization\",\"name\":\"Librairie 7L\",\"url\":\"https:\/\/librairie7l.com\/en\/\",\"logo\":{\"@type\":\"ImageObject\",\"inLanguage\":\"en-US\",\"@id\":\"https:\/\/librairie7l.com\/en\/#\/schema\/logo\/image\/\",\"url\":\"https:\/\/librairie7l.com\/wp-content\/uploads\/2022\/08\/logo-1.png\",\"contentUrl\":\"https:\/\/librairie7l.com\/wp-content\/uploads\/2022\/08\/logo-1.png\",\"width\":227,\"height\":301,\"caption\":\"Librairie 7L\"},\"image\":{\"@id\":\"https:\/\/librairie7l.com\/en\/#\/schema\/logo\/image\/\"}}]}<\/script>\n<!-- \/ Yoast SEO plugin. -->","yoast_head_json":{"title":"ELLES ONT FAIT LE MONDE - Librairie 7L","robots":{"index":"index","follow":"follow","max-snippet":"max-snippet:-1","max-image-preview":"max-image-preview:large","max-video-preview":"max-video-preview:-1"},"canonical":"https:\/\/librairie7l.com\/en\/produit\/elles-ont-fait-le-monde\/","og_locale":"en_US","og_type":"article","og_title":"ELLES ONT FAIT LE MONDE - Librairie 7L","og_description":"Gis\u00e8le Halimi, Simone Veil, Fran\u00e7oise Sagan, Nina Simone, Frida Kalho, Megan Rapinoe&#8230; De grandes femmes ont travers\u00e9 l&#8217;histoire r\u00e9cente du monde et y ont imprim\u00e9 leur marque, contribuant \u00e0 construire un futur plus juste et plus \u00e9galitaire. ELLE, qui d\u00e8s sa cr\u00e9ation en 1945 se fait l&#8217;\u00e9cho de l&#8217;\u00e9mancipation des femmes et de leurs combats [&hellip;]","og_url":"https:\/\/librairie7l.com\/en\/produit\/elles-ont-fait-le-monde\/","og_site_name":"Librairie 7L","article_modified_time":"2026-04-06T02:06:04+00:00","og_image":[{"width":200,"height":256,"url":"https:\/\/librairie7l.com\/wp-content\/uploads\/2021\/05\/9782324029479_1_75.jpg","type":"image\/jpeg"}],"twitter_card":"summary_large_image","twitter_misc":{"Est. reading time":"1 minute"},"schema":{"@context":"https:\/\/schema.org","@graph":[{"@type":"WebPage","@id":"https:\/\/librairie7l.com\/en\/produit\/elles-ont-fait-le-monde\/","url":"https:\/\/librairie7l.com\/en\/produit\/elles-ont-fait-le-monde\/","name":"ELLES ONT FAIT LE MONDE - Librairie 7L","isPartOf":{"@id":"https:\/\/librairie7l.com\/en\/#website"},"datePublished":"2023-05-10T11:07:47+00:00","dateModified":"2026-04-06T02:06:04+00:00","breadcrumb":{"@id":"https:\/\/librairie7l.com\/en\/produit\/elles-ont-fait-le-monde\/#breadcrumb"},"inLanguage":"en-US","potentialAction":[{"@type":"ReadAction","target":["https:\/\/librairie7l.com\/en\/produit\/elles-ont-fait-le-monde\/"]}]},{"@type":"BreadcrumbList","@id":"https:\/\/librairie7l.com\/en\/produit\/elles-ont-fait-le-monde\/#breadcrumb","itemListElement":[{"@type":"ListItem","position":1,"name":"Accueil","item":"https:\/\/librairie7l.com\/en\/"},{"@type":"ListItem","position":2,"name":"Shop","item":"https:\/\/librairie7l.com\/en\/shop\/"},{"@type":"ListItem","position":3,"name":"ELLES ONT FAIT LE MONDE"}]},{"@type":"WebSite","@id":"https:\/\/librairie7l.com\/en\/#website","url":"https:\/\/librairie7l.com\/en\/","name":"Librairie 7L","description":"Librairie fond\u00e9e en 1999 par Karl Lagerfeld \u00e0 Paris","publisher":{"@id":"https:\/\/librairie7l.com\/en\/#organization"},"potentialAction":[{"@type":"SearchAction","target":{"@type":"EntryPoint","urlTemplate":"https:\/\/librairie7l.com\/en\/?s={search_term_string}"},"query-input":"required name=search_term_string"}],"inLanguage":"en-US"},{"@type":"Organization","@id":"https:\/\/librairie7l.com\/en\/#organization","name":"Librairie 7L","url":"https:\/\/librairie7l.com\/en\/","logo":{"@type":"ImageObject","inLanguage":"en-US","@id":"https:\/\/librairie7l.com\/en\/#\/schema\/logo\/image\/","url":"https:\/\/librairie7l.com\/wp-content\/uploads\/2022\/08\/logo-1.png","contentUrl":"https:\/\/librairie7l.com\/wp-content\/uploads\/2022\/08\/logo-1.png","width":227,"height":301,"caption":"Librairie 7L"},"image":{"@id":"https:\/\/librairie7l.com\/en\/#\/schema\/logo\/image\/"}}]}},"_links":{"self":[{"href":"https:\/\/librairie7l.com\/en\/wp-json\/wp\/v2\/product\/27597"}],"collection":[{"href":"https:\/\/librairie7l.com\/en\/wp-json\/wp\/v2\/product"}],"about":[{"href":"https:\/\/librairie7l.com\/en\/wp-json\/wp\/v2\/types\/product"}],"wp:featuredmedia":[{"embeddable":true,"href":"https:\/\/librairie7l.com\/en\/wp-json\/wp\/v2\/media\/27595"}],"wp:attachment":[{"href":"https:\/\/librairie7l.com\/en\/wp-json\/wp\/v2\/media?parent=27597"}],"wp:term":[{"taxonomy":"product_cat","embeddable":true,"href":"https:\/\/librairie7l.com\/en\/wp-json\/wp\/v2\/product_cat?post=27597"},{"taxonomy":"product_tag","embeddable":true,"href":"https:\/\/librairie7l.com\/en\/wp-json\/wp\/v2\/product_tag?post=27597"}],"curies":[{"name":"wp","href":"https:\/\/api.w.org\/{rel}","templated":true}]}}