{"id":27613,"date":"2023-05-10T13:08:08","date_gmt":"2023-05-10T11:08:08","guid":{"rendered":"https:\/\/librairie7l.com\/?post_type=product&#038;p=27613"},"modified":"2026-05-09T15:02:22","modified_gmt":"2026-05-09T13:02:22","slug":"dear-franklin","status":"publish","type":"product","link":"https:\/\/librairie7l.com\/en\/produit\/dear-franklin\/","title":{"rendered":"DEAR FRANKLIN"},"content":{"rendered":"<p>Suivant \u00e0 la trace un d\u00e9nomm\u00e9 Franklin Lung, l&#8217;ouvrage Dear Franklin immerge le lecteur dans l&#8217;histoire de la diaspora chinoise, de la chute de l&#8217;Empire du Milieu, en 1912, jusque dans les ann\u00e9es 1950.<\/p>\n<p>Au fil d&#8217;images vintage, de coupures de presse, de lettres &#8211; correspondance entre deux fianc\u00e9s &#8211; et de photographies, l&#8217;artiste Kurt Tong fait le r\u00e9cit fictif de la vie d&#8217;un homme issu d&#8217;une famille pauvre de Hong Kong, au si\u00e8cle dernier, qui tombe amoureux de la fille d&#8217;un g\u00e9n\u00e9ral du Kuomintang. Pris dans le tumulte des \u00e9v\u00e9nements politiques, Franklin Lung et sa fianc\u00e9e connaissent les ravages de la guerre, les exils, l&#8217;acculturation&#8230; Le livre d\u00e9roule les m\u00e9andres d&#8217;une liaison passionnelle qui touche \u00e0 l&#8217;universel. Ici la &#8221; microhistoire &#8221; fait r\u00e9sonnance avec les grands th\u00e8mes soci\u00e9taux actuels que sont les conflits arm\u00e9s, la migration, la s\u00e9paration, la disparition&#8230;Kurt Tong pr\u00e9tend avoir trouv\u00e9 un coffre ancien rempli de missives amoureuses, de portraits, de fleurs s\u00e9ch\u00e9es, de journaux et de magazines chinois et japonais des ann\u00e9es 1940. Au fil des pages, le quotidien des deux protagonistes se d\u00e9voile. Le livre se feuillette et se lit de mani\u00e8re classique, de gauche \u00e0 droite : \u00e9changes de lettres et de photographies esquissent le destin des deux personnages, tel un roman-feuilleton ; mais aussi de droite \u00e0 gauche, et c&#8217;est alors que d\u00e9file toute l&#8217;histoire politique et sociale de la Chine de la premi\u00e8re moiti\u00e9 du xxe si\u00e8cle.<\/p>\n","protected":false},"excerpt":{"rendered":"<p>Suivant \u00e0 la trace un d\u00e9nomm\u00e9 Franklin Lung, l&#8217;ouvrage Dear Franklin immerge le lecteur dans l&#8217;histoire de la diaspora chinoise, de la chute de l&#8217;Empire du Milieu, en 1912, jusque dans les ann\u00e9es 1950. Au fil d&#8217;images vintage, de coupures de presse, de lettres &#8211; correspondance entre deux fianc\u00e9s &#8211; et de photographies, l&#8217;artiste Kurt [&hellip;]<\/p>\n","protected":false},"featured_media":27611,"template":"","meta":[],"product_cat":[55,2948,2958,17],"product_tag":[],"acf":[],"yoast_head":"<!-- This site is optimized with the Yoast SEO plugin v20.11 - https:\/\/yoast.com\/wordpress\/plugins\/seo\/ -->\n<title>DEAR FRANKLIN - Librairie 7L<\/title>\n<meta name=\"robots\" content=\"index, follow, max-snippet:-1, max-image-preview:large, max-video-preview:-1\" \/>\n<link rel=\"canonical\" href=\"https:\/\/librairie7l.com\/en\/produit\/dear-franklin\/\" \/>\n<meta property=\"og:locale\" content=\"en_US\" \/>\n<meta property=\"og:type\" content=\"article\" \/>\n<meta property=\"og:title\" content=\"DEAR FRANKLIN - Librairie 7L\" \/>\n<meta property=\"og:description\" content=\"Suivant \u00e0 la trace un d\u00e9nomm\u00e9 Franklin Lung, l&#8217;ouvrage Dear Franklin immerge le lecteur dans l&#8217;histoire de la diaspora chinoise, de la chute de l&#8217;Empire du Milieu, en 1912, jusque dans les ann\u00e9es 1950. Au fil d&#8217;images vintage, de coupures de presse, de lettres &#8211; correspondance entre deux fianc\u00e9s &#8211; et de photographies, l&#8217;artiste Kurt [&hellip;]\" \/>\n<meta property=\"og:url\" content=\"https:\/\/librairie7l.com\/en\/produit\/dear-franklin\/\" \/>\n<meta property=\"og:site_name\" content=\"Librairie 7L\" \/>\n<meta property=\"article:modified_time\" content=\"2026-05-09T13:02:22+00:00\" \/>\n<meta property=\"og:image\" content=\"https:\/\/librairie7l.com\/wp-content\/uploads\/2022\/03\/9782365113298_1_75.jpg\" \/>\n\t<meta property=\"og:image:width\" content=\"400\" \/>\n\t<meta property=\"og:image:height\" content=\"554\" \/>\n\t<meta property=\"og:image:type\" content=\"image\/jpeg\" \/>\n<meta name=\"twitter:card\" content=\"summary_large_image\" \/>\n<meta name=\"twitter:label1\" content=\"Est. reading time\" \/>\n\t<meta name=\"twitter:data1\" content=\"1 minute\" \/>\n<script type=\"application\/ld+json\" class=\"yoast-schema-graph\">{\"@context\":\"https:\/\/schema.org\",\"@graph\":[{\"@type\":\"WebPage\",\"@id\":\"https:\/\/librairie7l.com\/en\/produit\/dear-franklin\/\",\"url\":\"https:\/\/librairie7l.com\/en\/produit\/dear-franklin\/\",\"name\":\"DEAR FRANKLIN - Librairie 7L\",\"isPartOf\":{\"@id\":\"https:\/\/librairie7l.com\/en\/#website\"},\"datePublished\":\"2023-05-10T11:08:08+00:00\",\"dateModified\":\"2026-05-09T13:02:22+00:00\",\"breadcrumb\":{\"@id\":\"https:\/\/librairie7l.com\/en\/produit\/dear-franklin\/#breadcrumb\"},\"inLanguage\":\"en-US\",\"potentialAction\":[{\"@type\":\"ReadAction\",\"target\":[\"https:\/\/librairie7l.com\/en\/produit\/dear-franklin\/\"]}]},{\"@type\":\"BreadcrumbList\",\"@id\":\"https:\/\/librairie7l.com\/en\/produit\/dear-franklin\/#breadcrumb\",\"itemListElement\":[{\"@type\":\"ListItem\",\"position\":1,\"name\":\"Accueil\",\"item\":\"https:\/\/librairie7l.com\/en\/\"},{\"@type\":\"ListItem\",\"position\":2,\"name\":\"Shop\",\"item\":\"https:\/\/librairie7l.com\/en\/shop\/\"},{\"@type\":\"ListItem\",\"position\":3,\"name\":\"DEAR FRANKLIN\"}]},{\"@type\":\"WebSite\",\"@id\":\"https:\/\/librairie7l.com\/en\/#website\",\"url\":\"https:\/\/librairie7l.com\/en\/\",\"name\":\"Librairie 7L\",\"description\":\"Librairie fond\u00e9e en 1999 par Karl Lagerfeld \u00e0 Paris\",\"publisher\":{\"@id\":\"https:\/\/librairie7l.com\/en\/#organization\"},\"potentialAction\":[{\"@type\":\"SearchAction\",\"target\":{\"@type\":\"EntryPoint\",\"urlTemplate\":\"https:\/\/librairie7l.com\/en\/?s={search_term_string}\"},\"query-input\":\"required name=search_term_string\"}],\"inLanguage\":\"en-US\"},{\"@type\":\"Organization\",\"@id\":\"https:\/\/librairie7l.com\/en\/#organization\",\"name\":\"Librairie 7L\",\"url\":\"https:\/\/librairie7l.com\/en\/\",\"logo\":{\"@type\":\"ImageObject\",\"inLanguage\":\"en-US\",\"@id\":\"https:\/\/librairie7l.com\/en\/#\/schema\/logo\/image\/\",\"url\":\"https:\/\/librairie7l.com\/wp-content\/uploads\/2022\/08\/logo-1.png\",\"contentUrl\":\"https:\/\/librairie7l.com\/wp-content\/uploads\/2022\/08\/logo-1.png\",\"width\":227,\"height\":301,\"caption\":\"Librairie 7L\"},\"image\":{\"@id\":\"https:\/\/librairie7l.com\/en\/#\/schema\/logo\/image\/\"}}]}<\/script>\n<!-- \/ Yoast SEO plugin. -->","yoast_head_json":{"title":"DEAR FRANKLIN - Librairie 7L","robots":{"index":"index","follow":"follow","max-snippet":"max-snippet:-1","max-image-preview":"max-image-preview:large","max-video-preview":"max-video-preview:-1"},"canonical":"https:\/\/librairie7l.com\/en\/produit\/dear-franklin\/","og_locale":"en_US","og_type":"article","og_title":"DEAR FRANKLIN - Librairie 7L","og_description":"Suivant \u00e0 la trace un d\u00e9nomm\u00e9 Franklin Lung, l&#8217;ouvrage Dear Franklin immerge le lecteur dans l&#8217;histoire de la diaspora chinoise, de la chute de l&#8217;Empire du Milieu, en 1912, jusque dans les ann\u00e9es 1950. Au fil d&#8217;images vintage, de coupures de presse, de lettres &#8211; correspondance entre deux fianc\u00e9s &#8211; et de photographies, l&#8217;artiste Kurt [&hellip;]","og_url":"https:\/\/librairie7l.com\/en\/produit\/dear-franklin\/","og_site_name":"Librairie 7L","article_modified_time":"2026-05-09T13:02:22+00:00","og_image":[{"width":400,"height":554,"url":"https:\/\/librairie7l.com\/wp-content\/uploads\/2022\/03\/9782365113298_1_75.jpg","type":"image\/jpeg"}],"twitter_card":"summary_large_image","twitter_misc":{"Est. reading time":"1 minute"},"schema":{"@context":"https:\/\/schema.org","@graph":[{"@type":"WebPage","@id":"https:\/\/librairie7l.com\/en\/produit\/dear-franklin\/","url":"https:\/\/librairie7l.com\/en\/produit\/dear-franklin\/","name":"DEAR FRANKLIN - Librairie 7L","isPartOf":{"@id":"https:\/\/librairie7l.com\/en\/#website"},"datePublished":"2023-05-10T11:08:08+00:00","dateModified":"2026-05-09T13:02:22+00:00","breadcrumb":{"@id":"https:\/\/librairie7l.com\/en\/produit\/dear-franklin\/#breadcrumb"},"inLanguage":"en-US","potentialAction":[{"@type":"ReadAction","target":["https:\/\/librairie7l.com\/en\/produit\/dear-franklin\/"]}]},{"@type":"BreadcrumbList","@id":"https:\/\/librairie7l.com\/en\/produit\/dear-franklin\/#breadcrumb","itemListElement":[{"@type":"ListItem","position":1,"name":"Accueil","item":"https:\/\/librairie7l.com\/en\/"},{"@type":"ListItem","position":2,"name":"Shop","item":"https:\/\/librairie7l.com\/en\/shop\/"},{"@type":"ListItem","position":3,"name":"DEAR FRANKLIN"}]},{"@type":"WebSite","@id":"https:\/\/librairie7l.com\/en\/#website","url":"https:\/\/librairie7l.com\/en\/","name":"Librairie 7L","description":"Librairie fond\u00e9e en 1999 par Karl Lagerfeld \u00e0 Paris","publisher":{"@id":"https:\/\/librairie7l.com\/en\/#organization"},"potentialAction":[{"@type":"SearchAction","target":{"@type":"EntryPoint","urlTemplate":"https:\/\/librairie7l.com\/en\/?s={search_term_string}"},"query-input":"required name=search_term_string"}],"inLanguage":"en-US"},{"@type":"Organization","@id":"https:\/\/librairie7l.com\/en\/#organization","name":"Librairie 7L","url":"https:\/\/librairie7l.com\/en\/","logo":{"@type":"ImageObject","inLanguage":"en-US","@id":"https:\/\/librairie7l.com\/en\/#\/schema\/logo\/image\/","url":"https:\/\/librairie7l.com\/wp-content\/uploads\/2022\/08\/logo-1.png","contentUrl":"https:\/\/librairie7l.com\/wp-content\/uploads\/2022\/08\/logo-1.png","width":227,"height":301,"caption":"Librairie 7L"},"image":{"@id":"https:\/\/librairie7l.com\/en\/#\/schema\/logo\/image\/"}}]}},"_links":{"self":[{"href":"https:\/\/librairie7l.com\/en\/wp-json\/wp\/v2\/product\/27613"}],"collection":[{"href":"https:\/\/librairie7l.com\/en\/wp-json\/wp\/v2\/product"}],"about":[{"href":"https:\/\/librairie7l.com\/en\/wp-json\/wp\/v2\/types\/product"}],"wp:featuredmedia":[{"embeddable":true,"href":"https:\/\/librairie7l.com\/en\/wp-json\/wp\/v2\/media\/27611"}],"wp:attachment":[{"href":"https:\/\/librairie7l.com\/en\/wp-json\/wp\/v2\/media?parent=27613"}],"wp:term":[{"taxonomy":"product_cat","embeddable":true,"href":"https:\/\/librairie7l.com\/en\/wp-json\/wp\/v2\/product_cat?post=27613"},{"taxonomy":"product_tag","embeddable":true,"href":"https:\/\/librairie7l.com\/en\/wp-json\/wp\/v2\/product_tag?post=27613"}],"curies":[{"name":"wp","href":"https:\/\/api.w.org\/{rel}","templated":true}]}}