{"id":27617,"date":"2023-05-10T13:08:11","date_gmt":"2023-05-10T11:08:11","guid":{"rendered":"https:\/\/librairie7l.com\/?post_type=product&#038;p=27617"},"modified":"2026-04-29T09:05:41","modified_gmt":"2026-04-29T07:05:41","slug":"memoires-dun-joaillier","status":"publish","type":"product","link":"https:\/\/librairie7l.com\/en\/produit\/memoires-dun-joaillier\/","title":{"rendered":"M\u00c9MOIRES D&#8217;UN JOAILLIER"},"content":{"rendered":"<p>\u00abToute vie r\u00e9ussie a l&#8217;air d&#8217;un conte de f\u00e9es. Mais, quand on creuse un peu, quand on observe les d\u00e9tails, on s&#8217;aper\u00e7oit que, derri\u00e8re le conte de f\u00e9es, il y a de l&#8217;\u00e9nergie, de la pers\u00e9v\u00e9rance, de l&#8217;intelligence, du courage. Quelques trag\u00e9dies aussi, h\u00e9las! Fred Samuel plus qu&#8217;un autre semble avoir v\u00e9cu dans un univers f\u00e9erique, peupl\u00e9 d&#8217;\u00e9meraudes, de saphirs, de diamants, de calc\u00e9doines et d&#8217;oeils-de-tigre. Les murs de sa caverne \u00e9tincellent de pierres pr\u00e9cieuses. Il a cisel\u00e9 des milliers de bagues, tress\u00e9 des milliers de bracelets, il a compos\u00e9 et recompos\u00e9 cent fois le collier de la reine, sans mettre en p\u00e9ril aucune monarchie dans le monde. Il a \u00e9t\u00e9 magicien, cr\u00e9ant des animaux avec de l&#8217;\u00e9mail, des topazes, des am\u00e9thystes et de l&#8217;or.\u00bbJean Dutourd<\/p>\n","protected":false},"excerpt":{"rendered":"<p>\u00abToute vie r\u00e9ussie a l&#8217;air d&#8217;un conte de f\u00e9es. Mais, quand on creuse un peu, quand on observe les d\u00e9tails, on s&#8217;aper\u00e7oit que, derri\u00e8re le conte de f\u00e9es, il y a de l&#8217;\u00e9nergie, de la pers\u00e9v\u00e9rance, de l&#8217;intelligence, du courage. Quelques trag\u00e9dies aussi, h\u00e9las! Fred Samuel plus qu&#8217;un autre semble avoir v\u00e9cu dans un univers [&hellip;]<\/p>\n","protected":false},"featured_media":27615,"template":"","meta":[],"product_cat":[55,2948,47,2953],"product_tag":[],"acf":[],"yoast_head":"<!-- This site is optimized with the Yoast SEO plugin v20.11 - https:\/\/yoast.com\/wordpress\/plugins\/seo\/ -->\n<title>M\u00c9MOIRES D&#039;UN JOAILLIER - Librairie 7L<\/title>\n<meta name=\"robots\" content=\"index, follow, max-snippet:-1, max-image-preview:large, max-video-preview:-1\" \/>\n<link rel=\"canonical\" href=\"https:\/\/librairie7l.com\/en\/produit\/memoires-dun-joaillier\/\" \/>\n<meta property=\"og:locale\" content=\"en_US\" \/>\n<meta property=\"og:type\" content=\"article\" \/>\n<meta property=\"og:title\" content=\"M\u00c9MOIRES D&#039;UN JOAILLIER - Librairie 7L\" \/>\n<meta property=\"og:description\" content=\"\u00abToute vie r\u00e9ussie a l&#8217;air d&#8217;un conte de f\u00e9es. Mais, quand on creuse un peu, quand on observe les d\u00e9tails, on s&#8217;aper\u00e7oit que, derri\u00e8re le conte de f\u00e9es, il y a de l&#8217;\u00e9nergie, de la pers\u00e9v\u00e9rance, de l&#8217;intelligence, du courage. Quelques trag\u00e9dies aussi, h\u00e9las! Fred Samuel plus qu&#8217;un autre semble avoir v\u00e9cu dans un univers [&hellip;]\" \/>\n<meta property=\"og:url\" content=\"https:\/\/librairie7l.com\/en\/produit\/memoires-dun-joaillier\/\" \/>\n<meta property=\"og:site_name\" content=\"Librairie 7L\" \/>\n<meta property=\"article:modified_time\" content=\"2026-04-29T07:05:41+00:00\" \/>\n<meta property=\"og:image\" content=\"https:\/\/librairie7l.com\/wp-content\/uploads\/2022\/04\/9782080287366_1_75.jpg\" \/>\n\t<meta property=\"og:image:width\" content=\"349\" \/>\n\t<meta property=\"og:image:height\" content=\"527\" \/>\n\t<meta property=\"og:image:type\" content=\"image\/jpeg\" \/>\n<meta name=\"twitter:card\" content=\"summary_large_image\" \/>\n<meta name=\"twitter:label1\" content=\"Est. reading time\" \/>\n\t<meta name=\"twitter:data1\" content=\"1 minute\" \/>\n<script type=\"application\/ld+json\" class=\"yoast-schema-graph\">{\"@context\":\"https:\/\/schema.org\",\"@graph\":[{\"@type\":\"WebPage\",\"@id\":\"https:\/\/librairie7l.com\/en\/produit\/memoires-dun-joaillier\/\",\"url\":\"https:\/\/librairie7l.com\/en\/produit\/memoires-dun-joaillier\/\",\"name\":\"M\u00c9MOIRES D'UN JOAILLIER - Librairie 7L\",\"isPartOf\":{\"@id\":\"https:\/\/librairie7l.com\/en\/#website\"},\"datePublished\":\"2023-05-10T11:08:11+00:00\",\"dateModified\":\"2026-04-29T07:05:41+00:00\",\"breadcrumb\":{\"@id\":\"https:\/\/librairie7l.com\/en\/produit\/memoires-dun-joaillier\/#breadcrumb\"},\"inLanguage\":\"en-US\",\"potentialAction\":[{\"@type\":\"ReadAction\",\"target\":[\"https:\/\/librairie7l.com\/en\/produit\/memoires-dun-joaillier\/\"]}]},{\"@type\":\"BreadcrumbList\",\"@id\":\"https:\/\/librairie7l.com\/en\/produit\/memoires-dun-joaillier\/#breadcrumb\",\"itemListElement\":[{\"@type\":\"ListItem\",\"position\":1,\"name\":\"Accueil\",\"item\":\"https:\/\/librairie7l.com\/en\/\"},{\"@type\":\"ListItem\",\"position\":2,\"name\":\"Shop\",\"item\":\"https:\/\/librairie7l.com\/en\/shop\/\"},{\"@type\":\"ListItem\",\"position\":3,\"name\":\"M\u00c9MOIRES D&#8217;UN JOAILLIER\"}]},{\"@type\":\"WebSite\",\"@id\":\"https:\/\/librairie7l.com\/en\/#website\",\"url\":\"https:\/\/librairie7l.com\/en\/\",\"name\":\"Librairie 7L\",\"description\":\"Librairie fond\u00e9e en 1999 par Karl Lagerfeld \u00e0 Paris\",\"publisher\":{\"@id\":\"https:\/\/librairie7l.com\/en\/#organization\"},\"potentialAction\":[{\"@type\":\"SearchAction\",\"target\":{\"@type\":\"EntryPoint\",\"urlTemplate\":\"https:\/\/librairie7l.com\/en\/?s={search_term_string}\"},\"query-input\":\"required name=search_term_string\"}],\"inLanguage\":\"en-US\"},{\"@type\":\"Organization\",\"@id\":\"https:\/\/librairie7l.com\/en\/#organization\",\"name\":\"Librairie 7L\",\"url\":\"https:\/\/librairie7l.com\/en\/\",\"logo\":{\"@type\":\"ImageObject\",\"inLanguage\":\"en-US\",\"@id\":\"https:\/\/librairie7l.com\/en\/#\/schema\/logo\/image\/\",\"url\":\"https:\/\/librairie7l.com\/wp-content\/uploads\/2022\/08\/logo-1.png\",\"contentUrl\":\"https:\/\/librairie7l.com\/wp-content\/uploads\/2022\/08\/logo-1.png\",\"width\":227,\"height\":301,\"caption\":\"Librairie 7L\"},\"image\":{\"@id\":\"https:\/\/librairie7l.com\/en\/#\/schema\/logo\/image\/\"}}]}<\/script>\n<!-- \/ Yoast SEO plugin. -->","yoast_head_json":{"title":"M\u00c9MOIRES D'UN JOAILLIER - Librairie 7L","robots":{"index":"index","follow":"follow","max-snippet":"max-snippet:-1","max-image-preview":"max-image-preview:large","max-video-preview":"max-video-preview:-1"},"canonical":"https:\/\/librairie7l.com\/en\/produit\/memoires-dun-joaillier\/","og_locale":"en_US","og_type":"article","og_title":"M\u00c9MOIRES D'UN JOAILLIER - Librairie 7L","og_description":"\u00abToute vie r\u00e9ussie a l&#8217;air d&#8217;un conte de f\u00e9es. Mais, quand on creuse un peu, quand on observe les d\u00e9tails, on s&#8217;aper\u00e7oit que, derri\u00e8re le conte de f\u00e9es, il y a de l&#8217;\u00e9nergie, de la pers\u00e9v\u00e9rance, de l&#8217;intelligence, du courage. Quelques trag\u00e9dies aussi, h\u00e9las! Fred Samuel plus qu&#8217;un autre semble avoir v\u00e9cu dans un univers [&hellip;]","og_url":"https:\/\/librairie7l.com\/en\/produit\/memoires-dun-joaillier\/","og_site_name":"Librairie 7L","article_modified_time":"2026-04-29T07:05:41+00:00","og_image":[{"width":349,"height":527,"url":"https:\/\/librairie7l.com\/wp-content\/uploads\/2022\/04\/9782080287366_1_75.jpg","type":"image\/jpeg"}],"twitter_card":"summary_large_image","twitter_misc":{"Est. reading time":"1 minute"},"schema":{"@context":"https:\/\/schema.org","@graph":[{"@type":"WebPage","@id":"https:\/\/librairie7l.com\/en\/produit\/memoires-dun-joaillier\/","url":"https:\/\/librairie7l.com\/en\/produit\/memoires-dun-joaillier\/","name":"M\u00c9MOIRES D'UN JOAILLIER - Librairie 7L","isPartOf":{"@id":"https:\/\/librairie7l.com\/en\/#website"},"datePublished":"2023-05-10T11:08:11+00:00","dateModified":"2026-04-29T07:05:41+00:00","breadcrumb":{"@id":"https:\/\/librairie7l.com\/en\/produit\/memoires-dun-joaillier\/#breadcrumb"},"inLanguage":"en-US","potentialAction":[{"@type":"ReadAction","target":["https:\/\/librairie7l.com\/en\/produit\/memoires-dun-joaillier\/"]}]},{"@type":"BreadcrumbList","@id":"https:\/\/librairie7l.com\/en\/produit\/memoires-dun-joaillier\/#breadcrumb","itemListElement":[{"@type":"ListItem","position":1,"name":"Accueil","item":"https:\/\/librairie7l.com\/en\/"},{"@type":"ListItem","position":2,"name":"Shop","item":"https:\/\/librairie7l.com\/en\/shop\/"},{"@type":"ListItem","position":3,"name":"M\u00c9MOIRES D&#8217;UN JOAILLIER"}]},{"@type":"WebSite","@id":"https:\/\/librairie7l.com\/en\/#website","url":"https:\/\/librairie7l.com\/en\/","name":"Librairie 7L","description":"Librairie fond\u00e9e en 1999 par Karl Lagerfeld \u00e0 Paris","publisher":{"@id":"https:\/\/librairie7l.com\/en\/#organization"},"potentialAction":[{"@type":"SearchAction","target":{"@type":"EntryPoint","urlTemplate":"https:\/\/librairie7l.com\/en\/?s={search_term_string}"},"query-input":"required name=search_term_string"}],"inLanguage":"en-US"},{"@type":"Organization","@id":"https:\/\/librairie7l.com\/en\/#organization","name":"Librairie 7L","url":"https:\/\/librairie7l.com\/en\/","logo":{"@type":"ImageObject","inLanguage":"en-US","@id":"https:\/\/librairie7l.com\/en\/#\/schema\/logo\/image\/","url":"https:\/\/librairie7l.com\/wp-content\/uploads\/2022\/08\/logo-1.png","contentUrl":"https:\/\/librairie7l.com\/wp-content\/uploads\/2022\/08\/logo-1.png","width":227,"height":301,"caption":"Librairie 7L"},"image":{"@id":"https:\/\/librairie7l.com\/en\/#\/schema\/logo\/image\/"}}]}},"_links":{"self":[{"href":"https:\/\/librairie7l.com\/en\/wp-json\/wp\/v2\/product\/27617"}],"collection":[{"href":"https:\/\/librairie7l.com\/en\/wp-json\/wp\/v2\/product"}],"about":[{"href":"https:\/\/librairie7l.com\/en\/wp-json\/wp\/v2\/types\/product"}],"wp:featuredmedia":[{"embeddable":true,"href":"https:\/\/librairie7l.com\/en\/wp-json\/wp\/v2\/media\/27615"}],"wp:attachment":[{"href":"https:\/\/librairie7l.com\/en\/wp-json\/wp\/v2\/media?parent=27617"}],"wp:term":[{"taxonomy":"product_cat","embeddable":true,"href":"https:\/\/librairie7l.com\/en\/wp-json\/wp\/v2\/product_cat?post=27617"},{"taxonomy":"product_tag","embeddable":true,"href":"https:\/\/librairie7l.com\/en\/wp-json\/wp\/v2\/product_tag?post=27617"}],"curies":[{"name":"wp","href":"https:\/\/api.w.org\/{rel}","templated":true}]}}