{"id":27623,"date":"2023-05-10T13:08:21","date_gmt":"2023-05-10T11:08:21","guid":{"rendered":"https:\/\/librairie7l.com\/?post_type=product&#038;p=27623"},"modified":"2026-04-07T07:06:31","modified_gmt":"2026-04-07T05:06:31","slug":"regards-sur-la-mode","status":"publish","type":"product","link":"https:\/\/librairie7l.com\/en\/produit\/regards-sur-la-mode\/","title":{"rendered":"REGARDS SUR LA MODE"},"content":{"rendered":"<p>Ce collectif de 20 professeurs de l&#8217;IFM et de jeunes chercheurs a pour objectif d&#8217;analyser et demettre les grandes mutations de la mode. Il offre un \u00e9tat des lieux et une caract\u00e9risation approfondie des \u00e9volutions de la cr\u00e9ation, avec ses cr\u00e9ateurs et son esth\u00e9tique, ses images et sa communication, ses m\u00e9tiers d&#8217;art et son industrie, son marketing et ses march\u00e9s.<br \/>\nCe collectif rassemble pr\u00e8s de 20 contributions de professeurs de l&#8217;IFM et de jeunes chercheurs. Il a pour objectif d&#8217;analyser et de mettre en perspective les grandes mutations de la mode, tant au plan soci\u00e9tal, \u00e9conomique que num\u00e9rique et symbolique. Il offre un \u00e9tat des lieux et une caract\u00e9risation approfondie des \u00e9volutions de la cr\u00e9ation, avec ses cr\u00e9ateurs et son esth\u00e9tique, ses images et sa communication, ses m\u00e9tiers d&#8217;art et son industrie, son marketing et ses march\u00e9s, et met en relief la mani\u00e8re dont plusieurs \u00e9v\u00e9nements sont venus remodeler le paysage de la mode : l&#8217;urgence de la question du d\u00e9veloppement durable, l&#8217;acc\u00e9l\u00e9ration des progr\u00e8s technologiques et de leur int\u00e9gration, mais aussi les traces d&#8217;une crise sanitaire qui aura concouru \u00e0 faire ressortir des questions sous-jacentes et \u00e0 reconsid\u00e9rer quelques dogmes.<\/p>\n<p>I- La mode : objets et symboliques &#8211; Entretien avec Sidney Toledano, Les nouveaux contours de la cr\u00e9ation de mode &#8211; \u00e9milie Hammen, La mode, ses sources et ses objets : questions d&#8217;historiographie &#8211; Leyla Neri, Vers une anthropologie du design de mode &#8211; Olivier Assouly, Une \u00e9conomie capitaliste des patrimoines &#8211; Benjamin Simmenauer, Le sens de la mode &#8211; Prol\u00e9gom\u00e8nes II- Enjeux sociaux de la mode &#8211; Andr\u00e9e-Anne Lemieux, Les enjeux du d\u00e9veloppement durable dans l&#8217;industrie de la mode Adrian Kammarti, L&#8217;anti-mode aujourd&#8217;hui &#8211; Sarah Banon, Mode et f\u00e9minisme &#8211; Kh\u00e9mais Ben Lakhdar, La mode : un concept occidental ?<\/p>\n<p>Panorama transversal au prisme de la pens\u00e9e postcoloniale et d\u00e9coloniale III- Mode : \u00e9conomie, march\u00e9s et marketing &#8211; Dominique Jacomet &amp; Gildas Minvielle, L&#8217;industrie de la mode &amp; les nouveaux territoires de la mondialisation &#8211; Franck Delpal, Vers une refonte des mod\u00e8les \u00e9conomiques de la mode &#8211; Pascal Morand, L&#8217;avenir des Fashion Weeks &#8211; Caroline Ardelet, Une perspective historique sur le comportement du consommateur dans la mode &#8211; David Zajtmann, La cr\u00e9ation d&#8217;une capitale de la mode &amp; les outils de sa pr\u00e9minence : le cas de la ville de Paris IV- La mode face \u00e0 la r\u00e9volution num\u00e9rique &#8211; Julien Pajot, Mode virtualis\u00e9e: mirage utopique &#8211; St\u00e9phane Wargnier, La m\u00e9tamorphose des marques de mode \u00e0 l&#8217;\u00e8re digitale &#8211; Alice Litscher, L&#8217;image de mode, la mode elle-m\u00eame ?<\/p>\n<p>&#8211; Laurent Raoul, La mode face \u00e0 une crise des cycles saisonniers ?<\/p>\n<p>&#8211; Lucas Delattre, La mode dans l&#8217;\u00e9conomie num\u00e9rique Auteurs Pascal Morand, Pr\u00e9sident ex\u00e9cutif de la F\u00e9d\u00e9ration de la haute couture et de la mode, auteur de Le Moment viennois : Chroniques de la modernit\u00e9 \u00e0 l&#8217;\u00e9poque de la S\u00e9cession viennoise, Eyrolles, 2021.<\/p>\n<p>\u00e9milie Hammen et Benjamin Simmenauer, professeurs \u00e0 l&#8217;IFM et auteurs de Les Grands textes de la mode, IFM-Regard, 2017.<\/p>\n<p>Olivier Assouly, professeur \u00e0 l&#8217;IFM, auteur de Philosophie du go\u00fbt : manger, dig\u00e9rer et jouir, Agora Pocket, 2019.<\/p>\n","protected":false},"excerpt":{"rendered":"<p>Ce collectif de 20 professeurs de l&#8217;IFM et de jeunes chercheurs a pour objectif d&#8217;analyser et demettre les grandes mutations de la mode. Il offre un \u00e9tat des lieux et une caract\u00e9risation approfondie des \u00e9volutions de la cr\u00e9ation, avec ses cr\u00e9ateurs et son esth\u00e9tique, ses images et sa communication, ses m\u00e9tiers d&#8217;art et son industrie, [&hellip;]<\/p>\n","protected":false},"featured_media":27621,"template":"","meta":[],"product_cat":[55,2948,2957,19],"product_tag":[],"acf":[],"yoast_head":"<!-- This site is optimized with the Yoast SEO plugin v20.11 - https:\/\/yoast.com\/wordpress\/plugins\/seo\/ -->\n<title>REGARDS SUR LA MODE - Librairie 7L<\/title>\n<meta name=\"robots\" content=\"index, follow, max-snippet:-1, max-image-preview:large, max-video-preview:-1\" \/>\n<link rel=\"canonical\" href=\"https:\/\/librairie7l.com\/en\/produit\/regards-sur-la-mode\/\" \/>\n<meta property=\"og:locale\" content=\"en_US\" \/>\n<meta property=\"og:type\" content=\"article\" \/>\n<meta property=\"og:title\" content=\"REGARDS SUR LA MODE - Librairie 7L\" \/>\n<meta property=\"og:description\" content=\"Ce collectif de 20 professeurs de l&#8217;IFM et de jeunes chercheurs a pour objectif d&#8217;analyser et demettre les grandes mutations de la mode. Il offre un \u00e9tat des lieux et une caract\u00e9risation approfondie des \u00e9volutions de la cr\u00e9ation, avec ses cr\u00e9ateurs et son esth\u00e9tique, ses images et sa communication, ses m\u00e9tiers d&#8217;art et son industrie, [&hellip;]\" \/>\n<meta property=\"og:url\" content=\"https:\/\/librairie7l.com\/en\/produit\/regards-sur-la-mode\/\" \/>\n<meta property=\"og:site_name\" content=\"Librairie 7L\" \/>\n<meta property=\"article:modified_time\" content=\"2026-04-07T05:06:31+00:00\" \/>\n<meta property=\"og:image\" content=\"https:\/\/librairie7l.com\/wp-content\/uploads\/2021\/04\/9782914863407_1_75.jpg\" \/>\n\t<meta property=\"og:image:width\" content=\"400\" \/>\n\t<meta property=\"og:image:height\" content=\"560\" \/>\n\t<meta property=\"og:image:type\" content=\"image\/jpeg\" \/>\n<meta name=\"twitter:card\" content=\"summary_large_image\" \/>\n<meta name=\"twitter:label1\" content=\"Est. reading time\" \/>\n\t<meta name=\"twitter:data1\" content=\"3 minutes\" \/>\n<script type=\"application\/ld+json\" class=\"yoast-schema-graph\">{\"@context\":\"https:\/\/schema.org\",\"@graph\":[{\"@type\":\"WebPage\",\"@id\":\"https:\/\/librairie7l.com\/en\/produit\/regards-sur-la-mode\/\",\"url\":\"https:\/\/librairie7l.com\/en\/produit\/regards-sur-la-mode\/\",\"name\":\"REGARDS SUR LA MODE - Librairie 7L\",\"isPartOf\":{\"@id\":\"https:\/\/librairie7l.com\/en\/#website\"},\"datePublished\":\"2023-05-10T11:08:21+00:00\",\"dateModified\":\"2026-04-07T05:06:31+00:00\",\"breadcrumb\":{\"@id\":\"https:\/\/librairie7l.com\/en\/produit\/regards-sur-la-mode\/#breadcrumb\"},\"inLanguage\":\"en-US\",\"potentialAction\":[{\"@type\":\"ReadAction\",\"target\":[\"https:\/\/librairie7l.com\/en\/produit\/regards-sur-la-mode\/\"]}]},{\"@type\":\"BreadcrumbList\",\"@id\":\"https:\/\/librairie7l.com\/en\/produit\/regards-sur-la-mode\/#breadcrumb\",\"itemListElement\":[{\"@type\":\"ListItem\",\"position\":1,\"name\":\"Accueil\",\"item\":\"https:\/\/librairie7l.com\/en\/\"},{\"@type\":\"ListItem\",\"position\":2,\"name\":\"Shop\",\"item\":\"https:\/\/librairie7l.com\/en\/shop\/\"},{\"@type\":\"ListItem\",\"position\":3,\"name\":\"REGARDS SUR LA MODE\"}]},{\"@type\":\"WebSite\",\"@id\":\"https:\/\/librairie7l.com\/en\/#website\",\"url\":\"https:\/\/librairie7l.com\/en\/\",\"name\":\"Librairie 7L\",\"description\":\"Librairie fond\u00e9e en 1999 par Karl Lagerfeld \u00e0 Paris\",\"publisher\":{\"@id\":\"https:\/\/librairie7l.com\/en\/#organization\"},\"potentialAction\":[{\"@type\":\"SearchAction\",\"target\":{\"@type\":\"EntryPoint\",\"urlTemplate\":\"https:\/\/librairie7l.com\/en\/?s={search_term_string}\"},\"query-input\":\"required name=search_term_string\"}],\"inLanguage\":\"en-US\"},{\"@type\":\"Organization\",\"@id\":\"https:\/\/librairie7l.com\/en\/#organization\",\"name\":\"Librairie 7L\",\"url\":\"https:\/\/librairie7l.com\/en\/\",\"logo\":{\"@type\":\"ImageObject\",\"inLanguage\":\"en-US\",\"@id\":\"https:\/\/librairie7l.com\/en\/#\/schema\/logo\/image\/\",\"url\":\"https:\/\/librairie7l.com\/wp-content\/uploads\/2022\/08\/logo-1.png\",\"contentUrl\":\"https:\/\/librairie7l.com\/wp-content\/uploads\/2022\/08\/logo-1.png\",\"width\":227,\"height\":301,\"caption\":\"Librairie 7L\"},\"image\":{\"@id\":\"https:\/\/librairie7l.com\/en\/#\/schema\/logo\/image\/\"}}]}<\/script>\n<!-- \/ Yoast SEO plugin. -->","yoast_head_json":{"title":"REGARDS SUR LA MODE - Librairie 7L","robots":{"index":"index","follow":"follow","max-snippet":"max-snippet:-1","max-image-preview":"max-image-preview:large","max-video-preview":"max-video-preview:-1"},"canonical":"https:\/\/librairie7l.com\/en\/produit\/regards-sur-la-mode\/","og_locale":"en_US","og_type":"article","og_title":"REGARDS SUR LA MODE - Librairie 7L","og_description":"Ce collectif de 20 professeurs de l&#8217;IFM et de jeunes chercheurs a pour objectif d&#8217;analyser et demettre les grandes mutations de la mode. Il offre un \u00e9tat des lieux et une caract\u00e9risation approfondie des \u00e9volutions de la cr\u00e9ation, avec ses cr\u00e9ateurs et son esth\u00e9tique, ses images et sa communication, ses m\u00e9tiers d&#8217;art et son industrie, [&hellip;]","og_url":"https:\/\/librairie7l.com\/en\/produit\/regards-sur-la-mode\/","og_site_name":"Librairie 7L","article_modified_time":"2026-04-07T05:06:31+00:00","og_image":[{"width":400,"height":560,"url":"https:\/\/librairie7l.com\/wp-content\/uploads\/2021\/04\/9782914863407_1_75.jpg","type":"image\/jpeg"}],"twitter_card":"summary_large_image","twitter_misc":{"Est. reading time":"3 minutes"},"schema":{"@context":"https:\/\/schema.org","@graph":[{"@type":"WebPage","@id":"https:\/\/librairie7l.com\/en\/produit\/regards-sur-la-mode\/","url":"https:\/\/librairie7l.com\/en\/produit\/regards-sur-la-mode\/","name":"REGARDS SUR LA MODE - Librairie 7L","isPartOf":{"@id":"https:\/\/librairie7l.com\/en\/#website"},"datePublished":"2023-05-10T11:08:21+00:00","dateModified":"2026-04-07T05:06:31+00:00","breadcrumb":{"@id":"https:\/\/librairie7l.com\/en\/produit\/regards-sur-la-mode\/#breadcrumb"},"inLanguage":"en-US","potentialAction":[{"@type":"ReadAction","target":["https:\/\/librairie7l.com\/en\/produit\/regards-sur-la-mode\/"]}]},{"@type":"BreadcrumbList","@id":"https:\/\/librairie7l.com\/en\/produit\/regards-sur-la-mode\/#breadcrumb","itemListElement":[{"@type":"ListItem","position":1,"name":"Accueil","item":"https:\/\/librairie7l.com\/en\/"},{"@type":"ListItem","position":2,"name":"Shop","item":"https:\/\/librairie7l.com\/en\/shop\/"},{"@type":"ListItem","position":3,"name":"REGARDS SUR LA MODE"}]},{"@type":"WebSite","@id":"https:\/\/librairie7l.com\/en\/#website","url":"https:\/\/librairie7l.com\/en\/","name":"Librairie 7L","description":"Librairie fond\u00e9e en 1999 par Karl Lagerfeld \u00e0 Paris","publisher":{"@id":"https:\/\/librairie7l.com\/en\/#organization"},"potentialAction":[{"@type":"SearchAction","target":{"@type":"EntryPoint","urlTemplate":"https:\/\/librairie7l.com\/en\/?s={search_term_string}"},"query-input":"required name=search_term_string"}],"inLanguage":"en-US"},{"@type":"Organization","@id":"https:\/\/librairie7l.com\/en\/#organization","name":"Librairie 7L","url":"https:\/\/librairie7l.com\/en\/","logo":{"@type":"ImageObject","inLanguage":"en-US","@id":"https:\/\/librairie7l.com\/en\/#\/schema\/logo\/image\/","url":"https:\/\/librairie7l.com\/wp-content\/uploads\/2022\/08\/logo-1.png","contentUrl":"https:\/\/librairie7l.com\/wp-content\/uploads\/2022\/08\/logo-1.png","width":227,"height":301,"caption":"Librairie 7L"},"image":{"@id":"https:\/\/librairie7l.com\/en\/#\/schema\/logo\/image\/"}}]}},"_links":{"self":[{"href":"https:\/\/librairie7l.com\/en\/wp-json\/wp\/v2\/product\/27623"}],"collection":[{"href":"https:\/\/librairie7l.com\/en\/wp-json\/wp\/v2\/product"}],"about":[{"href":"https:\/\/librairie7l.com\/en\/wp-json\/wp\/v2\/types\/product"}],"wp:featuredmedia":[{"embeddable":true,"href":"https:\/\/librairie7l.com\/en\/wp-json\/wp\/v2\/media\/27621"}],"wp:attachment":[{"href":"https:\/\/librairie7l.com\/en\/wp-json\/wp\/v2\/media?parent=27623"}],"wp:term":[{"taxonomy":"product_cat","embeddable":true,"href":"https:\/\/librairie7l.com\/en\/wp-json\/wp\/v2\/product_cat?post=27623"},{"taxonomy":"product_tag","embeddable":true,"href":"https:\/\/librairie7l.com\/en\/wp-json\/wp\/v2\/product_tag?post=27623"}],"curies":[{"name":"wp","href":"https:\/\/api.w.org\/{rel}","templated":true}]}}