{"id":27659,"date":"2023-05-10T13:09:05","date_gmt":"2023-05-10T11:09:05","guid":{"rendered":"https:\/\/librairie7l.com\/?post_type=product&#038;p=27659"},"modified":"2026-05-09T15:04:37","modified_gmt":"2026-05-09T13:04:37","slug":"yves-marchand-romain-meffre-movie-theaters","status":"publish","type":"product","link":"https:\/\/librairie7l.com\/en\/produit\/yves-marchand-romain-meffre-movie-theaters\/","title":{"rendered":"YVES MARCHAND \/ ROMAIN MEFFRE : MOVIE THEATERS"},"content":{"rendered":"<p>Faisant suite \u00e0 leur projet \u00e0 succ\u00e8s The Ruines of Detroit, ce nouveau travail du prolifique duo de photographes fran\u00e7ais Yves Marchand et Romain Meffre c\u00e9l\u00e8bre de mani\u00e8re poignante les restes en lambeaux de centaines de salles de cin\u00e9ma \u00e0 travers l&#8217;Am\u00e9rique. \u00c0 l&#8217;aide d&#8217;un appareil photo grand format, les images soigneusement compos\u00e9es des photographes capturent la riche diversit\u00e9 architecturale de ces salles de spectacle. Pr\u00e9sent\u00e9 ici dans un magnifique grand format, cet \u00e9loge illustr\u00e9 des palais am\u00e9ricains du cin\u00e9ma deviendra certainement un classique des temps modernes.<\/p>\n","protected":false},"excerpt":{"rendered":"<p>Faisant suite \u00e0 leur projet \u00e0 succ\u00e8s The Ruines of Detroit, ce nouveau travail du prolifique duo de photographes fran\u00e7ais Yves Marchand et Romain Meffre c\u00e9l\u00e8bre de mani\u00e8re poignante les restes en lambeaux de centaines de salles de cin\u00e9ma \u00e0 travers l&#8217;Am\u00e9rique. \u00c0 l&#8217;aide d&#8217;un appareil photo grand format, les images soigneusement compos\u00e9es des photographes [&hellip;]<\/p>\n","protected":false},"featured_media":27657,"template":"","meta":[],"product_cat":[55,2948,2958,17],"product_tag":[],"acf":[],"yoast_head":"<!-- This site is optimized with the Yoast SEO plugin v20.11 - https:\/\/yoast.com\/wordpress\/plugins\/seo\/ -->\n<title>YVES MARCHAND \/ ROMAIN MEFFRE : MOVIE THEATERS - Librairie 7L<\/title>\n<meta name=\"robots\" content=\"index, follow, max-snippet:-1, max-image-preview:large, max-video-preview:-1\" \/>\n<link rel=\"canonical\" href=\"https:\/\/librairie7l.com\/en\/produit\/yves-marchand-romain-meffre-movie-theaters\/\" \/>\n<meta property=\"og:locale\" content=\"en_US\" \/>\n<meta property=\"og:type\" content=\"article\" \/>\n<meta property=\"og:title\" content=\"YVES MARCHAND \/ ROMAIN MEFFRE : MOVIE THEATERS - Librairie 7L\" \/>\n<meta property=\"og:description\" content=\"Faisant suite \u00e0 leur projet \u00e0 succ\u00e8s The Ruines of Detroit, ce nouveau travail du prolifique duo de photographes fran\u00e7ais Yves Marchand et Romain Meffre c\u00e9l\u00e8bre de mani\u00e8re poignante les restes en lambeaux de centaines de salles de cin\u00e9ma \u00e0 travers l&#8217;Am\u00e9rique. \u00c0 l&#8217;aide d&#8217;un appareil photo grand format, les images soigneusement compos\u00e9es des photographes [&hellip;]\" \/>\n<meta property=\"og:url\" content=\"https:\/\/librairie7l.com\/en\/produit\/yves-marchand-romain-meffre-movie-theaters\/\" \/>\n<meta property=\"og:site_name\" content=\"Librairie 7L\" \/>\n<meta property=\"article:modified_time\" content=\"2026-05-09T13:04:37+00:00\" \/>\n<meta property=\"og:image\" content=\"https:\/\/librairie7l.com\/wp-content\/uploads\/2021\/07\/9783791387741_1_75.jpg\" \/>\n\t<meta property=\"og:image:width\" content=\"500\" \/>\n\t<meta property=\"og:image:height\" content=\"394\" \/>\n\t<meta property=\"og:image:type\" content=\"image\/jpeg\" \/>\n<meta name=\"twitter:card\" content=\"summary_large_image\" \/>\n<script type=\"application\/ld+json\" class=\"yoast-schema-graph\">{\"@context\":\"https:\/\/schema.org\",\"@graph\":[{\"@type\":\"WebPage\",\"@id\":\"https:\/\/librairie7l.com\/en\/produit\/yves-marchand-romain-meffre-movie-theaters\/\",\"url\":\"https:\/\/librairie7l.com\/en\/produit\/yves-marchand-romain-meffre-movie-theaters\/\",\"name\":\"YVES MARCHAND \/ ROMAIN MEFFRE : MOVIE THEATERS - Librairie 7L\",\"isPartOf\":{\"@id\":\"https:\/\/librairie7l.com\/en\/#website\"},\"datePublished\":\"2023-05-10T11:09:05+00:00\",\"dateModified\":\"2026-05-09T13:04:37+00:00\",\"breadcrumb\":{\"@id\":\"https:\/\/librairie7l.com\/en\/produit\/yves-marchand-romain-meffre-movie-theaters\/#breadcrumb\"},\"inLanguage\":\"en-US\",\"potentialAction\":[{\"@type\":\"ReadAction\",\"target\":[\"https:\/\/librairie7l.com\/en\/produit\/yves-marchand-romain-meffre-movie-theaters\/\"]}]},{\"@type\":\"BreadcrumbList\",\"@id\":\"https:\/\/librairie7l.com\/en\/produit\/yves-marchand-romain-meffre-movie-theaters\/#breadcrumb\",\"itemListElement\":[{\"@type\":\"ListItem\",\"position\":1,\"name\":\"Accueil\",\"item\":\"https:\/\/librairie7l.com\/en\/\"},{\"@type\":\"ListItem\",\"position\":2,\"name\":\"Shop\",\"item\":\"https:\/\/librairie7l.com\/en\/shop\/\"},{\"@type\":\"ListItem\",\"position\":3,\"name\":\"YVES MARCHAND \/ ROMAIN MEFFRE : MOVIE THEATERS\"}]},{\"@type\":\"WebSite\",\"@id\":\"https:\/\/librairie7l.com\/en\/#website\",\"url\":\"https:\/\/librairie7l.com\/en\/\",\"name\":\"Librairie 7L\",\"description\":\"Librairie fond\u00e9e en 1999 par Karl Lagerfeld \u00e0 Paris\",\"publisher\":{\"@id\":\"https:\/\/librairie7l.com\/en\/#organization\"},\"potentialAction\":[{\"@type\":\"SearchAction\",\"target\":{\"@type\":\"EntryPoint\",\"urlTemplate\":\"https:\/\/librairie7l.com\/en\/?s={search_term_string}\"},\"query-input\":\"required name=search_term_string\"}],\"inLanguage\":\"en-US\"},{\"@type\":\"Organization\",\"@id\":\"https:\/\/librairie7l.com\/en\/#organization\",\"name\":\"Librairie 7L\",\"url\":\"https:\/\/librairie7l.com\/en\/\",\"logo\":{\"@type\":\"ImageObject\",\"inLanguage\":\"en-US\",\"@id\":\"https:\/\/librairie7l.com\/en\/#\/schema\/logo\/image\/\",\"url\":\"https:\/\/librairie7l.com\/wp-content\/uploads\/2022\/08\/logo-1.png\",\"contentUrl\":\"https:\/\/librairie7l.com\/wp-content\/uploads\/2022\/08\/logo-1.png\",\"width\":227,\"height\":301,\"caption\":\"Librairie 7L\"},\"image\":{\"@id\":\"https:\/\/librairie7l.com\/en\/#\/schema\/logo\/image\/\"}}]}<\/script>\n<!-- \/ Yoast SEO plugin. -->","yoast_head_json":{"title":"YVES MARCHAND \/ ROMAIN MEFFRE : MOVIE THEATERS - Librairie 7L","robots":{"index":"index","follow":"follow","max-snippet":"max-snippet:-1","max-image-preview":"max-image-preview:large","max-video-preview":"max-video-preview:-1"},"canonical":"https:\/\/librairie7l.com\/en\/produit\/yves-marchand-romain-meffre-movie-theaters\/","og_locale":"en_US","og_type":"article","og_title":"YVES MARCHAND \/ ROMAIN MEFFRE : MOVIE THEATERS - Librairie 7L","og_description":"Faisant suite \u00e0 leur projet \u00e0 succ\u00e8s The Ruines of Detroit, ce nouveau travail du prolifique duo de photographes fran\u00e7ais Yves Marchand et Romain Meffre c\u00e9l\u00e8bre de mani\u00e8re poignante les restes en lambeaux de centaines de salles de cin\u00e9ma \u00e0 travers l&#8217;Am\u00e9rique. \u00c0 l&#8217;aide d&#8217;un appareil photo grand format, les images soigneusement compos\u00e9es des photographes [&hellip;]","og_url":"https:\/\/librairie7l.com\/en\/produit\/yves-marchand-romain-meffre-movie-theaters\/","og_site_name":"Librairie 7L","article_modified_time":"2026-05-09T13:04:37+00:00","og_image":[{"width":500,"height":394,"url":"https:\/\/librairie7l.com\/wp-content\/uploads\/2021\/07\/9783791387741_1_75.jpg","type":"image\/jpeg"}],"twitter_card":"summary_large_image","schema":{"@context":"https:\/\/schema.org","@graph":[{"@type":"WebPage","@id":"https:\/\/librairie7l.com\/en\/produit\/yves-marchand-romain-meffre-movie-theaters\/","url":"https:\/\/librairie7l.com\/en\/produit\/yves-marchand-romain-meffre-movie-theaters\/","name":"YVES MARCHAND \/ ROMAIN MEFFRE : MOVIE THEATERS - Librairie 7L","isPartOf":{"@id":"https:\/\/librairie7l.com\/en\/#website"},"datePublished":"2023-05-10T11:09:05+00:00","dateModified":"2026-05-09T13:04:37+00:00","breadcrumb":{"@id":"https:\/\/librairie7l.com\/en\/produit\/yves-marchand-romain-meffre-movie-theaters\/#breadcrumb"},"inLanguage":"en-US","potentialAction":[{"@type":"ReadAction","target":["https:\/\/librairie7l.com\/en\/produit\/yves-marchand-romain-meffre-movie-theaters\/"]}]},{"@type":"BreadcrumbList","@id":"https:\/\/librairie7l.com\/en\/produit\/yves-marchand-romain-meffre-movie-theaters\/#breadcrumb","itemListElement":[{"@type":"ListItem","position":1,"name":"Accueil","item":"https:\/\/librairie7l.com\/en\/"},{"@type":"ListItem","position":2,"name":"Shop","item":"https:\/\/librairie7l.com\/en\/shop\/"},{"@type":"ListItem","position":3,"name":"YVES MARCHAND \/ ROMAIN MEFFRE : MOVIE THEATERS"}]},{"@type":"WebSite","@id":"https:\/\/librairie7l.com\/en\/#website","url":"https:\/\/librairie7l.com\/en\/","name":"Librairie 7L","description":"Librairie fond\u00e9e en 1999 par Karl Lagerfeld \u00e0 Paris","publisher":{"@id":"https:\/\/librairie7l.com\/en\/#organization"},"potentialAction":[{"@type":"SearchAction","target":{"@type":"EntryPoint","urlTemplate":"https:\/\/librairie7l.com\/en\/?s={search_term_string}"},"query-input":"required name=search_term_string"}],"inLanguage":"en-US"},{"@type":"Organization","@id":"https:\/\/librairie7l.com\/en\/#organization","name":"Librairie 7L","url":"https:\/\/librairie7l.com\/en\/","logo":{"@type":"ImageObject","inLanguage":"en-US","@id":"https:\/\/librairie7l.com\/en\/#\/schema\/logo\/image\/","url":"https:\/\/librairie7l.com\/wp-content\/uploads\/2022\/08\/logo-1.png","contentUrl":"https:\/\/librairie7l.com\/wp-content\/uploads\/2022\/08\/logo-1.png","width":227,"height":301,"caption":"Librairie 7L"},"image":{"@id":"https:\/\/librairie7l.com\/en\/#\/schema\/logo\/image\/"}}]}},"_links":{"self":[{"href":"https:\/\/librairie7l.com\/en\/wp-json\/wp\/v2\/product\/27659"}],"collection":[{"href":"https:\/\/librairie7l.com\/en\/wp-json\/wp\/v2\/product"}],"about":[{"href":"https:\/\/librairie7l.com\/en\/wp-json\/wp\/v2\/types\/product"}],"wp:featuredmedia":[{"embeddable":true,"href":"https:\/\/librairie7l.com\/en\/wp-json\/wp\/v2\/media\/27657"}],"wp:attachment":[{"href":"https:\/\/librairie7l.com\/en\/wp-json\/wp\/v2\/media?parent=27659"}],"wp:term":[{"taxonomy":"product_cat","embeddable":true,"href":"https:\/\/librairie7l.com\/en\/wp-json\/wp\/v2\/product_cat?post=27659"},{"taxonomy":"product_tag","embeddable":true,"href":"https:\/\/librairie7l.com\/en\/wp-json\/wp\/v2\/product_tag?post=27659"}],"curies":[{"name":"wp","href":"https:\/\/api.w.org\/{rel}","templated":true}]}}