{"id":27667,"date":"2023-05-10T13:09:21","date_gmt":"2023-05-10T11:09:21","guid":{"rendered":"https:\/\/librairie7l.com\/?post_type=product&#038;p=27667"},"modified":"2026-04-08T23:34:50","modified_gmt":"2026-04-08T21:34:50","slug":"lessentiel-expeeience-collective-dart-urbain-et-contemporain","status":"publish","type":"product","link":"https:\/\/librairie7l.com\/en\/produit\/lessentiel-expeeience-collective-dart-urbain-et-contemporain\/","title":{"rendered":"L&#8217;ESSENTIEL : EXPE\u00c9IENCE COLLECTIVE D&#8217;ART URBAIN ET CONTEMPORAIN"},"content":{"rendered":"<p>90 artistes &#8211; 4000 m2 &#8211; 30 jours de cr\u00e9ation &#8211; 70 jours d&#8217;exposition &#8211; Plus de 10000 visiteurs.AL\u00cbXONE &#8211; ANDR\u00c9 &#8211; AP\u00d4TRE &#8211; L&#8217;ATLAS &#8211; BABS &#8211; PHILIPPE BAUDELOCQUE &#8211; TAREK BENAOUM &#8211; BERTHET ONE &#8211; C\u00c9CILE BONDUELLE &#8211; PIERRE BURAGLIO &#8211; ST\u00c9PHANE CARRICONDO &#8211; JC DE CASTELBAJAC &#8211; DIZE &#8211; ELLA &amp; PITR &#8211; ROMAIN FROQUET &#8211; FUZI &#8211; GRAFFBOX &#8211; HOCTEZ &#8211; KATRE &#8211; KRAKEN &#8211; LEK &#8211; ARNAUD LIARD &#8211; MADAME &#8211; MYRIAM MAXO &#8211; MOMIES &#8211; NELIO &#8211; OJAN &#8211; OX &#8211; OXI &#8211; ST\u00c9PHANE PARAIN &#8211; POPAY &#8211; S\u00c9BASTIEN PRESCHOUX &#8211; PSYCKOZE &#8211; RENZO &#8211; RERO &#8211; ROUGE &#8211; SIFAT &#8211; SOWAT &#8211; SURFIL &#8211; SWIZ &#8211; TANC &#8211; VILLEGL\u00c9 &#8211; XARE &#8211; ZLOTYKAMIEN &#8211; 100.G &#8211; 2MUCH &#8211; 7SU &#8211; AMSTED &#8211; APOCALYPSE &#8211; ARTIK &#8211; BIRON &#8211; KAREEM &#8211; BONUS &#8211; BRAKZ &#8211; CALIGR &#8211; CANNIBAL LETTERS &#8211; COPE2 &#8211; CRAPE &#8211; DANTE &#8211; DEBA &#8211; DJALOUZ &#8211; MATHIEU DUSSAUCY &#8211; GRISFLUO &#8211; HENRY HANG &#8211; HARIBOW &#8211; HOBZ &#8211; JENER &#8211; JUNKY &#8211; KEAG &#8211; LARS &#8211; LAURENTIN &#8211; MANYAK &#8211; MARKO93 &#8211; MORF &#8211; NEBAY &#8211; PARAYSO &#8211; PRES &#8211; REAONE &#8211; REMIO &#8211; REYZ &#8211; SENTE &#8211; SKOUT &#8211; SORE &#8211; SPADZE &#8211; TALIA &amp; NO\u00c9 &#8211; TCHEKO &#8211; TEMPONOXK &#8211; YAK.<\/p>\n","protected":false},"excerpt":{"rendered":"<p>90 artistes &#8211; 4000 m2 &#8211; 30 jours de cr\u00e9ation &#8211; 70 jours d&#8217;exposition &#8211; Plus de 10000 visiteurs.AL\u00cbXONE &#8211; ANDR\u00c9 &#8211; AP\u00d4TRE &#8211; L&#8217;ATLAS &#8211; BABS &#8211; PHILIPPE BAUDELOCQUE &#8211; TAREK BENAOUM &#8211; BERTHET ONE &#8211; C\u00c9CILE BONDUELLE &#8211; PIERRE BURAGLIO &#8211; ST\u00c9PHANE CARRICONDO &#8211; JC DE CASTELBAJAC &#8211; DIZE &#8211; ELLA &amp; PITR [&hellip;]<\/p>\n","protected":false},"featured_media":27665,"template":"","meta":[],"product_cat":[55,2948,47,2953],"product_tag":[],"acf":[],"yoast_head":"<!-- This site is optimized with the Yoast SEO plugin v20.11 - https:\/\/yoast.com\/wordpress\/plugins\/seo\/ -->\n<title>L&#039;ESSENTIEL : EXPE\u00c9IENCE COLLECTIVE D&#039;ART URBAIN ET CONTEMPORAIN - Librairie 7L<\/title>\n<meta name=\"robots\" content=\"index, follow, max-snippet:-1, max-image-preview:large, max-video-preview:-1\" \/>\n<link rel=\"canonical\" href=\"https:\/\/librairie7l.com\/en\/produit\/lessentiel-expeeience-collective-dart-urbain-et-contemporain\/\" \/>\n<meta property=\"og:locale\" content=\"en_US\" \/>\n<meta property=\"og:type\" content=\"article\" \/>\n<meta property=\"og:title\" content=\"L&#039;ESSENTIEL : EXPE\u00c9IENCE COLLECTIVE D&#039;ART URBAIN ET CONTEMPORAIN - Librairie 7L\" \/>\n<meta property=\"og:description\" content=\"90 artistes &#8211; 4000 m2 &#8211; 30 jours de cr\u00e9ation &#8211; 70 jours d&#8217;exposition &#8211; Plus de 10000 visiteurs.AL\u00cbXONE &#8211; ANDR\u00c9 &#8211; AP\u00d4TRE &#8211; L&#8217;ATLAS &#8211; BABS &#8211; PHILIPPE BAUDELOCQUE &#8211; TAREK BENAOUM &#8211; BERTHET ONE &#8211; C\u00c9CILE BONDUELLE &#8211; PIERRE BURAGLIO &#8211; ST\u00c9PHANE CARRICONDO &#8211; JC DE CASTELBAJAC &#8211; DIZE &#8211; ELLA &amp; PITR [&hellip;]\" \/>\n<meta property=\"og:url\" content=\"https:\/\/librairie7l.com\/en\/produit\/lessentiel-expeeience-collective-dart-urbain-et-contemporain\/\" \/>\n<meta property=\"og:site_name\" content=\"Librairie 7L\" \/>\n<meta property=\"article:modified_time\" content=\"2026-04-08T21:34:50+00:00\" \/>\n<meta property=\"og:image\" content=\"https:\/\/librairie7l.com\/wp-content\/uploads\/2021\/09\/9782080269591_1_75.jpg\" \/>\n\t<meta property=\"og:image:width\" content=\"600\" \/>\n\t<meta property=\"og:image:height\" content=\"663\" \/>\n\t<meta property=\"og:image:type\" content=\"image\/jpeg\" \/>\n<meta name=\"twitter:card\" content=\"summary_large_image\" \/>\n<meta name=\"twitter:label1\" content=\"Est. reading time\" \/>\n\t<meta name=\"twitter:data1\" content=\"1 minute\" \/>\n<script type=\"application\/ld+json\" class=\"yoast-schema-graph\">{\"@context\":\"https:\/\/schema.org\",\"@graph\":[{\"@type\":\"WebPage\",\"@id\":\"https:\/\/librairie7l.com\/en\/produit\/lessentiel-expeeience-collective-dart-urbain-et-contemporain\/\",\"url\":\"https:\/\/librairie7l.com\/en\/produit\/lessentiel-expeeience-collective-dart-urbain-et-contemporain\/\",\"name\":\"L'ESSENTIEL : EXPE\u00c9IENCE COLLECTIVE D'ART URBAIN ET CONTEMPORAIN - Librairie 7L\",\"isPartOf\":{\"@id\":\"https:\/\/librairie7l.com\/en\/#website\"},\"datePublished\":\"2023-05-10T11:09:21+00:00\",\"dateModified\":\"2026-04-08T21:34:50+00:00\",\"breadcrumb\":{\"@id\":\"https:\/\/librairie7l.com\/en\/produit\/lessentiel-expeeience-collective-dart-urbain-et-contemporain\/#breadcrumb\"},\"inLanguage\":\"en-US\",\"potentialAction\":[{\"@type\":\"ReadAction\",\"target\":[\"https:\/\/librairie7l.com\/en\/produit\/lessentiel-expeeience-collective-dart-urbain-et-contemporain\/\"]}]},{\"@type\":\"BreadcrumbList\",\"@id\":\"https:\/\/librairie7l.com\/en\/produit\/lessentiel-expeeience-collective-dart-urbain-et-contemporain\/#breadcrumb\",\"itemListElement\":[{\"@type\":\"ListItem\",\"position\":1,\"name\":\"Accueil\",\"item\":\"https:\/\/librairie7l.com\/en\/\"},{\"@type\":\"ListItem\",\"position\":2,\"name\":\"Shop\",\"item\":\"https:\/\/librairie7l.com\/en\/shop\/\"},{\"@type\":\"ListItem\",\"position\":3,\"name\":\"L&#8217;ESSENTIEL : EXPE\u00c9IENCE COLLECTIVE D&#8217;ART URBAIN ET CONTEMPORAIN\"}]},{\"@type\":\"WebSite\",\"@id\":\"https:\/\/librairie7l.com\/en\/#website\",\"url\":\"https:\/\/librairie7l.com\/en\/\",\"name\":\"Librairie 7L\",\"description\":\"Librairie fond\u00e9e en 1999 par Karl Lagerfeld \u00e0 Paris\",\"publisher\":{\"@id\":\"https:\/\/librairie7l.com\/en\/#organization\"},\"potentialAction\":[{\"@type\":\"SearchAction\",\"target\":{\"@type\":\"EntryPoint\",\"urlTemplate\":\"https:\/\/librairie7l.com\/en\/?s={search_term_string}\"},\"query-input\":\"required name=search_term_string\"}],\"inLanguage\":\"en-US\"},{\"@type\":\"Organization\",\"@id\":\"https:\/\/librairie7l.com\/en\/#organization\",\"name\":\"Librairie 7L\",\"url\":\"https:\/\/librairie7l.com\/en\/\",\"logo\":{\"@type\":\"ImageObject\",\"inLanguage\":\"en-US\",\"@id\":\"https:\/\/librairie7l.com\/en\/#\/schema\/logo\/image\/\",\"url\":\"https:\/\/librairie7l.com\/wp-content\/uploads\/2022\/08\/logo-1.png\",\"contentUrl\":\"https:\/\/librairie7l.com\/wp-content\/uploads\/2022\/08\/logo-1.png\",\"width\":227,\"height\":301,\"caption\":\"Librairie 7L\"},\"image\":{\"@id\":\"https:\/\/librairie7l.com\/en\/#\/schema\/logo\/image\/\"}}]}<\/script>\n<!-- \/ Yoast SEO plugin. -->","yoast_head_json":{"title":"L'ESSENTIEL : EXPE\u00c9IENCE COLLECTIVE D'ART URBAIN ET CONTEMPORAIN - Librairie 7L","robots":{"index":"index","follow":"follow","max-snippet":"max-snippet:-1","max-image-preview":"max-image-preview:large","max-video-preview":"max-video-preview:-1"},"canonical":"https:\/\/librairie7l.com\/en\/produit\/lessentiel-expeeience-collective-dart-urbain-et-contemporain\/","og_locale":"en_US","og_type":"article","og_title":"L'ESSENTIEL : EXPE\u00c9IENCE COLLECTIVE D'ART URBAIN ET CONTEMPORAIN - Librairie 7L","og_description":"90 artistes &#8211; 4000 m2 &#8211; 30 jours de cr\u00e9ation &#8211; 70 jours d&#8217;exposition &#8211; Plus de 10000 visiteurs.AL\u00cbXONE &#8211; ANDR\u00c9 &#8211; AP\u00d4TRE &#8211; L&#8217;ATLAS &#8211; BABS &#8211; PHILIPPE BAUDELOCQUE &#8211; TAREK BENAOUM &#8211; BERTHET ONE &#8211; C\u00c9CILE BONDUELLE &#8211; PIERRE BURAGLIO &#8211; ST\u00c9PHANE CARRICONDO &#8211; JC DE CASTELBAJAC &#8211; DIZE &#8211; ELLA &amp; PITR [&hellip;]","og_url":"https:\/\/librairie7l.com\/en\/produit\/lessentiel-expeeience-collective-dart-urbain-et-contemporain\/","og_site_name":"Librairie 7L","article_modified_time":"2026-04-08T21:34:50+00:00","og_image":[{"width":600,"height":663,"url":"https:\/\/librairie7l.com\/wp-content\/uploads\/2021\/09\/9782080269591_1_75.jpg","type":"image\/jpeg"}],"twitter_card":"summary_large_image","twitter_misc":{"Est. reading time":"1 minute"},"schema":{"@context":"https:\/\/schema.org","@graph":[{"@type":"WebPage","@id":"https:\/\/librairie7l.com\/en\/produit\/lessentiel-expeeience-collective-dart-urbain-et-contemporain\/","url":"https:\/\/librairie7l.com\/en\/produit\/lessentiel-expeeience-collective-dart-urbain-et-contemporain\/","name":"L'ESSENTIEL : EXPE\u00c9IENCE COLLECTIVE D'ART URBAIN ET CONTEMPORAIN - Librairie 7L","isPartOf":{"@id":"https:\/\/librairie7l.com\/en\/#website"},"datePublished":"2023-05-10T11:09:21+00:00","dateModified":"2026-04-08T21:34:50+00:00","breadcrumb":{"@id":"https:\/\/librairie7l.com\/en\/produit\/lessentiel-expeeience-collective-dart-urbain-et-contemporain\/#breadcrumb"},"inLanguage":"en-US","potentialAction":[{"@type":"ReadAction","target":["https:\/\/librairie7l.com\/en\/produit\/lessentiel-expeeience-collective-dart-urbain-et-contemporain\/"]}]},{"@type":"BreadcrumbList","@id":"https:\/\/librairie7l.com\/en\/produit\/lessentiel-expeeience-collective-dart-urbain-et-contemporain\/#breadcrumb","itemListElement":[{"@type":"ListItem","position":1,"name":"Accueil","item":"https:\/\/librairie7l.com\/en\/"},{"@type":"ListItem","position":2,"name":"Shop","item":"https:\/\/librairie7l.com\/en\/shop\/"},{"@type":"ListItem","position":3,"name":"L&#8217;ESSENTIEL : EXPE\u00c9IENCE COLLECTIVE D&#8217;ART URBAIN ET CONTEMPORAIN"}]},{"@type":"WebSite","@id":"https:\/\/librairie7l.com\/en\/#website","url":"https:\/\/librairie7l.com\/en\/","name":"Librairie 7L","description":"Librairie fond\u00e9e en 1999 par Karl Lagerfeld \u00e0 Paris","publisher":{"@id":"https:\/\/librairie7l.com\/en\/#organization"},"potentialAction":[{"@type":"SearchAction","target":{"@type":"EntryPoint","urlTemplate":"https:\/\/librairie7l.com\/en\/?s={search_term_string}"},"query-input":"required name=search_term_string"}],"inLanguage":"en-US"},{"@type":"Organization","@id":"https:\/\/librairie7l.com\/en\/#organization","name":"Librairie 7L","url":"https:\/\/librairie7l.com\/en\/","logo":{"@type":"ImageObject","inLanguage":"en-US","@id":"https:\/\/librairie7l.com\/en\/#\/schema\/logo\/image\/","url":"https:\/\/librairie7l.com\/wp-content\/uploads\/2022\/08\/logo-1.png","contentUrl":"https:\/\/librairie7l.com\/wp-content\/uploads\/2022\/08\/logo-1.png","width":227,"height":301,"caption":"Librairie 7L"},"image":{"@id":"https:\/\/librairie7l.com\/en\/#\/schema\/logo\/image\/"}}]}},"_links":{"self":[{"href":"https:\/\/librairie7l.com\/en\/wp-json\/wp\/v2\/product\/27667"}],"collection":[{"href":"https:\/\/librairie7l.com\/en\/wp-json\/wp\/v2\/product"}],"about":[{"href":"https:\/\/librairie7l.com\/en\/wp-json\/wp\/v2\/types\/product"}],"wp:featuredmedia":[{"embeddable":true,"href":"https:\/\/librairie7l.com\/en\/wp-json\/wp\/v2\/media\/27665"}],"wp:attachment":[{"href":"https:\/\/librairie7l.com\/en\/wp-json\/wp\/v2\/media?parent=27667"}],"wp:term":[{"taxonomy":"product_cat","embeddable":true,"href":"https:\/\/librairie7l.com\/en\/wp-json\/wp\/v2\/product_cat?post=27667"},{"taxonomy":"product_tag","embeddable":true,"href":"https:\/\/librairie7l.com\/en\/wp-json\/wp\/v2\/product_tag?post=27667"}],"curies":[{"name":"wp","href":"https:\/\/api.w.org\/{rel}","templated":true}]}}