{"id":27679,"date":"2023-05-12T01:16:11","date_gmt":"2023-05-11T23:16:11","guid":{"rendered":"https:\/\/librairie7l.com\/?post_type=product&#038;p=27679"},"modified":"2026-04-20T16:07:25","modified_gmt":"2026-04-20T14:07:25","slug":"private-scenes","status":"publish","type":"product","link":"https:\/\/librairie7l.com\/en\/produit\/private-scenes\/","title":{"rendered":"PRIVATE SCENES"},"content":{"rendered":"<p>Une de ses derni\u00e8res s\u00e9ries, intitul\u00e9e Private Scenes, qui met en avant les photographies prises par l&#8217;artiste, pendant un an, en 1989, \u00e0 diff\u00e9rents endroits du monde et sur lesquelles il s&#8217;est lui-m\u00eame inclus.<br \/>\nFigure parmi les plus radicales et les plus originales de sa g\u00e9n\u00e9ration, Masahisa Fukase est un photographe japonais mondialement connu, notamment gr\u00e2ce \u00e0 son livre paru en 1986, The Solitude of Ravens, dans lequel les corbeaux photographi\u00e9s par l&#8217;artiste deviennent les v\u00e9ritables symboles de sa tristesse et de son amour perdu alors que son mariage avec sa femme Yoko s&#8217;effondre.<br \/>\nCette nouvelle publication montre l&#8217;une de ses derni\u00e8res s\u00e9ries, intitul\u00e9e Private Scenes, qui met en avant les photographies prises par l&#8217;artiste, pendant un an, en 1989, \u00e0 diff\u00e9rents endroits du monde (Paris, Londres, Bruxelles, etc.) et sur lesquelles il s&#8217;est lui-m\u00eame inclus, se prenant en photo devant son sujet, interrogeant ainsi la relation qui se noue entre celui qui photographie et celui qui est photographi\u00e9. Il peint ensuite sur ces clich\u00e9s des lignes de couleurs, cr\u00e9ant des effets visuels surprenants.<br \/>\nPlus tard, dans cette m\u00eame s\u00e9rie, il photographiera des sc\u00e8nes de la vie quotidienne, \u00e0 Tokyo cette fois, changeant d&#8217;appareil et ajoutant la date sur ses photographies, mais en continuant de se repr\u00e9senter sur l&#8217;image.<br \/>\nCet ouvrage fait le choix de l&#8217;exhaustivit\u00e9 en reproduisant, pour la premi\u00e8re fois, l&#8217;int\u00e9gralit\u00e9 des photographies composant cette s\u00e9rie originale o\u00f9 l&#8217;on peut voir une nouvelle dimension du travail de Fukase, celle de l&#8217;artiste aux prises avec son m\u00e9dium. Les photographies sont accompagn\u00e9es d&#8217;un texte de Masako Toda, sp\u00e9cialiste japonaise de la photographie, qui permet de red\u00e9couvrir l&#8217;ultime s\u00e9rie de l&#8217;artiste, qui d\u00e9clarait lui-m\u00eame dans les derni\u00e8res ann\u00e9es de sa carri\u00e8re ne pas pouvoir &#8221; [s]&#8217;emp\u00eacher de [se] mettre sur la photo &#8220;.<\/p>\n","protected":false},"excerpt":{"rendered":"<p>Une de ses derni\u00e8res s\u00e9ries, intitul\u00e9e Private Scenes, qui met en avant les photographies prises par l&#8217;artiste, pendant un an, en 1989, \u00e0 diff\u00e9rents endroits du monde et sur lesquelles il s&#8217;est lui-m\u00eame inclus. Figure parmi les plus radicales et les plus originales de sa g\u00e9n\u00e9ration, Masahisa Fukase est un photographe japonais mondialement connu, notamment [&hellip;]<\/p>\n","protected":false},"featured_media":33609,"template":"","meta":[],"product_cat":[55,2948,2958,17],"product_tag":[],"acf":[],"yoast_head":"<!-- This site is optimized with the Yoast SEO plugin v20.11 - https:\/\/yoast.com\/wordpress\/plugins\/seo\/ -->\n<title>PRIVATE SCENES - Librairie 7L<\/title>\n<meta name=\"robots\" content=\"index, follow, max-snippet:-1, max-image-preview:large, max-video-preview:-1\" \/>\n<link rel=\"canonical\" href=\"https:\/\/librairie7l.com\/en\/produit\/private-scenes\/\" \/>\n<meta property=\"og:locale\" content=\"en_US\" \/>\n<meta property=\"og:type\" content=\"article\" \/>\n<meta property=\"og:title\" content=\"PRIVATE SCENES - Librairie 7L\" \/>\n<meta property=\"og:description\" content=\"Une de ses derni\u00e8res s\u00e9ries, intitul\u00e9e Private Scenes, qui met en avant les photographies prises par l&#8217;artiste, pendant un an, en 1989, \u00e0 diff\u00e9rents endroits du monde et sur lesquelles il s&#8217;est lui-m\u00eame inclus. Figure parmi les plus radicales et les plus originales de sa g\u00e9n\u00e9ration, Masahisa Fukase est un photographe japonais mondialement connu, notamment [&hellip;]\" \/>\n<meta property=\"og:url\" content=\"https:\/\/librairie7l.com\/en\/produit\/private-scenes\/\" \/>\n<meta property=\"og:site_name\" content=\"Librairie 7L\" \/>\n<meta property=\"article:modified_time\" content=\"2026-04-20T14:07:25+00:00\" \/>\n<meta property=\"og:image\" content=\"https:\/\/librairie7l.com\/wp-content\/uploads\/2022\/12\/9782365113557_1_75.jpg\" \/>\n\t<meta property=\"og:image:width\" content=\"361\" \/>\n\t<meta property=\"og:image:height\" content=\"291\" \/>\n\t<meta property=\"og:image:type\" content=\"image\/jpeg\" \/>\n<meta name=\"twitter:card\" content=\"summary_large_image\" \/>\n<meta name=\"twitter:label1\" content=\"Est. reading time\" \/>\n\t<meta name=\"twitter:data1\" content=\"2 minutes\" \/>\n<script type=\"application\/ld+json\" class=\"yoast-schema-graph\">{\"@context\":\"https:\/\/schema.org\",\"@graph\":[{\"@type\":\"WebPage\",\"@id\":\"https:\/\/librairie7l.com\/en\/produit\/private-scenes\/\",\"url\":\"https:\/\/librairie7l.com\/en\/produit\/private-scenes\/\",\"name\":\"PRIVATE SCENES - Librairie 7L\",\"isPartOf\":{\"@id\":\"https:\/\/librairie7l.com\/en\/#website\"},\"datePublished\":\"2023-05-11T23:16:11+00:00\",\"dateModified\":\"2026-04-20T14:07:25+00:00\",\"breadcrumb\":{\"@id\":\"https:\/\/librairie7l.com\/en\/produit\/private-scenes\/#breadcrumb\"},\"inLanguage\":\"en-US\",\"potentialAction\":[{\"@type\":\"ReadAction\",\"target\":[\"https:\/\/librairie7l.com\/en\/produit\/private-scenes\/\"]}]},{\"@type\":\"BreadcrumbList\",\"@id\":\"https:\/\/librairie7l.com\/en\/produit\/private-scenes\/#breadcrumb\",\"itemListElement\":[{\"@type\":\"ListItem\",\"position\":1,\"name\":\"Accueil\",\"item\":\"https:\/\/librairie7l.com\/en\/\"},{\"@type\":\"ListItem\",\"position\":2,\"name\":\"Shop\",\"item\":\"https:\/\/librairie7l.com\/en\/shop\/\"},{\"@type\":\"ListItem\",\"position\":3,\"name\":\"PRIVATE SCENES\"}]},{\"@type\":\"WebSite\",\"@id\":\"https:\/\/librairie7l.com\/en\/#website\",\"url\":\"https:\/\/librairie7l.com\/en\/\",\"name\":\"Librairie 7L\",\"description\":\"Librairie fond\u00e9e en 1999 par Karl Lagerfeld \u00e0 Paris\",\"publisher\":{\"@id\":\"https:\/\/librairie7l.com\/en\/#organization\"},\"potentialAction\":[{\"@type\":\"SearchAction\",\"target\":{\"@type\":\"EntryPoint\",\"urlTemplate\":\"https:\/\/librairie7l.com\/en\/?s={search_term_string}\"},\"query-input\":\"required name=search_term_string\"}],\"inLanguage\":\"en-US\"},{\"@type\":\"Organization\",\"@id\":\"https:\/\/librairie7l.com\/en\/#organization\",\"name\":\"Librairie 7L\",\"url\":\"https:\/\/librairie7l.com\/en\/\",\"logo\":{\"@type\":\"ImageObject\",\"inLanguage\":\"en-US\",\"@id\":\"https:\/\/librairie7l.com\/en\/#\/schema\/logo\/image\/\",\"url\":\"https:\/\/librairie7l.com\/wp-content\/uploads\/2022\/08\/logo-1.png\",\"contentUrl\":\"https:\/\/librairie7l.com\/wp-content\/uploads\/2022\/08\/logo-1.png\",\"width\":227,\"height\":301,\"caption\":\"Librairie 7L\"},\"image\":{\"@id\":\"https:\/\/librairie7l.com\/en\/#\/schema\/logo\/image\/\"}}]}<\/script>\n<!-- \/ Yoast SEO plugin. -->","yoast_head_json":{"title":"PRIVATE SCENES - Librairie 7L","robots":{"index":"index","follow":"follow","max-snippet":"max-snippet:-1","max-image-preview":"max-image-preview:large","max-video-preview":"max-video-preview:-1"},"canonical":"https:\/\/librairie7l.com\/en\/produit\/private-scenes\/","og_locale":"en_US","og_type":"article","og_title":"PRIVATE SCENES - Librairie 7L","og_description":"Une de ses derni\u00e8res s\u00e9ries, intitul\u00e9e Private Scenes, qui met en avant les photographies prises par l&#8217;artiste, pendant un an, en 1989, \u00e0 diff\u00e9rents endroits du monde et sur lesquelles il s&#8217;est lui-m\u00eame inclus. Figure parmi les plus radicales et les plus originales de sa g\u00e9n\u00e9ration, Masahisa Fukase est un photographe japonais mondialement connu, notamment [&hellip;]","og_url":"https:\/\/librairie7l.com\/en\/produit\/private-scenes\/","og_site_name":"Librairie 7L","article_modified_time":"2026-04-20T14:07:25+00:00","og_image":[{"width":361,"height":291,"url":"https:\/\/librairie7l.com\/wp-content\/uploads\/2022\/12\/9782365113557_1_75.jpg","type":"image\/jpeg"}],"twitter_card":"summary_large_image","twitter_misc":{"Est. reading time":"2 minutes"},"schema":{"@context":"https:\/\/schema.org","@graph":[{"@type":"WebPage","@id":"https:\/\/librairie7l.com\/en\/produit\/private-scenes\/","url":"https:\/\/librairie7l.com\/en\/produit\/private-scenes\/","name":"PRIVATE SCENES - Librairie 7L","isPartOf":{"@id":"https:\/\/librairie7l.com\/en\/#website"},"datePublished":"2023-05-11T23:16:11+00:00","dateModified":"2026-04-20T14:07:25+00:00","breadcrumb":{"@id":"https:\/\/librairie7l.com\/en\/produit\/private-scenes\/#breadcrumb"},"inLanguage":"en-US","potentialAction":[{"@type":"ReadAction","target":["https:\/\/librairie7l.com\/en\/produit\/private-scenes\/"]}]},{"@type":"BreadcrumbList","@id":"https:\/\/librairie7l.com\/en\/produit\/private-scenes\/#breadcrumb","itemListElement":[{"@type":"ListItem","position":1,"name":"Accueil","item":"https:\/\/librairie7l.com\/en\/"},{"@type":"ListItem","position":2,"name":"Shop","item":"https:\/\/librairie7l.com\/en\/shop\/"},{"@type":"ListItem","position":3,"name":"PRIVATE SCENES"}]},{"@type":"WebSite","@id":"https:\/\/librairie7l.com\/en\/#website","url":"https:\/\/librairie7l.com\/en\/","name":"Librairie 7L","description":"Librairie fond\u00e9e en 1999 par Karl Lagerfeld \u00e0 Paris","publisher":{"@id":"https:\/\/librairie7l.com\/en\/#organization"},"potentialAction":[{"@type":"SearchAction","target":{"@type":"EntryPoint","urlTemplate":"https:\/\/librairie7l.com\/en\/?s={search_term_string}"},"query-input":"required name=search_term_string"}],"inLanguage":"en-US"},{"@type":"Organization","@id":"https:\/\/librairie7l.com\/en\/#organization","name":"Librairie 7L","url":"https:\/\/librairie7l.com\/en\/","logo":{"@type":"ImageObject","inLanguage":"en-US","@id":"https:\/\/librairie7l.com\/en\/#\/schema\/logo\/image\/","url":"https:\/\/librairie7l.com\/wp-content\/uploads\/2022\/08\/logo-1.png","contentUrl":"https:\/\/librairie7l.com\/wp-content\/uploads\/2022\/08\/logo-1.png","width":227,"height":301,"caption":"Librairie 7L"},"image":{"@id":"https:\/\/librairie7l.com\/en\/#\/schema\/logo\/image\/"}}]}},"_links":{"self":[{"href":"https:\/\/librairie7l.com\/en\/wp-json\/wp\/v2\/product\/27679"}],"collection":[{"href":"https:\/\/librairie7l.com\/en\/wp-json\/wp\/v2\/product"}],"about":[{"href":"https:\/\/librairie7l.com\/en\/wp-json\/wp\/v2\/types\/product"}],"wp:featuredmedia":[{"embeddable":true,"href":"https:\/\/librairie7l.com\/en\/wp-json\/wp\/v2\/media\/33609"}],"wp:attachment":[{"href":"https:\/\/librairie7l.com\/en\/wp-json\/wp\/v2\/media?parent=27679"}],"wp:term":[{"taxonomy":"product_cat","embeddable":true,"href":"https:\/\/librairie7l.com\/en\/wp-json\/wp\/v2\/product_cat?post=27679"},{"taxonomy":"product_tag","embeddable":true,"href":"https:\/\/librairie7l.com\/en\/wp-json\/wp\/v2\/product_tag?post=27679"}],"curies":[{"name":"wp","href":"https:\/\/api.w.org\/{rel}","templated":true}]}}