{"id":27683,"date":"2023-05-10T13:10:05","date_gmt":"2023-05-10T11:10:05","guid":{"rendered":"https:\/\/librairie7l.com\/?post_type=product&#038;p=27683"},"modified":"2026-04-22T12:57:04","modified_gmt":"2026-04-22T10:57:04","slug":"111-lieux-a-montpellier-a-ne-pas-manquer","status":"publish","type":"product","link":"https:\/\/librairie7l.com\/en\/produit\/111-lieux-a-montpellier-a-ne-pas-manquer\/","title":{"rendered":"111 LIEUX \u00c0 MONTPELLIER \u00c0 NE PAS MANQUER"},"content":{"rendered":"<p>Montpellier est une ville aux mille facettes, aussi bien historiques que culturelles. Cit\u00e9 m\u00e9diterran\u00e9enne aux riches tr\u00e9sors patrimoniaux et contemporains, elle est une destination de caract\u00e8re dont les points forts, la place de la Com\u00e9die, la place Royale-du-Peyrou ou encore sa facult\u00e9 de m\u00e9decine, sont pl\u00e9biscit\u00e9s par les visiteurs et les locaux. Encore aujourd&#8217;hui, Montpellier attire de nombreux arrivants qui s&#8217;y installent pour son climat, son atmosph\u00e8re ou son incroyable expansion vers la mer depuis le XXe si\u00e8cle. Ses atouts sont nombreux, et il est difficile de ne pas \u00eatre charm\u00e9. Du fait de sa longue histoire, les anecdotes \u00e0 son sujet ne manquent pas : savez-vous o\u00f9 trouver une enseigne repr\u00e9sentant un bras de fer dans le centre-ville ? Pourquoi ont \u00e9t\u00e9 diss\u00e9min\u00e9s sur le sol des clous qui semblent former un chemin ? Ou pourquoi les th\u00e9sards de l&#8217;universit\u00e9 de Montpellier pr\u00eatent serment devant la toge de Rabelais ? Des lieux, mais aussi des savoir-faire d&#8217;artisans, de commer\u00e7ants et de tous les acteurs qui dynamisent la ville sont \u00e0 admirer, mis en valeur dans des \u00e9crins d&#8217;exception. Alors, tent\u00e9 par des d\u00e9couvertes insolites ? Vous \u00eates invit\u00e9 \u00e0 tourner les pages de ce guide, qui vous d\u00e9voilera les secrets cach\u00e9s de Montpellier.<\/p>\n","protected":false},"excerpt":{"rendered":"<p>Montpellier est une ville aux mille facettes, aussi bien historiques que culturelles. Cit\u00e9 m\u00e9diterran\u00e9enne aux riches tr\u00e9sors patrimoniaux et contemporains, elle est une destination de caract\u00e8re dont les points forts, la place de la Com\u00e9die, la place Royale-du-Peyrou ou encore sa facult\u00e9 de m\u00e9decine, sont pl\u00e9biscit\u00e9s par les visiteurs et les locaux. Encore aujourd&#8217;hui, Montpellier [&hellip;]<\/p>\n","protected":false},"featured_media":27681,"template":"","meta":[],"product_cat":[55,2948,22,2950],"product_tag":[],"acf":[],"yoast_head":"<!-- This site is optimized with the Yoast SEO plugin v20.11 - https:\/\/yoast.com\/wordpress\/plugins\/seo\/ -->\n<title>111 LIEUX \u00c0 MONTPELLIER \u00c0 NE PAS MANQUER - Librairie 7L<\/title>\n<meta name=\"robots\" content=\"index, follow, max-snippet:-1, max-image-preview:large, max-video-preview:-1\" \/>\n<link rel=\"canonical\" href=\"https:\/\/librairie7l.com\/en\/produit\/111-lieux-a-montpellier-a-ne-pas-manquer\/\" \/>\n<meta property=\"og:locale\" content=\"en_US\" \/>\n<meta property=\"og:type\" content=\"article\" \/>\n<meta property=\"og:title\" content=\"111 LIEUX \u00c0 MONTPELLIER \u00c0 NE PAS MANQUER - Librairie 7L\" \/>\n<meta property=\"og:description\" content=\"Montpellier est une ville aux mille facettes, aussi bien historiques que culturelles. Cit\u00e9 m\u00e9diterran\u00e9enne aux riches tr\u00e9sors patrimoniaux et contemporains, elle est une destination de caract\u00e8re dont les points forts, la place de la Com\u00e9die, la place Royale-du-Peyrou ou encore sa facult\u00e9 de m\u00e9decine, sont pl\u00e9biscit\u00e9s par les visiteurs et les locaux. Encore aujourd&#8217;hui, Montpellier [&hellip;]\" \/>\n<meta property=\"og:url\" content=\"https:\/\/librairie7l.com\/en\/produit\/111-lieux-a-montpellier-a-ne-pas-manquer\/\" \/>\n<meta property=\"og:site_name\" content=\"Librairie 7L\" \/>\n<meta property=\"article:modified_time\" content=\"2026-04-22T10:57:04+00:00\" \/>\n<meta property=\"og:image\" content=\"https:\/\/librairie7l.com\/wp-content\/uploads\/2022\/05\/9783740812928_1_75.jpg\" \/>\n\t<meta property=\"og:image:width\" content=\"418\" \/>\n\t<meta property=\"og:image:height\" content=\"635\" \/>\n\t<meta property=\"og:image:type\" content=\"image\/jpeg\" \/>\n<meta name=\"twitter:card\" content=\"summary_large_image\" \/>\n<meta name=\"twitter:label1\" content=\"Est. reading time\" \/>\n\t<meta name=\"twitter:data1\" content=\"1 minute\" \/>\n<script type=\"application\/ld+json\" class=\"yoast-schema-graph\">{\"@context\":\"https:\/\/schema.org\",\"@graph\":[{\"@type\":\"WebPage\",\"@id\":\"https:\/\/librairie7l.com\/en\/produit\/111-lieux-a-montpellier-a-ne-pas-manquer\/\",\"url\":\"https:\/\/librairie7l.com\/en\/produit\/111-lieux-a-montpellier-a-ne-pas-manquer\/\",\"name\":\"111 LIEUX \u00c0 MONTPELLIER \u00c0 NE PAS MANQUER - Librairie 7L\",\"isPartOf\":{\"@id\":\"https:\/\/librairie7l.com\/en\/#website\"},\"datePublished\":\"2023-05-10T11:10:05+00:00\",\"dateModified\":\"2026-04-22T10:57:04+00:00\",\"breadcrumb\":{\"@id\":\"https:\/\/librairie7l.com\/en\/produit\/111-lieux-a-montpellier-a-ne-pas-manquer\/#breadcrumb\"},\"inLanguage\":\"en-US\",\"potentialAction\":[{\"@type\":\"ReadAction\",\"target\":[\"https:\/\/librairie7l.com\/en\/produit\/111-lieux-a-montpellier-a-ne-pas-manquer\/\"]}]},{\"@type\":\"BreadcrumbList\",\"@id\":\"https:\/\/librairie7l.com\/en\/produit\/111-lieux-a-montpellier-a-ne-pas-manquer\/#breadcrumb\",\"itemListElement\":[{\"@type\":\"ListItem\",\"position\":1,\"name\":\"Accueil\",\"item\":\"https:\/\/librairie7l.com\/en\/\"},{\"@type\":\"ListItem\",\"position\":2,\"name\":\"Shop\",\"item\":\"https:\/\/librairie7l.com\/en\/shop\/\"},{\"@type\":\"ListItem\",\"position\":3,\"name\":\"111 LIEUX \u00c0 MONTPELLIER \u00c0 NE PAS MANQUER\"}]},{\"@type\":\"WebSite\",\"@id\":\"https:\/\/librairie7l.com\/en\/#website\",\"url\":\"https:\/\/librairie7l.com\/en\/\",\"name\":\"Librairie 7L\",\"description\":\"Librairie fond\u00e9e en 1999 par Karl Lagerfeld \u00e0 Paris\",\"publisher\":{\"@id\":\"https:\/\/librairie7l.com\/en\/#organization\"},\"potentialAction\":[{\"@type\":\"SearchAction\",\"target\":{\"@type\":\"EntryPoint\",\"urlTemplate\":\"https:\/\/librairie7l.com\/en\/?s={search_term_string}\"},\"query-input\":\"required name=search_term_string\"}],\"inLanguage\":\"en-US\"},{\"@type\":\"Organization\",\"@id\":\"https:\/\/librairie7l.com\/en\/#organization\",\"name\":\"Librairie 7L\",\"url\":\"https:\/\/librairie7l.com\/en\/\",\"logo\":{\"@type\":\"ImageObject\",\"inLanguage\":\"en-US\",\"@id\":\"https:\/\/librairie7l.com\/en\/#\/schema\/logo\/image\/\",\"url\":\"https:\/\/librairie7l.com\/wp-content\/uploads\/2022\/08\/logo-1.png\",\"contentUrl\":\"https:\/\/librairie7l.com\/wp-content\/uploads\/2022\/08\/logo-1.png\",\"width\":227,\"height\":301,\"caption\":\"Librairie 7L\"},\"image\":{\"@id\":\"https:\/\/librairie7l.com\/en\/#\/schema\/logo\/image\/\"}}]}<\/script>\n<!-- \/ Yoast SEO plugin. -->","yoast_head_json":{"title":"111 LIEUX \u00c0 MONTPELLIER \u00c0 NE PAS MANQUER - Librairie 7L","robots":{"index":"index","follow":"follow","max-snippet":"max-snippet:-1","max-image-preview":"max-image-preview:large","max-video-preview":"max-video-preview:-1"},"canonical":"https:\/\/librairie7l.com\/en\/produit\/111-lieux-a-montpellier-a-ne-pas-manquer\/","og_locale":"en_US","og_type":"article","og_title":"111 LIEUX \u00c0 MONTPELLIER \u00c0 NE PAS MANQUER - Librairie 7L","og_description":"Montpellier est une ville aux mille facettes, aussi bien historiques que culturelles. Cit\u00e9 m\u00e9diterran\u00e9enne aux riches tr\u00e9sors patrimoniaux et contemporains, elle est une destination de caract\u00e8re dont les points forts, la place de la Com\u00e9die, la place Royale-du-Peyrou ou encore sa facult\u00e9 de m\u00e9decine, sont pl\u00e9biscit\u00e9s par les visiteurs et les locaux. Encore aujourd&#8217;hui, Montpellier [&hellip;]","og_url":"https:\/\/librairie7l.com\/en\/produit\/111-lieux-a-montpellier-a-ne-pas-manquer\/","og_site_name":"Librairie 7L","article_modified_time":"2026-04-22T10:57:04+00:00","og_image":[{"width":418,"height":635,"url":"https:\/\/librairie7l.com\/wp-content\/uploads\/2022\/05\/9783740812928_1_75.jpg","type":"image\/jpeg"}],"twitter_card":"summary_large_image","twitter_misc":{"Est. reading time":"1 minute"},"schema":{"@context":"https:\/\/schema.org","@graph":[{"@type":"WebPage","@id":"https:\/\/librairie7l.com\/en\/produit\/111-lieux-a-montpellier-a-ne-pas-manquer\/","url":"https:\/\/librairie7l.com\/en\/produit\/111-lieux-a-montpellier-a-ne-pas-manquer\/","name":"111 LIEUX \u00c0 MONTPELLIER \u00c0 NE PAS MANQUER - Librairie 7L","isPartOf":{"@id":"https:\/\/librairie7l.com\/en\/#website"},"datePublished":"2023-05-10T11:10:05+00:00","dateModified":"2026-04-22T10:57:04+00:00","breadcrumb":{"@id":"https:\/\/librairie7l.com\/en\/produit\/111-lieux-a-montpellier-a-ne-pas-manquer\/#breadcrumb"},"inLanguage":"en-US","potentialAction":[{"@type":"ReadAction","target":["https:\/\/librairie7l.com\/en\/produit\/111-lieux-a-montpellier-a-ne-pas-manquer\/"]}]},{"@type":"BreadcrumbList","@id":"https:\/\/librairie7l.com\/en\/produit\/111-lieux-a-montpellier-a-ne-pas-manquer\/#breadcrumb","itemListElement":[{"@type":"ListItem","position":1,"name":"Accueil","item":"https:\/\/librairie7l.com\/en\/"},{"@type":"ListItem","position":2,"name":"Shop","item":"https:\/\/librairie7l.com\/en\/shop\/"},{"@type":"ListItem","position":3,"name":"111 LIEUX \u00c0 MONTPELLIER \u00c0 NE PAS MANQUER"}]},{"@type":"WebSite","@id":"https:\/\/librairie7l.com\/en\/#website","url":"https:\/\/librairie7l.com\/en\/","name":"Librairie 7L","description":"Librairie fond\u00e9e en 1999 par Karl Lagerfeld \u00e0 Paris","publisher":{"@id":"https:\/\/librairie7l.com\/en\/#organization"},"potentialAction":[{"@type":"SearchAction","target":{"@type":"EntryPoint","urlTemplate":"https:\/\/librairie7l.com\/en\/?s={search_term_string}"},"query-input":"required name=search_term_string"}],"inLanguage":"en-US"},{"@type":"Organization","@id":"https:\/\/librairie7l.com\/en\/#organization","name":"Librairie 7L","url":"https:\/\/librairie7l.com\/en\/","logo":{"@type":"ImageObject","inLanguage":"en-US","@id":"https:\/\/librairie7l.com\/en\/#\/schema\/logo\/image\/","url":"https:\/\/librairie7l.com\/wp-content\/uploads\/2022\/08\/logo-1.png","contentUrl":"https:\/\/librairie7l.com\/wp-content\/uploads\/2022\/08\/logo-1.png","width":227,"height":301,"caption":"Librairie 7L"},"image":{"@id":"https:\/\/librairie7l.com\/en\/#\/schema\/logo\/image\/"}}]}},"_links":{"self":[{"href":"https:\/\/librairie7l.com\/en\/wp-json\/wp\/v2\/product\/27683"}],"collection":[{"href":"https:\/\/librairie7l.com\/en\/wp-json\/wp\/v2\/product"}],"about":[{"href":"https:\/\/librairie7l.com\/en\/wp-json\/wp\/v2\/types\/product"}],"wp:featuredmedia":[{"embeddable":true,"href":"https:\/\/librairie7l.com\/en\/wp-json\/wp\/v2\/media\/27681"}],"wp:attachment":[{"href":"https:\/\/librairie7l.com\/en\/wp-json\/wp\/v2\/media?parent=27683"}],"wp:term":[{"taxonomy":"product_cat","embeddable":true,"href":"https:\/\/librairie7l.com\/en\/wp-json\/wp\/v2\/product_cat?post=27683"},{"taxonomy":"product_tag","embeddable":true,"href":"https:\/\/librairie7l.com\/en\/wp-json\/wp\/v2\/product_tag?post=27683"}],"curies":[{"name":"wp","href":"https:\/\/api.w.org\/{rel}","templated":true}]}}