{"id":27723,"date":"2023-05-10T13:11:19","date_gmt":"2023-05-10T11:11:19","guid":{"rendered":"https:\/\/librairie7l.com\/?post_type=product&#038;p=27723"},"modified":"2026-04-15T22:05:48","modified_gmt":"2026-04-15T20:05:48","slug":"man-ray-et-la-mode","status":"publish","type":"product","link":"https:\/\/librairie7l.com\/en\/produit\/man-ray-et-la-mode\/","title":{"rendered":"MAN RAY ET LA MODE"},"content":{"rendered":"<p>C&#8217;est en 1922, alors qu&#8217;il vient d&#8217;arriver \u00e0 Paris, que Man Ray fait ses premiers pas dans la photographie de mode. Il r\u00e9alise alors de nombreux portraits de figures marquantes d&#8217;un milieu parisien m\u00ealant membres de la a colonie am\u00e9ricaine, repr\u00e9sentants de la bonne soci\u00e9t\u00e9, artistes, \u00e9crivains&#8230; Il b\u00e9n\u00e9ficie assez vite de commandes dans le domaine de la publicit\u00e9 et de la mode en raison de son style ais\u00e9ment identifiable, celui du groupe surr\u00e9aliste, qui joue \u00e0 merveille du scandale et de la provocation.<br \/>\nSon travail parfaitement ma\u00eetris\u00e9, temp\u00e9r\u00e9 par un classicisme de bon ton, piment\u00e9 par un \u00e9rotisme lisse g\u00e9n\u00e8re des images pleinement assimilables par ses commanditaires. Au tournant des ann\u00e9es 1930, Man Ray \u00e9volue vers un style plus spontan\u00e9, conforme \u00e0 l&#8217;\u00e9volution du mod\u00e8le f\u00e9minin que des artifices techniques &#8211; solarisation, inversion n\u00e9gative, d\u00e9coupage, superpositions &#8211; mettent brillamment en valeur.<br \/>\nLes ann\u00e9es pass\u00e9es sous contrat avec le magazine am\u00e9ricain Harper&#8217;s Bazaar (1934-1939) consacrent la libert\u00e9 technique et formelle du photographe et marquent son apog\u00e9e dans ce domaine. A travers le regard d&#8217;un artiste, peintre et photographe, c&#8217;est aussi les relations entre la mode de toute une \u00e9poque, celle de l&#8217;entre-deux-guerres, et sa repr\u00e9sentation qui sont ici mises en lumi\u00e8re.<\/p>\n","protected":false},"excerpt":{"rendered":"<p>C&#8217;est en 1922, alors qu&#8217;il vient d&#8217;arriver \u00e0 Paris, que Man Ray fait ses premiers pas dans la photographie de mode. Il r\u00e9alise alors de nombreux portraits de figures marquantes d&#8217;un milieu parisien m\u00ealant membres de la a colonie am\u00e9ricaine, repr\u00e9sentants de la bonne soci\u00e9t\u00e9, artistes, \u00e9crivains&#8230; Il b\u00e9n\u00e9ficie assez vite de commandes dans le [&hellip;]<\/p>\n","protected":false},"featured_media":27721,"template":"","meta":[],"product_cat":[55,2948,2957,19],"product_tag":[],"acf":[],"yoast_head":"<!-- This site is optimized with the Yoast SEO plugin v20.11 - https:\/\/yoast.com\/wordpress\/plugins\/seo\/ -->\n<title>MAN RAY ET LA MODE - Librairie 7L<\/title>\n<meta name=\"robots\" content=\"index, follow, max-snippet:-1, max-image-preview:large, max-video-preview:-1\" \/>\n<link rel=\"canonical\" href=\"https:\/\/librairie7l.com\/en\/produit\/man-ray-et-la-mode\/\" \/>\n<meta property=\"og:locale\" content=\"en_US\" \/>\n<meta property=\"og:type\" content=\"article\" \/>\n<meta property=\"og:title\" content=\"MAN RAY ET LA MODE - Librairie 7L\" \/>\n<meta property=\"og:description\" content=\"C&#8217;est en 1922, alors qu&#8217;il vient d&#8217;arriver \u00e0 Paris, que Man Ray fait ses premiers pas dans la photographie de mode. Il r\u00e9alise alors de nombreux portraits de figures marquantes d&#8217;un milieu parisien m\u00ealant membres de la a colonie am\u00e9ricaine, repr\u00e9sentants de la bonne soci\u00e9t\u00e9, artistes, \u00e9crivains&#8230; Il b\u00e9n\u00e9ficie assez vite de commandes dans le [&hellip;]\" \/>\n<meta property=\"og:url\" content=\"https:\/\/librairie7l.com\/en\/produit\/man-ray-et-la-mode\/\" \/>\n<meta property=\"og:site_name\" content=\"Librairie 7L\" \/>\n<meta property=\"article:modified_time\" content=\"2026-04-15T20:05:48+00:00\" \/>\n<meta property=\"og:image\" content=\"https:\/\/librairie7l.com\/wp-content\/uploads\/2019\/06\/9782711874309_1_75.jpg\" \/>\n\t<meta property=\"og:image:width\" content=\"600\" \/>\n\t<meta property=\"og:image:height\" content=\"848\" \/>\n\t<meta property=\"og:image:type\" content=\"image\/jpeg\" \/>\n<meta name=\"twitter:card\" content=\"summary_large_image\" \/>\n<meta name=\"twitter:label1\" content=\"Est. reading time\" \/>\n\t<meta name=\"twitter:data1\" content=\"1 minute\" \/>\n<script type=\"application\/ld+json\" class=\"yoast-schema-graph\">{\"@context\":\"https:\/\/schema.org\",\"@graph\":[{\"@type\":\"WebPage\",\"@id\":\"https:\/\/librairie7l.com\/en\/produit\/man-ray-et-la-mode\/\",\"url\":\"https:\/\/librairie7l.com\/en\/produit\/man-ray-et-la-mode\/\",\"name\":\"MAN RAY ET LA MODE - Librairie 7L\",\"isPartOf\":{\"@id\":\"https:\/\/librairie7l.com\/en\/#website\"},\"datePublished\":\"2023-05-10T11:11:19+00:00\",\"dateModified\":\"2026-04-15T20:05:48+00:00\",\"breadcrumb\":{\"@id\":\"https:\/\/librairie7l.com\/en\/produit\/man-ray-et-la-mode\/#breadcrumb\"},\"inLanguage\":\"en-US\",\"potentialAction\":[{\"@type\":\"ReadAction\",\"target\":[\"https:\/\/librairie7l.com\/en\/produit\/man-ray-et-la-mode\/\"]}]},{\"@type\":\"BreadcrumbList\",\"@id\":\"https:\/\/librairie7l.com\/en\/produit\/man-ray-et-la-mode\/#breadcrumb\",\"itemListElement\":[{\"@type\":\"ListItem\",\"position\":1,\"name\":\"Accueil\",\"item\":\"https:\/\/librairie7l.com\/en\/\"},{\"@type\":\"ListItem\",\"position\":2,\"name\":\"Shop\",\"item\":\"https:\/\/librairie7l.com\/en\/shop\/\"},{\"@type\":\"ListItem\",\"position\":3,\"name\":\"MAN RAY ET LA MODE\"}]},{\"@type\":\"WebSite\",\"@id\":\"https:\/\/librairie7l.com\/en\/#website\",\"url\":\"https:\/\/librairie7l.com\/en\/\",\"name\":\"Librairie 7L\",\"description\":\"Librairie fond\u00e9e en 1999 par Karl Lagerfeld \u00e0 Paris\",\"publisher\":{\"@id\":\"https:\/\/librairie7l.com\/en\/#organization\"},\"potentialAction\":[{\"@type\":\"SearchAction\",\"target\":{\"@type\":\"EntryPoint\",\"urlTemplate\":\"https:\/\/librairie7l.com\/en\/?s={search_term_string}\"},\"query-input\":\"required name=search_term_string\"}],\"inLanguage\":\"en-US\"},{\"@type\":\"Organization\",\"@id\":\"https:\/\/librairie7l.com\/en\/#organization\",\"name\":\"Librairie 7L\",\"url\":\"https:\/\/librairie7l.com\/en\/\",\"logo\":{\"@type\":\"ImageObject\",\"inLanguage\":\"en-US\",\"@id\":\"https:\/\/librairie7l.com\/en\/#\/schema\/logo\/image\/\",\"url\":\"https:\/\/librairie7l.com\/wp-content\/uploads\/2022\/08\/logo-1.png\",\"contentUrl\":\"https:\/\/librairie7l.com\/wp-content\/uploads\/2022\/08\/logo-1.png\",\"width\":227,\"height\":301,\"caption\":\"Librairie 7L\"},\"image\":{\"@id\":\"https:\/\/librairie7l.com\/en\/#\/schema\/logo\/image\/\"}}]}<\/script>\n<!-- \/ Yoast SEO plugin. -->","yoast_head_json":{"title":"MAN RAY ET LA MODE - Librairie 7L","robots":{"index":"index","follow":"follow","max-snippet":"max-snippet:-1","max-image-preview":"max-image-preview:large","max-video-preview":"max-video-preview:-1"},"canonical":"https:\/\/librairie7l.com\/en\/produit\/man-ray-et-la-mode\/","og_locale":"en_US","og_type":"article","og_title":"MAN RAY ET LA MODE - Librairie 7L","og_description":"C&#8217;est en 1922, alors qu&#8217;il vient d&#8217;arriver \u00e0 Paris, que Man Ray fait ses premiers pas dans la photographie de mode. Il r\u00e9alise alors de nombreux portraits de figures marquantes d&#8217;un milieu parisien m\u00ealant membres de la a colonie am\u00e9ricaine, repr\u00e9sentants de la bonne soci\u00e9t\u00e9, artistes, \u00e9crivains&#8230; Il b\u00e9n\u00e9ficie assez vite de commandes dans le [&hellip;]","og_url":"https:\/\/librairie7l.com\/en\/produit\/man-ray-et-la-mode\/","og_site_name":"Librairie 7L","article_modified_time":"2026-04-15T20:05:48+00:00","og_image":[{"width":600,"height":848,"url":"https:\/\/librairie7l.com\/wp-content\/uploads\/2019\/06\/9782711874309_1_75.jpg","type":"image\/jpeg"}],"twitter_card":"summary_large_image","twitter_misc":{"Est. reading time":"1 minute"},"schema":{"@context":"https:\/\/schema.org","@graph":[{"@type":"WebPage","@id":"https:\/\/librairie7l.com\/en\/produit\/man-ray-et-la-mode\/","url":"https:\/\/librairie7l.com\/en\/produit\/man-ray-et-la-mode\/","name":"MAN RAY ET LA MODE - Librairie 7L","isPartOf":{"@id":"https:\/\/librairie7l.com\/en\/#website"},"datePublished":"2023-05-10T11:11:19+00:00","dateModified":"2026-04-15T20:05:48+00:00","breadcrumb":{"@id":"https:\/\/librairie7l.com\/en\/produit\/man-ray-et-la-mode\/#breadcrumb"},"inLanguage":"en-US","potentialAction":[{"@type":"ReadAction","target":["https:\/\/librairie7l.com\/en\/produit\/man-ray-et-la-mode\/"]}]},{"@type":"BreadcrumbList","@id":"https:\/\/librairie7l.com\/en\/produit\/man-ray-et-la-mode\/#breadcrumb","itemListElement":[{"@type":"ListItem","position":1,"name":"Accueil","item":"https:\/\/librairie7l.com\/en\/"},{"@type":"ListItem","position":2,"name":"Shop","item":"https:\/\/librairie7l.com\/en\/shop\/"},{"@type":"ListItem","position":3,"name":"MAN RAY ET LA MODE"}]},{"@type":"WebSite","@id":"https:\/\/librairie7l.com\/en\/#website","url":"https:\/\/librairie7l.com\/en\/","name":"Librairie 7L","description":"Librairie fond\u00e9e en 1999 par Karl Lagerfeld \u00e0 Paris","publisher":{"@id":"https:\/\/librairie7l.com\/en\/#organization"},"potentialAction":[{"@type":"SearchAction","target":{"@type":"EntryPoint","urlTemplate":"https:\/\/librairie7l.com\/en\/?s={search_term_string}"},"query-input":"required name=search_term_string"}],"inLanguage":"en-US"},{"@type":"Organization","@id":"https:\/\/librairie7l.com\/en\/#organization","name":"Librairie 7L","url":"https:\/\/librairie7l.com\/en\/","logo":{"@type":"ImageObject","inLanguage":"en-US","@id":"https:\/\/librairie7l.com\/en\/#\/schema\/logo\/image\/","url":"https:\/\/librairie7l.com\/wp-content\/uploads\/2022\/08\/logo-1.png","contentUrl":"https:\/\/librairie7l.com\/wp-content\/uploads\/2022\/08\/logo-1.png","width":227,"height":301,"caption":"Librairie 7L"},"image":{"@id":"https:\/\/librairie7l.com\/en\/#\/schema\/logo\/image\/"}}]}},"_links":{"self":[{"href":"https:\/\/librairie7l.com\/en\/wp-json\/wp\/v2\/product\/27723"}],"collection":[{"href":"https:\/\/librairie7l.com\/en\/wp-json\/wp\/v2\/product"}],"about":[{"href":"https:\/\/librairie7l.com\/en\/wp-json\/wp\/v2\/types\/product"}],"wp:featuredmedia":[{"embeddable":true,"href":"https:\/\/librairie7l.com\/en\/wp-json\/wp\/v2\/media\/27721"}],"wp:attachment":[{"href":"https:\/\/librairie7l.com\/en\/wp-json\/wp\/v2\/media?parent=27723"}],"wp:term":[{"taxonomy":"product_cat","embeddable":true,"href":"https:\/\/librairie7l.com\/en\/wp-json\/wp\/v2\/product_cat?post=27723"},{"taxonomy":"product_tag","embeddable":true,"href":"https:\/\/librairie7l.com\/en\/wp-json\/wp\/v2\/product_tag?post=27723"}],"curies":[{"name":"wp","href":"https:\/\/api.w.org\/{rel}","templated":true}]}}