{"id":27727,"date":"2023-05-10T13:11:23","date_gmt":"2023-05-10T11:11:23","guid":{"rendered":"https:\/\/librairie7l.com\/?post_type=product&#038;p=27727"},"modified":"2026-04-19T07:15:47","modified_gmt":"2026-04-19T05:15:47","slug":"saul-bass-autopsie-du-design-cinematographique","status":"publish","type":"product","link":"https:\/\/librairie7l.com\/en\/produit\/saul-bass-autopsie-du-design-cinematographique\/","title":{"rendered":"SAUL BASS : AUTOPSIE DU DESIGN CIN\u00c9MATOGRAPHIQUE"},"content":{"rendered":"<p>Le premier ouvrage consacr\u00e9 \u00e0 la vie et \u00e0 l&#8217;oeuvre du graphiste embl\u00e9matique du cin\u00e9ma am\u00e9ricain et r\u00e9alisateur oscaris\u00e9 Saul Bass (1920-1996).<br \/>\nSaul Bass a d\u00e9fini une \u00e8re novatrice du cin\u00e9ma. Ses s\u00e9quences de titre pour des films tels que Anatomie d&#8217;un meurtre (1959) d&#8217;Otto Preminger, Vertigo (1958) et La Mort aux trousses (1959) d&#8217;Alfred Hitchcock, ont introduit l&#8217;id\u00e9e que les g\u00e9n\u00e9riques pouvaient raconter une histoire, en cr\u00e9ant l&#8217;ambiance du film qui allait suivre. L&#8217;influence stylistique de Bass est visible dans les franchises hollywoodiennes populaires, de La Panth\u00e8re rose \u00e0 James Bond, ainsi que dans des oeuvres plus contemporaines telles que Catch Me If You Can (2002) de Steven Spielberg et Mad Men \u00e0 la t\u00e9l\u00e9vision.<br \/>\nPremier ouvrage \u00e0 se pencher sur la vie et l&#8217;oeuvre de ce personnage fascinant, Saul Bass. Autopsie du design cin\u00e9matographique explore la carri\u00e8re r\u00e9volutionnaire du designer et son impact durable sur les industries du divertissement et de la publicit\u00e9. Jan-Christopher Horak retrace la carri\u00e8re de Bass depuis ses humbles d\u00e9buts d&#8217;artiste autodidacte jusqu&#8217;\u00e0 son apog\u00e9e professionnelle, lorsque des r\u00e9alisateurs comme Stanley Kubrick ou Martin Scorsese ont fait appel \u00e0 lui comme collaborateur. Il explique \u00e9galement comment Bass a int\u00e9gr\u00e9 dans son travail des concepts esth\u00e9tiques emprunt\u00e9s \u00e0 l&#8217;art moderne, en les pr\u00e9sentant d&#8217;une mani\u00e8re nouvelle qui les rendait facilement reconnaissables par le public.<br \/>\nCet ouvrage incontrournable, traduit ici pour la premi\u00e8re en fran\u00e7ais, \u00e9claire le processus cr\u00e9atif du ma\u00eetre incontest\u00e9 de la conception de titres de films, un homme dont les talents multidimensionnels et la capacit\u00e9 unique \u00e0 associer le grand art et les imp\u00e9ratifs commerciaux ont profond\u00e9ment influenc\u00e9 des g\u00e9n\u00e9rations de cin\u00e9astes, de concepteurs et de publicitaires.<\/p>\n","protected":false},"excerpt":{"rendered":"<p>Le premier ouvrage consacr\u00e9 \u00e0 la vie et \u00e0 l&#8217;oeuvre du graphiste embl\u00e9matique du cin\u00e9ma am\u00e9ricain et r\u00e9alisateur oscaris\u00e9 Saul Bass (1920-1996). Saul Bass a d\u00e9fini une \u00e8re novatrice du cin\u00e9ma. Ses s\u00e9quences de titre pour des films tels que Anatomie d&#8217;un meurtre (1959) d&#8217;Otto Preminger, Vertigo (1958) et La Mort aux trousses (1959) d&#8217;Alfred [&hellip;]<\/p>\n","protected":false},"featured_media":27725,"template":"","meta":[],"product_cat":[55,2948,2958,17],"product_tag":[],"acf":[],"yoast_head":"<!-- This site is optimized with the Yoast SEO plugin v20.11 - https:\/\/yoast.com\/wordpress\/plugins\/seo\/ -->\n<title>SAUL BASS : AUTOPSIE DU DESIGN CIN\u00c9MATOGRAPHIQUE - Librairie 7L<\/title>\n<meta name=\"robots\" content=\"index, follow, max-snippet:-1, max-image-preview:large, max-video-preview:-1\" \/>\n<link rel=\"canonical\" href=\"https:\/\/librairie7l.com\/en\/produit\/saul-bass-autopsie-du-design-cinematographique\/\" \/>\n<meta property=\"og:locale\" content=\"en_US\" \/>\n<meta property=\"og:type\" content=\"article\" \/>\n<meta property=\"og:title\" content=\"SAUL BASS : AUTOPSIE DU DESIGN CIN\u00c9MATOGRAPHIQUE - Librairie 7L\" \/>\n<meta property=\"og:description\" content=\"Le premier ouvrage consacr\u00e9 \u00e0 la vie et \u00e0 l&#8217;oeuvre du graphiste embl\u00e9matique du cin\u00e9ma am\u00e9ricain et r\u00e9alisateur oscaris\u00e9 Saul Bass (1920-1996). Saul Bass a d\u00e9fini une \u00e8re novatrice du cin\u00e9ma. Ses s\u00e9quences de titre pour des films tels que Anatomie d&#8217;un meurtre (1959) d&#8217;Otto Preminger, Vertigo (1958) et La Mort aux trousses (1959) d&#8217;Alfred [&hellip;]\" \/>\n<meta property=\"og:url\" content=\"https:\/\/librairie7l.com\/en\/produit\/saul-bass-autopsie-du-design-cinematographique\/\" \/>\n<meta property=\"og:site_name\" content=\"Librairie 7L\" \/>\n<meta property=\"article:modified_time\" content=\"2026-04-19T05:15:47+00:00\" \/>\n<meta property=\"og:image\" content=\"https:\/\/librairie7l.com\/wp-content\/uploads\/2022\/05\/9782378960100_1_75.jpg\" \/>\n\t<meta property=\"og:image:width\" content=\"600\" \/>\n\t<meta property=\"og:image:height\" content=\"850\" \/>\n\t<meta property=\"og:image:type\" content=\"image\/jpeg\" \/>\n<meta name=\"twitter:card\" content=\"summary_large_image\" \/>\n<meta name=\"twitter:label1\" content=\"Est. reading time\" \/>\n\t<meta name=\"twitter:data1\" content=\"1 minute\" \/>\n<script type=\"application\/ld+json\" class=\"yoast-schema-graph\">{\"@context\":\"https:\/\/schema.org\",\"@graph\":[{\"@type\":\"WebPage\",\"@id\":\"https:\/\/librairie7l.com\/en\/produit\/saul-bass-autopsie-du-design-cinematographique\/\",\"url\":\"https:\/\/librairie7l.com\/en\/produit\/saul-bass-autopsie-du-design-cinematographique\/\",\"name\":\"SAUL BASS : AUTOPSIE DU DESIGN CIN\u00c9MATOGRAPHIQUE - Librairie 7L\",\"isPartOf\":{\"@id\":\"https:\/\/librairie7l.com\/en\/#website\"},\"datePublished\":\"2023-05-10T11:11:23+00:00\",\"dateModified\":\"2026-04-19T05:15:47+00:00\",\"breadcrumb\":{\"@id\":\"https:\/\/librairie7l.com\/en\/produit\/saul-bass-autopsie-du-design-cinematographique\/#breadcrumb\"},\"inLanguage\":\"en-US\",\"potentialAction\":[{\"@type\":\"ReadAction\",\"target\":[\"https:\/\/librairie7l.com\/en\/produit\/saul-bass-autopsie-du-design-cinematographique\/\"]}]},{\"@type\":\"BreadcrumbList\",\"@id\":\"https:\/\/librairie7l.com\/en\/produit\/saul-bass-autopsie-du-design-cinematographique\/#breadcrumb\",\"itemListElement\":[{\"@type\":\"ListItem\",\"position\":1,\"name\":\"Accueil\",\"item\":\"https:\/\/librairie7l.com\/en\/\"},{\"@type\":\"ListItem\",\"position\":2,\"name\":\"Shop\",\"item\":\"https:\/\/librairie7l.com\/en\/shop\/\"},{\"@type\":\"ListItem\",\"position\":3,\"name\":\"SAUL BASS : AUTOPSIE DU DESIGN CIN\u00c9MATOGRAPHIQUE\"}]},{\"@type\":\"WebSite\",\"@id\":\"https:\/\/librairie7l.com\/en\/#website\",\"url\":\"https:\/\/librairie7l.com\/en\/\",\"name\":\"Librairie 7L\",\"description\":\"Librairie fond\u00e9e en 1999 par Karl Lagerfeld \u00e0 Paris\",\"publisher\":{\"@id\":\"https:\/\/librairie7l.com\/en\/#organization\"},\"potentialAction\":[{\"@type\":\"SearchAction\",\"target\":{\"@type\":\"EntryPoint\",\"urlTemplate\":\"https:\/\/librairie7l.com\/en\/?s={search_term_string}\"},\"query-input\":\"required name=search_term_string\"}],\"inLanguage\":\"en-US\"},{\"@type\":\"Organization\",\"@id\":\"https:\/\/librairie7l.com\/en\/#organization\",\"name\":\"Librairie 7L\",\"url\":\"https:\/\/librairie7l.com\/en\/\",\"logo\":{\"@type\":\"ImageObject\",\"inLanguage\":\"en-US\",\"@id\":\"https:\/\/librairie7l.com\/en\/#\/schema\/logo\/image\/\",\"url\":\"https:\/\/librairie7l.com\/wp-content\/uploads\/2022\/08\/logo-1.png\",\"contentUrl\":\"https:\/\/librairie7l.com\/wp-content\/uploads\/2022\/08\/logo-1.png\",\"width\":227,\"height\":301,\"caption\":\"Librairie 7L\"},\"image\":{\"@id\":\"https:\/\/librairie7l.com\/en\/#\/schema\/logo\/image\/\"}}]}<\/script>\n<!-- \/ Yoast SEO plugin. -->","yoast_head_json":{"title":"SAUL BASS : AUTOPSIE DU DESIGN CIN\u00c9MATOGRAPHIQUE - Librairie 7L","robots":{"index":"index","follow":"follow","max-snippet":"max-snippet:-1","max-image-preview":"max-image-preview:large","max-video-preview":"max-video-preview:-1"},"canonical":"https:\/\/librairie7l.com\/en\/produit\/saul-bass-autopsie-du-design-cinematographique\/","og_locale":"en_US","og_type":"article","og_title":"SAUL BASS : AUTOPSIE DU DESIGN CIN\u00c9MATOGRAPHIQUE - Librairie 7L","og_description":"Le premier ouvrage consacr\u00e9 \u00e0 la vie et \u00e0 l&#8217;oeuvre du graphiste embl\u00e9matique du cin\u00e9ma am\u00e9ricain et r\u00e9alisateur oscaris\u00e9 Saul Bass (1920-1996). Saul Bass a d\u00e9fini une \u00e8re novatrice du cin\u00e9ma. Ses s\u00e9quences de titre pour des films tels que Anatomie d&#8217;un meurtre (1959) d&#8217;Otto Preminger, Vertigo (1958) et La Mort aux trousses (1959) d&#8217;Alfred [&hellip;]","og_url":"https:\/\/librairie7l.com\/en\/produit\/saul-bass-autopsie-du-design-cinematographique\/","og_site_name":"Librairie 7L","article_modified_time":"2026-04-19T05:15:47+00:00","og_image":[{"width":600,"height":850,"url":"https:\/\/librairie7l.com\/wp-content\/uploads\/2022\/05\/9782378960100_1_75.jpg","type":"image\/jpeg"}],"twitter_card":"summary_large_image","twitter_misc":{"Est. reading time":"1 minute"},"schema":{"@context":"https:\/\/schema.org","@graph":[{"@type":"WebPage","@id":"https:\/\/librairie7l.com\/en\/produit\/saul-bass-autopsie-du-design-cinematographique\/","url":"https:\/\/librairie7l.com\/en\/produit\/saul-bass-autopsie-du-design-cinematographique\/","name":"SAUL BASS : AUTOPSIE DU DESIGN CIN\u00c9MATOGRAPHIQUE - Librairie 7L","isPartOf":{"@id":"https:\/\/librairie7l.com\/en\/#website"},"datePublished":"2023-05-10T11:11:23+00:00","dateModified":"2026-04-19T05:15:47+00:00","breadcrumb":{"@id":"https:\/\/librairie7l.com\/en\/produit\/saul-bass-autopsie-du-design-cinematographique\/#breadcrumb"},"inLanguage":"en-US","potentialAction":[{"@type":"ReadAction","target":["https:\/\/librairie7l.com\/en\/produit\/saul-bass-autopsie-du-design-cinematographique\/"]}]},{"@type":"BreadcrumbList","@id":"https:\/\/librairie7l.com\/en\/produit\/saul-bass-autopsie-du-design-cinematographique\/#breadcrumb","itemListElement":[{"@type":"ListItem","position":1,"name":"Accueil","item":"https:\/\/librairie7l.com\/en\/"},{"@type":"ListItem","position":2,"name":"Shop","item":"https:\/\/librairie7l.com\/en\/shop\/"},{"@type":"ListItem","position":3,"name":"SAUL BASS : AUTOPSIE DU DESIGN CIN\u00c9MATOGRAPHIQUE"}]},{"@type":"WebSite","@id":"https:\/\/librairie7l.com\/en\/#website","url":"https:\/\/librairie7l.com\/en\/","name":"Librairie 7L","description":"Librairie fond\u00e9e en 1999 par Karl Lagerfeld \u00e0 Paris","publisher":{"@id":"https:\/\/librairie7l.com\/en\/#organization"},"potentialAction":[{"@type":"SearchAction","target":{"@type":"EntryPoint","urlTemplate":"https:\/\/librairie7l.com\/en\/?s={search_term_string}"},"query-input":"required name=search_term_string"}],"inLanguage":"en-US"},{"@type":"Organization","@id":"https:\/\/librairie7l.com\/en\/#organization","name":"Librairie 7L","url":"https:\/\/librairie7l.com\/en\/","logo":{"@type":"ImageObject","inLanguage":"en-US","@id":"https:\/\/librairie7l.com\/en\/#\/schema\/logo\/image\/","url":"https:\/\/librairie7l.com\/wp-content\/uploads\/2022\/08\/logo-1.png","contentUrl":"https:\/\/librairie7l.com\/wp-content\/uploads\/2022\/08\/logo-1.png","width":227,"height":301,"caption":"Librairie 7L"},"image":{"@id":"https:\/\/librairie7l.com\/en\/#\/schema\/logo\/image\/"}}]}},"_links":{"self":[{"href":"https:\/\/librairie7l.com\/en\/wp-json\/wp\/v2\/product\/27727"}],"collection":[{"href":"https:\/\/librairie7l.com\/en\/wp-json\/wp\/v2\/product"}],"about":[{"href":"https:\/\/librairie7l.com\/en\/wp-json\/wp\/v2\/types\/product"}],"wp:featuredmedia":[{"embeddable":true,"href":"https:\/\/librairie7l.com\/en\/wp-json\/wp\/v2\/media\/27725"}],"wp:attachment":[{"href":"https:\/\/librairie7l.com\/en\/wp-json\/wp\/v2\/media?parent=27727"}],"wp:term":[{"taxonomy":"product_cat","embeddable":true,"href":"https:\/\/librairie7l.com\/en\/wp-json\/wp\/v2\/product_cat?post=27727"},{"taxonomy":"product_tag","embeddable":true,"href":"https:\/\/librairie7l.com\/en\/wp-json\/wp\/v2\/product_tag?post=27727"}],"curies":[{"name":"wp","href":"https:\/\/api.w.org\/{rel}","templated":true}]}}