{"id":27731,"date":"2023-05-10T13:11:28","date_gmt":"2023-05-10T11:11:28","guid":{"rendered":"https:\/\/librairie7l.com\/?post_type=product&#038;p=27731"},"modified":"2026-04-07T06:13:01","modified_gmt":"2026-04-07T04:13:01","slug":"carpet-society-codimat-une-histoire-du-sol-decoratif-2","status":"publish","type":"product","link":"https:\/\/librairie7l.com\/en\/produit\/carpet-society-codimat-une-histoire-du-sol-decoratif-2\/","title":{"rendered":"CARPET SOCIETY : CODIMAT, UNE HISTOIRE DU SOL D\u00c9CORATIF"},"content":{"rendered":"<p>Codimat ? Un dr\u00f4le de nom ! Un acronyme en fait, celui de Comptoir de distribution des manufactures de tapis. Une adresse qui s&#8217;\u00e9change comme un secret depuis 1953 dans le monde feutr\u00e9 des grands d\u00e9corateurs et de leurs discrets clients. Un club, celui des passionn\u00e9s d&#8217;arts d\u00e9coratifs qui ont compris que l&#8217;\u00e9quilibre et la r\u00e9ussite de tout un d\u00e9cor passent avant tout par le sol. Commencer par le sol, voil\u00e0 l&#8217;une des recettes des grands d\u00e9corateurs, de Madeleine Castaing \u00e0 Jacques Grange. Carpet Society rend hommage \u00e0 leur travail et l\u00e8ve pour la premi\u00e8re fois le voile sur leur passionnant m\u00e9tier : concr\u00e9tiser leurs r\u00eaves.<\/p>\n","protected":false},"excerpt":{"rendered":"<p>Codimat ? Un dr\u00f4le de nom ! Un acronyme en fait, celui de Comptoir de distribution des manufactures de tapis. Une adresse qui s&#8217;\u00e9change comme un secret depuis 1953 dans le monde feutr\u00e9 des grands d\u00e9corateurs et de leurs discrets clients. Un club, celui des passionn\u00e9s d&#8217;arts d\u00e9coratifs qui ont compris que l&#8217;\u00e9quilibre et la [&hellip;]<\/p>\n","protected":false},"featured_media":27729,"template":"","meta":[],"product_cat":[55,2948,46,2951],"product_tag":[],"acf":[],"yoast_head":"<!-- This site is optimized with the Yoast SEO plugin v20.11 - https:\/\/yoast.com\/wordpress\/plugins\/seo\/ -->\n<title>CARPET SOCIETY : CODIMAT, UNE HISTOIRE DU SOL D\u00c9CORATIF - Librairie 7L<\/title>\n<meta name=\"robots\" content=\"index, follow, max-snippet:-1, max-image-preview:large, max-video-preview:-1\" \/>\n<link rel=\"canonical\" href=\"https:\/\/librairie7l.com\/en\/produit\/carpet-society-codimat-une-histoire-du-sol-decoratif-2\/\" \/>\n<meta property=\"og:locale\" content=\"en_US\" \/>\n<meta property=\"og:type\" content=\"article\" \/>\n<meta property=\"og:title\" content=\"CARPET SOCIETY : CODIMAT, UNE HISTOIRE DU SOL D\u00c9CORATIF - Librairie 7L\" \/>\n<meta property=\"og:description\" content=\"Codimat ? Un dr\u00f4le de nom ! Un acronyme en fait, celui de Comptoir de distribution des manufactures de tapis. Une adresse qui s&#8217;\u00e9change comme un secret depuis 1953 dans le monde feutr\u00e9 des grands d\u00e9corateurs et de leurs discrets clients. Un club, celui des passionn\u00e9s d&#8217;arts d\u00e9coratifs qui ont compris que l&#8217;\u00e9quilibre et la [&hellip;]\" \/>\n<meta property=\"og:url\" content=\"https:\/\/librairie7l.com\/en\/produit\/carpet-society-codimat-une-histoire-du-sol-decoratif-2\/\" \/>\n<meta property=\"og:site_name\" content=\"Librairie 7L\" \/>\n<meta property=\"article:modified_time\" content=\"2026-04-07T04:13:01+00:00\" \/>\n<meta property=\"og:image\" content=\"https:\/\/librairie7l.com\/wp-content\/uploads\/2020\/12\/9791021032248_1_75.jpg\" \/>\n\t<meta property=\"og:image:width\" content=\"600\" \/>\n\t<meta property=\"og:image:height\" content=\"800\" \/>\n\t<meta property=\"og:image:type\" content=\"image\/jpeg\" \/>\n<meta name=\"twitter:card\" content=\"summary_large_image\" \/>\n<meta name=\"twitter:label1\" content=\"Est. reading time\" \/>\n\t<meta name=\"twitter:data1\" content=\"1 minute\" \/>\n<script type=\"application\/ld+json\" class=\"yoast-schema-graph\">{\"@context\":\"https:\/\/schema.org\",\"@graph\":[{\"@type\":\"WebPage\",\"@id\":\"https:\/\/librairie7l.com\/en\/produit\/carpet-society-codimat-une-histoire-du-sol-decoratif-2\/\",\"url\":\"https:\/\/librairie7l.com\/en\/produit\/carpet-society-codimat-une-histoire-du-sol-decoratif-2\/\",\"name\":\"CARPET SOCIETY : CODIMAT, UNE HISTOIRE DU SOL D\u00c9CORATIF - Librairie 7L\",\"isPartOf\":{\"@id\":\"https:\/\/librairie7l.com\/en\/#website\"},\"datePublished\":\"2023-05-10T11:11:28+00:00\",\"dateModified\":\"2026-04-07T04:13:01+00:00\",\"breadcrumb\":{\"@id\":\"https:\/\/librairie7l.com\/en\/produit\/carpet-society-codimat-une-histoire-du-sol-decoratif-2\/#breadcrumb\"},\"inLanguage\":\"en-US\",\"potentialAction\":[{\"@type\":\"ReadAction\",\"target\":[\"https:\/\/librairie7l.com\/en\/produit\/carpet-society-codimat-une-histoire-du-sol-decoratif-2\/\"]}]},{\"@type\":\"BreadcrumbList\",\"@id\":\"https:\/\/librairie7l.com\/en\/produit\/carpet-society-codimat-une-histoire-du-sol-decoratif-2\/#breadcrumb\",\"itemListElement\":[{\"@type\":\"ListItem\",\"position\":1,\"name\":\"Accueil\",\"item\":\"https:\/\/librairie7l.com\/en\/\"},{\"@type\":\"ListItem\",\"position\":2,\"name\":\"Shop\",\"item\":\"https:\/\/librairie7l.com\/en\/shop\/\"},{\"@type\":\"ListItem\",\"position\":3,\"name\":\"CARPET SOCIETY : CODIMAT, UNE HISTOIRE DU SOL D\u00c9CORATIF\"}]},{\"@type\":\"WebSite\",\"@id\":\"https:\/\/librairie7l.com\/en\/#website\",\"url\":\"https:\/\/librairie7l.com\/en\/\",\"name\":\"Librairie 7L\",\"description\":\"Librairie fond\u00e9e en 1999 par Karl Lagerfeld \u00e0 Paris\",\"publisher\":{\"@id\":\"https:\/\/librairie7l.com\/en\/#organization\"},\"potentialAction\":[{\"@type\":\"SearchAction\",\"target\":{\"@type\":\"EntryPoint\",\"urlTemplate\":\"https:\/\/librairie7l.com\/en\/?s={search_term_string}\"},\"query-input\":\"required name=search_term_string\"}],\"inLanguage\":\"en-US\"},{\"@type\":\"Organization\",\"@id\":\"https:\/\/librairie7l.com\/en\/#organization\",\"name\":\"Librairie 7L\",\"url\":\"https:\/\/librairie7l.com\/en\/\",\"logo\":{\"@type\":\"ImageObject\",\"inLanguage\":\"en-US\",\"@id\":\"https:\/\/librairie7l.com\/en\/#\/schema\/logo\/image\/\",\"url\":\"https:\/\/librairie7l.com\/wp-content\/uploads\/2022\/08\/logo-1.png\",\"contentUrl\":\"https:\/\/librairie7l.com\/wp-content\/uploads\/2022\/08\/logo-1.png\",\"width\":227,\"height\":301,\"caption\":\"Librairie 7L\"},\"image\":{\"@id\":\"https:\/\/librairie7l.com\/en\/#\/schema\/logo\/image\/\"}}]}<\/script>\n<!-- \/ Yoast SEO plugin. -->","yoast_head_json":{"title":"CARPET SOCIETY : CODIMAT, UNE HISTOIRE DU SOL D\u00c9CORATIF - Librairie 7L","robots":{"index":"index","follow":"follow","max-snippet":"max-snippet:-1","max-image-preview":"max-image-preview:large","max-video-preview":"max-video-preview:-1"},"canonical":"https:\/\/librairie7l.com\/en\/produit\/carpet-society-codimat-une-histoire-du-sol-decoratif-2\/","og_locale":"en_US","og_type":"article","og_title":"CARPET SOCIETY : CODIMAT, UNE HISTOIRE DU SOL D\u00c9CORATIF - Librairie 7L","og_description":"Codimat ? Un dr\u00f4le de nom ! Un acronyme en fait, celui de Comptoir de distribution des manufactures de tapis. Une adresse qui s&#8217;\u00e9change comme un secret depuis 1953 dans le monde feutr\u00e9 des grands d\u00e9corateurs et de leurs discrets clients. Un club, celui des passionn\u00e9s d&#8217;arts d\u00e9coratifs qui ont compris que l&#8217;\u00e9quilibre et la [&hellip;]","og_url":"https:\/\/librairie7l.com\/en\/produit\/carpet-society-codimat-une-histoire-du-sol-decoratif-2\/","og_site_name":"Librairie 7L","article_modified_time":"2026-04-07T04:13:01+00:00","og_image":[{"width":600,"height":800,"url":"https:\/\/librairie7l.com\/wp-content\/uploads\/2020\/12\/9791021032248_1_75.jpg","type":"image\/jpeg"}],"twitter_card":"summary_large_image","twitter_misc":{"Est. reading time":"1 minute"},"schema":{"@context":"https:\/\/schema.org","@graph":[{"@type":"WebPage","@id":"https:\/\/librairie7l.com\/en\/produit\/carpet-society-codimat-une-histoire-du-sol-decoratif-2\/","url":"https:\/\/librairie7l.com\/en\/produit\/carpet-society-codimat-une-histoire-du-sol-decoratif-2\/","name":"CARPET SOCIETY : CODIMAT, UNE HISTOIRE DU SOL D\u00c9CORATIF - Librairie 7L","isPartOf":{"@id":"https:\/\/librairie7l.com\/en\/#website"},"datePublished":"2023-05-10T11:11:28+00:00","dateModified":"2026-04-07T04:13:01+00:00","breadcrumb":{"@id":"https:\/\/librairie7l.com\/en\/produit\/carpet-society-codimat-une-histoire-du-sol-decoratif-2\/#breadcrumb"},"inLanguage":"en-US","potentialAction":[{"@type":"ReadAction","target":["https:\/\/librairie7l.com\/en\/produit\/carpet-society-codimat-une-histoire-du-sol-decoratif-2\/"]}]},{"@type":"BreadcrumbList","@id":"https:\/\/librairie7l.com\/en\/produit\/carpet-society-codimat-une-histoire-du-sol-decoratif-2\/#breadcrumb","itemListElement":[{"@type":"ListItem","position":1,"name":"Accueil","item":"https:\/\/librairie7l.com\/en\/"},{"@type":"ListItem","position":2,"name":"Shop","item":"https:\/\/librairie7l.com\/en\/shop\/"},{"@type":"ListItem","position":3,"name":"CARPET SOCIETY : CODIMAT, UNE HISTOIRE DU SOL D\u00c9CORATIF"}]},{"@type":"WebSite","@id":"https:\/\/librairie7l.com\/en\/#website","url":"https:\/\/librairie7l.com\/en\/","name":"Librairie 7L","description":"Librairie fond\u00e9e en 1999 par Karl Lagerfeld \u00e0 Paris","publisher":{"@id":"https:\/\/librairie7l.com\/en\/#organization"},"potentialAction":[{"@type":"SearchAction","target":{"@type":"EntryPoint","urlTemplate":"https:\/\/librairie7l.com\/en\/?s={search_term_string}"},"query-input":"required name=search_term_string"}],"inLanguage":"en-US"},{"@type":"Organization","@id":"https:\/\/librairie7l.com\/en\/#organization","name":"Librairie 7L","url":"https:\/\/librairie7l.com\/en\/","logo":{"@type":"ImageObject","inLanguage":"en-US","@id":"https:\/\/librairie7l.com\/en\/#\/schema\/logo\/image\/","url":"https:\/\/librairie7l.com\/wp-content\/uploads\/2022\/08\/logo-1.png","contentUrl":"https:\/\/librairie7l.com\/wp-content\/uploads\/2022\/08\/logo-1.png","width":227,"height":301,"caption":"Librairie 7L"},"image":{"@id":"https:\/\/librairie7l.com\/en\/#\/schema\/logo\/image\/"}}]}},"_links":{"self":[{"href":"https:\/\/librairie7l.com\/en\/wp-json\/wp\/v2\/product\/27731"}],"collection":[{"href":"https:\/\/librairie7l.com\/en\/wp-json\/wp\/v2\/product"}],"about":[{"href":"https:\/\/librairie7l.com\/en\/wp-json\/wp\/v2\/types\/product"}],"wp:featuredmedia":[{"embeddable":true,"href":"https:\/\/librairie7l.com\/en\/wp-json\/wp\/v2\/media\/27729"}],"wp:attachment":[{"href":"https:\/\/librairie7l.com\/en\/wp-json\/wp\/v2\/media?parent=27731"}],"wp:term":[{"taxonomy":"product_cat","embeddable":true,"href":"https:\/\/librairie7l.com\/en\/wp-json\/wp\/v2\/product_cat?post=27731"},{"taxonomy":"product_tag","embeddable":true,"href":"https:\/\/librairie7l.com\/en\/wp-json\/wp\/v2\/product_tag?post=27731"}],"curies":[{"name":"wp","href":"https:\/\/api.w.org\/{rel}","templated":true}]}}