{"id":27739,"date":"2023-05-10T13:11:44","date_gmt":"2023-05-10T11:11:44","guid":{"rendered":"https:\/\/librairie7l.com\/?post_type=product&#038;p=27739"},"modified":"2026-04-18T12:06:43","modified_gmt":"2026-04-18T10:06:43","slug":"vies-tranquilles-natures-mortes-photographiques","status":"publish","type":"product","link":"https:\/\/librairie7l.com\/en\/produit\/vies-tranquilles-natures-mortes-photographiques\/","title":{"rendered":"VIES TRANQUILLES : NATURES MORTES PHOTOGRAPHIQUES"},"content":{"rendered":"<p>Puisant son inspiration dans la nature morte espagnole des XVIe et XVIIe si\u00e8cles (Sanchez Cot\u00e1n en est un repr\u00e9sentant), mais aussi, parmi tant d&#8217;autres, dans les oeuvres de Chardin ou encore de Morandi, l&#8217;artiste contemporaine Carol Descordes propose avec \u00ab Vies tranquilles \u00bb une s\u00e9rie de photographies de natures mortes r\u00e9alis\u00e9es dans son studio au coeur du Perche. C&#8217;est ici qu&#8217;elle rassemble de tr\u00e8s nombreux objets patiemment chin\u00e9s, mis en valeur dans des compositions tour \u00e0 tour \u00e9toff\u00e9es, \u00e9voquant les vanit\u00e9s du XVIIe si\u00e8cle, ou tr\u00e8s sobres, voire d\u00e9pouill\u00e9es. Toutes, notamment gr\u00e2ce \u00e0 une lumi\u00e8re dirig\u00e9e et douce, brouillent r\u00e9solument les fronti\u00e8res entre peinture et photographie.<br \/>\nDans cet ouvrage, les oeuvres de Carol Descordes sont mises en regard de textes du XVe, XVIIe et XVIIIe si\u00e8cles, reproduits dans leur orthographe originelle. Le relatif herm\u00e9tisme qui ne manque pas d&#8217;en d\u00e9couler induit \u00e9galement une certaine po\u00e9sie, qui r\u00e9pond \u00e0 celle des photographies.<\/p>\n","protected":false},"excerpt":{"rendered":"<p>Puisant son inspiration dans la nature morte espagnole des XVIe et XVIIe si\u00e8cles (Sanchez Cot\u00e1n en est un repr\u00e9sentant), mais aussi, parmi tant d&#8217;autres, dans les oeuvres de Chardin ou encore de Morandi, l&#8217;artiste contemporaine Carol Descordes propose avec \u00ab Vies tranquilles \u00bb une s\u00e9rie de photographies de natures mortes r\u00e9alis\u00e9es dans son studio au [&hellip;]<\/p>\n","protected":false},"featured_media":27737,"template":"","meta":[],"product_cat":[55,2948,2958,17],"product_tag":[],"acf":[],"yoast_head":"<!-- This site is optimized with the Yoast SEO plugin v20.11 - https:\/\/yoast.com\/wordpress\/plugins\/seo\/ -->\n<title>VIES TRANQUILLES : NATURES MORTES PHOTOGRAPHIQUES - Librairie 7L<\/title>\n<meta name=\"robots\" content=\"index, follow, max-snippet:-1, max-image-preview:large, max-video-preview:-1\" \/>\n<link rel=\"canonical\" href=\"https:\/\/librairie7l.com\/en\/produit\/vies-tranquilles-natures-mortes-photographiques\/\" \/>\n<meta property=\"og:locale\" content=\"en_US\" \/>\n<meta property=\"og:type\" content=\"article\" \/>\n<meta property=\"og:title\" content=\"VIES TRANQUILLES : NATURES MORTES PHOTOGRAPHIQUES - Librairie 7L\" \/>\n<meta property=\"og:description\" content=\"Puisant son inspiration dans la nature morte espagnole des XVIe et XVIIe si\u00e8cles (Sanchez Cot\u00e1n en est un repr\u00e9sentant), mais aussi, parmi tant d&#8217;autres, dans les oeuvres de Chardin ou encore de Morandi, l&#8217;artiste contemporaine Carol Descordes propose avec \u00ab Vies tranquilles \u00bb une s\u00e9rie de photographies de natures mortes r\u00e9alis\u00e9es dans son studio au [&hellip;]\" \/>\n<meta property=\"og:url\" content=\"https:\/\/librairie7l.com\/en\/produit\/vies-tranquilles-natures-mortes-photographiques\/\" \/>\n<meta property=\"og:site_name\" content=\"Librairie 7L\" \/>\n<meta property=\"article:modified_time\" content=\"2026-04-18T10:06:43+00:00\" \/>\n<meta property=\"og:image\" content=\"https:\/\/librairie7l.com\/wp-content\/uploads\/2022\/02\/9788412443998_1_75.jpg\" \/>\n\t<meta property=\"og:image:width\" content=\"400\" \/>\n\t<meta property=\"og:image:height\" content=\"455\" \/>\n\t<meta property=\"og:image:type\" content=\"image\/jpeg\" \/>\n<meta name=\"twitter:card\" content=\"summary_large_image\" \/>\n<meta name=\"twitter:label1\" content=\"Est. reading time\" \/>\n\t<meta name=\"twitter:data1\" content=\"1 minute\" \/>\n<script type=\"application\/ld+json\" class=\"yoast-schema-graph\">{\"@context\":\"https:\/\/schema.org\",\"@graph\":[{\"@type\":\"WebPage\",\"@id\":\"https:\/\/librairie7l.com\/en\/produit\/vies-tranquilles-natures-mortes-photographiques\/\",\"url\":\"https:\/\/librairie7l.com\/en\/produit\/vies-tranquilles-natures-mortes-photographiques\/\",\"name\":\"VIES TRANQUILLES : NATURES MORTES PHOTOGRAPHIQUES - Librairie 7L\",\"isPartOf\":{\"@id\":\"https:\/\/librairie7l.com\/en\/#website\"},\"datePublished\":\"2023-05-10T11:11:44+00:00\",\"dateModified\":\"2026-04-18T10:06:43+00:00\",\"breadcrumb\":{\"@id\":\"https:\/\/librairie7l.com\/en\/produit\/vies-tranquilles-natures-mortes-photographiques\/#breadcrumb\"},\"inLanguage\":\"en-US\",\"potentialAction\":[{\"@type\":\"ReadAction\",\"target\":[\"https:\/\/librairie7l.com\/en\/produit\/vies-tranquilles-natures-mortes-photographiques\/\"]}]},{\"@type\":\"BreadcrumbList\",\"@id\":\"https:\/\/librairie7l.com\/en\/produit\/vies-tranquilles-natures-mortes-photographiques\/#breadcrumb\",\"itemListElement\":[{\"@type\":\"ListItem\",\"position\":1,\"name\":\"Accueil\",\"item\":\"https:\/\/librairie7l.com\/en\/\"},{\"@type\":\"ListItem\",\"position\":2,\"name\":\"Shop\",\"item\":\"https:\/\/librairie7l.com\/en\/shop\/\"},{\"@type\":\"ListItem\",\"position\":3,\"name\":\"VIES TRANQUILLES : NATURES MORTES PHOTOGRAPHIQUES\"}]},{\"@type\":\"WebSite\",\"@id\":\"https:\/\/librairie7l.com\/en\/#website\",\"url\":\"https:\/\/librairie7l.com\/en\/\",\"name\":\"Librairie 7L\",\"description\":\"Librairie fond\u00e9e en 1999 par Karl Lagerfeld \u00e0 Paris\",\"publisher\":{\"@id\":\"https:\/\/librairie7l.com\/en\/#organization\"},\"potentialAction\":[{\"@type\":\"SearchAction\",\"target\":{\"@type\":\"EntryPoint\",\"urlTemplate\":\"https:\/\/librairie7l.com\/en\/?s={search_term_string}\"},\"query-input\":\"required name=search_term_string\"}],\"inLanguage\":\"en-US\"},{\"@type\":\"Organization\",\"@id\":\"https:\/\/librairie7l.com\/en\/#organization\",\"name\":\"Librairie 7L\",\"url\":\"https:\/\/librairie7l.com\/en\/\",\"logo\":{\"@type\":\"ImageObject\",\"inLanguage\":\"en-US\",\"@id\":\"https:\/\/librairie7l.com\/en\/#\/schema\/logo\/image\/\",\"url\":\"https:\/\/librairie7l.com\/wp-content\/uploads\/2022\/08\/logo-1.png\",\"contentUrl\":\"https:\/\/librairie7l.com\/wp-content\/uploads\/2022\/08\/logo-1.png\",\"width\":227,\"height\":301,\"caption\":\"Librairie 7L\"},\"image\":{\"@id\":\"https:\/\/librairie7l.com\/en\/#\/schema\/logo\/image\/\"}}]}<\/script>\n<!-- \/ Yoast SEO plugin. -->","yoast_head_json":{"title":"VIES TRANQUILLES : NATURES MORTES PHOTOGRAPHIQUES - Librairie 7L","robots":{"index":"index","follow":"follow","max-snippet":"max-snippet:-1","max-image-preview":"max-image-preview:large","max-video-preview":"max-video-preview:-1"},"canonical":"https:\/\/librairie7l.com\/en\/produit\/vies-tranquilles-natures-mortes-photographiques\/","og_locale":"en_US","og_type":"article","og_title":"VIES TRANQUILLES : NATURES MORTES PHOTOGRAPHIQUES - Librairie 7L","og_description":"Puisant son inspiration dans la nature morte espagnole des XVIe et XVIIe si\u00e8cles (Sanchez Cot\u00e1n en est un repr\u00e9sentant), mais aussi, parmi tant d&#8217;autres, dans les oeuvres de Chardin ou encore de Morandi, l&#8217;artiste contemporaine Carol Descordes propose avec \u00ab Vies tranquilles \u00bb une s\u00e9rie de photographies de natures mortes r\u00e9alis\u00e9es dans son studio au [&hellip;]","og_url":"https:\/\/librairie7l.com\/en\/produit\/vies-tranquilles-natures-mortes-photographiques\/","og_site_name":"Librairie 7L","article_modified_time":"2026-04-18T10:06:43+00:00","og_image":[{"width":400,"height":455,"url":"https:\/\/librairie7l.com\/wp-content\/uploads\/2022\/02\/9788412443998_1_75.jpg","type":"image\/jpeg"}],"twitter_card":"summary_large_image","twitter_misc":{"Est. reading time":"1 minute"},"schema":{"@context":"https:\/\/schema.org","@graph":[{"@type":"WebPage","@id":"https:\/\/librairie7l.com\/en\/produit\/vies-tranquilles-natures-mortes-photographiques\/","url":"https:\/\/librairie7l.com\/en\/produit\/vies-tranquilles-natures-mortes-photographiques\/","name":"VIES TRANQUILLES : NATURES MORTES PHOTOGRAPHIQUES - Librairie 7L","isPartOf":{"@id":"https:\/\/librairie7l.com\/en\/#website"},"datePublished":"2023-05-10T11:11:44+00:00","dateModified":"2026-04-18T10:06:43+00:00","breadcrumb":{"@id":"https:\/\/librairie7l.com\/en\/produit\/vies-tranquilles-natures-mortes-photographiques\/#breadcrumb"},"inLanguage":"en-US","potentialAction":[{"@type":"ReadAction","target":["https:\/\/librairie7l.com\/en\/produit\/vies-tranquilles-natures-mortes-photographiques\/"]}]},{"@type":"BreadcrumbList","@id":"https:\/\/librairie7l.com\/en\/produit\/vies-tranquilles-natures-mortes-photographiques\/#breadcrumb","itemListElement":[{"@type":"ListItem","position":1,"name":"Accueil","item":"https:\/\/librairie7l.com\/en\/"},{"@type":"ListItem","position":2,"name":"Shop","item":"https:\/\/librairie7l.com\/en\/shop\/"},{"@type":"ListItem","position":3,"name":"VIES TRANQUILLES : NATURES MORTES PHOTOGRAPHIQUES"}]},{"@type":"WebSite","@id":"https:\/\/librairie7l.com\/en\/#website","url":"https:\/\/librairie7l.com\/en\/","name":"Librairie 7L","description":"Librairie fond\u00e9e en 1999 par Karl Lagerfeld \u00e0 Paris","publisher":{"@id":"https:\/\/librairie7l.com\/en\/#organization"},"potentialAction":[{"@type":"SearchAction","target":{"@type":"EntryPoint","urlTemplate":"https:\/\/librairie7l.com\/en\/?s={search_term_string}"},"query-input":"required name=search_term_string"}],"inLanguage":"en-US"},{"@type":"Organization","@id":"https:\/\/librairie7l.com\/en\/#organization","name":"Librairie 7L","url":"https:\/\/librairie7l.com\/en\/","logo":{"@type":"ImageObject","inLanguage":"en-US","@id":"https:\/\/librairie7l.com\/en\/#\/schema\/logo\/image\/","url":"https:\/\/librairie7l.com\/wp-content\/uploads\/2022\/08\/logo-1.png","contentUrl":"https:\/\/librairie7l.com\/wp-content\/uploads\/2022\/08\/logo-1.png","width":227,"height":301,"caption":"Librairie 7L"},"image":{"@id":"https:\/\/librairie7l.com\/en\/#\/schema\/logo\/image\/"}}]}},"_links":{"self":[{"href":"https:\/\/librairie7l.com\/en\/wp-json\/wp\/v2\/product\/27739"}],"collection":[{"href":"https:\/\/librairie7l.com\/en\/wp-json\/wp\/v2\/product"}],"about":[{"href":"https:\/\/librairie7l.com\/en\/wp-json\/wp\/v2\/types\/product"}],"wp:featuredmedia":[{"embeddable":true,"href":"https:\/\/librairie7l.com\/en\/wp-json\/wp\/v2\/media\/27737"}],"wp:attachment":[{"href":"https:\/\/librairie7l.com\/en\/wp-json\/wp\/v2\/media?parent=27739"}],"wp:term":[{"taxonomy":"product_cat","embeddable":true,"href":"https:\/\/librairie7l.com\/en\/wp-json\/wp\/v2\/product_cat?post=27739"},{"taxonomy":"product_tag","embeddable":true,"href":"https:\/\/librairie7l.com\/en\/wp-json\/wp\/v2\/product_tag?post=27739"}],"curies":[{"name":"wp","href":"https:\/\/api.w.org\/{rel}","templated":true}]}}