{"id":27751,"date":"2023-05-10T13:11:53","date_gmt":"2023-05-10T11:11:53","guid":{"rendered":"https:\/\/librairie7l.com\/?post_type=product&#038;p=27751"},"modified":"2026-04-30T01:46:56","modified_gmt":"2026-04-29T23:46:56","slug":"ceci-nest-pas-un-pull-le-tricot-et-le-crochet-dans-lart-contemporain","status":"publish","type":"product","link":"https:\/\/librairie7l.com\/en\/produit\/ceci-nest-pas-un-pull-le-tricot-et-le-crochet-dans-lart-contemporain\/","title":{"rendered":"CECI N&#8217;EST PAS UN PULL ; LE TRICOT ET LE CROCHET DANS L&#8217;ART CONTEMPORAIN"},"content":{"rendered":"<p>V\u00e9ritables artistes, ces hommes et ces femmes ont fait du tricot leur m\u00e9dia privil\u00e9gi\u00e9 pour partager leur fantaisie, leur po\u00e9sie et leurs r\u00eaves.<\/p>\n<p>Tricot \u00e0 tr\u00e8s grande \u00e9chelle, installations po\u00e9tiques, reproduction d&#8217;aliments et d&#8217;objets du quotidien tricot\u00e9s sont quelques unes des pistes choisies. La trentaine d&#8217;artistes s\u00e9lectionn\u00e9e dans cet ouvrage a en commun l&#8217;amour de la laine et une immense originalit\u00e9.<\/p>\n<p>Parcours artistiques, belles r\u00e9ussites et techniques favorites sont ainsi au menu de ces portraits de cr\u00e9ateurs fous de tricot et de crochet !<\/p>\n","protected":false},"excerpt":{"rendered":"<p>V\u00e9ritables artistes, ces hommes et ces femmes ont fait du tricot leur m\u00e9dia privil\u00e9gi\u00e9 pour partager leur fantaisie, leur po\u00e9sie et leurs r\u00eaves. Tricot \u00e0 tr\u00e8s grande \u00e9chelle, installations po\u00e9tiques, reproduction d&#8217;aliments et d&#8217;objets du quotidien tricot\u00e9s sont quelques unes des pistes choisies. La trentaine d&#8217;artistes s\u00e9lectionn\u00e9e dans cet ouvrage a en commun l&#8217;amour de [&hellip;]<\/p>\n","protected":false},"featured_media":27749,"template":"","meta":[],"product_cat":[55,2948,47,2953],"product_tag":[],"acf":[],"yoast_head":"<!-- This site is optimized with the Yoast SEO plugin v20.11 - https:\/\/yoast.com\/wordpress\/plugins\/seo\/ -->\n<title>CECI N&#039;EST PAS UN PULL ; LE TRICOT ET LE CROCHET DANS L&#039;ART CONTEMPORAIN - Librairie 7L<\/title>\n<meta name=\"robots\" content=\"index, follow, max-snippet:-1, max-image-preview:large, max-video-preview:-1\" \/>\n<link rel=\"canonical\" href=\"https:\/\/librairie7l.com\/en\/produit\/ceci-nest-pas-un-pull-le-tricot-et-le-crochet-dans-lart-contemporain\/\" \/>\n<meta property=\"og:locale\" content=\"en_US\" \/>\n<meta property=\"og:type\" content=\"article\" \/>\n<meta property=\"og:title\" content=\"CECI N&#039;EST PAS UN PULL ; LE TRICOT ET LE CROCHET DANS L&#039;ART CONTEMPORAIN - Librairie 7L\" \/>\n<meta property=\"og:description\" content=\"V\u00e9ritables artistes, ces hommes et ces femmes ont fait du tricot leur m\u00e9dia privil\u00e9gi\u00e9 pour partager leur fantaisie, leur po\u00e9sie et leurs r\u00eaves. Tricot \u00e0 tr\u00e8s grande \u00e9chelle, installations po\u00e9tiques, reproduction d&#8217;aliments et d&#8217;objets du quotidien tricot\u00e9s sont quelques unes des pistes choisies. La trentaine d&#8217;artistes s\u00e9lectionn\u00e9e dans cet ouvrage a en commun l&#8217;amour de [&hellip;]\" \/>\n<meta property=\"og:url\" content=\"https:\/\/librairie7l.com\/en\/produit\/ceci-nest-pas-un-pull-le-tricot-et-le-crochet-dans-lart-contemporain\/\" \/>\n<meta property=\"og:site_name\" content=\"Librairie 7L\" \/>\n<meta property=\"article:modified_time\" content=\"2026-04-29T23:46:56+00:00\" \/>\n<meta property=\"og:image\" content=\"https:\/\/librairie7l.com\/wp-content\/uploads\/2017\/04\/9782350174105_1_75.jpg\" \/>\n\t<meta property=\"og:image:width\" content=\"600\" \/>\n\t<meta property=\"og:image:height\" content=\"759\" \/>\n\t<meta property=\"og:image:type\" content=\"image\/jpeg\" \/>\n<meta name=\"twitter:card\" content=\"summary_large_image\" \/>\n<script type=\"application\/ld+json\" class=\"yoast-schema-graph\">{\"@context\":\"https:\/\/schema.org\",\"@graph\":[{\"@type\":\"WebPage\",\"@id\":\"https:\/\/librairie7l.com\/en\/produit\/ceci-nest-pas-un-pull-le-tricot-et-le-crochet-dans-lart-contemporain\/\",\"url\":\"https:\/\/librairie7l.com\/en\/produit\/ceci-nest-pas-un-pull-le-tricot-et-le-crochet-dans-lart-contemporain\/\",\"name\":\"CECI N'EST PAS UN PULL ; LE TRICOT ET LE CROCHET DANS L'ART CONTEMPORAIN - Librairie 7L\",\"isPartOf\":{\"@id\":\"https:\/\/librairie7l.com\/en\/#website\"},\"datePublished\":\"2023-05-10T11:11:53+00:00\",\"dateModified\":\"2026-04-29T23:46:56+00:00\",\"breadcrumb\":{\"@id\":\"https:\/\/librairie7l.com\/en\/produit\/ceci-nest-pas-un-pull-le-tricot-et-le-crochet-dans-lart-contemporain\/#breadcrumb\"},\"inLanguage\":\"en-US\",\"potentialAction\":[{\"@type\":\"ReadAction\",\"target\":[\"https:\/\/librairie7l.com\/en\/produit\/ceci-nest-pas-un-pull-le-tricot-et-le-crochet-dans-lart-contemporain\/\"]}]},{\"@type\":\"BreadcrumbList\",\"@id\":\"https:\/\/librairie7l.com\/en\/produit\/ceci-nest-pas-un-pull-le-tricot-et-le-crochet-dans-lart-contemporain\/#breadcrumb\",\"itemListElement\":[{\"@type\":\"ListItem\",\"position\":1,\"name\":\"Accueil\",\"item\":\"https:\/\/librairie7l.com\/en\/\"},{\"@type\":\"ListItem\",\"position\":2,\"name\":\"Shop\",\"item\":\"https:\/\/librairie7l.com\/en\/shop\/\"},{\"@type\":\"ListItem\",\"position\":3,\"name\":\"CECI N&#8217;EST PAS UN PULL ; LE TRICOT ET LE CROCHET DANS L&#8217;ART CONTEMPORAIN\"}]},{\"@type\":\"WebSite\",\"@id\":\"https:\/\/librairie7l.com\/en\/#website\",\"url\":\"https:\/\/librairie7l.com\/en\/\",\"name\":\"Librairie 7L\",\"description\":\"Librairie fond\u00e9e en 1999 par Karl Lagerfeld \u00e0 Paris\",\"publisher\":{\"@id\":\"https:\/\/librairie7l.com\/en\/#organization\"},\"potentialAction\":[{\"@type\":\"SearchAction\",\"target\":{\"@type\":\"EntryPoint\",\"urlTemplate\":\"https:\/\/librairie7l.com\/en\/?s={search_term_string}\"},\"query-input\":\"required name=search_term_string\"}],\"inLanguage\":\"en-US\"},{\"@type\":\"Organization\",\"@id\":\"https:\/\/librairie7l.com\/en\/#organization\",\"name\":\"Librairie 7L\",\"url\":\"https:\/\/librairie7l.com\/en\/\",\"logo\":{\"@type\":\"ImageObject\",\"inLanguage\":\"en-US\",\"@id\":\"https:\/\/librairie7l.com\/en\/#\/schema\/logo\/image\/\",\"url\":\"https:\/\/librairie7l.com\/wp-content\/uploads\/2022\/08\/logo-1.png\",\"contentUrl\":\"https:\/\/librairie7l.com\/wp-content\/uploads\/2022\/08\/logo-1.png\",\"width\":227,\"height\":301,\"caption\":\"Librairie 7L\"},\"image\":{\"@id\":\"https:\/\/librairie7l.com\/en\/#\/schema\/logo\/image\/\"}}]}<\/script>\n<!-- \/ Yoast SEO plugin. -->","yoast_head_json":{"title":"CECI N'EST PAS UN PULL ; LE TRICOT ET LE CROCHET DANS L'ART CONTEMPORAIN - Librairie 7L","robots":{"index":"index","follow":"follow","max-snippet":"max-snippet:-1","max-image-preview":"max-image-preview:large","max-video-preview":"max-video-preview:-1"},"canonical":"https:\/\/librairie7l.com\/en\/produit\/ceci-nest-pas-un-pull-le-tricot-et-le-crochet-dans-lart-contemporain\/","og_locale":"en_US","og_type":"article","og_title":"CECI N'EST PAS UN PULL ; LE TRICOT ET LE CROCHET DANS L'ART CONTEMPORAIN - Librairie 7L","og_description":"V\u00e9ritables artistes, ces hommes et ces femmes ont fait du tricot leur m\u00e9dia privil\u00e9gi\u00e9 pour partager leur fantaisie, leur po\u00e9sie et leurs r\u00eaves. Tricot \u00e0 tr\u00e8s grande \u00e9chelle, installations po\u00e9tiques, reproduction d&#8217;aliments et d&#8217;objets du quotidien tricot\u00e9s sont quelques unes des pistes choisies. La trentaine d&#8217;artistes s\u00e9lectionn\u00e9e dans cet ouvrage a en commun l&#8217;amour de [&hellip;]","og_url":"https:\/\/librairie7l.com\/en\/produit\/ceci-nest-pas-un-pull-le-tricot-et-le-crochet-dans-lart-contemporain\/","og_site_name":"Librairie 7L","article_modified_time":"2026-04-29T23:46:56+00:00","og_image":[{"width":600,"height":759,"url":"https:\/\/librairie7l.com\/wp-content\/uploads\/2017\/04\/9782350174105_1_75.jpg","type":"image\/jpeg"}],"twitter_card":"summary_large_image","schema":{"@context":"https:\/\/schema.org","@graph":[{"@type":"WebPage","@id":"https:\/\/librairie7l.com\/en\/produit\/ceci-nest-pas-un-pull-le-tricot-et-le-crochet-dans-lart-contemporain\/","url":"https:\/\/librairie7l.com\/en\/produit\/ceci-nest-pas-un-pull-le-tricot-et-le-crochet-dans-lart-contemporain\/","name":"CECI N'EST PAS UN PULL ; LE TRICOT ET LE CROCHET DANS L'ART CONTEMPORAIN - Librairie 7L","isPartOf":{"@id":"https:\/\/librairie7l.com\/en\/#website"},"datePublished":"2023-05-10T11:11:53+00:00","dateModified":"2026-04-29T23:46:56+00:00","breadcrumb":{"@id":"https:\/\/librairie7l.com\/en\/produit\/ceci-nest-pas-un-pull-le-tricot-et-le-crochet-dans-lart-contemporain\/#breadcrumb"},"inLanguage":"en-US","potentialAction":[{"@type":"ReadAction","target":["https:\/\/librairie7l.com\/en\/produit\/ceci-nest-pas-un-pull-le-tricot-et-le-crochet-dans-lart-contemporain\/"]}]},{"@type":"BreadcrumbList","@id":"https:\/\/librairie7l.com\/en\/produit\/ceci-nest-pas-un-pull-le-tricot-et-le-crochet-dans-lart-contemporain\/#breadcrumb","itemListElement":[{"@type":"ListItem","position":1,"name":"Accueil","item":"https:\/\/librairie7l.com\/en\/"},{"@type":"ListItem","position":2,"name":"Shop","item":"https:\/\/librairie7l.com\/en\/shop\/"},{"@type":"ListItem","position":3,"name":"CECI N&#8217;EST PAS UN PULL ; LE TRICOT ET LE CROCHET DANS L&#8217;ART CONTEMPORAIN"}]},{"@type":"WebSite","@id":"https:\/\/librairie7l.com\/en\/#website","url":"https:\/\/librairie7l.com\/en\/","name":"Librairie 7L","description":"Librairie fond\u00e9e en 1999 par Karl Lagerfeld \u00e0 Paris","publisher":{"@id":"https:\/\/librairie7l.com\/en\/#organization"},"potentialAction":[{"@type":"SearchAction","target":{"@type":"EntryPoint","urlTemplate":"https:\/\/librairie7l.com\/en\/?s={search_term_string}"},"query-input":"required name=search_term_string"}],"inLanguage":"en-US"},{"@type":"Organization","@id":"https:\/\/librairie7l.com\/en\/#organization","name":"Librairie 7L","url":"https:\/\/librairie7l.com\/en\/","logo":{"@type":"ImageObject","inLanguage":"en-US","@id":"https:\/\/librairie7l.com\/en\/#\/schema\/logo\/image\/","url":"https:\/\/librairie7l.com\/wp-content\/uploads\/2022\/08\/logo-1.png","contentUrl":"https:\/\/librairie7l.com\/wp-content\/uploads\/2022\/08\/logo-1.png","width":227,"height":301,"caption":"Librairie 7L"},"image":{"@id":"https:\/\/librairie7l.com\/en\/#\/schema\/logo\/image\/"}}]}},"_links":{"self":[{"href":"https:\/\/librairie7l.com\/en\/wp-json\/wp\/v2\/product\/27751"}],"collection":[{"href":"https:\/\/librairie7l.com\/en\/wp-json\/wp\/v2\/product"}],"about":[{"href":"https:\/\/librairie7l.com\/en\/wp-json\/wp\/v2\/types\/product"}],"wp:featuredmedia":[{"embeddable":true,"href":"https:\/\/librairie7l.com\/en\/wp-json\/wp\/v2\/media\/27749"}],"wp:attachment":[{"href":"https:\/\/librairie7l.com\/en\/wp-json\/wp\/v2\/media?parent=27751"}],"wp:term":[{"taxonomy":"product_cat","embeddable":true,"href":"https:\/\/librairie7l.com\/en\/wp-json\/wp\/v2\/product_cat?post=27751"},{"taxonomy":"product_tag","embeddable":true,"href":"https:\/\/librairie7l.com\/en\/wp-json\/wp\/v2\/product_tag?post=27751"}],"curies":[{"name":"wp","href":"https:\/\/api.w.org\/{rel}","templated":true}]}}