{"id":27763,"date":"2023-05-10T13:12:17","date_gmt":"2023-05-10T11:12:17","guid":{"rendered":"https:\/\/librairie7l.com\/?post_type=product&#038;p=27763"},"modified":"2026-04-15T03:07:32","modified_gmt":"2026-04-15T01:07:32","slug":"stephanie-coutas-eclectic-luxury","status":"publish","type":"product","link":"https:\/\/librairie7l.com\/en\/produit\/stephanie-coutas-eclectic-luxury\/","title":{"rendered":"ST\u00c9PHANIE COUTAS : ECLECTIC LUXURY"},"content":{"rendered":"<p>Avec une attention particuli\u00e8re au d\u00e9tail, St\u00e9phanie Coutas voue une v\u00e9ritable passion au m\u00e9lange des genres, des mat\u00e9riaux, des textures et des couleurs. Un univers ultra-luxueux constitu\u00e9 notamment d&#8217;objets uniques, imagin\u00e9s, dessin\u00e9s et produits par son agence. SC Edition cultive une nouvelle interpr\u00e9tation de l&#8217;art de vivre \u00e0 la fran\u00e7aise. Sa collaboration passionn\u00e9e avec des artistes de renom et des artisans au savoir-faire exceptionnel lui insuffle en partie son style.<br \/>\nEclectic Luxury est con\u00e7u comme une galerie qui invite \u00e0 la d\u00e9couverte de nombreuses de ses r\u00e9sidences signatures. Une promenade \u00e0 travers son monde fait de rencontres et d&#8217;aventures vari\u00e9es mais toutes guid\u00e9es par l&#8217;humanisme et le souhait d&#8217;apporter aux espaces captivants qu&#8217;elle cr\u00e9\u00e9s une paix int\u00e9rieure. Ce voyage est rythm\u00e9 par l&#8217;intervention d&#8217;artistes aux temp\u00e9raments des plus vibrants.<\/p>\n","protected":false},"excerpt":{"rendered":"<p>Avec une attention particuli\u00e8re au d\u00e9tail, St\u00e9phanie Coutas voue une v\u00e9ritable passion au m\u00e9lange des genres, des mat\u00e9riaux, des textures et des couleurs. Un univers ultra-luxueux constitu\u00e9 notamment d&#8217;objets uniques, imagin\u00e9s, dessin\u00e9s et produits par son agence. SC Edition cultive une nouvelle interpr\u00e9tation de l&#8217;art de vivre \u00e0 la fran\u00e7aise. Sa collaboration passionn\u00e9e avec des [&hellip;]<\/p>\n","protected":false},"featured_media":27761,"template":"","meta":[],"product_cat":[55,2948,46,2951],"product_tag":[],"acf":[],"yoast_head":"<!-- This site is optimized with the Yoast SEO plugin v20.11 - https:\/\/yoast.com\/wordpress\/plugins\/seo\/ -->\n<title>ST\u00c9PHANIE COUTAS : ECLECTIC LUXURY - Librairie 7L<\/title>\n<meta name=\"robots\" content=\"index, follow, max-snippet:-1, max-image-preview:large, max-video-preview:-1\" \/>\n<link rel=\"canonical\" href=\"https:\/\/librairie7l.com\/en\/produit\/stephanie-coutas-eclectic-luxury\/\" \/>\n<meta property=\"og:locale\" content=\"en_US\" \/>\n<meta property=\"og:type\" content=\"article\" \/>\n<meta property=\"og:title\" content=\"ST\u00c9PHANIE COUTAS : ECLECTIC LUXURY - Librairie 7L\" \/>\n<meta property=\"og:description\" content=\"Avec une attention particuli\u00e8re au d\u00e9tail, St\u00e9phanie Coutas voue une v\u00e9ritable passion au m\u00e9lange des genres, des mat\u00e9riaux, des textures et des couleurs. Un univers ultra-luxueux constitu\u00e9 notamment d&#8217;objets uniques, imagin\u00e9s, dessin\u00e9s et produits par son agence. SC Edition cultive une nouvelle interpr\u00e9tation de l&#8217;art de vivre \u00e0 la fran\u00e7aise. Sa collaboration passionn\u00e9e avec des [&hellip;]\" \/>\n<meta property=\"og:url\" content=\"https:\/\/librairie7l.com\/en\/produit\/stephanie-coutas-eclectic-luxury\/\" \/>\n<meta property=\"og:site_name\" content=\"Librairie 7L\" \/>\n<meta property=\"article:modified_time\" content=\"2026-04-15T01:07:32+00:00\" \/>\n<meta property=\"og:image\" content=\"https:\/\/librairie7l.com\/wp-content\/uploads\/2020\/12\/9791097043025_1_75.jpg\" \/>\n\t<meta property=\"og:image:width\" content=\"600\" \/>\n\t<meta property=\"og:image:height\" content=\"778\" \/>\n\t<meta property=\"og:image:type\" content=\"image\/jpeg\" \/>\n<meta name=\"twitter:card\" content=\"summary_large_image\" \/>\n<meta name=\"twitter:label1\" content=\"Est. reading time\" \/>\n\t<meta name=\"twitter:data1\" content=\"1 minute\" \/>\n<script type=\"application\/ld+json\" class=\"yoast-schema-graph\">{\"@context\":\"https:\/\/schema.org\",\"@graph\":[{\"@type\":\"WebPage\",\"@id\":\"https:\/\/librairie7l.com\/en\/produit\/stephanie-coutas-eclectic-luxury\/\",\"url\":\"https:\/\/librairie7l.com\/en\/produit\/stephanie-coutas-eclectic-luxury\/\",\"name\":\"ST\u00c9PHANIE COUTAS : ECLECTIC LUXURY - Librairie 7L\",\"isPartOf\":{\"@id\":\"https:\/\/librairie7l.com\/en\/#website\"},\"datePublished\":\"2023-05-10T11:12:17+00:00\",\"dateModified\":\"2026-04-15T01:07:32+00:00\",\"breadcrumb\":{\"@id\":\"https:\/\/librairie7l.com\/en\/produit\/stephanie-coutas-eclectic-luxury\/#breadcrumb\"},\"inLanguage\":\"en-US\",\"potentialAction\":[{\"@type\":\"ReadAction\",\"target\":[\"https:\/\/librairie7l.com\/en\/produit\/stephanie-coutas-eclectic-luxury\/\"]}]},{\"@type\":\"BreadcrumbList\",\"@id\":\"https:\/\/librairie7l.com\/en\/produit\/stephanie-coutas-eclectic-luxury\/#breadcrumb\",\"itemListElement\":[{\"@type\":\"ListItem\",\"position\":1,\"name\":\"Accueil\",\"item\":\"https:\/\/librairie7l.com\/en\/\"},{\"@type\":\"ListItem\",\"position\":2,\"name\":\"Shop\",\"item\":\"https:\/\/librairie7l.com\/en\/shop\/\"},{\"@type\":\"ListItem\",\"position\":3,\"name\":\"ST\u00c9PHANIE COUTAS : ECLECTIC LUXURY\"}]},{\"@type\":\"WebSite\",\"@id\":\"https:\/\/librairie7l.com\/en\/#website\",\"url\":\"https:\/\/librairie7l.com\/en\/\",\"name\":\"Librairie 7L\",\"description\":\"Librairie fond\u00e9e en 1999 par Karl Lagerfeld \u00e0 Paris\",\"publisher\":{\"@id\":\"https:\/\/librairie7l.com\/en\/#organization\"},\"potentialAction\":[{\"@type\":\"SearchAction\",\"target\":{\"@type\":\"EntryPoint\",\"urlTemplate\":\"https:\/\/librairie7l.com\/en\/?s={search_term_string}\"},\"query-input\":\"required name=search_term_string\"}],\"inLanguage\":\"en-US\"},{\"@type\":\"Organization\",\"@id\":\"https:\/\/librairie7l.com\/en\/#organization\",\"name\":\"Librairie 7L\",\"url\":\"https:\/\/librairie7l.com\/en\/\",\"logo\":{\"@type\":\"ImageObject\",\"inLanguage\":\"en-US\",\"@id\":\"https:\/\/librairie7l.com\/en\/#\/schema\/logo\/image\/\",\"url\":\"https:\/\/librairie7l.com\/wp-content\/uploads\/2022\/08\/logo-1.png\",\"contentUrl\":\"https:\/\/librairie7l.com\/wp-content\/uploads\/2022\/08\/logo-1.png\",\"width\":227,\"height\":301,\"caption\":\"Librairie 7L\"},\"image\":{\"@id\":\"https:\/\/librairie7l.com\/en\/#\/schema\/logo\/image\/\"}}]}<\/script>\n<!-- \/ Yoast SEO plugin. -->","yoast_head_json":{"title":"ST\u00c9PHANIE COUTAS : ECLECTIC LUXURY - Librairie 7L","robots":{"index":"index","follow":"follow","max-snippet":"max-snippet:-1","max-image-preview":"max-image-preview:large","max-video-preview":"max-video-preview:-1"},"canonical":"https:\/\/librairie7l.com\/en\/produit\/stephanie-coutas-eclectic-luxury\/","og_locale":"en_US","og_type":"article","og_title":"ST\u00c9PHANIE COUTAS : ECLECTIC LUXURY - Librairie 7L","og_description":"Avec une attention particuli\u00e8re au d\u00e9tail, St\u00e9phanie Coutas voue une v\u00e9ritable passion au m\u00e9lange des genres, des mat\u00e9riaux, des textures et des couleurs. Un univers ultra-luxueux constitu\u00e9 notamment d&#8217;objets uniques, imagin\u00e9s, dessin\u00e9s et produits par son agence. SC Edition cultive une nouvelle interpr\u00e9tation de l&#8217;art de vivre \u00e0 la fran\u00e7aise. Sa collaboration passionn\u00e9e avec des [&hellip;]","og_url":"https:\/\/librairie7l.com\/en\/produit\/stephanie-coutas-eclectic-luxury\/","og_site_name":"Librairie 7L","article_modified_time":"2026-04-15T01:07:32+00:00","og_image":[{"width":600,"height":778,"url":"https:\/\/librairie7l.com\/wp-content\/uploads\/2020\/12\/9791097043025_1_75.jpg","type":"image\/jpeg"}],"twitter_card":"summary_large_image","twitter_misc":{"Est. reading time":"1 minute"},"schema":{"@context":"https:\/\/schema.org","@graph":[{"@type":"WebPage","@id":"https:\/\/librairie7l.com\/en\/produit\/stephanie-coutas-eclectic-luxury\/","url":"https:\/\/librairie7l.com\/en\/produit\/stephanie-coutas-eclectic-luxury\/","name":"ST\u00c9PHANIE COUTAS : ECLECTIC LUXURY - Librairie 7L","isPartOf":{"@id":"https:\/\/librairie7l.com\/en\/#website"},"datePublished":"2023-05-10T11:12:17+00:00","dateModified":"2026-04-15T01:07:32+00:00","breadcrumb":{"@id":"https:\/\/librairie7l.com\/en\/produit\/stephanie-coutas-eclectic-luxury\/#breadcrumb"},"inLanguage":"en-US","potentialAction":[{"@type":"ReadAction","target":["https:\/\/librairie7l.com\/en\/produit\/stephanie-coutas-eclectic-luxury\/"]}]},{"@type":"BreadcrumbList","@id":"https:\/\/librairie7l.com\/en\/produit\/stephanie-coutas-eclectic-luxury\/#breadcrumb","itemListElement":[{"@type":"ListItem","position":1,"name":"Accueil","item":"https:\/\/librairie7l.com\/en\/"},{"@type":"ListItem","position":2,"name":"Shop","item":"https:\/\/librairie7l.com\/en\/shop\/"},{"@type":"ListItem","position":3,"name":"ST\u00c9PHANIE COUTAS : ECLECTIC LUXURY"}]},{"@type":"WebSite","@id":"https:\/\/librairie7l.com\/en\/#website","url":"https:\/\/librairie7l.com\/en\/","name":"Librairie 7L","description":"Librairie fond\u00e9e en 1999 par Karl Lagerfeld \u00e0 Paris","publisher":{"@id":"https:\/\/librairie7l.com\/en\/#organization"},"potentialAction":[{"@type":"SearchAction","target":{"@type":"EntryPoint","urlTemplate":"https:\/\/librairie7l.com\/en\/?s={search_term_string}"},"query-input":"required name=search_term_string"}],"inLanguage":"en-US"},{"@type":"Organization","@id":"https:\/\/librairie7l.com\/en\/#organization","name":"Librairie 7L","url":"https:\/\/librairie7l.com\/en\/","logo":{"@type":"ImageObject","inLanguage":"en-US","@id":"https:\/\/librairie7l.com\/en\/#\/schema\/logo\/image\/","url":"https:\/\/librairie7l.com\/wp-content\/uploads\/2022\/08\/logo-1.png","contentUrl":"https:\/\/librairie7l.com\/wp-content\/uploads\/2022\/08\/logo-1.png","width":227,"height":301,"caption":"Librairie 7L"},"image":{"@id":"https:\/\/librairie7l.com\/en\/#\/schema\/logo\/image\/"}}]}},"_links":{"self":[{"href":"https:\/\/librairie7l.com\/en\/wp-json\/wp\/v2\/product\/27763"}],"collection":[{"href":"https:\/\/librairie7l.com\/en\/wp-json\/wp\/v2\/product"}],"about":[{"href":"https:\/\/librairie7l.com\/en\/wp-json\/wp\/v2\/types\/product"}],"wp:featuredmedia":[{"embeddable":true,"href":"https:\/\/librairie7l.com\/en\/wp-json\/wp\/v2\/media\/27761"}],"wp:attachment":[{"href":"https:\/\/librairie7l.com\/en\/wp-json\/wp\/v2\/media?parent=27763"}],"wp:term":[{"taxonomy":"product_cat","embeddable":true,"href":"https:\/\/librairie7l.com\/en\/wp-json\/wp\/v2\/product_cat?post=27763"},{"taxonomy":"product_tag","embeddable":true,"href":"https:\/\/librairie7l.com\/en\/wp-json\/wp\/v2\/product_tag?post=27763"}],"curies":[{"name":"wp","href":"https:\/\/api.w.org\/{rel}","templated":true}]}}