{"id":27779,"date":"2023-05-10T13:12:48","date_gmt":"2023-05-10T11:12:48","guid":{"rendered":"https:\/\/librairie7l.com\/?post_type=product&#038;p=27779"},"modified":"2026-04-12T06:28:03","modified_gmt":"2026-04-12T04:28:03","slug":"au-coeur-des-maisons-de-couture-une-histoire-sociale-des-ouvrieres-de-la-mode","status":"publish","type":"product","link":"https:\/\/librairie7l.com\/en\/produit\/au-coeur-des-maisons-de-couture-une-histoire-sociale-des-ouvrieres-de-la-mode\/","title":{"rendered":"AU COEUR DES MAISONS DE COUTURE : UNE HISTOIRE SOCIALE DES OUVRI\u00c8RES DE LA MODE (1880-1950)"},"content":{"rendered":"<p>La renomm\u00e9e des grandes maisons de couture fran\u00e7aises et du \u00ab savoir-faire \u00e0 la fran\u00e7aise \u00bb n&#8217;est plus \u00e0 faire : Chanel, Dior, Givenchy, Yves Saint-Laurent, etc. Autant de noms que chacune et chacun a entendu prononc\u00e9s des milliers de fois.<br \/>\nCe que l&#8217;on connait moins, en revanche, ce sont les r\u00e9alit\u00e9s de travail et les coulisses d&#8217;une industrie dont on sait pourtant, sans vraiment s&#8217;y int\u00e9resser davantage, qu&#8217;elle a repos\u00e9 et repose encore sur des \u00ab petites mains \u00bb. Mais qui \u00e9taient-elles ? Des midinettes de la Grande Guerre aux ouvri\u00e8res du textile en gr\u00e8ve du printemps 1968, d&#8217;o\u00f9 venaient ces ouvri\u00e8res ? Quel \u00e9tait leur travail ? O\u00f9 vivaient-elles ? Dans quelles conditions mat\u00e9rielles ? Avec quels loisirs, et quelles aspirations ?<br \/>\nEn nous invitant \u00e0 la rencontre, bas\u00e9e sur les archives, de ces ouvri\u00e8res d&#8217;excellence, Sophie KURKDJIAN et Sandrine TINTURIER donnent \u00e0 voir un univers inconnu et souvent \u00e9tonnant. Dans cette histoire sociale des ouvri\u00e8res de la mode se m\u00ealent ainsi histoire sociale d&#8217;une profession pr\u00e9cocement syndicalis\u00e9e et combattive, histoire des techniques, et histoire culturelle d&#8217;un des fleurons de l&#8217;image du pays \u00e0 l&#8217;\u00e9tranger.<\/p>\n","protected":false},"excerpt":{"rendered":"<p>La renomm\u00e9e des grandes maisons de couture fran\u00e7aises et du \u00ab savoir-faire \u00e0 la fran\u00e7aise \u00bb n&#8217;est plus \u00e0 faire : Chanel, Dior, Givenchy, Yves Saint-Laurent, etc. Autant de noms que chacune et chacun a entendu prononc\u00e9s des milliers de fois. Ce que l&#8217;on connait moins, en revanche, ce sont les r\u00e9alit\u00e9s de travail et [&hellip;]<\/p>\n","protected":false},"featured_media":27777,"template":"","meta":[],"product_cat":[2948,2957],"product_tag":[],"acf":[],"yoast_head":"<!-- This site is optimized with the Yoast SEO plugin v20.11 - https:\/\/yoast.com\/wordpress\/plugins\/seo\/ -->\n<title>AU COEUR DES MAISONS DE COUTURE : UNE HISTOIRE SOCIALE DES OUVRI\u00c8RES DE LA MODE (1880-1950) - Librairie 7L<\/title>\n<meta name=\"robots\" content=\"index, follow, max-snippet:-1, max-image-preview:large, max-video-preview:-1\" \/>\n<link rel=\"canonical\" href=\"https:\/\/librairie7l.com\/en\/produit\/au-coeur-des-maisons-de-couture-une-histoire-sociale-des-ouvrieres-de-la-mode\/\" \/>\n<meta property=\"og:locale\" content=\"en_US\" \/>\n<meta property=\"og:type\" content=\"article\" \/>\n<meta property=\"og:title\" content=\"AU COEUR DES MAISONS DE COUTURE : UNE HISTOIRE SOCIALE DES OUVRI\u00c8RES DE LA MODE (1880-1950) - Librairie 7L\" \/>\n<meta property=\"og:description\" content=\"La renomm\u00e9e des grandes maisons de couture fran\u00e7aises et du \u00ab savoir-faire \u00e0 la fran\u00e7aise \u00bb n&#8217;est plus \u00e0 faire : Chanel, Dior, Givenchy, Yves Saint-Laurent, etc. Autant de noms que chacune et chacun a entendu prononc\u00e9s des milliers de fois. Ce que l&#8217;on connait moins, en revanche, ce sont les r\u00e9alit\u00e9s de travail et [&hellip;]\" \/>\n<meta property=\"og:url\" content=\"https:\/\/librairie7l.com\/en\/produit\/au-coeur-des-maisons-de-couture-une-histoire-sociale-des-ouvrieres-de-la-mode\/\" \/>\n<meta property=\"og:site_name\" content=\"Librairie 7L\" \/>\n<meta property=\"article:modified_time\" content=\"2026-04-12T04:28:03+00:00\" \/>\n<meta property=\"og:image\" content=\"https:\/\/librairie7l.com\/wp-content\/uploads\/2020\/11\/9782708253575_1_75.jpg\" \/>\n\t<meta property=\"og:image:width\" content=\"600\" \/>\n\t<meta property=\"og:image:height\" content=\"817\" \/>\n\t<meta property=\"og:image:type\" content=\"image\/jpeg\" \/>\n<meta name=\"twitter:card\" content=\"summary_large_image\" \/>\n<meta name=\"twitter:label1\" content=\"Est. reading time\" \/>\n\t<meta name=\"twitter:data1\" content=\"1 minute\" \/>\n<script type=\"application\/ld+json\" class=\"yoast-schema-graph\">{\"@context\":\"https:\/\/schema.org\",\"@graph\":[{\"@type\":\"WebPage\",\"@id\":\"https:\/\/librairie7l.com\/en\/produit\/au-coeur-des-maisons-de-couture-une-histoire-sociale-des-ouvrieres-de-la-mode\/\",\"url\":\"https:\/\/librairie7l.com\/en\/produit\/au-coeur-des-maisons-de-couture-une-histoire-sociale-des-ouvrieres-de-la-mode\/\",\"name\":\"AU COEUR DES MAISONS DE COUTURE : UNE HISTOIRE SOCIALE DES OUVRI\u00c8RES DE LA MODE (1880-1950) - Librairie 7L\",\"isPartOf\":{\"@id\":\"https:\/\/librairie7l.com\/en\/#website\"},\"datePublished\":\"2023-05-10T11:12:48+00:00\",\"dateModified\":\"2026-04-12T04:28:03+00:00\",\"breadcrumb\":{\"@id\":\"https:\/\/librairie7l.com\/en\/produit\/au-coeur-des-maisons-de-couture-une-histoire-sociale-des-ouvrieres-de-la-mode\/#breadcrumb\"},\"inLanguage\":\"en-US\",\"potentialAction\":[{\"@type\":\"ReadAction\",\"target\":[\"https:\/\/librairie7l.com\/en\/produit\/au-coeur-des-maisons-de-couture-une-histoire-sociale-des-ouvrieres-de-la-mode\/\"]}]},{\"@type\":\"BreadcrumbList\",\"@id\":\"https:\/\/librairie7l.com\/en\/produit\/au-coeur-des-maisons-de-couture-une-histoire-sociale-des-ouvrieres-de-la-mode\/#breadcrumb\",\"itemListElement\":[{\"@type\":\"ListItem\",\"position\":1,\"name\":\"Accueil\",\"item\":\"https:\/\/librairie7l.com\/en\/\"},{\"@type\":\"ListItem\",\"position\":2,\"name\":\"Shop\",\"item\":\"https:\/\/librairie7l.com\/en\/shop\/\"},{\"@type\":\"ListItem\",\"position\":3,\"name\":\"AU COEUR DES MAISONS DE COUTURE : UNE HISTOIRE SOCIALE DES OUVRI\u00c8RES DE LA MODE (1880-1950)\"}]},{\"@type\":\"WebSite\",\"@id\":\"https:\/\/librairie7l.com\/en\/#website\",\"url\":\"https:\/\/librairie7l.com\/en\/\",\"name\":\"Librairie 7L\",\"description\":\"Librairie fond\u00e9e en 1999 par Karl Lagerfeld \u00e0 Paris\",\"publisher\":{\"@id\":\"https:\/\/librairie7l.com\/en\/#organization\"},\"potentialAction\":[{\"@type\":\"SearchAction\",\"target\":{\"@type\":\"EntryPoint\",\"urlTemplate\":\"https:\/\/librairie7l.com\/en\/?s={search_term_string}\"},\"query-input\":\"required name=search_term_string\"}],\"inLanguage\":\"en-US\"},{\"@type\":\"Organization\",\"@id\":\"https:\/\/librairie7l.com\/en\/#organization\",\"name\":\"Librairie 7L\",\"url\":\"https:\/\/librairie7l.com\/en\/\",\"logo\":{\"@type\":\"ImageObject\",\"inLanguage\":\"en-US\",\"@id\":\"https:\/\/librairie7l.com\/en\/#\/schema\/logo\/image\/\",\"url\":\"https:\/\/librairie7l.com\/wp-content\/uploads\/2022\/08\/logo-1.png\",\"contentUrl\":\"https:\/\/librairie7l.com\/wp-content\/uploads\/2022\/08\/logo-1.png\",\"width\":227,\"height\":301,\"caption\":\"Librairie 7L\"},\"image\":{\"@id\":\"https:\/\/librairie7l.com\/en\/#\/schema\/logo\/image\/\"}}]}<\/script>\n<!-- \/ Yoast SEO plugin. -->","yoast_head_json":{"title":"AU COEUR DES MAISONS DE COUTURE : UNE HISTOIRE SOCIALE DES OUVRI\u00c8RES DE LA MODE (1880-1950) - Librairie 7L","robots":{"index":"index","follow":"follow","max-snippet":"max-snippet:-1","max-image-preview":"max-image-preview:large","max-video-preview":"max-video-preview:-1"},"canonical":"https:\/\/librairie7l.com\/en\/produit\/au-coeur-des-maisons-de-couture-une-histoire-sociale-des-ouvrieres-de-la-mode\/","og_locale":"en_US","og_type":"article","og_title":"AU COEUR DES MAISONS DE COUTURE : UNE HISTOIRE SOCIALE DES OUVRI\u00c8RES DE LA MODE (1880-1950) - Librairie 7L","og_description":"La renomm\u00e9e des grandes maisons de couture fran\u00e7aises et du \u00ab savoir-faire \u00e0 la fran\u00e7aise \u00bb n&#8217;est plus \u00e0 faire : Chanel, Dior, Givenchy, Yves Saint-Laurent, etc. Autant de noms que chacune et chacun a entendu prononc\u00e9s des milliers de fois. Ce que l&#8217;on connait moins, en revanche, ce sont les r\u00e9alit\u00e9s de travail et [&hellip;]","og_url":"https:\/\/librairie7l.com\/en\/produit\/au-coeur-des-maisons-de-couture-une-histoire-sociale-des-ouvrieres-de-la-mode\/","og_site_name":"Librairie 7L","article_modified_time":"2026-04-12T04:28:03+00:00","og_image":[{"width":600,"height":817,"url":"https:\/\/librairie7l.com\/wp-content\/uploads\/2020\/11\/9782708253575_1_75.jpg","type":"image\/jpeg"}],"twitter_card":"summary_large_image","twitter_misc":{"Est. reading time":"1 minute"},"schema":{"@context":"https:\/\/schema.org","@graph":[{"@type":"WebPage","@id":"https:\/\/librairie7l.com\/en\/produit\/au-coeur-des-maisons-de-couture-une-histoire-sociale-des-ouvrieres-de-la-mode\/","url":"https:\/\/librairie7l.com\/en\/produit\/au-coeur-des-maisons-de-couture-une-histoire-sociale-des-ouvrieres-de-la-mode\/","name":"AU COEUR DES MAISONS DE COUTURE : UNE HISTOIRE SOCIALE DES OUVRI\u00c8RES DE LA MODE (1880-1950) - Librairie 7L","isPartOf":{"@id":"https:\/\/librairie7l.com\/en\/#website"},"datePublished":"2023-05-10T11:12:48+00:00","dateModified":"2026-04-12T04:28:03+00:00","breadcrumb":{"@id":"https:\/\/librairie7l.com\/en\/produit\/au-coeur-des-maisons-de-couture-une-histoire-sociale-des-ouvrieres-de-la-mode\/#breadcrumb"},"inLanguage":"en-US","potentialAction":[{"@type":"ReadAction","target":["https:\/\/librairie7l.com\/en\/produit\/au-coeur-des-maisons-de-couture-une-histoire-sociale-des-ouvrieres-de-la-mode\/"]}]},{"@type":"BreadcrumbList","@id":"https:\/\/librairie7l.com\/en\/produit\/au-coeur-des-maisons-de-couture-une-histoire-sociale-des-ouvrieres-de-la-mode\/#breadcrumb","itemListElement":[{"@type":"ListItem","position":1,"name":"Accueil","item":"https:\/\/librairie7l.com\/en\/"},{"@type":"ListItem","position":2,"name":"Shop","item":"https:\/\/librairie7l.com\/en\/shop\/"},{"@type":"ListItem","position":3,"name":"AU COEUR DES MAISONS DE COUTURE : UNE HISTOIRE SOCIALE DES OUVRI\u00c8RES DE LA MODE (1880-1950)"}]},{"@type":"WebSite","@id":"https:\/\/librairie7l.com\/en\/#website","url":"https:\/\/librairie7l.com\/en\/","name":"Librairie 7L","description":"Librairie fond\u00e9e en 1999 par Karl Lagerfeld \u00e0 Paris","publisher":{"@id":"https:\/\/librairie7l.com\/en\/#organization"},"potentialAction":[{"@type":"SearchAction","target":{"@type":"EntryPoint","urlTemplate":"https:\/\/librairie7l.com\/en\/?s={search_term_string}"},"query-input":"required name=search_term_string"}],"inLanguage":"en-US"},{"@type":"Organization","@id":"https:\/\/librairie7l.com\/en\/#organization","name":"Librairie 7L","url":"https:\/\/librairie7l.com\/en\/","logo":{"@type":"ImageObject","inLanguage":"en-US","@id":"https:\/\/librairie7l.com\/en\/#\/schema\/logo\/image\/","url":"https:\/\/librairie7l.com\/wp-content\/uploads\/2022\/08\/logo-1.png","contentUrl":"https:\/\/librairie7l.com\/wp-content\/uploads\/2022\/08\/logo-1.png","width":227,"height":301,"caption":"Librairie 7L"},"image":{"@id":"https:\/\/librairie7l.com\/en\/#\/schema\/logo\/image\/"}}]}},"_links":{"self":[{"href":"https:\/\/librairie7l.com\/en\/wp-json\/wp\/v2\/product\/27779"}],"collection":[{"href":"https:\/\/librairie7l.com\/en\/wp-json\/wp\/v2\/product"}],"about":[{"href":"https:\/\/librairie7l.com\/en\/wp-json\/wp\/v2\/types\/product"}],"wp:featuredmedia":[{"embeddable":true,"href":"https:\/\/librairie7l.com\/en\/wp-json\/wp\/v2\/media\/27777"}],"wp:attachment":[{"href":"https:\/\/librairie7l.com\/en\/wp-json\/wp\/v2\/media?parent=27779"}],"wp:term":[{"taxonomy":"product_cat","embeddable":true,"href":"https:\/\/librairie7l.com\/en\/wp-json\/wp\/v2\/product_cat?post=27779"},{"taxonomy":"product_tag","embeddable":true,"href":"https:\/\/librairie7l.com\/en\/wp-json\/wp\/v2\/product_tag?post=27779"}],"curies":[{"name":"wp","href":"https:\/\/api.w.org\/{rel}","templated":true}]}}