{"id":27799,"date":"2023-05-10T13:13:18","date_gmt":"2023-05-10T11:13:18","guid":{"rendered":"https:\/\/librairie7l.com\/?post_type=product&#038;p=27799"},"modified":"2026-04-21T10:22:37","modified_gmt":"2026-04-21T08:22:37","slug":"mars-une-exploration-photographique","status":"publish","type":"product","link":"https:\/\/librairie7l.com\/en\/produit\/mars-une-exploration-photographique\/","title":{"rendered":"MARS, UNE EXPLORATION PHOTOGRAPHIQUE"},"content":{"rendered":"<p>En orbite depuis 2006, Hirise r\u00e9v\u00e8le ainsi toute la beaut\u00e9 de cette plan\u00e8te mythique : chaque clich\u00e9 montre une zone large de 6 km et d\u00e9voile toute la g\u00e9ographie et les multiples tr\u00e9sors g\u00e9ologiques et min\u00e9ralogiques de Mars.<br \/>\nCon\u00e7u comme un atlas visuel, ce livre emm\u00e8ne le lecteur dans un voyage fantastique : des canyons de Valles Marineris aux proportions vertigineuses, aux dunes noires de Noachis Tena en passant par le volcan Olympus Mons, plus haut sommet de notre syst\u00e8me solaire, sans oublier les vastes \u00e9tendues de glace carbonique situ\u00e9es aux p\u00f4les, \u00e0 la recherche de traces d&#8217;eau&#8230;<br \/>\nCes images d&#8217;une grande beaut\u00e9, \u00e9voquant parfois la peinture abstraite, s\u00e9duiront autant les amateurs d&#8217;art que les passionn\u00e9s de science.<br \/>\nDirecteur du projet Hirise, \u00e0 la Nasa, Alfred McEwen pr\u00e9sentera la mission qu&#8217;entend remplir cette cam\u00e9ra dot\u00e9e d&#8217;un t\u00e9lescope \u00e0 l&#8217;extr\u00eame pr\u00e9cision, puis l&#8217;astrophysicien Francis Rocard, attach\u00e9 au CNES, racontera les origines de la plan\u00e8te et son \u00e9volution \u00e0 travers les \u00e2ges, enfin le plan\u00e9tologue et g\u00e9ophysicien Nicolas Mangold d\u00e9voilera les secrets g\u00e9ologiques de Mars au fil de l\u00e9gendes accompagnant chaque image.<\/p>\n","protected":false},"excerpt":{"rendered":"<p>En orbite depuis 2006, Hirise r\u00e9v\u00e8le ainsi toute la beaut\u00e9 de cette plan\u00e8te mythique : chaque clich\u00e9 montre une zone large de 6 km et d\u00e9voile toute la g\u00e9ographie et les multiples tr\u00e9sors g\u00e9ologiques et min\u00e9ralogiques de Mars. Con\u00e7u comme un atlas visuel, ce livre emm\u00e8ne le lecteur dans un voyage fantastique : des canyons [&hellip;]<\/p>\n","protected":false},"featured_media":27797,"template":"","meta":[],"product_cat":[55,2948,2958,17],"product_tag":[],"acf":[],"yoast_head":"<!-- This site is optimized with the Yoast SEO plugin v20.11 - https:\/\/yoast.com\/wordpress\/plugins\/seo\/ -->\n<title>MARS, UNE EXPLORATION PHOTOGRAPHIQUE - Librairie 7L<\/title>\n<meta name=\"robots\" content=\"index, follow, max-snippet:-1, max-image-preview:large, max-video-preview:-1\" \/>\n<link rel=\"canonical\" href=\"https:\/\/librairie7l.com\/en\/produit\/mars-une-exploration-photographique\/\" \/>\n<meta property=\"og:locale\" content=\"en_US\" \/>\n<meta property=\"og:type\" content=\"article\" \/>\n<meta property=\"og:title\" content=\"MARS, UNE EXPLORATION PHOTOGRAPHIQUE - Librairie 7L\" \/>\n<meta property=\"og:description\" content=\"En orbite depuis 2006, Hirise r\u00e9v\u00e8le ainsi toute la beaut\u00e9 de cette plan\u00e8te mythique : chaque clich\u00e9 montre une zone large de 6 km et d\u00e9voile toute la g\u00e9ographie et les multiples tr\u00e9sors g\u00e9ologiques et min\u00e9ralogiques de Mars. Con\u00e7u comme un atlas visuel, ce livre emm\u00e8ne le lecteur dans un voyage fantastique : des canyons [&hellip;]\" \/>\n<meta property=\"og:url\" content=\"https:\/\/librairie7l.com\/en\/produit\/mars-une-exploration-photographique\/\" \/>\n<meta property=\"og:site_name\" content=\"Librairie 7L\" \/>\n<meta property=\"article:modified_time\" content=\"2026-04-21T08:22:37+00:00\" \/>\n<meta property=\"og:image\" content=\"https:\/\/librairie7l.com\/wp-content\/uploads\/2016\/12\/9782365111232_1_75.jpg\" \/>\n\t<meta property=\"og:image:width\" content=\"1000\" \/>\n\t<meta property=\"og:image:height\" content=\"1295\" \/>\n\t<meta property=\"og:image:type\" content=\"image\/jpeg\" \/>\n<meta name=\"twitter:card\" content=\"summary_large_image\" \/>\n<meta name=\"twitter:label1\" content=\"Est. reading time\" \/>\n\t<meta name=\"twitter:data1\" content=\"1 minute\" \/>\n<script type=\"application\/ld+json\" class=\"yoast-schema-graph\">{\"@context\":\"https:\/\/schema.org\",\"@graph\":[{\"@type\":\"WebPage\",\"@id\":\"https:\/\/librairie7l.com\/en\/produit\/mars-une-exploration-photographique\/\",\"url\":\"https:\/\/librairie7l.com\/en\/produit\/mars-une-exploration-photographique\/\",\"name\":\"MARS, UNE EXPLORATION PHOTOGRAPHIQUE - Librairie 7L\",\"isPartOf\":{\"@id\":\"https:\/\/librairie7l.com\/en\/#website\"},\"datePublished\":\"2023-05-10T11:13:18+00:00\",\"dateModified\":\"2026-04-21T08:22:37+00:00\",\"breadcrumb\":{\"@id\":\"https:\/\/librairie7l.com\/en\/produit\/mars-une-exploration-photographique\/#breadcrumb\"},\"inLanguage\":\"en-US\",\"potentialAction\":[{\"@type\":\"ReadAction\",\"target\":[\"https:\/\/librairie7l.com\/en\/produit\/mars-une-exploration-photographique\/\"]}]},{\"@type\":\"BreadcrumbList\",\"@id\":\"https:\/\/librairie7l.com\/en\/produit\/mars-une-exploration-photographique\/#breadcrumb\",\"itemListElement\":[{\"@type\":\"ListItem\",\"position\":1,\"name\":\"Accueil\",\"item\":\"https:\/\/librairie7l.com\/en\/\"},{\"@type\":\"ListItem\",\"position\":2,\"name\":\"Shop\",\"item\":\"https:\/\/librairie7l.com\/en\/shop\/\"},{\"@type\":\"ListItem\",\"position\":3,\"name\":\"MARS, UNE EXPLORATION PHOTOGRAPHIQUE\"}]},{\"@type\":\"WebSite\",\"@id\":\"https:\/\/librairie7l.com\/en\/#website\",\"url\":\"https:\/\/librairie7l.com\/en\/\",\"name\":\"Librairie 7L\",\"description\":\"Librairie fond\u00e9e en 1999 par Karl Lagerfeld \u00e0 Paris\",\"publisher\":{\"@id\":\"https:\/\/librairie7l.com\/en\/#organization\"},\"potentialAction\":[{\"@type\":\"SearchAction\",\"target\":{\"@type\":\"EntryPoint\",\"urlTemplate\":\"https:\/\/librairie7l.com\/en\/?s={search_term_string}\"},\"query-input\":\"required name=search_term_string\"}],\"inLanguage\":\"en-US\"},{\"@type\":\"Organization\",\"@id\":\"https:\/\/librairie7l.com\/en\/#organization\",\"name\":\"Librairie 7L\",\"url\":\"https:\/\/librairie7l.com\/en\/\",\"logo\":{\"@type\":\"ImageObject\",\"inLanguage\":\"en-US\",\"@id\":\"https:\/\/librairie7l.com\/en\/#\/schema\/logo\/image\/\",\"url\":\"https:\/\/librairie7l.com\/wp-content\/uploads\/2022\/08\/logo-1.png\",\"contentUrl\":\"https:\/\/librairie7l.com\/wp-content\/uploads\/2022\/08\/logo-1.png\",\"width\":227,\"height\":301,\"caption\":\"Librairie 7L\"},\"image\":{\"@id\":\"https:\/\/librairie7l.com\/en\/#\/schema\/logo\/image\/\"}}]}<\/script>\n<!-- \/ Yoast SEO plugin. -->","yoast_head_json":{"title":"MARS, UNE EXPLORATION PHOTOGRAPHIQUE - Librairie 7L","robots":{"index":"index","follow":"follow","max-snippet":"max-snippet:-1","max-image-preview":"max-image-preview:large","max-video-preview":"max-video-preview:-1"},"canonical":"https:\/\/librairie7l.com\/en\/produit\/mars-une-exploration-photographique\/","og_locale":"en_US","og_type":"article","og_title":"MARS, UNE EXPLORATION PHOTOGRAPHIQUE - Librairie 7L","og_description":"En orbite depuis 2006, Hirise r\u00e9v\u00e8le ainsi toute la beaut\u00e9 de cette plan\u00e8te mythique : chaque clich\u00e9 montre une zone large de 6 km et d\u00e9voile toute la g\u00e9ographie et les multiples tr\u00e9sors g\u00e9ologiques et min\u00e9ralogiques de Mars. Con\u00e7u comme un atlas visuel, ce livre emm\u00e8ne le lecteur dans un voyage fantastique : des canyons [&hellip;]","og_url":"https:\/\/librairie7l.com\/en\/produit\/mars-une-exploration-photographique\/","og_site_name":"Librairie 7L","article_modified_time":"2026-04-21T08:22:37+00:00","og_image":[{"width":1000,"height":1295,"url":"https:\/\/librairie7l.com\/wp-content\/uploads\/2016\/12\/9782365111232_1_75.jpg","type":"image\/jpeg"}],"twitter_card":"summary_large_image","twitter_misc":{"Est. reading time":"1 minute"},"schema":{"@context":"https:\/\/schema.org","@graph":[{"@type":"WebPage","@id":"https:\/\/librairie7l.com\/en\/produit\/mars-une-exploration-photographique\/","url":"https:\/\/librairie7l.com\/en\/produit\/mars-une-exploration-photographique\/","name":"MARS, UNE EXPLORATION PHOTOGRAPHIQUE - Librairie 7L","isPartOf":{"@id":"https:\/\/librairie7l.com\/en\/#website"},"datePublished":"2023-05-10T11:13:18+00:00","dateModified":"2026-04-21T08:22:37+00:00","breadcrumb":{"@id":"https:\/\/librairie7l.com\/en\/produit\/mars-une-exploration-photographique\/#breadcrumb"},"inLanguage":"en-US","potentialAction":[{"@type":"ReadAction","target":["https:\/\/librairie7l.com\/en\/produit\/mars-une-exploration-photographique\/"]}]},{"@type":"BreadcrumbList","@id":"https:\/\/librairie7l.com\/en\/produit\/mars-une-exploration-photographique\/#breadcrumb","itemListElement":[{"@type":"ListItem","position":1,"name":"Accueil","item":"https:\/\/librairie7l.com\/en\/"},{"@type":"ListItem","position":2,"name":"Shop","item":"https:\/\/librairie7l.com\/en\/shop\/"},{"@type":"ListItem","position":3,"name":"MARS, UNE EXPLORATION PHOTOGRAPHIQUE"}]},{"@type":"WebSite","@id":"https:\/\/librairie7l.com\/en\/#website","url":"https:\/\/librairie7l.com\/en\/","name":"Librairie 7L","description":"Librairie fond\u00e9e en 1999 par Karl Lagerfeld \u00e0 Paris","publisher":{"@id":"https:\/\/librairie7l.com\/en\/#organization"},"potentialAction":[{"@type":"SearchAction","target":{"@type":"EntryPoint","urlTemplate":"https:\/\/librairie7l.com\/en\/?s={search_term_string}"},"query-input":"required name=search_term_string"}],"inLanguage":"en-US"},{"@type":"Organization","@id":"https:\/\/librairie7l.com\/en\/#organization","name":"Librairie 7L","url":"https:\/\/librairie7l.com\/en\/","logo":{"@type":"ImageObject","inLanguage":"en-US","@id":"https:\/\/librairie7l.com\/en\/#\/schema\/logo\/image\/","url":"https:\/\/librairie7l.com\/wp-content\/uploads\/2022\/08\/logo-1.png","contentUrl":"https:\/\/librairie7l.com\/wp-content\/uploads\/2022\/08\/logo-1.png","width":227,"height":301,"caption":"Librairie 7L"},"image":{"@id":"https:\/\/librairie7l.com\/en\/#\/schema\/logo\/image\/"}}]}},"_links":{"self":[{"href":"https:\/\/librairie7l.com\/en\/wp-json\/wp\/v2\/product\/27799"}],"collection":[{"href":"https:\/\/librairie7l.com\/en\/wp-json\/wp\/v2\/product"}],"about":[{"href":"https:\/\/librairie7l.com\/en\/wp-json\/wp\/v2\/types\/product"}],"wp:featuredmedia":[{"embeddable":true,"href":"https:\/\/librairie7l.com\/en\/wp-json\/wp\/v2\/media\/27797"}],"wp:attachment":[{"href":"https:\/\/librairie7l.com\/en\/wp-json\/wp\/v2\/media?parent=27799"}],"wp:term":[{"taxonomy":"product_cat","embeddable":true,"href":"https:\/\/librairie7l.com\/en\/wp-json\/wp\/v2\/product_cat?post=27799"},{"taxonomy":"product_tag","embeddable":true,"href":"https:\/\/librairie7l.com\/en\/wp-json\/wp\/v2\/product_tag?post=27799"}],"curies":[{"name":"wp","href":"https:\/\/api.w.org\/{rel}","templated":true}]}}