{"id":27807,"date":"2023-05-10T13:13:38","date_gmt":"2023-05-10T11:13:38","guid":{"rendered":"https:\/\/librairie7l.com\/?post_type=product&#038;p=27807"},"modified":"2026-04-27T12:06:04","modified_gmt":"2026-04-27T10:06:04","slug":"profession-architecte-identite-responsabilite-contrats-regles-agence-econ","status":"publish","type":"product","link":"https:\/\/librairie7l.com\/en\/produit\/profession-architecte-identite-responsabilite-contrats-regles-agence-econ\/","title":{"rendered":"PROFESSION ARCHITECTE ; IDENTIT\u00c9, RESPONSABILIT\u00c9, CONTRATS, R\u00c8GLES, AGENCE, \u00c9CONOMIE, CHANTIER (2E \u00c9DITION)"},"content":{"rendered":"<p>Pour r\u00e9pondre aux questions que se posent sur le m\u00e9tier d&#8217;architecte tous ceux qui sont concern\u00e9s par le vaste secteur de la construction, Isabelle Chesneau a r\u00e9uni trente-huit professionnels exer\u00e7ant leur activit\u00e9 dans ce domaine. Pour la plupart, ils contribuent \u00e0 former les futurs architectes, notamment au sein de l&#8217;\u00c9cole nationale sup\u00e9rieure d&#8217;architecture de Paris-Malaquais d&#8217;o\u00f9 Isabelle Chesneau, ma\u00eetre de conf\u00e9rences qui y dirige l&#8217;habilitation \u00e0 l&#8217;exercice de la ma\u00eetrise d&#8217;oeuvre en son nom propre (HMONP), a coordonn\u00e9 ce manuel de synth\u00e8se. Depuis l&#8217;insertion des dipl\u00f4m\u00e9s dans le secteur de la ma\u00eetrise d&#8217;oeuvre jusqu&#8217;\u00e0 la r\u00e9ception de l&#8217;ouvrage en passant par les r\u00e8gles de la profession lib\u00e9rale, les pratiques contractuelles, l&#8217;influence de l&#8217;environnement r\u00e9glementaire, les enjeux \u00e9conomiques du projet, de l&#8217;agence et de la direction de chantier, les diff\u00e9rentes facettes th\u00e9oriques et pratiques de l&#8217;exercice du m\u00e9tier sont d\u00e9crites avec pr\u00e9cision, bien document\u00e9es et illustr\u00e9es de t\u00e9moignages. C&#8217;est tout l&#8217;\u00e9cosyst\u00e8me professionnel auquel appartient l&#8217;architecte qui est ainsi reconstitu\u00e9.<\/p>\n<p>Sans exclure les apports de l&#8217;histoire, de la philosophie, de la sociologie, du droit, de l&#8217;\u00e9conomie et des sciences politiques, savoirs et savoir-faire complexes &#8211; patiemment analys\u00e9s &#8211; sont ici directement accessibles. Les mutations actuelles tout comme les avanc\u00e9es du droit de l&#8217;environnement sont notamment pr\u00e9sent\u00e9es avec clart\u00e9 dans cette nouvelle \u00e9dition mise \u00e0 jour et enrichie.<\/p>\n<p>\u00c1 la lumi\u00e8re de ces informations, on verra que, de fait, l&#8217;architecte dispose d&#8217;une importante marge de manoeuvre pour pratiquer son m\u00e9tier \u00e0 condition d&#8217;en bien conna\u00eetre le p\u00e9rim\u00e8tre et d&#8217;en ma\u00eetriser les fondements th\u00e9oriques. On prendra enfin toute la mesure d&#8217;une notion centrale, la responsabilit\u00e9, corollaire de la libert\u00e9 des architectes qui b\u00e2tissent.<\/p>\n<p>Publics.<\/p>\n<p>\u00c9tudiants des \u00e9coles d&#8217;architecture &#8211; Candidats \u00e0 l&#8217;habilitation \u00e0 la ma\u00eetrise d&#8217;oeuvre en son nom propre &#8211; Futurs dipl\u00f4m\u00e9s des fili\u00e8res de formation aux m\u00e9tiers de la construction &#8211; Professionnels de la construction et de l&#8217;urbanisme collaborant avec les architectes Sous la direction d&#8217;Isabelle Chesneau \u00c9tienne Baillet, Olivier Barancy, Jean-Fran\u00e7ois Baron, Cyril Boisnier, Patrick Bouchain, Robert Carvais, Pierre Caye, Renaud Chanceaulme, Isabelle Chesneau, Didier Cornuel, Bertrand Couette, Alexandre Coulondre, Bruno Decaris, Maxime Decommer, David Deharbe, Geoffrey Desplaces, Xavier Fabre, Luigi Failla, Michel Forgue, \u00c9douard Fran\u00e7ois, Peggy Garcia, Fran\u00e7ois Gruson, Michel Huet, Jean de Keating-Hart, Guy Lambert, Clara Lombard, Arnaud Leconte, Christophe Lecq, Michelle Lobjois, J\u00e9r\u00f4me Martin, Odile Massot, Julie Michaud, Sandra Planchez, Michel Possomp\u00e8s, Lise Serra, Christine Simonin, Saadia Tamelikecht, Pierre Tripier et Florence Wierre.<br \/>\n\u00c9pilogue de Patrick Bouchain<\/p>\n","protected":false},"excerpt":{"rendered":"<p>Pour r\u00e9pondre aux questions que se posent sur le m\u00e9tier d&#8217;architecte tous ceux qui sont concern\u00e9s par le vaste secteur de la construction, Isabelle Chesneau a r\u00e9uni trente-huit professionnels exer\u00e7ant leur activit\u00e9 dans ce domaine. Pour la plupart, ils contribuent \u00e0 former les futurs architectes, notamment au sein de l&#8217;\u00c9cole nationale sup\u00e9rieure d&#8217;architecture de Paris-Malaquais [&hellip;]<\/p>\n","protected":false},"featured_media":27805,"template":"","meta":[],"product_cat":[55,2948,22,2950],"product_tag":[],"acf":[],"yoast_head":"<!-- This site is optimized with the Yoast SEO plugin v20.11 - https:\/\/yoast.com\/wordpress\/plugins\/seo\/ -->\n<title>PROFESSION ARCHITECTE ; IDENTIT\u00c9, RESPONSABILIT\u00c9, CONTRATS, R\u00c8GLES, AGENCE, \u00c9CONOMIE, CHANTIER (2E \u00c9DITION) - Librairie 7L<\/title>\n<meta name=\"robots\" content=\"index, follow, max-snippet:-1, max-image-preview:large, max-video-preview:-1\" \/>\n<link rel=\"canonical\" href=\"https:\/\/librairie7l.com\/en\/produit\/profession-architecte-identite-responsabilite-contrats-regles-agence-econ\/\" \/>\n<meta property=\"og:locale\" content=\"en_US\" \/>\n<meta property=\"og:type\" content=\"article\" \/>\n<meta property=\"og:title\" content=\"PROFESSION ARCHITECTE ; IDENTIT\u00c9, RESPONSABILIT\u00c9, CONTRATS, R\u00c8GLES, AGENCE, \u00c9CONOMIE, CHANTIER (2E \u00c9DITION) - Librairie 7L\" \/>\n<meta property=\"og:description\" content=\"Pour r\u00e9pondre aux questions que se posent sur le m\u00e9tier d&#8217;architecte tous ceux qui sont concern\u00e9s par le vaste secteur de la construction, Isabelle Chesneau a r\u00e9uni trente-huit professionnels exer\u00e7ant leur activit\u00e9 dans ce domaine. Pour la plupart, ils contribuent \u00e0 former les futurs architectes, notamment au sein de l&#8217;\u00c9cole nationale sup\u00e9rieure d&#8217;architecture de Paris-Malaquais [&hellip;]\" \/>\n<meta property=\"og:url\" content=\"https:\/\/librairie7l.com\/en\/produit\/profession-architecte-identite-responsabilite-contrats-regles-agence-econ\/\" \/>\n<meta property=\"og:site_name\" content=\"Librairie 7L\" \/>\n<meta property=\"article:modified_time\" content=\"2026-04-27T10:06:04+00:00\" \/>\n<meta property=\"og:image\" content=\"https:\/\/librairie7l.com\/wp-content\/uploads\/2020\/02\/9782212679267_1_75.jpg\" \/>\n\t<meta property=\"og:image:width\" content=\"600\" \/>\n\t<meta property=\"og:image:height\" content=\"820\" \/>\n\t<meta property=\"og:image:type\" content=\"image\/jpeg\" \/>\n<meta name=\"twitter:card\" content=\"summary_large_image\" \/>\n<meta name=\"twitter:label1\" content=\"Est. reading time\" \/>\n\t<meta name=\"twitter:data1\" content=\"2 minutes\" \/>\n<script type=\"application\/ld+json\" class=\"yoast-schema-graph\">{\"@context\":\"https:\/\/schema.org\",\"@graph\":[{\"@type\":\"WebPage\",\"@id\":\"https:\/\/librairie7l.com\/en\/produit\/profession-architecte-identite-responsabilite-contrats-regles-agence-econ\/\",\"url\":\"https:\/\/librairie7l.com\/en\/produit\/profession-architecte-identite-responsabilite-contrats-regles-agence-econ\/\",\"name\":\"PROFESSION ARCHITECTE ; IDENTIT\u00c9, RESPONSABILIT\u00c9, CONTRATS, R\u00c8GLES, AGENCE, \u00c9CONOMIE, CHANTIER (2E \u00c9DITION) - Librairie 7L\",\"isPartOf\":{\"@id\":\"https:\/\/librairie7l.com\/en\/#website\"},\"datePublished\":\"2023-05-10T11:13:38+00:00\",\"dateModified\":\"2026-04-27T10:06:04+00:00\",\"breadcrumb\":{\"@id\":\"https:\/\/librairie7l.com\/en\/produit\/profession-architecte-identite-responsabilite-contrats-regles-agence-econ\/#breadcrumb\"},\"inLanguage\":\"en-US\",\"potentialAction\":[{\"@type\":\"ReadAction\",\"target\":[\"https:\/\/librairie7l.com\/en\/produit\/profession-architecte-identite-responsabilite-contrats-regles-agence-econ\/\"]}]},{\"@type\":\"BreadcrumbList\",\"@id\":\"https:\/\/librairie7l.com\/en\/produit\/profession-architecte-identite-responsabilite-contrats-regles-agence-econ\/#breadcrumb\",\"itemListElement\":[{\"@type\":\"ListItem\",\"position\":1,\"name\":\"Accueil\",\"item\":\"https:\/\/librairie7l.com\/en\/\"},{\"@type\":\"ListItem\",\"position\":2,\"name\":\"Shop\",\"item\":\"https:\/\/librairie7l.com\/en\/shop\/\"},{\"@type\":\"ListItem\",\"position\":3,\"name\":\"PROFESSION ARCHITECTE ; IDENTIT\u00c9, RESPONSABILIT\u00c9, CONTRATS, R\u00c8GLES, AGENCE, \u00c9CONOMIE, CHANTIER (2E \u00c9DITION)\"}]},{\"@type\":\"WebSite\",\"@id\":\"https:\/\/librairie7l.com\/en\/#website\",\"url\":\"https:\/\/librairie7l.com\/en\/\",\"name\":\"Librairie 7L\",\"description\":\"Librairie fond\u00e9e en 1999 par Karl Lagerfeld \u00e0 Paris\",\"publisher\":{\"@id\":\"https:\/\/librairie7l.com\/en\/#organization\"},\"potentialAction\":[{\"@type\":\"SearchAction\",\"target\":{\"@type\":\"EntryPoint\",\"urlTemplate\":\"https:\/\/librairie7l.com\/en\/?s={search_term_string}\"},\"query-input\":\"required name=search_term_string\"}],\"inLanguage\":\"en-US\"},{\"@type\":\"Organization\",\"@id\":\"https:\/\/librairie7l.com\/en\/#organization\",\"name\":\"Librairie 7L\",\"url\":\"https:\/\/librairie7l.com\/en\/\",\"logo\":{\"@type\":\"ImageObject\",\"inLanguage\":\"en-US\",\"@id\":\"https:\/\/librairie7l.com\/en\/#\/schema\/logo\/image\/\",\"url\":\"https:\/\/librairie7l.com\/wp-content\/uploads\/2022\/08\/logo-1.png\",\"contentUrl\":\"https:\/\/librairie7l.com\/wp-content\/uploads\/2022\/08\/logo-1.png\",\"width\":227,\"height\":301,\"caption\":\"Librairie 7L\"},\"image\":{\"@id\":\"https:\/\/librairie7l.com\/en\/#\/schema\/logo\/image\/\"}}]}<\/script>\n<!-- \/ Yoast SEO plugin. -->","yoast_head_json":{"title":"PROFESSION ARCHITECTE ; IDENTIT\u00c9, RESPONSABILIT\u00c9, CONTRATS, R\u00c8GLES, AGENCE, \u00c9CONOMIE, CHANTIER (2E \u00c9DITION) - Librairie 7L","robots":{"index":"index","follow":"follow","max-snippet":"max-snippet:-1","max-image-preview":"max-image-preview:large","max-video-preview":"max-video-preview:-1"},"canonical":"https:\/\/librairie7l.com\/en\/produit\/profession-architecte-identite-responsabilite-contrats-regles-agence-econ\/","og_locale":"en_US","og_type":"article","og_title":"PROFESSION ARCHITECTE ; IDENTIT\u00c9, RESPONSABILIT\u00c9, CONTRATS, R\u00c8GLES, AGENCE, \u00c9CONOMIE, CHANTIER (2E \u00c9DITION) - Librairie 7L","og_description":"Pour r\u00e9pondre aux questions que se posent sur le m\u00e9tier d&#8217;architecte tous ceux qui sont concern\u00e9s par le vaste secteur de la construction, Isabelle Chesneau a r\u00e9uni trente-huit professionnels exer\u00e7ant leur activit\u00e9 dans ce domaine. Pour la plupart, ils contribuent \u00e0 former les futurs architectes, notamment au sein de l&#8217;\u00c9cole nationale sup\u00e9rieure d&#8217;architecture de Paris-Malaquais [&hellip;]","og_url":"https:\/\/librairie7l.com\/en\/produit\/profession-architecte-identite-responsabilite-contrats-regles-agence-econ\/","og_site_name":"Librairie 7L","article_modified_time":"2026-04-27T10:06:04+00:00","og_image":[{"width":600,"height":820,"url":"https:\/\/librairie7l.com\/wp-content\/uploads\/2020\/02\/9782212679267_1_75.jpg","type":"image\/jpeg"}],"twitter_card":"summary_large_image","twitter_misc":{"Est. reading time":"2 minutes"},"schema":{"@context":"https:\/\/schema.org","@graph":[{"@type":"WebPage","@id":"https:\/\/librairie7l.com\/en\/produit\/profession-architecte-identite-responsabilite-contrats-regles-agence-econ\/","url":"https:\/\/librairie7l.com\/en\/produit\/profession-architecte-identite-responsabilite-contrats-regles-agence-econ\/","name":"PROFESSION ARCHITECTE ; IDENTIT\u00c9, RESPONSABILIT\u00c9, CONTRATS, R\u00c8GLES, AGENCE, \u00c9CONOMIE, CHANTIER (2E \u00c9DITION) - Librairie 7L","isPartOf":{"@id":"https:\/\/librairie7l.com\/en\/#website"},"datePublished":"2023-05-10T11:13:38+00:00","dateModified":"2026-04-27T10:06:04+00:00","breadcrumb":{"@id":"https:\/\/librairie7l.com\/en\/produit\/profession-architecte-identite-responsabilite-contrats-regles-agence-econ\/#breadcrumb"},"inLanguage":"en-US","potentialAction":[{"@type":"ReadAction","target":["https:\/\/librairie7l.com\/en\/produit\/profession-architecte-identite-responsabilite-contrats-regles-agence-econ\/"]}]},{"@type":"BreadcrumbList","@id":"https:\/\/librairie7l.com\/en\/produit\/profession-architecte-identite-responsabilite-contrats-regles-agence-econ\/#breadcrumb","itemListElement":[{"@type":"ListItem","position":1,"name":"Accueil","item":"https:\/\/librairie7l.com\/en\/"},{"@type":"ListItem","position":2,"name":"Shop","item":"https:\/\/librairie7l.com\/en\/shop\/"},{"@type":"ListItem","position":3,"name":"PROFESSION ARCHITECTE ; IDENTIT\u00c9, RESPONSABILIT\u00c9, CONTRATS, R\u00c8GLES, AGENCE, \u00c9CONOMIE, CHANTIER (2E \u00c9DITION)"}]},{"@type":"WebSite","@id":"https:\/\/librairie7l.com\/en\/#website","url":"https:\/\/librairie7l.com\/en\/","name":"Librairie 7L","description":"Librairie fond\u00e9e en 1999 par Karl Lagerfeld \u00e0 Paris","publisher":{"@id":"https:\/\/librairie7l.com\/en\/#organization"},"potentialAction":[{"@type":"SearchAction","target":{"@type":"EntryPoint","urlTemplate":"https:\/\/librairie7l.com\/en\/?s={search_term_string}"},"query-input":"required name=search_term_string"}],"inLanguage":"en-US"},{"@type":"Organization","@id":"https:\/\/librairie7l.com\/en\/#organization","name":"Librairie 7L","url":"https:\/\/librairie7l.com\/en\/","logo":{"@type":"ImageObject","inLanguage":"en-US","@id":"https:\/\/librairie7l.com\/en\/#\/schema\/logo\/image\/","url":"https:\/\/librairie7l.com\/wp-content\/uploads\/2022\/08\/logo-1.png","contentUrl":"https:\/\/librairie7l.com\/wp-content\/uploads\/2022\/08\/logo-1.png","width":227,"height":301,"caption":"Librairie 7L"},"image":{"@id":"https:\/\/librairie7l.com\/en\/#\/schema\/logo\/image\/"}}]}},"_links":{"self":[{"href":"https:\/\/librairie7l.com\/en\/wp-json\/wp\/v2\/product\/27807"}],"collection":[{"href":"https:\/\/librairie7l.com\/en\/wp-json\/wp\/v2\/product"}],"about":[{"href":"https:\/\/librairie7l.com\/en\/wp-json\/wp\/v2\/types\/product"}],"wp:featuredmedia":[{"embeddable":true,"href":"https:\/\/librairie7l.com\/en\/wp-json\/wp\/v2\/media\/27805"}],"wp:attachment":[{"href":"https:\/\/librairie7l.com\/en\/wp-json\/wp\/v2\/media?parent=27807"}],"wp:term":[{"taxonomy":"product_cat","embeddable":true,"href":"https:\/\/librairie7l.com\/en\/wp-json\/wp\/v2\/product_cat?post=27807"},{"taxonomy":"product_tag","embeddable":true,"href":"https:\/\/librairie7l.com\/en\/wp-json\/wp\/v2\/product_tag?post=27807"}],"curies":[{"name":"wp","href":"https:\/\/api.w.org\/{rel}","templated":true}]}}