{"id":27819,"date":"2023-05-10T13:14:00","date_gmt":"2023-05-10T11:14:00","guid":{"rendered":"https:\/\/librairie7l.com\/?post_type=product&#038;p=27819"},"modified":"2026-04-07T04:16:35","modified_gmt":"2026-04-07T02:16:35","slug":"claire-tabouret","status":"publish","type":"product","link":"https:\/\/librairie7l.com\/en\/produit\/claire-tabouret\/","title":{"rendered":"CLAIRE TABOURET"},"content":{"rendered":"<p>Cette premi\u00e8re monographie de l&#8217;artiste fran\u00e7aise install\u00e9e \u00e0 Los Angeles, c\u00e9l\u00e8bre pour son approche figurative et engag\u00e9e dans laquelle le corps est le sujet central, pr\u00e9sente une large s\u00e9lection de ses oeuvres (de nombreuses peintures et dessins pr\u00e9sent\u00e9s sur des papiers diff\u00e9rents, et quelques sculptures) ainsi qu&#8217;une douzaine vues d&#8217;exposition. Elle est accompagn\u00e9e de deux textes critiques originaux \u00e9crits par Anna Katherine Brodbeck et Annabelle Teneze, ainsi que de douze citations choisies par l&#8217;artiste (Jorge Luis Borges, Alice Neel, Pierre Guyotat, Georges Bataille, Marguerite Yourcenar, Sebald, Oscar Wilde, Adonis, Agn\u00e8s Martin&#8230;) qui ouvrent chacune des parties.<\/p>\n","protected":false},"excerpt":{"rendered":"<p>Cette premi\u00e8re monographie de l&#8217;artiste fran\u00e7aise install\u00e9e \u00e0 Los Angeles, c\u00e9l\u00e8bre pour son approche figurative et engag\u00e9e dans laquelle le corps est le sujet central, pr\u00e9sente une large s\u00e9lection de ses oeuvres (de nombreuses peintures et dessins pr\u00e9sent\u00e9s sur des papiers diff\u00e9rents, et quelques sculptures) ainsi qu&#8217;une douzaine vues d&#8217;exposition. Elle est accompagn\u00e9e de deux [&hellip;]<\/p>\n","protected":false},"featured_media":27817,"template":"","meta":[],"product_cat":[55,2948,47,2953],"product_tag":[],"acf":[],"yoast_head":"<!-- This site is optimized with the Yoast SEO plugin v20.11 - https:\/\/yoast.com\/wordpress\/plugins\/seo\/ -->\n<title>CLAIRE TABOURET - Librairie 7L<\/title>\n<meta name=\"robots\" content=\"index, follow, max-snippet:-1, max-image-preview:large, max-video-preview:-1\" \/>\n<link rel=\"canonical\" href=\"https:\/\/librairie7l.com\/en\/produit\/claire-tabouret\/\" \/>\n<meta property=\"og:locale\" content=\"en_US\" \/>\n<meta property=\"og:type\" content=\"article\" \/>\n<meta property=\"og:title\" content=\"CLAIRE TABOURET - Librairie 7L\" \/>\n<meta property=\"og:description\" content=\"Cette premi\u00e8re monographie de l&#8217;artiste fran\u00e7aise install\u00e9e \u00e0 Los Angeles, c\u00e9l\u00e8bre pour son approche figurative et engag\u00e9e dans laquelle le corps est le sujet central, pr\u00e9sente une large s\u00e9lection de ses oeuvres (de nombreuses peintures et dessins pr\u00e9sent\u00e9s sur des papiers diff\u00e9rents, et quelques sculptures) ainsi qu&#8217;une douzaine vues d&#8217;exposition. Elle est accompagn\u00e9e de deux [&hellip;]\" \/>\n<meta property=\"og:url\" content=\"https:\/\/librairie7l.com\/en\/produit\/claire-tabouret\/\" \/>\n<meta property=\"og:site_name\" content=\"Librairie 7L\" \/>\n<meta property=\"article:modified_time\" content=\"2026-04-07T02:16:35+00:00\" \/>\n<meta property=\"og:image\" content=\"https:\/\/librairie7l.com\/wp-content\/uploads\/2022\/01\/9791091539302_1_75.jpg\" \/>\n\t<meta property=\"og:image:width\" content=\"600\" \/>\n\t<meta property=\"og:image:height\" content=\"797\" \/>\n\t<meta property=\"og:image:type\" content=\"image\/jpeg\" \/>\n<meta name=\"twitter:card\" content=\"summary_large_image\" \/>\n<meta name=\"twitter:label1\" content=\"Est. reading time\" \/>\n\t<meta name=\"twitter:data1\" content=\"1 minute\" \/>\n<script type=\"application\/ld+json\" class=\"yoast-schema-graph\">{\"@context\":\"https:\/\/schema.org\",\"@graph\":[{\"@type\":\"WebPage\",\"@id\":\"https:\/\/librairie7l.com\/en\/produit\/claire-tabouret\/\",\"url\":\"https:\/\/librairie7l.com\/en\/produit\/claire-tabouret\/\",\"name\":\"CLAIRE TABOURET - Librairie 7L\",\"isPartOf\":{\"@id\":\"https:\/\/librairie7l.com\/en\/#website\"},\"datePublished\":\"2023-05-10T11:14:00+00:00\",\"dateModified\":\"2026-04-07T02:16:35+00:00\",\"breadcrumb\":{\"@id\":\"https:\/\/librairie7l.com\/en\/produit\/claire-tabouret\/#breadcrumb\"},\"inLanguage\":\"en-US\",\"potentialAction\":[{\"@type\":\"ReadAction\",\"target\":[\"https:\/\/librairie7l.com\/en\/produit\/claire-tabouret\/\"]}]},{\"@type\":\"BreadcrumbList\",\"@id\":\"https:\/\/librairie7l.com\/en\/produit\/claire-tabouret\/#breadcrumb\",\"itemListElement\":[{\"@type\":\"ListItem\",\"position\":1,\"name\":\"Accueil\",\"item\":\"https:\/\/librairie7l.com\/en\/\"},{\"@type\":\"ListItem\",\"position\":2,\"name\":\"Shop\",\"item\":\"https:\/\/librairie7l.com\/en\/shop\/\"},{\"@type\":\"ListItem\",\"position\":3,\"name\":\"CLAIRE TABOURET\"}]},{\"@type\":\"WebSite\",\"@id\":\"https:\/\/librairie7l.com\/en\/#website\",\"url\":\"https:\/\/librairie7l.com\/en\/\",\"name\":\"Librairie 7L\",\"description\":\"Librairie fond\u00e9e en 1999 par Karl Lagerfeld \u00e0 Paris\",\"publisher\":{\"@id\":\"https:\/\/librairie7l.com\/en\/#organization\"},\"potentialAction\":[{\"@type\":\"SearchAction\",\"target\":{\"@type\":\"EntryPoint\",\"urlTemplate\":\"https:\/\/librairie7l.com\/en\/?s={search_term_string}\"},\"query-input\":\"required name=search_term_string\"}],\"inLanguage\":\"en-US\"},{\"@type\":\"Organization\",\"@id\":\"https:\/\/librairie7l.com\/en\/#organization\",\"name\":\"Librairie 7L\",\"url\":\"https:\/\/librairie7l.com\/en\/\",\"logo\":{\"@type\":\"ImageObject\",\"inLanguage\":\"en-US\",\"@id\":\"https:\/\/librairie7l.com\/en\/#\/schema\/logo\/image\/\",\"url\":\"https:\/\/librairie7l.com\/wp-content\/uploads\/2022\/08\/logo-1.png\",\"contentUrl\":\"https:\/\/librairie7l.com\/wp-content\/uploads\/2022\/08\/logo-1.png\",\"width\":227,\"height\":301,\"caption\":\"Librairie 7L\"},\"image\":{\"@id\":\"https:\/\/librairie7l.com\/en\/#\/schema\/logo\/image\/\"}}]}<\/script>\n<!-- \/ Yoast SEO plugin. -->","yoast_head_json":{"title":"CLAIRE TABOURET - Librairie 7L","robots":{"index":"index","follow":"follow","max-snippet":"max-snippet:-1","max-image-preview":"max-image-preview:large","max-video-preview":"max-video-preview:-1"},"canonical":"https:\/\/librairie7l.com\/en\/produit\/claire-tabouret\/","og_locale":"en_US","og_type":"article","og_title":"CLAIRE TABOURET - Librairie 7L","og_description":"Cette premi\u00e8re monographie de l&#8217;artiste fran\u00e7aise install\u00e9e \u00e0 Los Angeles, c\u00e9l\u00e8bre pour son approche figurative et engag\u00e9e dans laquelle le corps est le sujet central, pr\u00e9sente une large s\u00e9lection de ses oeuvres (de nombreuses peintures et dessins pr\u00e9sent\u00e9s sur des papiers diff\u00e9rents, et quelques sculptures) ainsi qu&#8217;une douzaine vues d&#8217;exposition. Elle est accompagn\u00e9e de deux [&hellip;]","og_url":"https:\/\/librairie7l.com\/en\/produit\/claire-tabouret\/","og_site_name":"Librairie 7L","article_modified_time":"2026-04-07T02:16:35+00:00","og_image":[{"width":600,"height":797,"url":"https:\/\/librairie7l.com\/wp-content\/uploads\/2022\/01\/9791091539302_1_75.jpg","type":"image\/jpeg"}],"twitter_card":"summary_large_image","twitter_misc":{"Est. reading time":"1 minute"},"schema":{"@context":"https:\/\/schema.org","@graph":[{"@type":"WebPage","@id":"https:\/\/librairie7l.com\/en\/produit\/claire-tabouret\/","url":"https:\/\/librairie7l.com\/en\/produit\/claire-tabouret\/","name":"CLAIRE TABOURET - Librairie 7L","isPartOf":{"@id":"https:\/\/librairie7l.com\/en\/#website"},"datePublished":"2023-05-10T11:14:00+00:00","dateModified":"2026-04-07T02:16:35+00:00","breadcrumb":{"@id":"https:\/\/librairie7l.com\/en\/produit\/claire-tabouret\/#breadcrumb"},"inLanguage":"en-US","potentialAction":[{"@type":"ReadAction","target":["https:\/\/librairie7l.com\/en\/produit\/claire-tabouret\/"]}]},{"@type":"BreadcrumbList","@id":"https:\/\/librairie7l.com\/en\/produit\/claire-tabouret\/#breadcrumb","itemListElement":[{"@type":"ListItem","position":1,"name":"Accueil","item":"https:\/\/librairie7l.com\/en\/"},{"@type":"ListItem","position":2,"name":"Shop","item":"https:\/\/librairie7l.com\/en\/shop\/"},{"@type":"ListItem","position":3,"name":"CLAIRE TABOURET"}]},{"@type":"WebSite","@id":"https:\/\/librairie7l.com\/en\/#website","url":"https:\/\/librairie7l.com\/en\/","name":"Librairie 7L","description":"Librairie fond\u00e9e en 1999 par Karl Lagerfeld \u00e0 Paris","publisher":{"@id":"https:\/\/librairie7l.com\/en\/#organization"},"potentialAction":[{"@type":"SearchAction","target":{"@type":"EntryPoint","urlTemplate":"https:\/\/librairie7l.com\/en\/?s={search_term_string}"},"query-input":"required name=search_term_string"}],"inLanguage":"en-US"},{"@type":"Organization","@id":"https:\/\/librairie7l.com\/en\/#organization","name":"Librairie 7L","url":"https:\/\/librairie7l.com\/en\/","logo":{"@type":"ImageObject","inLanguage":"en-US","@id":"https:\/\/librairie7l.com\/en\/#\/schema\/logo\/image\/","url":"https:\/\/librairie7l.com\/wp-content\/uploads\/2022\/08\/logo-1.png","contentUrl":"https:\/\/librairie7l.com\/wp-content\/uploads\/2022\/08\/logo-1.png","width":227,"height":301,"caption":"Librairie 7L"},"image":{"@id":"https:\/\/librairie7l.com\/en\/#\/schema\/logo\/image\/"}}]}},"_links":{"self":[{"href":"https:\/\/librairie7l.com\/en\/wp-json\/wp\/v2\/product\/27819"}],"collection":[{"href":"https:\/\/librairie7l.com\/en\/wp-json\/wp\/v2\/product"}],"about":[{"href":"https:\/\/librairie7l.com\/en\/wp-json\/wp\/v2\/types\/product"}],"wp:featuredmedia":[{"embeddable":true,"href":"https:\/\/librairie7l.com\/en\/wp-json\/wp\/v2\/media\/27817"}],"wp:attachment":[{"href":"https:\/\/librairie7l.com\/en\/wp-json\/wp\/v2\/media?parent=27819"}],"wp:term":[{"taxonomy":"product_cat","embeddable":true,"href":"https:\/\/librairie7l.com\/en\/wp-json\/wp\/v2\/product_cat?post=27819"},{"taxonomy":"product_tag","embeddable":true,"href":"https:\/\/librairie7l.com\/en\/wp-json\/wp\/v2\/product_tag?post=27819"}],"curies":[{"name":"wp","href":"https:\/\/api.w.org\/{rel}","templated":true}]}}