{"id":27827,"date":"2023-05-10T13:14:26","date_gmt":"2023-05-10T11:14:26","guid":{"rendered":"https:\/\/librairie7l.com\/?post_type=product&#038;p=27827"},"modified":"2026-04-25T06:06:58","modified_gmt":"2026-04-25T04:06:58","slug":"gaultier-paris-le-livre-officiel","status":"publish","type":"product","link":"https:\/\/librairie7l.com\/en\/produit\/gaultier-paris-le-livre-officiel\/","title":{"rendered":"GAULTIER PARIS, LE LIVRE OFFICIEL"},"content":{"rendered":"<p>Surnomm\u00e9 \u00ab l&#8217;enfant terrible \u00bb de la mode, Jean Paul Gaultier est incontestablement l&#8217;un des cr\u00e9ateurs les plus importants de ces derni\u00e8res d\u00e9cennies. Sa mode avant-gardiste a saisi tr\u00e8s t\u00f4t les enjeux de notre soci\u00e9t\u00e9.<br \/>\nIl signe sa premi\u00e8re collection de pr\u00eat-\u00e0-porter en 1976, puis fonde sa maison de haute couture en 1997. Curieux de toutes les cultures et contre-cultures, il s&#8217;empare de l&#8217;air du temps avec audace, proposant une esth\u00e9tique multiculturelle empreinte d&#8217;humanisme : d\u00e9tournements, transgressions, m\u00e9tamorphoses, r\u00e9interpr\u00e9tations, m\u00e9tissages, il efface les fronti\u00e8res et revendique le droit \u00e0 la diff\u00e9rence, concevant ainsi une nouvelle mani\u00e8re de faire et de porter la mode. Son immense respect pour le travail manuel et l&#8217;\u00e9l\u00e9gance en font \u00e9galement un des rares couturiers capables de concilier tradition et avant-garde.<\/p>\n<p>Cet ouvrage explore d&#8217;une mani\u00e8re innovante et originale les liens privil\u00e9gi\u00e9s de ce cr\u00e9ateur d\u00e9complex\u00e9 et g\u00e9n\u00e9reux avec la sc\u00e8ne musicale pop-rock (Madonna, Kylie Minogue, Lady Gaga, etc.), le cin\u00e9ma (Peter Greenaway, Luc Besson, Pedro Almod\u00f3var, Jeunet et Carot) et la danse (R\u00e9gine Chopinot, Angelin Preljocaj), et met en lumi\u00e8re ses sources d&#8217;inspiration &#8211; de la rue aux \u00e9toiles &#8211; aussi \u00e9clectiques qu&#8217;impertinentes.<\/p>\n","protected":false},"excerpt":{"rendered":"<p>Surnomm\u00e9 \u00ab l&#8217;enfant terrible \u00bb de la mode, Jean Paul Gaultier est incontestablement l&#8217;un des cr\u00e9ateurs les plus importants de ces derni\u00e8res d\u00e9cennies. Sa mode avant-gardiste a saisi tr\u00e8s t\u00f4t les enjeux de notre soci\u00e9t\u00e9. Il signe sa premi\u00e8re collection de pr\u00eat-\u00e0-porter en 1976, puis fonde sa maison de haute couture en 1997. Curieux de [&hellip;]<\/p>\n","protected":false},"featured_media":27825,"template":"","meta":[],"product_cat":[55,2948,2957,19],"product_tag":[],"acf":[],"yoast_head":"<!-- This site is optimized with the Yoast SEO plugin v20.11 - https:\/\/yoast.com\/wordpress\/plugins\/seo\/ -->\n<title>GAULTIER PARIS, LE LIVRE OFFICIEL - Librairie 7L<\/title>\n<meta name=\"robots\" content=\"index, follow, max-snippet:-1, max-image-preview:large, max-video-preview:-1\" \/>\n<link rel=\"canonical\" href=\"https:\/\/librairie7l.com\/en\/produit\/gaultier-paris-le-livre-officiel\/\" \/>\n<meta property=\"og:locale\" content=\"en_US\" \/>\n<meta property=\"og:type\" content=\"article\" \/>\n<meta property=\"og:title\" content=\"GAULTIER PARIS, LE LIVRE OFFICIEL - Librairie 7L\" \/>\n<meta property=\"og:description\" content=\"Surnomm\u00e9 \u00ab l&#8217;enfant terrible \u00bb de la mode, Jean Paul Gaultier est incontestablement l&#8217;un des cr\u00e9ateurs les plus importants de ces derni\u00e8res d\u00e9cennies. Sa mode avant-gardiste a saisi tr\u00e8s t\u00f4t les enjeux de notre soci\u00e9t\u00e9. Il signe sa premi\u00e8re collection de pr\u00eat-\u00e0-porter en 1976, puis fonde sa maison de haute couture en 1997. Curieux de [&hellip;]\" \/>\n<meta property=\"og:url\" content=\"https:\/\/librairie7l.com\/en\/produit\/gaultier-paris-le-livre-officiel\/\" \/>\n<meta property=\"og:site_name\" content=\"Librairie 7L\" \/>\n<meta property=\"article:modified_time\" content=\"2026-04-25T04:06:58+00:00\" \/>\n<meta property=\"og:image\" content=\"https:\/\/librairie7l.com\/wp-content\/uploads\/2014\/12\/9782732467863_1_75.jpg\" \/>\n\t<meta property=\"og:image:width\" content=\"1000\" \/>\n\t<meta property=\"og:image:height\" content=\"1271\" \/>\n\t<meta property=\"og:image:type\" content=\"image\/jpeg\" \/>\n<meta name=\"twitter:card\" content=\"summary_large_image\" \/>\n<meta name=\"twitter:label1\" content=\"Est. reading time\" \/>\n\t<meta name=\"twitter:data1\" content=\"1 minute\" \/>\n<script type=\"application\/ld+json\" class=\"yoast-schema-graph\">{\"@context\":\"https:\/\/schema.org\",\"@graph\":[{\"@type\":\"WebPage\",\"@id\":\"https:\/\/librairie7l.com\/en\/produit\/gaultier-paris-le-livre-officiel\/\",\"url\":\"https:\/\/librairie7l.com\/en\/produit\/gaultier-paris-le-livre-officiel\/\",\"name\":\"GAULTIER PARIS, LE LIVRE OFFICIEL - Librairie 7L\",\"isPartOf\":{\"@id\":\"https:\/\/librairie7l.com\/en\/#website\"},\"datePublished\":\"2023-05-10T11:14:26+00:00\",\"dateModified\":\"2026-04-25T04:06:58+00:00\",\"breadcrumb\":{\"@id\":\"https:\/\/librairie7l.com\/en\/produit\/gaultier-paris-le-livre-officiel\/#breadcrumb\"},\"inLanguage\":\"en-US\",\"potentialAction\":[{\"@type\":\"ReadAction\",\"target\":[\"https:\/\/librairie7l.com\/en\/produit\/gaultier-paris-le-livre-officiel\/\"]}]},{\"@type\":\"BreadcrumbList\",\"@id\":\"https:\/\/librairie7l.com\/en\/produit\/gaultier-paris-le-livre-officiel\/#breadcrumb\",\"itemListElement\":[{\"@type\":\"ListItem\",\"position\":1,\"name\":\"Accueil\",\"item\":\"https:\/\/librairie7l.com\/en\/\"},{\"@type\":\"ListItem\",\"position\":2,\"name\":\"Shop\",\"item\":\"https:\/\/librairie7l.com\/en\/shop\/\"},{\"@type\":\"ListItem\",\"position\":3,\"name\":\"GAULTIER PARIS, LE LIVRE OFFICIEL\"}]},{\"@type\":\"WebSite\",\"@id\":\"https:\/\/librairie7l.com\/en\/#website\",\"url\":\"https:\/\/librairie7l.com\/en\/\",\"name\":\"Librairie 7L\",\"description\":\"Librairie fond\u00e9e en 1999 par Karl Lagerfeld \u00e0 Paris\",\"publisher\":{\"@id\":\"https:\/\/librairie7l.com\/en\/#organization\"},\"potentialAction\":[{\"@type\":\"SearchAction\",\"target\":{\"@type\":\"EntryPoint\",\"urlTemplate\":\"https:\/\/librairie7l.com\/en\/?s={search_term_string}\"},\"query-input\":\"required name=search_term_string\"}],\"inLanguage\":\"en-US\"},{\"@type\":\"Organization\",\"@id\":\"https:\/\/librairie7l.com\/en\/#organization\",\"name\":\"Librairie 7L\",\"url\":\"https:\/\/librairie7l.com\/en\/\",\"logo\":{\"@type\":\"ImageObject\",\"inLanguage\":\"en-US\",\"@id\":\"https:\/\/librairie7l.com\/en\/#\/schema\/logo\/image\/\",\"url\":\"https:\/\/librairie7l.com\/wp-content\/uploads\/2022\/08\/logo-1.png\",\"contentUrl\":\"https:\/\/librairie7l.com\/wp-content\/uploads\/2022\/08\/logo-1.png\",\"width\":227,\"height\":301,\"caption\":\"Librairie 7L\"},\"image\":{\"@id\":\"https:\/\/librairie7l.com\/en\/#\/schema\/logo\/image\/\"}}]}<\/script>\n<!-- \/ Yoast SEO plugin. -->","yoast_head_json":{"title":"GAULTIER PARIS, LE LIVRE OFFICIEL - Librairie 7L","robots":{"index":"index","follow":"follow","max-snippet":"max-snippet:-1","max-image-preview":"max-image-preview:large","max-video-preview":"max-video-preview:-1"},"canonical":"https:\/\/librairie7l.com\/en\/produit\/gaultier-paris-le-livre-officiel\/","og_locale":"en_US","og_type":"article","og_title":"GAULTIER PARIS, LE LIVRE OFFICIEL - Librairie 7L","og_description":"Surnomm\u00e9 \u00ab l&#8217;enfant terrible \u00bb de la mode, Jean Paul Gaultier est incontestablement l&#8217;un des cr\u00e9ateurs les plus importants de ces derni\u00e8res d\u00e9cennies. Sa mode avant-gardiste a saisi tr\u00e8s t\u00f4t les enjeux de notre soci\u00e9t\u00e9. Il signe sa premi\u00e8re collection de pr\u00eat-\u00e0-porter en 1976, puis fonde sa maison de haute couture en 1997. Curieux de [&hellip;]","og_url":"https:\/\/librairie7l.com\/en\/produit\/gaultier-paris-le-livre-officiel\/","og_site_name":"Librairie 7L","article_modified_time":"2026-04-25T04:06:58+00:00","og_image":[{"width":1000,"height":1271,"url":"https:\/\/librairie7l.com\/wp-content\/uploads\/2014\/12\/9782732467863_1_75.jpg","type":"image\/jpeg"}],"twitter_card":"summary_large_image","twitter_misc":{"Est. reading time":"1 minute"},"schema":{"@context":"https:\/\/schema.org","@graph":[{"@type":"WebPage","@id":"https:\/\/librairie7l.com\/en\/produit\/gaultier-paris-le-livre-officiel\/","url":"https:\/\/librairie7l.com\/en\/produit\/gaultier-paris-le-livre-officiel\/","name":"GAULTIER PARIS, LE LIVRE OFFICIEL - Librairie 7L","isPartOf":{"@id":"https:\/\/librairie7l.com\/en\/#website"},"datePublished":"2023-05-10T11:14:26+00:00","dateModified":"2026-04-25T04:06:58+00:00","breadcrumb":{"@id":"https:\/\/librairie7l.com\/en\/produit\/gaultier-paris-le-livre-officiel\/#breadcrumb"},"inLanguage":"en-US","potentialAction":[{"@type":"ReadAction","target":["https:\/\/librairie7l.com\/en\/produit\/gaultier-paris-le-livre-officiel\/"]}]},{"@type":"BreadcrumbList","@id":"https:\/\/librairie7l.com\/en\/produit\/gaultier-paris-le-livre-officiel\/#breadcrumb","itemListElement":[{"@type":"ListItem","position":1,"name":"Accueil","item":"https:\/\/librairie7l.com\/en\/"},{"@type":"ListItem","position":2,"name":"Shop","item":"https:\/\/librairie7l.com\/en\/shop\/"},{"@type":"ListItem","position":3,"name":"GAULTIER PARIS, LE LIVRE OFFICIEL"}]},{"@type":"WebSite","@id":"https:\/\/librairie7l.com\/en\/#website","url":"https:\/\/librairie7l.com\/en\/","name":"Librairie 7L","description":"Librairie fond\u00e9e en 1999 par Karl Lagerfeld \u00e0 Paris","publisher":{"@id":"https:\/\/librairie7l.com\/en\/#organization"},"potentialAction":[{"@type":"SearchAction","target":{"@type":"EntryPoint","urlTemplate":"https:\/\/librairie7l.com\/en\/?s={search_term_string}"},"query-input":"required name=search_term_string"}],"inLanguage":"en-US"},{"@type":"Organization","@id":"https:\/\/librairie7l.com\/en\/#organization","name":"Librairie 7L","url":"https:\/\/librairie7l.com\/en\/","logo":{"@type":"ImageObject","inLanguage":"en-US","@id":"https:\/\/librairie7l.com\/en\/#\/schema\/logo\/image\/","url":"https:\/\/librairie7l.com\/wp-content\/uploads\/2022\/08\/logo-1.png","contentUrl":"https:\/\/librairie7l.com\/wp-content\/uploads\/2022\/08\/logo-1.png","width":227,"height":301,"caption":"Librairie 7L"},"image":{"@id":"https:\/\/librairie7l.com\/en\/#\/schema\/logo\/image\/"}}]}},"_links":{"self":[{"href":"https:\/\/librairie7l.com\/en\/wp-json\/wp\/v2\/product\/27827"}],"collection":[{"href":"https:\/\/librairie7l.com\/en\/wp-json\/wp\/v2\/product"}],"about":[{"href":"https:\/\/librairie7l.com\/en\/wp-json\/wp\/v2\/types\/product"}],"wp:featuredmedia":[{"embeddable":true,"href":"https:\/\/librairie7l.com\/en\/wp-json\/wp\/v2\/media\/27825"}],"wp:attachment":[{"href":"https:\/\/librairie7l.com\/en\/wp-json\/wp\/v2\/media?parent=27827"}],"wp:term":[{"taxonomy":"product_cat","embeddable":true,"href":"https:\/\/librairie7l.com\/en\/wp-json\/wp\/v2\/product_cat?post=27827"},{"taxonomy":"product_tag","embeddable":true,"href":"https:\/\/librairie7l.com\/en\/wp-json\/wp\/v2\/product_tag?post=27827"}],"curies":[{"name":"wp","href":"https:\/\/api.w.org\/{rel}","templated":true}]}}