{"id":27843,"date":"2023-05-10T13:14:45","date_gmt":"2023-05-10T11:14:45","guid":{"rendered":"https:\/\/librairie7l.com\/?post_type=product&#038;p=27843"},"modified":"2026-04-21T10:10:27","modified_gmt":"2026-04-21T08:10:27","slug":"evolution","status":"publish","type":"product","link":"https:\/\/librairie7l.com\/en\/produit\/evolution\/","title":{"rendered":"\u00c9VOLUTION"},"content":{"rendered":"<p>Spectaculaires, myst\u00e9rieux, \u00e9l\u00e9gants ou grotesques, les squelettes des vert\u00e9br\u00e9s qui peuplent aujourd&#8217;hui la Terre portent en eux les traces d&#8217;une \u00e9volution de plusieurs milliards d&#8217;ann\u00e9es. Ce livre retrace l&#8217;histoire de notre \u00e8re, histoire dont les os ont gard\u00e9 la m\u00e9moire.<br \/>\nLa th\u00e9orie de l&#8217;\u00e9volution propos\u00e9e par Charles Darwin au XIXe si\u00e8cle a \u00e9t\u00e9 largement confirm\u00e9e et enrichie par la d\u00e9couverte des g\u00e8nes et par les progr\u00e8s des sciences de la Vie, de la pal\u00e9ontologie \u00e0 l&#8217;embryologie. Le propos d\u00e9velopp\u00e9 dans ce livre est de rendre compte de cette r\u00e9alit\u00e9 scientifique. Il offre un vaste panorama du monde des vert\u00e9br\u00e9s, le groupe zoologique dont nous faisons nous-m\u00eames partie. Cette parent\u00e9, \u00e9vidente lorsque l&#8217;on observe la structure profonde des animaux, nous aide \u00e0 comprendre les m\u00e9canismes de l&#8217;\u00e9volution et \u00e0 en saisir toutes les facettes.<br \/>\nLa plupart des vert\u00e9br\u00e9s contemporains pr\u00e9sent\u00e9s dans ce livre proviennent des collections de la galerie d&#8217;anatomie compar\u00e9e du Mus\u00e9um national d&#8217;Histoire naturelle. Ils ont \u00e9t\u00e9 restaur\u00e9s, parfois remont\u00e9s et lib\u00e9r\u00e9s de leurs supports m\u00e9talliques afin que l&#8217;on imagine, sans entrave, l&#8217;animal en mouvement.<br \/>\nLe noir et blanc a \u00e9t\u00e9 choisi pour sa repr\u00e9sentation intemporelle, permettant ainsi \u00e0 ces photographies d&#8217;agir comme des r\u00e9v\u00e9lateurs. Au-del\u00e0 de leur beaut\u00e9 formelle, les squelettes nous renvoient sans cesse \u00e0 notre origine animale et \u00e0 notre propre histoire.<br \/>\nCe livre co-\u00e9dit\u00e9 avec le Mus\u00e9um national d&#8217;Histoire naturelle a \u00e9t\u00e9 r\u00e9alis\u00e9 avec la collaboration du Mus\u00e9e Oc\u00e9anographique de Monaco, du Mus\u00e9um d&#8217;Histoire naturelle de Marseille, du Mus\u00e9um d&#8217;Histoire naturelle de Toulouse, du Mus\u00e9e Fragonard et de l&#8217;\u00c9cole Nationale V\u00e9t\u00e9rinaire d&#8217;Alfort.<br \/>\nCette \u00e9dition revue et augment\u00e9e pr\u00e9sente pr\u00e8s de deux cents esp\u00e8ces diff\u00e9rentes dont une quinzaine de nouveaux sp\u00e9cimens.<\/p>\n","protected":false},"excerpt":{"rendered":"<p>Spectaculaires, myst\u00e9rieux, \u00e9l\u00e9gants ou grotesques, les squelettes des vert\u00e9br\u00e9s qui peuplent aujourd&#8217;hui la Terre portent en eux les traces d&#8217;une \u00e9volution de plusieurs milliards d&#8217;ann\u00e9es. Ce livre retrace l&#8217;histoire de notre \u00e8re, histoire dont les os ont gard\u00e9 la m\u00e9moire. La th\u00e9orie de l&#8217;\u00e9volution propos\u00e9e par Charles Darwin au XIXe si\u00e8cle a \u00e9t\u00e9 largement confirm\u00e9e [&hellip;]<\/p>\n","protected":false},"featured_media":27841,"template":"","meta":[],"product_cat":[55,2948,2958,17],"product_tag":[],"acf":[],"yoast_head":"<!-- This site is optimized with the Yoast SEO plugin v20.11 - https:\/\/yoast.com\/wordpress\/plugins\/seo\/ -->\n<title>\u00c9VOLUTION - Librairie 7L<\/title>\n<meta name=\"robots\" content=\"index, follow, max-snippet:-1, max-image-preview:large, max-video-preview:-1\" \/>\n<link rel=\"canonical\" href=\"https:\/\/librairie7l.com\/en\/produit\/evolution\/\" \/>\n<meta property=\"og:locale\" content=\"en_US\" \/>\n<meta property=\"og:type\" content=\"article\" \/>\n<meta property=\"og:title\" content=\"\u00c9VOLUTION - Librairie 7L\" \/>\n<meta property=\"og:description\" content=\"Spectaculaires, myst\u00e9rieux, \u00e9l\u00e9gants ou grotesques, les squelettes des vert\u00e9br\u00e9s qui peuplent aujourd&#8217;hui la Terre portent en eux les traces d&#8217;une \u00e9volution de plusieurs milliards d&#8217;ann\u00e9es. Ce livre retrace l&#8217;histoire de notre \u00e8re, histoire dont les os ont gard\u00e9 la m\u00e9moire. La th\u00e9orie de l&#8217;\u00e9volution propos\u00e9e par Charles Darwin au XIXe si\u00e8cle a \u00e9t\u00e9 largement confirm\u00e9e [&hellip;]\" \/>\n<meta property=\"og:url\" content=\"https:\/\/librairie7l.com\/en\/produit\/evolution\/\" \/>\n<meta property=\"og:site_name\" content=\"Librairie 7L\" \/>\n<meta property=\"article:modified_time\" content=\"2026-04-21T08:10:27+00:00\" \/>\n<meta property=\"og:image\" content=\"https:\/\/librairie7l.com\/wp-content\/uploads\/2011\/04\/9782915173741_1_75.jpg\" \/>\n\t<meta property=\"og:image:width\" content=\"400\" \/>\n\t<meta property=\"og:image:height\" content=\"561\" \/>\n\t<meta property=\"og:image:type\" content=\"image\/jpeg\" \/>\n<meta name=\"twitter:card\" content=\"summary_large_image\" \/>\n<meta name=\"twitter:label1\" content=\"Est. reading time\" \/>\n\t<meta name=\"twitter:data1\" content=\"2 minutes\" \/>\n<script type=\"application\/ld+json\" class=\"yoast-schema-graph\">{\"@context\":\"https:\/\/schema.org\",\"@graph\":[{\"@type\":\"WebPage\",\"@id\":\"https:\/\/librairie7l.com\/en\/produit\/evolution\/\",\"url\":\"https:\/\/librairie7l.com\/en\/produit\/evolution\/\",\"name\":\"\u00c9VOLUTION - Librairie 7L\",\"isPartOf\":{\"@id\":\"https:\/\/librairie7l.com\/en\/#website\"},\"datePublished\":\"2023-05-10T11:14:45+00:00\",\"dateModified\":\"2026-04-21T08:10:27+00:00\",\"breadcrumb\":{\"@id\":\"https:\/\/librairie7l.com\/en\/produit\/evolution\/#breadcrumb\"},\"inLanguage\":\"en-US\",\"potentialAction\":[{\"@type\":\"ReadAction\",\"target\":[\"https:\/\/librairie7l.com\/en\/produit\/evolution\/\"]}]},{\"@type\":\"BreadcrumbList\",\"@id\":\"https:\/\/librairie7l.com\/en\/produit\/evolution\/#breadcrumb\",\"itemListElement\":[{\"@type\":\"ListItem\",\"position\":1,\"name\":\"Accueil\",\"item\":\"https:\/\/librairie7l.com\/en\/\"},{\"@type\":\"ListItem\",\"position\":2,\"name\":\"Shop\",\"item\":\"https:\/\/librairie7l.com\/en\/shop\/\"},{\"@type\":\"ListItem\",\"position\":3,\"name\":\"\u00c9VOLUTION\"}]},{\"@type\":\"WebSite\",\"@id\":\"https:\/\/librairie7l.com\/en\/#website\",\"url\":\"https:\/\/librairie7l.com\/en\/\",\"name\":\"Librairie 7L\",\"description\":\"Librairie fond\u00e9e en 1999 par Karl Lagerfeld \u00e0 Paris\",\"publisher\":{\"@id\":\"https:\/\/librairie7l.com\/en\/#organization\"},\"potentialAction\":[{\"@type\":\"SearchAction\",\"target\":{\"@type\":\"EntryPoint\",\"urlTemplate\":\"https:\/\/librairie7l.com\/en\/?s={search_term_string}\"},\"query-input\":\"required name=search_term_string\"}],\"inLanguage\":\"en-US\"},{\"@type\":\"Organization\",\"@id\":\"https:\/\/librairie7l.com\/en\/#organization\",\"name\":\"Librairie 7L\",\"url\":\"https:\/\/librairie7l.com\/en\/\",\"logo\":{\"@type\":\"ImageObject\",\"inLanguage\":\"en-US\",\"@id\":\"https:\/\/librairie7l.com\/en\/#\/schema\/logo\/image\/\",\"url\":\"https:\/\/librairie7l.com\/wp-content\/uploads\/2022\/08\/logo-1.png\",\"contentUrl\":\"https:\/\/librairie7l.com\/wp-content\/uploads\/2022\/08\/logo-1.png\",\"width\":227,\"height\":301,\"caption\":\"Librairie 7L\"},\"image\":{\"@id\":\"https:\/\/librairie7l.com\/en\/#\/schema\/logo\/image\/\"}}]}<\/script>\n<!-- \/ Yoast SEO plugin. -->","yoast_head_json":{"title":"\u00c9VOLUTION - Librairie 7L","robots":{"index":"index","follow":"follow","max-snippet":"max-snippet:-1","max-image-preview":"max-image-preview:large","max-video-preview":"max-video-preview:-1"},"canonical":"https:\/\/librairie7l.com\/en\/produit\/evolution\/","og_locale":"en_US","og_type":"article","og_title":"\u00c9VOLUTION - Librairie 7L","og_description":"Spectaculaires, myst\u00e9rieux, \u00e9l\u00e9gants ou grotesques, les squelettes des vert\u00e9br\u00e9s qui peuplent aujourd&#8217;hui la Terre portent en eux les traces d&#8217;une \u00e9volution de plusieurs milliards d&#8217;ann\u00e9es. Ce livre retrace l&#8217;histoire de notre \u00e8re, histoire dont les os ont gard\u00e9 la m\u00e9moire. La th\u00e9orie de l&#8217;\u00e9volution propos\u00e9e par Charles Darwin au XIXe si\u00e8cle a \u00e9t\u00e9 largement confirm\u00e9e [&hellip;]","og_url":"https:\/\/librairie7l.com\/en\/produit\/evolution\/","og_site_name":"Librairie 7L","article_modified_time":"2026-04-21T08:10:27+00:00","og_image":[{"width":400,"height":561,"url":"https:\/\/librairie7l.com\/wp-content\/uploads\/2011\/04\/9782915173741_1_75.jpg","type":"image\/jpeg"}],"twitter_card":"summary_large_image","twitter_misc":{"Est. reading time":"2 minutes"},"schema":{"@context":"https:\/\/schema.org","@graph":[{"@type":"WebPage","@id":"https:\/\/librairie7l.com\/en\/produit\/evolution\/","url":"https:\/\/librairie7l.com\/en\/produit\/evolution\/","name":"\u00c9VOLUTION - Librairie 7L","isPartOf":{"@id":"https:\/\/librairie7l.com\/en\/#website"},"datePublished":"2023-05-10T11:14:45+00:00","dateModified":"2026-04-21T08:10:27+00:00","breadcrumb":{"@id":"https:\/\/librairie7l.com\/en\/produit\/evolution\/#breadcrumb"},"inLanguage":"en-US","potentialAction":[{"@type":"ReadAction","target":["https:\/\/librairie7l.com\/en\/produit\/evolution\/"]}]},{"@type":"BreadcrumbList","@id":"https:\/\/librairie7l.com\/en\/produit\/evolution\/#breadcrumb","itemListElement":[{"@type":"ListItem","position":1,"name":"Accueil","item":"https:\/\/librairie7l.com\/en\/"},{"@type":"ListItem","position":2,"name":"Shop","item":"https:\/\/librairie7l.com\/en\/shop\/"},{"@type":"ListItem","position":3,"name":"\u00c9VOLUTION"}]},{"@type":"WebSite","@id":"https:\/\/librairie7l.com\/en\/#website","url":"https:\/\/librairie7l.com\/en\/","name":"Librairie 7L","description":"Librairie fond\u00e9e en 1999 par Karl Lagerfeld \u00e0 Paris","publisher":{"@id":"https:\/\/librairie7l.com\/en\/#organization"},"potentialAction":[{"@type":"SearchAction","target":{"@type":"EntryPoint","urlTemplate":"https:\/\/librairie7l.com\/en\/?s={search_term_string}"},"query-input":"required name=search_term_string"}],"inLanguage":"en-US"},{"@type":"Organization","@id":"https:\/\/librairie7l.com\/en\/#organization","name":"Librairie 7L","url":"https:\/\/librairie7l.com\/en\/","logo":{"@type":"ImageObject","inLanguage":"en-US","@id":"https:\/\/librairie7l.com\/en\/#\/schema\/logo\/image\/","url":"https:\/\/librairie7l.com\/wp-content\/uploads\/2022\/08\/logo-1.png","contentUrl":"https:\/\/librairie7l.com\/wp-content\/uploads\/2022\/08\/logo-1.png","width":227,"height":301,"caption":"Librairie 7L"},"image":{"@id":"https:\/\/librairie7l.com\/en\/#\/schema\/logo\/image\/"}}]}},"_links":{"self":[{"href":"https:\/\/librairie7l.com\/en\/wp-json\/wp\/v2\/product\/27843"}],"collection":[{"href":"https:\/\/librairie7l.com\/en\/wp-json\/wp\/v2\/product"}],"about":[{"href":"https:\/\/librairie7l.com\/en\/wp-json\/wp\/v2\/types\/product"}],"wp:featuredmedia":[{"embeddable":true,"href":"https:\/\/librairie7l.com\/en\/wp-json\/wp\/v2\/media\/27841"}],"wp:attachment":[{"href":"https:\/\/librairie7l.com\/en\/wp-json\/wp\/v2\/media?parent=27843"}],"wp:term":[{"taxonomy":"product_cat","embeddable":true,"href":"https:\/\/librairie7l.com\/en\/wp-json\/wp\/v2\/product_cat?post=27843"},{"taxonomy":"product_tag","embeddable":true,"href":"https:\/\/librairie7l.com\/en\/wp-json\/wp\/v2\/product_tag?post=27843"}],"curies":[{"name":"wp","href":"https:\/\/api.w.org\/{rel}","templated":true}]}}