{"id":27851,"date":"2023-05-10T13:15:01","date_gmt":"2023-05-10T11:15:01","guid":{"rendered":"https:\/\/librairie7l.com\/?post_type=product&#038;p=27851"},"modified":"2026-05-15T20:15:28","modified_gmt":"2026-05-15T18:15:28","slug":"andre-metthey-la-quete-du-feu-et-de-la-couleur","status":"publish","type":"product","link":"https:\/\/librairie7l.com\/en\/produit\/andre-metthey-la-quete-du-feu-et-de-la-couleur\/","title":{"rendered":"ANDR\u00c9 METTHEY : LA QU\u00caTE DU FEU ET DE LA COULEUR"},"content":{"rendered":"<p>La diversit\u00e9 de l&#8217;oeuvre du c\u00e9ramiste Andr\u00e9 Metthey (1871-1920), reconnu pour sa collaboration avec les peintres Fauves, reste \u00e0 d\u00e9couvrir. Cet ouvrage met ainsi en lumi\u00e8re l&#8217;ensemble de ses cr\u00e9ations, de ses premiers gr\u00e8s \u00e0 ses terres verniss\u00e9es richement d\u00e9cor\u00e9es. Constituant la premi\u00e8re monographie d\u00e9di\u00e9e \u00e0 l&#8217;artiste, il ambitionne, un si\u00e8cle apr\u00e8s la r\u00e9trospective au Palais Galliera et suite au recueil illustr\u00e9, Andr\u00e9 Metthey, d\u00e9corateur et c\u00e9ramiste, d&#8217;Henri Clouzot, de devenir une r\u00e9f\u00e9rence.<br \/>\nUne premi\u00e8re partie met en perspective l&#8217;ensemble de la carri\u00e8re du c\u00e9ramiste, de sa formation de sculpteur jusqu&#8217;\u00e0 la d\u00e9couverte de la c\u00e9ramique, de ses premiers essais et premi\u00e8res pi\u00e8ces en gr\u00e8s jusqu&#8217;\u00e0 sa collaboration naturelle avec des sculpteurs (Denys Puech, Albert Marque, etc.) ou son travail sur le grand d\u00e9cor.<br \/>\nSa production la plus c\u00e9l\u00e8bre avec les peintres fait l&#8217;objet d&#8217;une remise en contexte in\u00e9dite et d\u00e9montre la richesse d&#8217;une contribution ayant r\u00e9uni pr\u00e8s d&#8217;une vingtaine d&#8217;artistes, parmi lesquels Henri Matisse, Andr\u00e9 Derain, Maurice de Vlaminck, Mary Cassatt, Auguste Renoir, Maximilien Luce, Kees van Dongen, Georgette Agutte, Pierre Girieud. Ses amiti\u00e9s avec certains collectionneurs ou peintres, comme Maurice Denis, Aristide Maillol ou Jean Puy, seront \u00e9voqu\u00e9es permettant au lecteur de rentrer au coeur de l&#8217;atelier d&#8217;Asni\u00e8res et de d\u00e9couvrir la richesse unique de l&#8217;oeuvre d&#8217;Andr\u00e9 Metthey.<\/p>\n","protected":false},"excerpt":{"rendered":"<p>La diversit\u00e9 de l&#8217;oeuvre du c\u00e9ramiste Andr\u00e9 Metthey (1871-1920), reconnu pour sa collaboration avec les peintres Fauves, reste \u00e0 d\u00e9couvrir. Cet ouvrage met ainsi en lumi\u00e8re l&#8217;ensemble de ses cr\u00e9ations, de ses premiers gr\u00e8s \u00e0 ses terres verniss\u00e9es richement d\u00e9cor\u00e9es. Constituant la premi\u00e8re monographie d\u00e9di\u00e9e \u00e0 l&#8217;artiste, il ambitionne, un si\u00e8cle apr\u00e8s la r\u00e9trospective au [&hellip;]<\/p>\n","protected":false},"featured_media":27849,"template":"","meta":[],"product_cat":[55,2948,18,2952],"product_tag":[],"acf":[],"yoast_head":"<!-- This site is optimized with the Yoast SEO plugin v20.11 - https:\/\/yoast.com\/wordpress\/plugins\/seo\/ -->\n<title>ANDR\u00c9 METTHEY : LA QU\u00caTE DU FEU ET DE LA COULEUR - Librairie 7L<\/title>\n<meta name=\"robots\" content=\"index, follow, max-snippet:-1, max-image-preview:large, max-video-preview:-1\" \/>\n<link rel=\"canonical\" href=\"https:\/\/librairie7l.com\/en\/produit\/andre-metthey-la-quete-du-feu-et-de-la-couleur\/\" \/>\n<meta property=\"og:locale\" content=\"en_US\" \/>\n<meta property=\"og:type\" content=\"article\" \/>\n<meta property=\"og:title\" content=\"ANDR\u00c9 METTHEY : LA QU\u00caTE DU FEU ET DE LA COULEUR - Librairie 7L\" \/>\n<meta property=\"og:description\" content=\"La diversit\u00e9 de l&#8217;oeuvre du c\u00e9ramiste Andr\u00e9 Metthey (1871-1920), reconnu pour sa collaboration avec les peintres Fauves, reste \u00e0 d\u00e9couvrir. Cet ouvrage met ainsi en lumi\u00e8re l&#8217;ensemble de ses cr\u00e9ations, de ses premiers gr\u00e8s \u00e0 ses terres verniss\u00e9es richement d\u00e9cor\u00e9es. Constituant la premi\u00e8re monographie d\u00e9di\u00e9e \u00e0 l&#8217;artiste, il ambitionne, un si\u00e8cle apr\u00e8s la r\u00e9trospective au [&hellip;]\" \/>\n<meta property=\"og:url\" content=\"https:\/\/librairie7l.com\/en\/produit\/andre-metthey-la-quete-du-feu-et-de-la-couleur\/\" \/>\n<meta property=\"og:site_name\" content=\"Librairie 7L\" \/>\n<meta property=\"article:modified_time\" content=\"2026-05-15T18:15:28+00:00\" \/>\n<meta property=\"og:image\" content=\"https:\/\/librairie7l.com\/wp-content\/uploads\/2021\/12\/9782359063776_1_75.jpg\" \/>\n\t<meta property=\"og:image:width\" content=\"600\" \/>\n\t<meta property=\"og:image:height\" content=\"717\" \/>\n\t<meta property=\"og:image:type\" content=\"image\/jpeg\" \/>\n<meta name=\"twitter:card\" content=\"summary_large_image\" \/>\n<meta name=\"twitter:label1\" content=\"Est. reading time\" \/>\n\t<meta name=\"twitter:data1\" content=\"1 minute\" \/>\n<script type=\"application\/ld+json\" class=\"yoast-schema-graph\">{\"@context\":\"https:\/\/schema.org\",\"@graph\":[{\"@type\":\"WebPage\",\"@id\":\"https:\/\/librairie7l.com\/en\/produit\/andre-metthey-la-quete-du-feu-et-de-la-couleur\/\",\"url\":\"https:\/\/librairie7l.com\/en\/produit\/andre-metthey-la-quete-du-feu-et-de-la-couleur\/\",\"name\":\"ANDR\u00c9 METTHEY : LA QU\u00caTE DU FEU ET DE LA COULEUR - Librairie 7L\",\"isPartOf\":{\"@id\":\"https:\/\/librairie7l.com\/en\/#website\"},\"datePublished\":\"2023-05-10T11:15:01+00:00\",\"dateModified\":\"2026-05-15T18:15:28+00:00\",\"breadcrumb\":{\"@id\":\"https:\/\/librairie7l.com\/en\/produit\/andre-metthey-la-quete-du-feu-et-de-la-couleur\/#breadcrumb\"},\"inLanguage\":\"en-US\",\"potentialAction\":[{\"@type\":\"ReadAction\",\"target\":[\"https:\/\/librairie7l.com\/en\/produit\/andre-metthey-la-quete-du-feu-et-de-la-couleur\/\"]}]},{\"@type\":\"BreadcrumbList\",\"@id\":\"https:\/\/librairie7l.com\/en\/produit\/andre-metthey-la-quete-du-feu-et-de-la-couleur\/#breadcrumb\",\"itemListElement\":[{\"@type\":\"ListItem\",\"position\":1,\"name\":\"Accueil\",\"item\":\"https:\/\/librairie7l.com\/en\/\"},{\"@type\":\"ListItem\",\"position\":2,\"name\":\"Shop\",\"item\":\"https:\/\/librairie7l.com\/en\/shop\/\"},{\"@type\":\"ListItem\",\"position\":3,\"name\":\"ANDR\u00c9 METTHEY : LA QU\u00caTE DU FEU ET DE LA COULEUR\"}]},{\"@type\":\"WebSite\",\"@id\":\"https:\/\/librairie7l.com\/en\/#website\",\"url\":\"https:\/\/librairie7l.com\/en\/\",\"name\":\"Librairie 7L\",\"description\":\"Librairie fond\u00e9e en 1999 par Karl Lagerfeld \u00e0 Paris\",\"publisher\":{\"@id\":\"https:\/\/librairie7l.com\/en\/#organization\"},\"potentialAction\":[{\"@type\":\"SearchAction\",\"target\":{\"@type\":\"EntryPoint\",\"urlTemplate\":\"https:\/\/librairie7l.com\/en\/?s={search_term_string}\"},\"query-input\":\"required name=search_term_string\"}],\"inLanguage\":\"en-US\"},{\"@type\":\"Organization\",\"@id\":\"https:\/\/librairie7l.com\/en\/#organization\",\"name\":\"Librairie 7L\",\"url\":\"https:\/\/librairie7l.com\/en\/\",\"logo\":{\"@type\":\"ImageObject\",\"inLanguage\":\"en-US\",\"@id\":\"https:\/\/librairie7l.com\/en\/#\/schema\/logo\/image\/\",\"url\":\"https:\/\/librairie7l.com\/wp-content\/uploads\/2022\/08\/logo-1.png\",\"contentUrl\":\"https:\/\/librairie7l.com\/wp-content\/uploads\/2022\/08\/logo-1.png\",\"width\":227,\"height\":301,\"caption\":\"Librairie 7L\"},\"image\":{\"@id\":\"https:\/\/librairie7l.com\/en\/#\/schema\/logo\/image\/\"}}]}<\/script>\n<!-- \/ Yoast SEO plugin. -->","yoast_head_json":{"title":"ANDR\u00c9 METTHEY : LA QU\u00caTE DU FEU ET DE LA COULEUR - Librairie 7L","robots":{"index":"index","follow":"follow","max-snippet":"max-snippet:-1","max-image-preview":"max-image-preview:large","max-video-preview":"max-video-preview:-1"},"canonical":"https:\/\/librairie7l.com\/en\/produit\/andre-metthey-la-quete-du-feu-et-de-la-couleur\/","og_locale":"en_US","og_type":"article","og_title":"ANDR\u00c9 METTHEY : LA QU\u00caTE DU FEU ET DE LA COULEUR - Librairie 7L","og_description":"La diversit\u00e9 de l&#8217;oeuvre du c\u00e9ramiste Andr\u00e9 Metthey (1871-1920), reconnu pour sa collaboration avec les peintres Fauves, reste \u00e0 d\u00e9couvrir. Cet ouvrage met ainsi en lumi\u00e8re l&#8217;ensemble de ses cr\u00e9ations, de ses premiers gr\u00e8s \u00e0 ses terres verniss\u00e9es richement d\u00e9cor\u00e9es. Constituant la premi\u00e8re monographie d\u00e9di\u00e9e \u00e0 l&#8217;artiste, il ambitionne, un si\u00e8cle apr\u00e8s la r\u00e9trospective au [&hellip;]","og_url":"https:\/\/librairie7l.com\/en\/produit\/andre-metthey-la-quete-du-feu-et-de-la-couleur\/","og_site_name":"Librairie 7L","article_modified_time":"2026-05-15T18:15:28+00:00","og_image":[{"width":600,"height":717,"url":"https:\/\/librairie7l.com\/wp-content\/uploads\/2021\/12\/9782359063776_1_75.jpg","type":"image\/jpeg"}],"twitter_card":"summary_large_image","twitter_misc":{"Est. reading time":"1 minute"},"schema":{"@context":"https:\/\/schema.org","@graph":[{"@type":"WebPage","@id":"https:\/\/librairie7l.com\/en\/produit\/andre-metthey-la-quete-du-feu-et-de-la-couleur\/","url":"https:\/\/librairie7l.com\/en\/produit\/andre-metthey-la-quete-du-feu-et-de-la-couleur\/","name":"ANDR\u00c9 METTHEY : LA QU\u00caTE DU FEU ET DE LA COULEUR - Librairie 7L","isPartOf":{"@id":"https:\/\/librairie7l.com\/en\/#website"},"datePublished":"2023-05-10T11:15:01+00:00","dateModified":"2026-05-15T18:15:28+00:00","breadcrumb":{"@id":"https:\/\/librairie7l.com\/en\/produit\/andre-metthey-la-quete-du-feu-et-de-la-couleur\/#breadcrumb"},"inLanguage":"en-US","potentialAction":[{"@type":"ReadAction","target":["https:\/\/librairie7l.com\/en\/produit\/andre-metthey-la-quete-du-feu-et-de-la-couleur\/"]}]},{"@type":"BreadcrumbList","@id":"https:\/\/librairie7l.com\/en\/produit\/andre-metthey-la-quete-du-feu-et-de-la-couleur\/#breadcrumb","itemListElement":[{"@type":"ListItem","position":1,"name":"Accueil","item":"https:\/\/librairie7l.com\/en\/"},{"@type":"ListItem","position":2,"name":"Shop","item":"https:\/\/librairie7l.com\/en\/shop\/"},{"@type":"ListItem","position":3,"name":"ANDR\u00c9 METTHEY : LA QU\u00caTE DU FEU ET DE LA COULEUR"}]},{"@type":"WebSite","@id":"https:\/\/librairie7l.com\/en\/#website","url":"https:\/\/librairie7l.com\/en\/","name":"Librairie 7L","description":"Librairie fond\u00e9e en 1999 par Karl Lagerfeld \u00e0 Paris","publisher":{"@id":"https:\/\/librairie7l.com\/en\/#organization"},"potentialAction":[{"@type":"SearchAction","target":{"@type":"EntryPoint","urlTemplate":"https:\/\/librairie7l.com\/en\/?s={search_term_string}"},"query-input":"required name=search_term_string"}],"inLanguage":"en-US"},{"@type":"Organization","@id":"https:\/\/librairie7l.com\/en\/#organization","name":"Librairie 7L","url":"https:\/\/librairie7l.com\/en\/","logo":{"@type":"ImageObject","inLanguage":"en-US","@id":"https:\/\/librairie7l.com\/en\/#\/schema\/logo\/image\/","url":"https:\/\/librairie7l.com\/wp-content\/uploads\/2022\/08\/logo-1.png","contentUrl":"https:\/\/librairie7l.com\/wp-content\/uploads\/2022\/08\/logo-1.png","width":227,"height":301,"caption":"Librairie 7L"},"image":{"@id":"https:\/\/librairie7l.com\/en\/#\/schema\/logo\/image\/"}}]}},"_links":{"self":[{"href":"https:\/\/librairie7l.com\/en\/wp-json\/wp\/v2\/product\/27851"}],"collection":[{"href":"https:\/\/librairie7l.com\/en\/wp-json\/wp\/v2\/product"}],"about":[{"href":"https:\/\/librairie7l.com\/en\/wp-json\/wp\/v2\/types\/product"}],"wp:featuredmedia":[{"embeddable":true,"href":"https:\/\/librairie7l.com\/en\/wp-json\/wp\/v2\/media\/27849"}],"wp:attachment":[{"href":"https:\/\/librairie7l.com\/en\/wp-json\/wp\/v2\/media?parent=27851"}],"wp:term":[{"taxonomy":"product_cat","embeddable":true,"href":"https:\/\/librairie7l.com\/en\/wp-json\/wp\/v2\/product_cat?post=27851"},{"taxonomy":"product_tag","embeddable":true,"href":"https:\/\/librairie7l.com\/en\/wp-json\/wp\/v2\/product_tag?post=27851"}],"curies":[{"name":"wp","href":"https:\/\/api.w.org\/{rel}","templated":true}]}}