{"id":27855,"date":"2023-05-10T13:15:08","date_gmt":"2023-05-10T11:15:08","guid":{"rendered":"https:\/\/librairie7l.com\/?post_type=product&#038;p=27855"},"modified":"2026-05-04T21:07:18","modified_gmt":"2026-05-04T19:07:18","slug":"terry-oneill-photographe-de-legendes","status":"publish","type":"product","link":"https:\/\/librairie7l.com\/en\/produit\/terry-oneill-photographe-de-legendes\/","title":{"rendered":"TERRY O&#8217;NEILL, PHOTOGRAPHE DE L\u00c9GENDES"},"content":{"rendered":"<p>Durant six d\u00e9cennies, Terry O&#8217;Neill a captur\u00e9 les moments embl\u00e9matiques et instantan\u00e9s de c\u00e9l\u00e9brit\u00e9s. Il a \u00e9t\u00e9 le premier photographe \u00e0 observer les changements sociaux et culturels de l&#8217;apr\u00e8s-guerre, en d\u00e9crivant en particulier comment la jeunesse s&#8217;est empar\u00e9e de la mode, des arts et de la musique pour annoncer ce qui deviendra le Swinging Sixties \u00e0 Londres. Il fut le premier \u00e0 mettre en lumi\u00e8re des groupes \u00e9mergents comme les Beatles, les Rolling Stones et les Animals et \u00e0 rep\u00e9rer de nouvelles ic\u00f4nes comme Elton John et David Bowie.<br \/>\nIl devint tr\u00e8s rapidement le photographe de nombreuses stars hollywoodiennes : de Frank Sinatra et Audrey Hepburn \u00e0 Raquel Welch et Paul Newman. Il reste le seul artiste \u00e0 avoir photographi\u00e9 tous les acteurs de James Bond, plus de 25 James Bond girls et un nombre impressionnant d&#8217;acteurs et actrices nomm\u00e9s aux Oscars. Terry O&#8217;Neill &#8211; Photographe de l\u00e9gendes recense de nombreuses images in\u00e9dites : d&#8217;Ava Gardner \u00e0 Amy Winehouse, et de Winston Churchill \u00e0 Nelson Mandela.<br \/>\nChaque photographie a \u00e9t\u00e9 soigneusement s\u00e9lectionn\u00e9e par l&#8217;artiste lui-m\u00eame afin de repr\u00e9senter l&#8217;ampleur et la port\u00e9e d&#8217;une carri\u00e8re sans pareille.<\/p>\n","protected":false},"excerpt":{"rendered":"<p>Durant six d\u00e9cennies, Terry O&#8217;Neill a captur\u00e9 les moments embl\u00e9matiques et instantan\u00e9s de c\u00e9l\u00e9brit\u00e9s. Il a \u00e9t\u00e9 le premier photographe \u00e0 observer les changements sociaux et culturels de l&#8217;apr\u00e8s-guerre, en d\u00e9crivant en particulier comment la jeunesse s&#8217;est empar\u00e9e de la mode, des arts et de la musique pour annoncer ce qui deviendra le Swinging Sixties [&hellip;]<\/p>\n","protected":false},"featured_media":27853,"template":"","meta":[],"product_cat":[55,2948,2958,17],"product_tag":[],"acf":[],"yoast_head":"<!-- This site is optimized with the Yoast SEO plugin v20.11 - https:\/\/yoast.com\/wordpress\/plugins\/seo\/ -->\n<title>TERRY O&#039;NEILL, PHOTOGRAPHE DE L\u00c9GENDES - Librairie 7L<\/title>\n<meta name=\"robots\" content=\"index, follow, max-snippet:-1, max-image-preview:large, max-video-preview:-1\" \/>\n<link rel=\"canonical\" href=\"https:\/\/librairie7l.com\/en\/produit\/terry-oneill-photographe-de-legendes\/\" \/>\n<meta property=\"og:locale\" content=\"en_US\" \/>\n<meta property=\"og:type\" content=\"article\" \/>\n<meta property=\"og:title\" content=\"TERRY O&#039;NEILL, PHOTOGRAPHE DE L\u00c9GENDES - Librairie 7L\" \/>\n<meta property=\"og:description\" content=\"Durant six d\u00e9cennies, Terry O&#8217;Neill a captur\u00e9 les moments embl\u00e9matiques et instantan\u00e9s de c\u00e9l\u00e9brit\u00e9s. Il a \u00e9t\u00e9 le premier photographe \u00e0 observer les changements sociaux et culturels de l&#8217;apr\u00e8s-guerre, en d\u00e9crivant en particulier comment la jeunesse s&#8217;est empar\u00e9e de la mode, des arts et de la musique pour annoncer ce qui deviendra le Swinging Sixties [&hellip;]\" \/>\n<meta property=\"og:url\" content=\"https:\/\/librairie7l.com\/en\/produit\/terry-oneill-photographe-de-legendes\/\" \/>\n<meta property=\"og:site_name\" content=\"Librairie 7L\" \/>\n<meta property=\"article:modified_time\" content=\"2026-05-04T19:07:18+00:00\" \/>\n<meta property=\"og:image\" content=\"https:\/\/librairie7l.com\/wp-content\/uploads\/2021\/06\/9791029509605_1_75.jpg\" \/>\n\t<meta property=\"og:image:width\" content=\"412\" \/>\n\t<meta property=\"og:image:height\" content=\"500\" \/>\n\t<meta property=\"og:image:type\" content=\"image\/jpeg\" \/>\n<meta name=\"twitter:card\" content=\"summary_large_image\" \/>\n<meta name=\"twitter:label1\" content=\"Est. reading time\" \/>\n\t<meta name=\"twitter:data1\" content=\"1 minute\" \/>\n<script type=\"application\/ld+json\" class=\"yoast-schema-graph\">{\"@context\":\"https:\/\/schema.org\",\"@graph\":[{\"@type\":\"WebPage\",\"@id\":\"https:\/\/librairie7l.com\/en\/produit\/terry-oneill-photographe-de-legendes\/\",\"url\":\"https:\/\/librairie7l.com\/en\/produit\/terry-oneill-photographe-de-legendes\/\",\"name\":\"TERRY O'NEILL, PHOTOGRAPHE DE L\u00c9GENDES - Librairie 7L\",\"isPartOf\":{\"@id\":\"https:\/\/librairie7l.com\/en\/#website\"},\"datePublished\":\"2023-05-10T11:15:08+00:00\",\"dateModified\":\"2026-05-04T19:07:18+00:00\",\"breadcrumb\":{\"@id\":\"https:\/\/librairie7l.com\/en\/produit\/terry-oneill-photographe-de-legendes\/#breadcrumb\"},\"inLanguage\":\"en-US\",\"potentialAction\":[{\"@type\":\"ReadAction\",\"target\":[\"https:\/\/librairie7l.com\/en\/produit\/terry-oneill-photographe-de-legendes\/\"]}]},{\"@type\":\"BreadcrumbList\",\"@id\":\"https:\/\/librairie7l.com\/en\/produit\/terry-oneill-photographe-de-legendes\/#breadcrumb\",\"itemListElement\":[{\"@type\":\"ListItem\",\"position\":1,\"name\":\"Accueil\",\"item\":\"https:\/\/librairie7l.com\/en\/\"},{\"@type\":\"ListItem\",\"position\":2,\"name\":\"Shop\",\"item\":\"https:\/\/librairie7l.com\/en\/shop\/\"},{\"@type\":\"ListItem\",\"position\":3,\"name\":\"TERRY O&#8217;NEILL, PHOTOGRAPHE DE L\u00c9GENDES\"}]},{\"@type\":\"WebSite\",\"@id\":\"https:\/\/librairie7l.com\/en\/#website\",\"url\":\"https:\/\/librairie7l.com\/en\/\",\"name\":\"Librairie 7L\",\"description\":\"Librairie fond\u00e9e en 1999 par Karl Lagerfeld \u00e0 Paris\",\"publisher\":{\"@id\":\"https:\/\/librairie7l.com\/en\/#organization\"},\"potentialAction\":[{\"@type\":\"SearchAction\",\"target\":{\"@type\":\"EntryPoint\",\"urlTemplate\":\"https:\/\/librairie7l.com\/en\/?s={search_term_string}\"},\"query-input\":\"required name=search_term_string\"}],\"inLanguage\":\"en-US\"},{\"@type\":\"Organization\",\"@id\":\"https:\/\/librairie7l.com\/en\/#organization\",\"name\":\"Librairie 7L\",\"url\":\"https:\/\/librairie7l.com\/en\/\",\"logo\":{\"@type\":\"ImageObject\",\"inLanguage\":\"en-US\",\"@id\":\"https:\/\/librairie7l.com\/en\/#\/schema\/logo\/image\/\",\"url\":\"https:\/\/librairie7l.com\/wp-content\/uploads\/2022\/08\/logo-1.png\",\"contentUrl\":\"https:\/\/librairie7l.com\/wp-content\/uploads\/2022\/08\/logo-1.png\",\"width\":227,\"height\":301,\"caption\":\"Librairie 7L\"},\"image\":{\"@id\":\"https:\/\/librairie7l.com\/en\/#\/schema\/logo\/image\/\"}}]}<\/script>\n<!-- \/ Yoast SEO plugin. -->","yoast_head_json":{"title":"TERRY O'NEILL, PHOTOGRAPHE DE L\u00c9GENDES - Librairie 7L","robots":{"index":"index","follow":"follow","max-snippet":"max-snippet:-1","max-image-preview":"max-image-preview:large","max-video-preview":"max-video-preview:-1"},"canonical":"https:\/\/librairie7l.com\/en\/produit\/terry-oneill-photographe-de-legendes\/","og_locale":"en_US","og_type":"article","og_title":"TERRY O'NEILL, PHOTOGRAPHE DE L\u00c9GENDES - Librairie 7L","og_description":"Durant six d\u00e9cennies, Terry O&#8217;Neill a captur\u00e9 les moments embl\u00e9matiques et instantan\u00e9s de c\u00e9l\u00e9brit\u00e9s. Il a \u00e9t\u00e9 le premier photographe \u00e0 observer les changements sociaux et culturels de l&#8217;apr\u00e8s-guerre, en d\u00e9crivant en particulier comment la jeunesse s&#8217;est empar\u00e9e de la mode, des arts et de la musique pour annoncer ce qui deviendra le Swinging Sixties [&hellip;]","og_url":"https:\/\/librairie7l.com\/en\/produit\/terry-oneill-photographe-de-legendes\/","og_site_name":"Librairie 7L","article_modified_time":"2026-05-04T19:07:18+00:00","og_image":[{"width":412,"height":500,"url":"https:\/\/librairie7l.com\/wp-content\/uploads\/2021\/06\/9791029509605_1_75.jpg","type":"image\/jpeg"}],"twitter_card":"summary_large_image","twitter_misc":{"Est. reading time":"1 minute"},"schema":{"@context":"https:\/\/schema.org","@graph":[{"@type":"WebPage","@id":"https:\/\/librairie7l.com\/en\/produit\/terry-oneill-photographe-de-legendes\/","url":"https:\/\/librairie7l.com\/en\/produit\/terry-oneill-photographe-de-legendes\/","name":"TERRY O'NEILL, PHOTOGRAPHE DE L\u00c9GENDES - Librairie 7L","isPartOf":{"@id":"https:\/\/librairie7l.com\/en\/#website"},"datePublished":"2023-05-10T11:15:08+00:00","dateModified":"2026-05-04T19:07:18+00:00","breadcrumb":{"@id":"https:\/\/librairie7l.com\/en\/produit\/terry-oneill-photographe-de-legendes\/#breadcrumb"},"inLanguage":"en-US","potentialAction":[{"@type":"ReadAction","target":["https:\/\/librairie7l.com\/en\/produit\/terry-oneill-photographe-de-legendes\/"]}]},{"@type":"BreadcrumbList","@id":"https:\/\/librairie7l.com\/en\/produit\/terry-oneill-photographe-de-legendes\/#breadcrumb","itemListElement":[{"@type":"ListItem","position":1,"name":"Accueil","item":"https:\/\/librairie7l.com\/en\/"},{"@type":"ListItem","position":2,"name":"Shop","item":"https:\/\/librairie7l.com\/en\/shop\/"},{"@type":"ListItem","position":3,"name":"TERRY O&#8217;NEILL, PHOTOGRAPHE DE L\u00c9GENDES"}]},{"@type":"WebSite","@id":"https:\/\/librairie7l.com\/en\/#website","url":"https:\/\/librairie7l.com\/en\/","name":"Librairie 7L","description":"Librairie fond\u00e9e en 1999 par Karl Lagerfeld \u00e0 Paris","publisher":{"@id":"https:\/\/librairie7l.com\/en\/#organization"},"potentialAction":[{"@type":"SearchAction","target":{"@type":"EntryPoint","urlTemplate":"https:\/\/librairie7l.com\/en\/?s={search_term_string}"},"query-input":"required name=search_term_string"}],"inLanguage":"en-US"},{"@type":"Organization","@id":"https:\/\/librairie7l.com\/en\/#organization","name":"Librairie 7L","url":"https:\/\/librairie7l.com\/en\/","logo":{"@type":"ImageObject","inLanguage":"en-US","@id":"https:\/\/librairie7l.com\/en\/#\/schema\/logo\/image\/","url":"https:\/\/librairie7l.com\/wp-content\/uploads\/2022\/08\/logo-1.png","contentUrl":"https:\/\/librairie7l.com\/wp-content\/uploads\/2022\/08\/logo-1.png","width":227,"height":301,"caption":"Librairie 7L"},"image":{"@id":"https:\/\/librairie7l.com\/en\/#\/schema\/logo\/image\/"}}]}},"_links":{"self":[{"href":"https:\/\/librairie7l.com\/en\/wp-json\/wp\/v2\/product\/27855"}],"collection":[{"href":"https:\/\/librairie7l.com\/en\/wp-json\/wp\/v2\/product"}],"about":[{"href":"https:\/\/librairie7l.com\/en\/wp-json\/wp\/v2\/types\/product"}],"wp:featuredmedia":[{"embeddable":true,"href":"https:\/\/librairie7l.com\/en\/wp-json\/wp\/v2\/media\/27853"}],"wp:attachment":[{"href":"https:\/\/librairie7l.com\/en\/wp-json\/wp\/v2\/media?parent=27855"}],"wp:term":[{"taxonomy":"product_cat","embeddable":true,"href":"https:\/\/librairie7l.com\/en\/wp-json\/wp\/v2\/product_cat?post=27855"},{"taxonomy":"product_tag","embeddable":true,"href":"https:\/\/librairie7l.com\/en\/wp-json\/wp\/v2\/product_tag?post=27855"}],"curies":[{"name":"wp","href":"https:\/\/api.w.org\/{rel}","templated":true}]}}