{"id":27863,"date":"2023-05-10T13:15:16","date_gmt":"2023-05-10T11:15:16","guid":{"rendered":"https:\/\/librairie7l.com\/?post_type=product&#038;p=27863"},"modified":"2026-04-07T04:17:07","modified_gmt":"2026-04-07T02:17:07","slug":"jacqueline-salmon-le-point-aveugle","status":"publish","type":"product","link":"https:\/\/librairie7l.com\/en\/produit\/jacqueline-salmon-le-point-aveugle\/","title":{"rendered":"JACQUELINE SALMON, LE POINT AVEUGLE"},"content":{"rendered":"<p>D\u00e9tail embl\u00e9matique de toute Crucifixion devenu, gr\u00e2ce \u00e0 Jacqueline Salmon, centre unique de l&#8217;attention (et plus seulement le milieu de la composition), le p\u00e9rizonium, priv\u00e9 par le gros plan de son contexte narratif ou religieux, court le risque de perdre une partie de sa force symbolique au profit de sa seule valeur formelle, qui renvoie elle-m\u00eame \u00e0 une typologie : celle du drap\u00e9. Mais le p\u00e9rizonium n&#8217;est justement pas un drap\u00e9 comme un autre. Si la classification iconologique vise \u00e0 rapporter la singularit\u00e9 \u00e0 un type, quelque chose r\u00e9siste dans ce cas pr\u00e9cis, car ce morceau de tissu pliss\u00e9, nou\u00e9 ou d\u00e9ploy\u00e9 est celui qui, ceignant les hanches du Christ, cache sa nudit\u00e9 sur la croix. Sa singularit\u00e9 ne peut donc \u00eatre qu&#8217;irr\u00e9ductible, comme le symbolise sur certaines images, dans le cadrage fait par la photographe, un doigt pointant dans sa direction&#8230; Ces accidents, qui sont eux-m\u00eames des d\u00e9tails dans le nouveau tout propos\u00e9 par le cadrage d\u00e9cid\u00e9 par Jacqueline Salmon, provoquent le suspens du regard, une forme de stase qui rompt la ligne, souligne la tension oeuvre\/image et renvoie \u00e0 la singularit\u00e9 du regard de la photographe qui, en cadrant, tranchant, d\u00e9coupant, d\u00e9compose pour mieux recomposer.<\/p>\n","protected":false},"excerpt":{"rendered":"<p>D\u00e9tail embl\u00e9matique de toute Crucifixion devenu, gr\u00e2ce \u00e0 Jacqueline Salmon, centre unique de l&#8217;attention (et plus seulement le milieu de la composition), le p\u00e9rizonium, priv\u00e9 par le gros plan de son contexte narratif ou religieux, court le risque de perdre une partie de sa force symbolique au profit de sa seule valeur formelle, qui renvoie [&hellip;]<\/p>\n","protected":false},"featured_media":0,"template":"","meta":[],"product_cat":[55,2948,47,2953],"product_tag":[],"acf":[],"yoast_head":"<!-- This site is optimized with the Yoast SEO plugin v20.11 - https:\/\/yoast.com\/wordpress\/plugins\/seo\/ -->\n<title>JACQUELINE SALMON, LE POINT AVEUGLE - Librairie 7L<\/title>\n<meta name=\"robots\" content=\"index, follow, max-snippet:-1, max-image-preview:large, max-video-preview:-1\" \/>\n<link rel=\"canonical\" href=\"https:\/\/librairie7l.com\/en\/produit\/jacqueline-salmon-le-point-aveugle\/\" \/>\n<meta property=\"og:locale\" content=\"en_US\" \/>\n<meta property=\"og:type\" content=\"article\" \/>\n<meta property=\"og:title\" content=\"JACQUELINE SALMON, LE POINT AVEUGLE - Librairie 7L\" \/>\n<meta property=\"og:description\" content=\"D\u00e9tail embl\u00e9matique de toute Crucifixion devenu, gr\u00e2ce \u00e0 Jacqueline Salmon, centre unique de l&#8217;attention (et plus seulement le milieu de la composition), le p\u00e9rizonium, priv\u00e9 par le gros plan de son contexte narratif ou religieux, court le risque de perdre une partie de sa force symbolique au profit de sa seule valeur formelle, qui renvoie [&hellip;]\" \/>\n<meta property=\"og:url\" content=\"https:\/\/librairie7l.com\/en\/produit\/jacqueline-salmon-le-point-aveugle\/\" \/>\n<meta property=\"og:site_name\" content=\"Librairie 7L\" \/>\n<meta property=\"article:modified_time\" content=\"2026-04-07T02:17:07+00:00\" \/>\n<meta name=\"twitter:card\" content=\"summary_large_image\" \/>\n<meta name=\"twitter:label1\" content=\"Est. reading time\" \/>\n\t<meta name=\"twitter:data1\" content=\"1 minute\" \/>\n<script type=\"application\/ld+json\" class=\"yoast-schema-graph\">{\"@context\":\"https:\/\/schema.org\",\"@graph\":[{\"@type\":\"WebPage\",\"@id\":\"https:\/\/librairie7l.com\/en\/produit\/jacqueline-salmon-le-point-aveugle\/\",\"url\":\"https:\/\/librairie7l.com\/en\/produit\/jacqueline-salmon-le-point-aveugle\/\",\"name\":\"JACQUELINE SALMON, LE POINT AVEUGLE - Librairie 7L\",\"isPartOf\":{\"@id\":\"https:\/\/librairie7l.com\/en\/#website\"},\"datePublished\":\"2023-05-10T11:15:16+00:00\",\"dateModified\":\"2026-04-07T02:17:07+00:00\",\"breadcrumb\":{\"@id\":\"https:\/\/librairie7l.com\/en\/produit\/jacqueline-salmon-le-point-aveugle\/#breadcrumb\"},\"inLanguage\":\"en-US\",\"potentialAction\":[{\"@type\":\"ReadAction\",\"target\":[\"https:\/\/librairie7l.com\/en\/produit\/jacqueline-salmon-le-point-aveugle\/\"]}]},{\"@type\":\"BreadcrumbList\",\"@id\":\"https:\/\/librairie7l.com\/en\/produit\/jacqueline-salmon-le-point-aveugle\/#breadcrumb\",\"itemListElement\":[{\"@type\":\"ListItem\",\"position\":1,\"name\":\"Accueil\",\"item\":\"https:\/\/librairie7l.com\/en\/\"},{\"@type\":\"ListItem\",\"position\":2,\"name\":\"Shop\",\"item\":\"https:\/\/librairie7l.com\/en\/shop\/\"},{\"@type\":\"ListItem\",\"position\":3,\"name\":\"JACQUELINE SALMON, LE POINT AVEUGLE\"}]},{\"@type\":\"WebSite\",\"@id\":\"https:\/\/librairie7l.com\/en\/#website\",\"url\":\"https:\/\/librairie7l.com\/en\/\",\"name\":\"Librairie 7L\",\"description\":\"Librairie fond\u00e9e en 1999 par Karl Lagerfeld \u00e0 Paris\",\"publisher\":{\"@id\":\"https:\/\/librairie7l.com\/en\/#organization\"},\"potentialAction\":[{\"@type\":\"SearchAction\",\"target\":{\"@type\":\"EntryPoint\",\"urlTemplate\":\"https:\/\/librairie7l.com\/en\/?s={search_term_string}\"},\"query-input\":\"required name=search_term_string\"}],\"inLanguage\":\"en-US\"},{\"@type\":\"Organization\",\"@id\":\"https:\/\/librairie7l.com\/en\/#organization\",\"name\":\"Librairie 7L\",\"url\":\"https:\/\/librairie7l.com\/en\/\",\"logo\":{\"@type\":\"ImageObject\",\"inLanguage\":\"en-US\",\"@id\":\"https:\/\/librairie7l.com\/en\/#\/schema\/logo\/image\/\",\"url\":\"https:\/\/librairie7l.com\/wp-content\/uploads\/2022\/08\/logo-1.png\",\"contentUrl\":\"https:\/\/librairie7l.com\/wp-content\/uploads\/2022\/08\/logo-1.png\",\"width\":227,\"height\":301,\"caption\":\"Librairie 7L\"},\"image\":{\"@id\":\"https:\/\/librairie7l.com\/en\/#\/schema\/logo\/image\/\"}}]}<\/script>\n<!-- \/ Yoast SEO plugin. -->","yoast_head_json":{"title":"JACQUELINE SALMON, LE POINT AVEUGLE - Librairie 7L","robots":{"index":"index","follow":"follow","max-snippet":"max-snippet:-1","max-image-preview":"max-image-preview:large","max-video-preview":"max-video-preview:-1"},"canonical":"https:\/\/librairie7l.com\/en\/produit\/jacqueline-salmon-le-point-aveugle\/","og_locale":"en_US","og_type":"article","og_title":"JACQUELINE SALMON, LE POINT AVEUGLE - Librairie 7L","og_description":"D\u00e9tail embl\u00e9matique de toute Crucifixion devenu, gr\u00e2ce \u00e0 Jacqueline Salmon, centre unique de l&#8217;attention (et plus seulement le milieu de la composition), le p\u00e9rizonium, priv\u00e9 par le gros plan de son contexte narratif ou religieux, court le risque de perdre une partie de sa force symbolique au profit de sa seule valeur formelle, qui renvoie [&hellip;]","og_url":"https:\/\/librairie7l.com\/en\/produit\/jacqueline-salmon-le-point-aveugle\/","og_site_name":"Librairie 7L","article_modified_time":"2026-04-07T02:17:07+00:00","twitter_card":"summary_large_image","twitter_misc":{"Est. reading time":"1 minute"},"schema":{"@context":"https:\/\/schema.org","@graph":[{"@type":"WebPage","@id":"https:\/\/librairie7l.com\/en\/produit\/jacqueline-salmon-le-point-aveugle\/","url":"https:\/\/librairie7l.com\/en\/produit\/jacqueline-salmon-le-point-aveugle\/","name":"JACQUELINE SALMON, LE POINT AVEUGLE - Librairie 7L","isPartOf":{"@id":"https:\/\/librairie7l.com\/en\/#website"},"datePublished":"2023-05-10T11:15:16+00:00","dateModified":"2026-04-07T02:17:07+00:00","breadcrumb":{"@id":"https:\/\/librairie7l.com\/en\/produit\/jacqueline-salmon-le-point-aveugle\/#breadcrumb"},"inLanguage":"en-US","potentialAction":[{"@type":"ReadAction","target":["https:\/\/librairie7l.com\/en\/produit\/jacqueline-salmon-le-point-aveugle\/"]}]},{"@type":"BreadcrumbList","@id":"https:\/\/librairie7l.com\/en\/produit\/jacqueline-salmon-le-point-aveugle\/#breadcrumb","itemListElement":[{"@type":"ListItem","position":1,"name":"Accueil","item":"https:\/\/librairie7l.com\/en\/"},{"@type":"ListItem","position":2,"name":"Shop","item":"https:\/\/librairie7l.com\/en\/shop\/"},{"@type":"ListItem","position":3,"name":"JACQUELINE SALMON, LE POINT AVEUGLE"}]},{"@type":"WebSite","@id":"https:\/\/librairie7l.com\/en\/#website","url":"https:\/\/librairie7l.com\/en\/","name":"Librairie 7L","description":"Librairie fond\u00e9e en 1999 par Karl Lagerfeld \u00e0 Paris","publisher":{"@id":"https:\/\/librairie7l.com\/en\/#organization"},"potentialAction":[{"@type":"SearchAction","target":{"@type":"EntryPoint","urlTemplate":"https:\/\/librairie7l.com\/en\/?s={search_term_string}"},"query-input":"required name=search_term_string"}],"inLanguage":"en-US"},{"@type":"Organization","@id":"https:\/\/librairie7l.com\/en\/#organization","name":"Librairie 7L","url":"https:\/\/librairie7l.com\/en\/","logo":{"@type":"ImageObject","inLanguage":"en-US","@id":"https:\/\/librairie7l.com\/en\/#\/schema\/logo\/image\/","url":"https:\/\/librairie7l.com\/wp-content\/uploads\/2022\/08\/logo-1.png","contentUrl":"https:\/\/librairie7l.com\/wp-content\/uploads\/2022\/08\/logo-1.png","width":227,"height":301,"caption":"Librairie 7L"},"image":{"@id":"https:\/\/librairie7l.com\/en\/#\/schema\/logo\/image\/"}}]}},"_links":{"self":[{"href":"https:\/\/librairie7l.com\/en\/wp-json\/wp\/v2\/product\/27863"}],"collection":[{"href":"https:\/\/librairie7l.com\/en\/wp-json\/wp\/v2\/product"}],"about":[{"href":"https:\/\/librairie7l.com\/en\/wp-json\/wp\/v2\/types\/product"}],"wp:attachment":[{"href":"https:\/\/librairie7l.com\/en\/wp-json\/wp\/v2\/media?parent=27863"}],"wp:term":[{"taxonomy":"product_cat","embeddable":true,"href":"https:\/\/librairie7l.com\/en\/wp-json\/wp\/v2\/product_cat?post=27863"},{"taxonomy":"product_tag","embeddable":true,"href":"https:\/\/librairie7l.com\/en\/wp-json\/wp\/v2\/product_tag?post=27863"}],"curies":[{"name":"wp","href":"https:\/\/api.w.org\/{rel}","templated":true}]}}