{"id":27871,"date":"2023-05-10T13:15:28","date_gmt":"2023-05-10T11:15:28","guid":{"rendered":"https:\/\/librairie7l.com\/?post_type=product&#038;p=27871"},"modified":"2026-04-05T16:05:52","modified_gmt":"2026-04-05T14:05:52","slug":"le-prix-marcel-duchamp-20-ans-apres","status":"publish","type":"product","link":"https:\/\/librairie7l.com\/en\/produit\/le-prix-marcel-duchamp-20-ans-apres\/","title":{"rendered":"LE PRIX MARCEL DUCHAMP : 20 ANS APR\u00c8S"},"content":{"rendered":"<p>\u00ab Cet ouvrage rend hommage \u00e0 une initiative de l&#8217;Association pour la Diffusion de l&#8217;Art Fran\u00e7ais (ADIAF), le Prix Marcel Duchamp. Depuis 2000, ce prix distingue chaque ann\u00e9e une ou un artiste de la sc\u00e8ne fran\u00e7aise, consid\u00e9r\u00e9 comme repr\u00e9sentatif de sa g\u00e9n\u00e9ration et exer\u00e7ant dans le domaine des arts plastiques et visuels. Plus de 20 ans apr\u00e8s, il \u00e9tait n\u00e9cessaire de mettre en perspective cette initiative, en en faisant l&#8217;historique, mais surtout en donnant la parole aux 21 laur\u00e9ats et laur\u00e9ates de cette aventure collective si originale et si singuli\u00e8re dans le paysage de l&#8217;art contemporain fran\u00e7ais. \u00bb Bernard Macad\u00e9.<br \/>\n\u00ab Le Prix Marcel Duchamp est avant tout guid\u00e9 par la passion. Il incarne le feu int\u00e9rieur, l&#8217;acte de foi des collectionneurs et leur engagement envers les artistes de la sc\u00e8ne fran\u00e7aise qui sont les h\u00e9ros de ce livre. \u00bb Gilles Fuchs, fondateur du prix et pr\u00e9sident d&#8217;honneur de l&#8217;ADIAF.<br \/>\nLe livre d\u00e9voile \u00e9galement les coulisses d&#8217;un prix qui va bien au-del\u00e0 d&#8217;une simple distinction prestigieuse reconnue sur le plan international, et se r\u00e9v\u00e8le comme un dispositif complet d&#8217;accompagnement des artistes nomm\u00e9s dans leur parcours international.<\/p>\n","protected":false},"excerpt":{"rendered":"<p>\u00ab Cet ouvrage rend hommage \u00e0 une initiative de l&#8217;Association pour la Diffusion de l&#8217;Art Fran\u00e7ais (ADIAF), le Prix Marcel Duchamp. Depuis 2000, ce prix distingue chaque ann\u00e9e une ou un artiste de la sc\u00e8ne fran\u00e7aise, consid\u00e9r\u00e9 comme repr\u00e9sentatif de sa g\u00e9n\u00e9ration et exer\u00e7ant dans le domaine des arts plastiques et visuels. Plus de 20 [&hellip;]<\/p>\n","protected":false},"featured_media":27869,"template":"","meta":[],"product_cat":[55,2948,47,2953],"product_tag":[],"acf":[],"yoast_head":"<!-- This site is optimized with the Yoast SEO plugin v20.11 - https:\/\/yoast.com\/wordpress\/plugins\/seo\/ -->\n<title>LE PRIX MARCEL DUCHAMP : 20 ANS APR\u00c8S - Librairie 7L<\/title>\n<meta name=\"robots\" content=\"index, follow, max-snippet:-1, max-image-preview:large, max-video-preview:-1\" \/>\n<link rel=\"canonical\" href=\"https:\/\/librairie7l.com\/en\/produit\/le-prix-marcel-duchamp-20-ans-apres\/\" \/>\n<meta property=\"og:locale\" content=\"en_US\" \/>\n<meta property=\"og:type\" content=\"article\" \/>\n<meta property=\"og:title\" content=\"LE PRIX MARCEL DUCHAMP : 20 ANS APR\u00c8S - Librairie 7L\" \/>\n<meta property=\"og:description\" content=\"\u00ab Cet ouvrage rend hommage \u00e0 une initiative de l&#8217;Association pour la Diffusion de l&#8217;Art Fran\u00e7ais (ADIAF), le Prix Marcel Duchamp. Depuis 2000, ce prix distingue chaque ann\u00e9e une ou un artiste de la sc\u00e8ne fran\u00e7aise, consid\u00e9r\u00e9 comme repr\u00e9sentatif de sa g\u00e9n\u00e9ration et exer\u00e7ant dans le domaine des arts plastiques et visuels. Plus de 20 [&hellip;]\" \/>\n<meta property=\"og:url\" content=\"https:\/\/librairie7l.com\/en\/produit\/le-prix-marcel-duchamp-20-ans-apres\/\" \/>\n<meta property=\"og:site_name\" content=\"Librairie 7L\" \/>\n<meta property=\"article:modified_time\" content=\"2026-04-05T14:05:52+00:00\" \/>\n<meta property=\"og:image\" content=\"https:\/\/librairie7l.com\/wp-content\/uploads\/2022\/07\/9782382030783_1_75.jpg\" \/>\n\t<meta property=\"og:image:width\" content=\"600\" \/>\n\t<meta property=\"og:image:height\" content=\"855\" \/>\n\t<meta property=\"og:image:type\" content=\"image\/jpeg\" \/>\n<meta name=\"twitter:card\" content=\"summary_large_image\" \/>\n<meta name=\"twitter:label1\" content=\"Est. reading time\" \/>\n\t<meta name=\"twitter:data1\" content=\"1 minute\" \/>\n<script type=\"application\/ld+json\" class=\"yoast-schema-graph\">{\"@context\":\"https:\/\/schema.org\",\"@graph\":[{\"@type\":\"WebPage\",\"@id\":\"https:\/\/librairie7l.com\/en\/produit\/le-prix-marcel-duchamp-20-ans-apres\/\",\"url\":\"https:\/\/librairie7l.com\/en\/produit\/le-prix-marcel-duchamp-20-ans-apres\/\",\"name\":\"LE PRIX MARCEL DUCHAMP : 20 ANS APR\u00c8S - Librairie 7L\",\"isPartOf\":{\"@id\":\"https:\/\/librairie7l.com\/en\/#website\"},\"datePublished\":\"2023-05-10T11:15:28+00:00\",\"dateModified\":\"2026-04-05T14:05:52+00:00\",\"breadcrumb\":{\"@id\":\"https:\/\/librairie7l.com\/en\/produit\/le-prix-marcel-duchamp-20-ans-apres\/#breadcrumb\"},\"inLanguage\":\"en-US\",\"potentialAction\":[{\"@type\":\"ReadAction\",\"target\":[\"https:\/\/librairie7l.com\/en\/produit\/le-prix-marcel-duchamp-20-ans-apres\/\"]}]},{\"@type\":\"BreadcrumbList\",\"@id\":\"https:\/\/librairie7l.com\/en\/produit\/le-prix-marcel-duchamp-20-ans-apres\/#breadcrumb\",\"itemListElement\":[{\"@type\":\"ListItem\",\"position\":1,\"name\":\"Accueil\",\"item\":\"https:\/\/librairie7l.com\/en\/\"},{\"@type\":\"ListItem\",\"position\":2,\"name\":\"Shop\",\"item\":\"https:\/\/librairie7l.com\/en\/shop\/\"},{\"@type\":\"ListItem\",\"position\":3,\"name\":\"LE PRIX MARCEL DUCHAMP : 20 ANS APR\u00c8S\"}]},{\"@type\":\"WebSite\",\"@id\":\"https:\/\/librairie7l.com\/en\/#website\",\"url\":\"https:\/\/librairie7l.com\/en\/\",\"name\":\"Librairie 7L\",\"description\":\"Librairie fond\u00e9e en 1999 par Karl Lagerfeld \u00e0 Paris\",\"publisher\":{\"@id\":\"https:\/\/librairie7l.com\/en\/#organization\"},\"potentialAction\":[{\"@type\":\"SearchAction\",\"target\":{\"@type\":\"EntryPoint\",\"urlTemplate\":\"https:\/\/librairie7l.com\/en\/?s={search_term_string}\"},\"query-input\":\"required name=search_term_string\"}],\"inLanguage\":\"en-US\"},{\"@type\":\"Organization\",\"@id\":\"https:\/\/librairie7l.com\/en\/#organization\",\"name\":\"Librairie 7L\",\"url\":\"https:\/\/librairie7l.com\/en\/\",\"logo\":{\"@type\":\"ImageObject\",\"inLanguage\":\"en-US\",\"@id\":\"https:\/\/librairie7l.com\/en\/#\/schema\/logo\/image\/\",\"url\":\"https:\/\/librairie7l.com\/wp-content\/uploads\/2022\/08\/logo-1.png\",\"contentUrl\":\"https:\/\/librairie7l.com\/wp-content\/uploads\/2022\/08\/logo-1.png\",\"width\":227,\"height\":301,\"caption\":\"Librairie 7L\"},\"image\":{\"@id\":\"https:\/\/librairie7l.com\/en\/#\/schema\/logo\/image\/\"}}]}<\/script>\n<!-- \/ Yoast SEO plugin. -->","yoast_head_json":{"title":"LE PRIX MARCEL DUCHAMP : 20 ANS APR\u00c8S - Librairie 7L","robots":{"index":"index","follow":"follow","max-snippet":"max-snippet:-1","max-image-preview":"max-image-preview:large","max-video-preview":"max-video-preview:-1"},"canonical":"https:\/\/librairie7l.com\/en\/produit\/le-prix-marcel-duchamp-20-ans-apres\/","og_locale":"en_US","og_type":"article","og_title":"LE PRIX MARCEL DUCHAMP : 20 ANS APR\u00c8S - Librairie 7L","og_description":"\u00ab Cet ouvrage rend hommage \u00e0 une initiative de l&#8217;Association pour la Diffusion de l&#8217;Art Fran\u00e7ais (ADIAF), le Prix Marcel Duchamp. Depuis 2000, ce prix distingue chaque ann\u00e9e une ou un artiste de la sc\u00e8ne fran\u00e7aise, consid\u00e9r\u00e9 comme repr\u00e9sentatif de sa g\u00e9n\u00e9ration et exer\u00e7ant dans le domaine des arts plastiques et visuels. Plus de 20 [&hellip;]","og_url":"https:\/\/librairie7l.com\/en\/produit\/le-prix-marcel-duchamp-20-ans-apres\/","og_site_name":"Librairie 7L","article_modified_time":"2026-04-05T14:05:52+00:00","og_image":[{"width":600,"height":855,"url":"https:\/\/librairie7l.com\/wp-content\/uploads\/2022\/07\/9782382030783_1_75.jpg","type":"image\/jpeg"}],"twitter_card":"summary_large_image","twitter_misc":{"Est. reading time":"1 minute"},"schema":{"@context":"https:\/\/schema.org","@graph":[{"@type":"WebPage","@id":"https:\/\/librairie7l.com\/en\/produit\/le-prix-marcel-duchamp-20-ans-apres\/","url":"https:\/\/librairie7l.com\/en\/produit\/le-prix-marcel-duchamp-20-ans-apres\/","name":"LE PRIX MARCEL DUCHAMP : 20 ANS APR\u00c8S - Librairie 7L","isPartOf":{"@id":"https:\/\/librairie7l.com\/en\/#website"},"datePublished":"2023-05-10T11:15:28+00:00","dateModified":"2026-04-05T14:05:52+00:00","breadcrumb":{"@id":"https:\/\/librairie7l.com\/en\/produit\/le-prix-marcel-duchamp-20-ans-apres\/#breadcrumb"},"inLanguage":"en-US","potentialAction":[{"@type":"ReadAction","target":["https:\/\/librairie7l.com\/en\/produit\/le-prix-marcel-duchamp-20-ans-apres\/"]}]},{"@type":"BreadcrumbList","@id":"https:\/\/librairie7l.com\/en\/produit\/le-prix-marcel-duchamp-20-ans-apres\/#breadcrumb","itemListElement":[{"@type":"ListItem","position":1,"name":"Accueil","item":"https:\/\/librairie7l.com\/en\/"},{"@type":"ListItem","position":2,"name":"Shop","item":"https:\/\/librairie7l.com\/en\/shop\/"},{"@type":"ListItem","position":3,"name":"LE PRIX MARCEL DUCHAMP : 20 ANS APR\u00c8S"}]},{"@type":"WebSite","@id":"https:\/\/librairie7l.com\/en\/#website","url":"https:\/\/librairie7l.com\/en\/","name":"Librairie 7L","description":"Librairie fond\u00e9e en 1999 par Karl Lagerfeld \u00e0 Paris","publisher":{"@id":"https:\/\/librairie7l.com\/en\/#organization"},"potentialAction":[{"@type":"SearchAction","target":{"@type":"EntryPoint","urlTemplate":"https:\/\/librairie7l.com\/en\/?s={search_term_string}"},"query-input":"required name=search_term_string"}],"inLanguage":"en-US"},{"@type":"Organization","@id":"https:\/\/librairie7l.com\/en\/#organization","name":"Librairie 7L","url":"https:\/\/librairie7l.com\/en\/","logo":{"@type":"ImageObject","inLanguage":"en-US","@id":"https:\/\/librairie7l.com\/en\/#\/schema\/logo\/image\/","url":"https:\/\/librairie7l.com\/wp-content\/uploads\/2022\/08\/logo-1.png","contentUrl":"https:\/\/librairie7l.com\/wp-content\/uploads\/2022\/08\/logo-1.png","width":227,"height":301,"caption":"Librairie 7L"},"image":{"@id":"https:\/\/librairie7l.com\/en\/#\/schema\/logo\/image\/"}}]}},"_links":{"self":[{"href":"https:\/\/librairie7l.com\/en\/wp-json\/wp\/v2\/product\/27871"}],"collection":[{"href":"https:\/\/librairie7l.com\/en\/wp-json\/wp\/v2\/product"}],"about":[{"href":"https:\/\/librairie7l.com\/en\/wp-json\/wp\/v2\/types\/product"}],"wp:featuredmedia":[{"embeddable":true,"href":"https:\/\/librairie7l.com\/en\/wp-json\/wp\/v2\/media\/27869"}],"wp:attachment":[{"href":"https:\/\/librairie7l.com\/en\/wp-json\/wp\/v2\/media?parent=27871"}],"wp:term":[{"taxonomy":"product_cat","embeddable":true,"href":"https:\/\/librairie7l.com\/en\/wp-json\/wp\/v2\/product_cat?post=27871"},{"taxonomy":"product_tag","embeddable":true,"href":"https:\/\/librairie7l.com\/en\/wp-json\/wp\/v2\/product_tag?post=27871"}],"curies":[{"name":"wp","href":"https:\/\/api.w.org\/{rel}","templated":true}]}}