{"id":27883,"date":"2023-05-10T13:16:40","date_gmt":"2023-05-10T11:16:40","guid":{"rendered":"https:\/\/librairie7l.com\/?post_type=product&#038;p=27883"},"modified":"2026-04-12T02:49:40","modified_gmt":"2026-04-12T00:49:40","slug":"assemblages-du-bois-leurope-et-le-japon-face-a-face","status":"publish","type":"product","link":"https:\/\/librairie7l.com\/en\/produit\/assemblages-du-bois-leurope-et-le-japon-face-a-face\/","title":{"rendered":"ASSEMBLAGES DU BOIS ; L&#8217;EUROPE ET LE JAPON FACE \u00c0 FACE"},"content":{"rendered":"<p>L&#8217;art de la menuiserie compte un grand nombre d&#8217;assemblages de bois si intelligemment pens\u00e9s et recouverts qu&#8217;ils sont presque imperceptibles de l&#8217;ext\u00e9rieur. En confrontant les techniques d&#8217;assemblage orientales, et notamment japonaises, avec celles qui sont utilis\u00e9es en Europe, cet ouvrage pr\u00e9sente les principaux assemblages utilis\u00e9s dans les m\u00e9tiers du bois et propose de nombreuses suggestions pour le d\u00e9veloppement de futures constructions. Assemblages en longueur, obliques, en croix, d&#8217;angle ou encore de plans&#8230; 67 formes et pr\u00e8s de 300 variations sont d\u00e9taill\u00e9es, textes explicatifs et visuels \u00e0 l&#8217;appui. Les combinaisons pr\u00e9sent\u00e9es sont accompagn\u00e9es de sch\u00e9mas et photographies pour bien comprendre la mani\u00e8re dont sont r\u00e9alis\u00e9es ces constructions souvent complexes. Cet ouvrage technique de r\u00e9f\u00e9rence fait perdurer un savoir-faire artisanal qui int\u00e9ressera tous les passionn\u00e9s du bois.<\/p>\n","protected":false},"excerpt":{"rendered":"<p>L&#8217;art de la menuiserie compte un grand nombre d&#8217;assemblages de bois si intelligemment pens\u00e9s et recouverts qu&#8217;ils sont presque imperceptibles de l&#8217;ext\u00e9rieur. En confrontant les techniques d&#8217;assemblage orientales, et notamment japonaises, avec celles qui sont utilis\u00e9es en Europe, cet ouvrage pr\u00e9sente les principaux assemblages utilis\u00e9s dans les m\u00e9tiers du bois et propose de nombreuses suggestions [&hellip;]<\/p>\n","protected":false},"featured_media":27881,"template":"","meta":[],"product_cat":[55,2948,18,2952],"product_tag":[],"acf":[],"yoast_head":"<!-- This site is optimized with the Yoast SEO plugin v20.11 - https:\/\/yoast.com\/wordpress\/plugins\/seo\/ -->\n<title>ASSEMBLAGES DU BOIS ; L&#039;EUROPE ET LE JAPON FACE \u00c0 FACE - Librairie 7L<\/title>\n<meta name=\"robots\" content=\"index, follow, max-snippet:-1, max-image-preview:large, max-video-preview:-1\" \/>\n<link rel=\"canonical\" href=\"https:\/\/librairie7l.com\/en\/produit\/assemblages-du-bois-leurope-et-le-japon-face-a-face\/\" \/>\n<meta property=\"og:locale\" content=\"en_US\" \/>\n<meta property=\"og:type\" content=\"article\" \/>\n<meta property=\"og:title\" content=\"ASSEMBLAGES DU BOIS ; L&#039;EUROPE ET LE JAPON FACE \u00c0 FACE - Librairie 7L\" \/>\n<meta property=\"og:description\" content=\"L&#8217;art de la menuiserie compte un grand nombre d&#8217;assemblages de bois si intelligemment pens\u00e9s et recouverts qu&#8217;ils sont presque imperceptibles de l&#8217;ext\u00e9rieur. En confrontant les techniques d&#8217;assemblage orientales, et notamment japonaises, avec celles qui sont utilis\u00e9es en Europe, cet ouvrage pr\u00e9sente les principaux assemblages utilis\u00e9s dans les m\u00e9tiers du bois et propose de nombreuses suggestions [&hellip;]\" \/>\n<meta property=\"og:url\" content=\"https:\/\/librairie7l.com\/en\/produit\/assemblages-du-bois-leurope-et-le-japon-face-a-face\/\" \/>\n<meta property=\"og:site_name\" content=\"Librairie 7L\" \/>\n<meta property=\"article:modified_time\" content=\"2026-04-12T00:49:40+00:00\" \/>\n<meta property=\"og:image\" content=\"https:\/\/librairie7l.com\/wp-content\/uploads\/2018\/04\/9782851012197_1_75.jpg\" \/>\n\t<meta property=\"og:image:width\" content=\"600\" \/>\n\t<meta property=\"og:image:height\" content=\"757\" \/>\n\t<meta property=\"og:image:type\" content=\"image\/jpeg\" \/>\n<meta name=\"twitter:card\" content=\"summary_large_image\" \/>\n<meta name=\"twitter:label1\" content=\"Est. reading time\" \/>\n\t<meta name=\"twitter:data1\" content=\"1 minute\" \/>\n<script type=\"application\/ld+json\" class=\"yoast-schema-graph\">{\"@context\":\"https:\/\/schema.org\",\"@graph\":[{\"@type\":\"WebPage\",\"@id\":\"https:\/\/librairie7l.com\/en\/produit\/assemblages-du-bois-leurope-et-le-japon-face-a-face\/\",\"url\":\"https:\/\/librairie7l.com\/en\/produit\/assemblages-du-bois-leurope-et-le-japon-face-a-face\/\",\"name\":\"ASSEMBLAGES DU BOIS ; L'EUROPE ET LE JAPON FACE \u00c0 FACE - Librairie 7L\",\"isPartOf\":{\"@id\":\"https:\/\/librairie7l.com\/en\/#website\"},\"datePublished\":\"2023-05-10T11:16:40+00:00\",\"dateModified\":\"2026-04-12T00:49:40+00:00\",\"breadcrumb\":{\"@id\":\"https:\/\/librairie7l.com\/en\/produit\/assemblages-du-bois-leurope-et-le-japon-face-a-face\/#breadcrumb\"},\"inLanguage\":\"en-US\",\"potentialAction\":[{\"@type\":\"ReadAction\",\"target\":[\"https:\/\/librairie7l.com\/en\/produit\/assemblages-du-bois-leurope-et-le-japon-face-a-face\/\"]}]},{\"@type\":\"BreadcrumbList\",\"@id\":\"https:\/\/librairie7l.com\/en\/produit\/assemblages-du-bois-leurope-et-le-japon-face-a-face\/#breadcrumb\",\"itemListElement\":[{\"@type\":\"ListItem\",\"position\":1,\"name\":\"Accueil\",\"item\":\"https:\/\/librairie7l.com\/en\/\"},{\"@type\":\"ListItem\",\"position\":2,\"name\":\"Shop\",\"item\":\"https:\/\/librairie7l.com\/en\/shop\/\"},{\"@type\":\"ListItem\",\"position\":3,\"name\":\"ASSEMBLAGES DU BOIS ; L&#8217;EUROPE ET LE JAPON FACE \u00c0 FACE\"}]},{\"@type\":\"WebSite\",\"@id\":\"https:\/\/librairie7l.com\/en\/#website\",\"url\":\"https:\/\/librairie7l.com\/en\/\",\"name\":\"Librairie 7L\",\"description\":\"Librairie fond\u00e9e en 1999 par Karl Lagerfeld \u00e0 Paris\",\"publisher\":{\"@id\":\"https:\/\/librairie7l.com\/en\/#organization\"},\"potentialAction\":[{\"@type\":\"SearchAction\",\"target\":{\"@type\":\"EntryPoint\",\"urlTemplate\":\"https:\/\/librairie7l.com\/en\/?s={search_term_string}\"},\"query-input\":\"required name=search_term_string\"}],\"inLanguage\":\"en-US\"},{\"@type\":\"Organization\",\"@id\":\"https:\/\/librairie7l.com\/en\/#organization\",\"name\":\"Librairie 7L\",\"url\":\"https:\/\/librairie7l.com\/en\/\",\"logo\":{\"@type\":\"ImageObject\",\"inLanguage\":\"en-US\",\"@id\":\"https:\/\/librairie7l.com\/en\/#\/schema\/logo\/image\/\",\"url\":\"https:\/\/librairie7l.com\/wp-content\/uploads\/2022\/08\/logo-1.png\",\"contentUrl\":\"https:\/\/librairie7l.com\/wp-content\/uploads\/2022\/08\/logo-1.png\",\"width\":227,\"height\":301,\"caption\":\"Librairie 7L\"},\"image\":{\"@id\":\"https:\/\/librairie7l.com\/en\/#\/schema\/logo\/image\/\"}}]}<\/script>\n<!-- \/ Yoast SEO plugin. -->","yoast_head_json":{"title":"ASSEMBLAGES DU BOIS ; L'EUROPE ET LE JAPON FACE \u00c0 FACE - Librairie 7L","robots":{"index":"index","follow":"follow","max-snippet":"max-snippet:-1","max-image-preview":"max-image-preview:large","max-video-preview":"max-video-preview:-1"},"canonical":"https:\/\/librairie7l.com\/en\/produit\/assemblages-du-bois-leurope-et-le-japon-face-a-face\/","og_locale":"en_US","og_type":"article","og_title":"ASSEMBLAGES DU BOIS ; L'EUROPE ET LE JAPON FACE \u00c0 FACE - Librairie 7L","og_description":"L&#8217;art de la menuiserie compte un grand nombre d&#8217;assemblages de bois si intelligemment pens\u00e9s et recouverts qu&#8217;ils sont presque imperceptibles de l&#8217;ext\u00e9rieur. En confrontant les techniques d&#8217;assemblage orientales, et notamment japonaises, avec celles qui sont utilis\u00e9es en Europe, cet ouvrage pr\u00e9sente les principaux assemblages utilis\u00e9s dans les m\u00e9tiers du bois et propose de nombreuses suggestions [&hellip;]","og_url":"https:\/\/librairie7l.com\/en\/produit\/assemblages-du-bois-leurope-et-le-japon-face-a-face\/","og_site_name":"Librairie 7L","article_modified_time":"2026-04-12T00:49:40+00:00","og_image":[{"width":600,"height":757,"url":"https:\/\/librairie7l.com\/wp-content\/uploads\/2018\/04\/9782851012197_1_75.jpg","type":"image\/jpeg"}],"twitter_card":"summary_large_image","twitter_misc":{"Est. reading time":"1 minute"},"schema":{"@context":"https:\/\/schema.org","@graph":[{"@type":"WebPage","@id":"https:\/\/librairie7l.com\/en\/produit\/assemblages-du-bois-leurope-et-le-japon-face-a-face\/","url":"https:\/\/librairie7l.com\/en\/produit\/assemblages-du-bois-leurope-et-le-japon-face-a-face\/","name":"ASSEMBLAGES DU BOIS ; L'EUROPE ET LE JAPON FACE \u00c0 FACE - Librairie 7L","isPartOf":{"@id":"https:\/\/librairie7l.com\/en\/#website"},"datePublished":"2023-05-10T11:16:40+00:00","dateModified":"2026-04-12T00:49:40+00:00","breadcrumb":{"@id":"https:\/\/librairie7l.com\/en\/produit\/assemblages-du-bois-leurope-et-le-japon-face-a-face\/#breadcrumb"},"inLanguage":"en-US","potentialAction":[{"@type":"ReadAction","target":["https:\/\/librairie7l.com\/en\/produit\/assemblages-du-bois-leurope-et-le-japon-face-a-face\/"]}]},{"@type":"BreadcrumbList","@id":"https:\/\/librairie7l.com\/en\/produit\/assemblages-du-bois-leurope-et-le-japon-face-a-face\/#breadcrumb","itemListElement":[{"@type":"ListItem","position":1,"name":"Accueil","item":"https:\/\/librairie7l.com\/en\/"},{"@type":"ListItem","position":2,"name":"Shop","item":"https:\/\/librairie7l.com\/en\/shop\/"},{"@type":"ListItem","position":3,"name":"ASSEMBLAGES DU BOIS ; L&#8217;EUROPE ET LE JAPON FACE \u00c0 FACE"}]},{"@type":"WebSite","@id":"https:\/\/librairie7l.com\/en\/#website","url":"https:\/\/librairie7l.com\/en\/","name":"Librairie 7L","description":"Librairie fond\u00e9e en 1999 par Karl Lagerfeld \u00e0 Paris","publisher":{"@id":"https:\/\/librairie7l.com\/en\/#organization"},"potentialAction":[{"@type":"SearchAction","target":{"@type":"EntryPoint","urlTemplate":"https:\/\/librairie7l.com\/en\/?s={search_term_string}"},"query-input":"required name=search_term_string"}],"inLanguage":"en-US"},{"@type":"Organization","@id":"https:\/\/librairie7l.com\/en\/#organization","name":"Librairie 7L","url":"https:\/\/librairie7l.com\/en\/","logo":{"@type":"ImageObject","inLanguage":"en-US","@id":"https:\/\/librairie7l.com\/en\/#\/schema\/logo\/image\/","url":"https:\/\/librairie7l.com\/wp-content\/uploads\/2022\/08\/logo-1.png","contentUrl":"https:\/\/librairie7l.com\/wp-content\/uploads\/2022\/08\/logo-1.png","width":227,"height":301,"caption":"Librairie 7L"},"image":{"@id":"https:\/\/librairie7l.com\/en\/#\/schema\/logo\/image\/"}}]}},"_links":{"self":[{"href":"https:\/\/librairie7l.com\/en\/wp-json\/wp\/v2\/product\/27883"}],"collection":[{"href":"https:\/\/librairie7l.com\/en\/wp-json\/wp\/v2\/product"}],"about":[{"href":"https:\/\/librairie7l.com\/en\/wp-json\/wp\/v2\/types\/product"}],"wp:featuredmedia":[{"embeddable":true,"href":"https:\/\/librairie7l.com\/en\/wp-json\/wp\/v2\/media\/27881"}],"wp:attachment":[{"href":"https:\/\/librairie7l.com\/en\/wp-json\/wp\/v2\/media?parent=27883"}],"wp:term":[{"taxonomy":"product_cat","embeddable":true,"href":"https:\/\/librairie7l.com\/en\/wp-json\/wp\/v2\/product_cat?post=27883"},{"taxonomy":"product_tag","embeddable":true,"href":"https:\/\/librairie7l.com\/en\/wp-json\/wp\/v2\/product_tag?post=27883"}],"curies":[{"name":"wp","href":"https:\/\/api.w.org\/{rel}","templated":true}]}}