{"id":27935,"date":"2023-05-10T13:18:33","date_gmt":"2023-05-10T11:18:33","guid":{"rendered":"https:\/\/librairie7l.com\/?post_type=product&#038;p=27935"},"modified":"2026-04-06T17:08:33","modified_gmt":"2026-04-06T15:08:33","slug":"chanel-co-les-amies-de-coco","status":"publish","type":"product","link":"https:\/\/librairie7l.com\/en\/produit\/chanel-co-les-amies-de-coco\/","title":{"rendered":"CHANEL &AMP; CO ; LES AMIES DE COCO"},"content":{"rendered":"<p>Sans ses amies, l&#8217;orpheline Gabrielle ne serait pas devenue Coco Chanel. Elles ont \u00e9chang\u00e9 leurs amants, leurs robes et leurs bijoux, leur science du glamour et leur go\u00fbt. De cette Cendrillon, Misia, Adrienne, Colette, la grande duchesse de Russie, Vera Bate ont fait une reine. Elle les aimait et les d\u00e9testait. Elles le lui rendaient bien.<\/p>\n","protected":false},"excerpt":{"rendered":"<p>Sans ses amies, l&#8217;orpheline Gabrielle ne serait pas devenue Coco Chanel. Elles ont \u00e9chang\u00e9 leurs amants, leurs robes et leurs bijoux, leur science du glamour et leur go\u00fbt. De cette Cendrillon, Misia, Adrienne, Colette, la grande duchesse de Russie, Vera Bate ont fait une reine. Elle les aimait et les d\u00e9testait. Elles le lui rendaient [&hellip;]<\/p>\n","protected":false},"featured_media":27933,"template":"","meta":[],"product_cat":[55,2948,2957,19],"product_tag":[],"acf":[],"yoast_head":"<!-- This site is optimized with the Yoast SEO plugin v20.11 - https:\/\/yoast.com\/wordpress\/plugins\/seo\/ -->\n<title>CHANEL &amp; CO ; LES AMIES DE COCO - Librairie 7L<\/title>\n<meta name=\"robots\" content=\"index, follow, max-snippet:-1, max-image-preview:large, max-video-preview:-1\" \/>\n<link rel=\"canonical\" href=\"https:\/\/librairie7l.com\/en\/produit\/chanel-co-les-amies-de-coco\/\" \/>\n<meta property=\"og:locale\" content=\"en_US\" \/>\n<meta property=\"og:type\" content=\"article\" \/>\n<meta property=\"og:title\" content=\"CHANEL &amp; CO ; LES AMIES DE COCO - Librairie 7L\" \/>\n<meta property=\"og:description\" content=\"Sans ses amies, l&#8217;orpheline Gabrielle ne serait pas devenue Coco Chanel. Elles ont \u00e9chang\u00e9 leurs amants, leurs robes et leurs bijoux, leur science du glamour et leur go\u00fbt. De cette Cendrillon, Misia, Adrienne, Colette, la grande duchesse de Russie, Vera Bate ont fait une reine. Elle les aimait et les d\u00e9testait. Elles le lui rendaient [&hellip;]\" \/>\n<meta property=\"og:url\" content=\"https:\/\/librairie7l.com\/en\/produit\/chanel-co-les-amies-de-coco\/\" \/>\n<meta property=\"og:site_name\" content=\"Librairie 7L\" \/>\n<meta property=\"article:modified_time\" content=\"2026-04-06T15:08:33+00:00\" \/>\n<meta property=\"og:image\" content=\"https:\/\/librairie7l.com\/wp-content\/uploads\/2015\/02\/9782290092262_1_75.jpg\" \/>\n\t<meta property=\"og:image:width\" content=\"600\" \/>\n\t<meta property=\"og:image:height\" content=\"967\" \/>\n\t<meta property=\"og:image:type\" content=\"image\/jpeg\" \/>\n<meta name=\"twitter:card\" content=\"summary_large_image\" \/>\n<script type=\"application\/ld+json\" class=\"yoast-schema-graph\">{\"@context\":\"https:\/\/schema.org\",\"@graph\":[{\"@type\":\"WebPage\",\"@id\":\"https:\/\/librairie7l.com\/en\/produit\/chanel-co-les-amies-de-coco\/\",\"url\":\"https:\/\/librairie7l.com\/en\/produit\/chanel-co-les-amies-de-coco\/\",\"name\":\"CHANEL &amp; CO ; LES AMIES DE COCO - Librairie 7L\",\"isPartOf\":{\"@id\":\"https:\/\/librairie7l.com\/en\/#website\"},\"datePublished\":\"2023-05-10T11:18:33+00:00\",\"dateModified\":\"2026-04-06T15:08:33+00:00\",\"breadcrumb\":{\"@id\":\"https:\/\/librairie7l.com\/en\/produit\/chanel-co-les-amies-de-coco\/#breadcrumb\"},\"inLanguage\":\"en-US\",\"potentialAction\":[{\"@type\":\"ReadAction\",\"target\":[\"https:\/\/librairie7l.com\/en\/produit\/chanel-co-les-amies-de-coco\/\"]}]},{\"@type\":\"BreadcrumbList\",\"@id\":\"https:\/\/librairie7l.com\/en\/produit\/chanel-co-les-amies-de-coco\/#breadcrumb\",\"itemListElement\":[{\"@type\":\"ListItem\",\"position\":1,\"name\":\"Accueil\",\"item\":\"https:\/\/librairie7l.com\/en\/\"},{\"@type\":\"ListItem\",\"position\":2,\"name\":\"Shop\",\"item\":\"https:\/\/librairie7l.com\/en\/shop\/\"},{\"@type\":\"ListItem\",\"position\":3,\"name\":\"CHANEL &AMP; CO ; LES AMIES DE COCO\"}]},{\"@type\":\"WebSite\",\"@id\":\"https:\/\/librairie7l.com\/en\/#website\",\"url\":\"https:\/\/librairie7l.com\/en\/\",\"name\":\"Librairie 7L\",\"description\":\"Librairie fond\u00e9e en 1999 par Karl Lagerfeld \u00e0 Paris\",\"publisher\":{\"@id\":\"https:\/\/librairie7l.com\/en\/#organization\"},\"potentialAction\":[{\"@type\":\"SearchAction\",\"target\":{\"@type\":\"EntryPoint\",\"urlTemplate\":\"https:\/\/librairie7l.com\/en\/?s={search_term_string}\"},\"query-input\":\"required name=search_term_string\"}],\"inLanguage\":\"en-US\"},{\"@type\":\"Organization\",\"@id\":\"https:\/\/librairie7l.com\/en\/#organization\",\"name\":\"Librairie 7L\",\"url\":\"https:\/\/librairie7l.com\/en\/\",\"logo\":{\"@type\":\"ImageObject\",\"inLanguage\":\"en-US\",\"@id\":\"https:\/\/librairie7l.com\/en\/#\/schema\/logo\/image\/\",\"url\":\"https:\/\/librairie7l.com\/wp-content\/uploads\/2022\/08\/logo-1.png\",\"contentUrl\":\"https:\/\/librairie7l.com\/wp-content\/uploads\/2022\/08\/logo-1.png\",\"width\":227,\"height\":301,\"caption\":\"Librairie 7L\"},\"image\":{\"@id\":\"https:\/\/librairie7l.com\/en\/#\/schema\/logo\/image\/\"}}]}<\/script>\n<!-- \/ Yoast SEO plugin. -->","yoast_head_json":{"title":"CHANEL &amp; CO ; LES AMIES DE COCO - Librairie 7L","robots":{"index":"index","follow":"follow","max-snippet":"max-snippet:-1","max-image-preview":"max-image-preview:large","max-video-preview":"max-video-preview:-1"},"canonical":"https:\/\/librairie7l.com\/en\/produit\/chanel-co-les-amies-de-coco\/","og_locale":"en_US","og_type":"article","og_title":"CHANEL &amp; CO ; LES AMIES DE COCO - Librairie 7L","og_description":"Sans ses amies, l&#8217;orpheline Gabrielle ne serait pas devenue Coco Chanel. Elles ont \u00e9chang\u00e9 leurs amants, leurs robes et leurs bijoux, leur science du glamour et leur go\u00fbt. De cette Cendrillon, Misia, Adrienne, Colette, la grande duchesse de Russie, Vera Bate ont fait une reine. Elle les aimait et les d\u00e9testait. Elles le lui rendaient [&hellip;]","og_url":"https:\/\/librairie7l.com\/en\/produit\/chanel-co-les-amies-de-coco\/","og_site_name":"Librairie 7L","article_modified_time":"2026-04-06T15:08:33+00:00","og_image":[{"width":600,"height":967,"url":"https:\/\/librairie7l.com\/wp-content\/uploads\/2015\/02\/9782290092262_1_75.jpg","type":"image\/jpeg"}],"twitter_card":"summary_large_image","schema":{"@context":"https:\/\/schema.org","@graph":[{"@type":"WebPage","@id":"https:\/\/librairie7l.com\/en\/produit\/chanel-co-les-amies-de-coco\/","url":"https:\/\/librairie7l.com\/en\/produit\/chanel-co-les-amies-de-coco\/","name":"CHANEL &amp; CO ; LES AMIES DE COCO - Librairie 7L","isPartOf":{"@id":"https:\/\/librairie7l.com\/en\/#website"},"datePublished":"2023-05-10T11:18:33+00:00","dateModified":"2026-04-06T15:08:33+00:00","breadcrumb":{"@id":"https:\/\/librairie7l.com\/en\/produit\/chanel-co-les-amies-de-coco\/#breadcrumb"},"inLanguage":"en-US","potentialAction":[{"@type":"ReadAction","target":["https:\/\/librairie7l.com\/en\/produit\/chanel-co-les-amies-de-coco\/"]}]},{"@type":"BreadcrumbList","@id":"https:\/\/librairie7l.com\/en\/produit\/chanel-co-les-amies-de-coco\/#breadcrumb","itemListElement":[{"@type":"ListItem","position":1,"name":"Accueil","item":"https:\/\/librairie7l.com\/en\/"},{"@type":"ListItem","position":2,"name":"Shop","item":"https:\/\/librairie7l.com\/en\/shop\/"},{"@type":"ListItem","position":3,"name":"CHANEL &AMP; CO ; LES AMIES DE COCO"}]},{"@type":"WebSite","@id":"https:\/\/librairie7l.com\/en\/#website","url":"https:\/\/librairie7l.com\/en\/","name":"Librairie 7L","description":"Librairie fond\u00e9e en 1999 par Karl Lagerfeld \u00e0 Paris","publisher":{"@id":"https:\/\/librairie7l.com\/en\/#organization"},"potentialAction":[{"@type":"SearchAction","target":{"@type":"EntryPoint","urlTemplate":"https:\/\/librairie7l.com\/en\/?s={search_term_string}"},"query-input":"required name=search_term_string"}],"inLanguage":"en-US"},{"@type":"Organization","@id":"https:\/\/librairie7l.com\/en\/#organization","name":"Librairie 7L","url":"https:\/\/librairie7l.com\/en\/","logo":{"@type":"ImageObject","inLanguage":"en-US","@id":"https:\/\/librairie7l.com\/en\/#\/schema\/logo\/image\/","url":"https:\/\/librairie7l.com\/wp-content\/uploads\/2022\/08\/logo-1.png","contentUrl":"https:\/\/librairie7l.com\/wp-content\/uploads\/2022\/08\/logo-1.png","width":227,"height":301,"caption":"Librairie 7L"},"image":{"@id":"https:\/\/librairie7l.com\/en\/#\/schema\/logo\/image\/"}}]}},"_links":{"self":[{"href":"https:\/\/librairie7l.com\/en\/wp-json\/wp\/v2\/product\/27935"}],"collection":[{"href":"https:\/\/librairie7l.com\/en\/wp-json\/wp\/v2\/product"}],"about":[{"href":"https:\/\/librairie7l.com\/en\/wp-json\/wp\/v2\/types\/product"}],"wp:featuredmedia":[{"embeddable":true,"href":"https:\/\/librairie7l.com\/en\/wp-json\/wp\/v2\/media\/27933"}],"wp:attachment":[{"href":"https:\/\/librairie7l.com\/en\/wp-json\/wp\/v2\/media?parent=27935"}],"wp:term":[{"taxonomy":"product_cat","embeddable":true,"href":"https:\/\/librairie7l.com\/en\/wp-json\/wp\/v2\/product_cat?post=27935"},{"taxonomy":"product_tag","embeddable":true,"href":"https:\/\/librairie7l.com\/en\/wp-json\/wp\/v2\/product_tag?post=27935"}],"curies":[{"name":"wp","href":"https:\/\/api.w.org\/{rel}","templated":true}]}}