{"id":27947,"date":"2023-05-10T13:18:46","date_gmt":"2023-05-10T11:18:46","guid":{"rendered":"https:\/\/librairie7l.com\/?post_type=product&#038;p=27947"},"modified":"2026-05-05T17:06:04","modified_gmt":"2026-05-05T15:06:04","slug":"la-grammaire-du-cinema-de-lecriture-au-montage-les-techniques-du-langage-filme-2e-edition","status":"publish","type":"product","link":"https:\/\/librairie7l.com\/en\/produit\/la-grammaire-du-cinema-de-lecriture-au-montage-les-techniques-du-langage-filme-2e-edition\/","title":{"rendered":"LA GRAMMAIRE DU CIN\u00c9MA ; DE L&#8217;\u00c9CRITURE AU MONTAGE : LES TECHNIQUES DU LANGAGE FILM\u00c9 (2E \u00c9DITION)"},"content":{"rendered":"<p>Prise de vues, montage, cadre, mouvements de cam\u00e9ra, raccords, transitions et effets visuels constituent la grammaire du cin\u00e9ma. Moyens d&#8217;expression du r\u00e9alisateur, ils lui permettent de raconter une histoire, cr\u00e9er une ambiance et transmettre des \u00e9motions.<br \/>\nOutil indispensable pour l&#8217;\u00e9tudiant en cin\u00e9ma ou le cin\u00e9phile, ce livre pratique expose les techniques, r\u00e8gles et principes du langage film\u00e9, illustr\u00e9s de photogrammes, de sch\u00e9mas explicatifs et explicit\u00e9s par un glossaire en fin de volume. Cette 2e\u00a0 \u00e9dition enrichie propose de nouveaux chapitres consacr\u00e9s aux trucages et aux effets sp\u00e9ciaux.<br \/>\nDans une approche originale et p\u00e9dagogique, l&#8217;auteur analyse et d\u00e9cortique plus de 200\u00a0 extraits de films choisis dans le cin\u00e9ma classique, de genre et contemporain. Une invitation \u00e0 revisiter l&#8217;histoire mondiale du 7e\u00a0 art et de ses cr\u00e9ateurs pour d\u00e9couvrir et comprendre le langage cin\u00e9matographique.<br \/>\n\u00a0<\/p>\n","protected":false},"excerpt":{"rendered":"<p>Prise de vues, montage, cadre, mouvements de cam\u00e9ra, raccords, transitions et effets visuels constituent la grammaire du cin\u00e9ma. Moyens d&#8217;expression du r\u00e9alisateur, ils lui permettent de raconter une histoire, cr\u00e9er une ambiance et transmettre des \u00e9motions. Outil indispensable pour l&#8217;\u00e9tudiant en cin\u00e9ma ou le cin\u00e9phile, ce livre pratique expose les techniques, r\u00e8gles et principes du [&hellip;]<\/p>\n","protected":false},"featured_media":27945,"template":"","meta":[],"product_cat":[55,2948,2958,17],"product_tag":[],"acf":[],"yoast_head":"<!-- This site is optimized with the Yoast SEO plugin v20.11 - https:\/\/yoast.com\/wordpress\/plugins\/seo\/ -->\n<title>LA GRAMMAIRE DU CIN\u00c9MA ; DE L&#039;\u00c9CRITURE AU MONTAGE : LES TECHNIQUES DU LANGAGE FILM\u00c9 (2E \u00c9DITION) - Librairie 7L<\/title>\n<meta name=\"robots\" content=\"index, follow, max-snippet:-1, max-image-preview:large, max-video-preview:-1\" \/>\n<link rel=\"canonical\" href=\"https:\/\/librairie7l.com\/en\/produit\/la-grammaire-du-cinema-de-lecriture-au-montage-les-techniques-du-langage-filme-2e-edition\/\" \/>\n<meta property=\"og:locale\" content=\"en_US\" \/>\n<meta property=\"og:type\" content=\"article\" \/>\n<meta property=\"og:title\" content=\"LA GRAMMAIRE DU CIN\u00c9MA ; DE L&#039;\u00c9CRITURE AU MONTAGE : LES TECHNIQUES DU LANGAGE FILM\u00c9 (2E \u00c9DITION) - Librairie 7L\" \/>\n<meta property=\"og:description\" content=\"Prise de vues, montage, cadre, mouvements de cam\u00e9ra, raccords, transitions et effets visuels constituent la grammaire du cin\u00e9ma. Moyens d&#8217;expression du r\u00e9alisateur, ils lui permettent de raconter une histoire, cr\u00e9er une ambiance et transmettre des \u00e9motions. Outil indispensable pour l&#8217;\u00e9tudiant en cin\u00e9ma ou le cin\u00e9phile, ce livre pratique expose les techniques, r\u00e8gles et principes du [&hellip;]\" \/>\n<meta property=\"og:url\" content=\"https:\/\/librairie7l.com\/en\/produit\/la-grammaire-du-cinema-de-lecriture-au-montage-les-techniques-du-langage-filme-2e-edition\/\" \/>\n<meta property=\"og:site_name\" content=\"Librairie 7L\" \/>\n<meta property=\"article:modified_time\" content=\"2026-05-05T15:06:04+00:00\" \/>\n<meta property=\"og:image\" content=\"https:\/\/librairie7l.com\/wp-content\/uploads\/2019\/02\/9782200622510_1_75.jpg\" \/>\n\t<meta property=\"og:image:width\" content=\"600\" \/>\n\t<meta property=\"og:image:height\" content=\"832\" \/>\n\t<meta property=\"og:image:type\" content=\"image\/jpeg\" \/>\n<meta name=\"twitter:card\" content=\"summary_large_image\" \/>\n<meta name=\"twitter:label1\" content=\"Est. reading time\" \/>\n\t<meta name=\"twitter:data1\" content=\"1 minute\" \/>\n<script type=\"application\/ld+json\" class=\"yoast-schema-graph\">{\"@context\":\"https:\/\/schema.org\",\"@graph\":[{\"@type\":\"WebPage\",\"@id\":\"https:\/\/librairie7l.com\/en\/produit\/la-grammaire-du-cinema-de-lecriture-au-montage-les-techniques-du-langage-filme-2e-edition\/\",\"url\":\"https:\/\/librairie7l.com\/en\/produit\/la-grammaire-du-cinema-de-lecriture-au-montage-les-techniques-du-langage-filme-2e-edition\/\",\"name\":\"LA GRAMMAIRE DU CIN\u00c9MA ; DE L'\u00c9CRITURE AU MONTAGE : LES TECHNIQUES DU LANGAGE FILM\u00c9 (2E \u00c9DITION) - Librairie 7L\",\"isPartOf\":{\"@id\":\"https:\/\/librairie7l.com\/en\/#website\"},\"datePublished\":\"2023-05-10T11:18:46+00:00\",\"dateModified\":\"2026-05-05T15:06:04+00:00\",\"breadcrumb\":{\"@id\":\"https:\/\/librairie7l.com\/en\/produit\/la-grammaire-du-cinema-de-lecriture-au-montage-les-techniques-du-langage-filme-2e-edition\/#breadcrumb\"},\"inLanguage\":\"en-US\",\"potentialAction\":[{\"@type\":\"ReadAction\",\"target\":[\"https:\/\/librairie7l.com\/en\/produit\/la-grammaire-du-cinema-de-lecriture-au-montage-les-techniques-du-langage-filme-2e-edition\/\"]}]},{\"@type\":\"BreadcrumbList\",\"@id\":\"https:\/\/librairie7l.com\/en\/produit\/la-grammaire-du-cinema-de-lecriture-au-montage-les-techniques-du-langage-filme-2e-edition\/#breadcrumb\",\"itemListElement\":[{\"@type\":\"ListItem\",\"position\":1,\"name\":\"Accueil\",\"item\":\"https:\/\/librairie7l.com\/en\/\"},{\"@type\":\"ListItem\",\"position\":2,\"name\":\"Shop\",\"item\":\"https:\/\/librairie7l.com\/en\/shop\/\"},{\"@type\":\"ListItem\",\"position\":3,\"name\":\"LA GRAMMAIRE DU CIN\u00c9MA ; DE L&#8217;\u00c9CRITURE AU MONTAGE : LES TECHNIQUES DU LANGAGE FILM\u00c9 (2E \u00c9DITION)\"}]},{\"@type\":\"WebSite\",\"@id\":\"https:\/\/librairie7l.com\/en\/#website\",\"url\":\"https:\/\/librairie7l.com\/en\/\",\"name\":\"Librairie 7L\",\"description\":\"Librairie fond\u00e9e en 1999 par Karl Lagerfeld \u00e0 Paris\",\"publisher\":{\"@id\":\"https:\/\/librairie7l.com\/en\/#organization\"},\"potentialAction\":[{\"@type\":\"SearchAction\",\"target\":{\"@type\":\"EntryPoint\",\"urlTemplate\":\"https:\/\/librairie7l.com\/en\/?s={search_term_string}\"},\"query-input\":\"required name=search_term_string\"}],\"inLanguage\":\"en-US\"},{\"@type\":\"Organization\",\"@id\":\"https:\/\/librairie7l.com\/en\/#organization\",\"name\":\"Librairie 7L\",\"url\":\"https:\/\/librairie7l.com\/en\/\",\"logo\":{\"@type\":\"ImageObject\",\"inLanguage\":\"en-US\",\"@id\":\"https:\/\/librairie7l.com\/en\/#\/schema\/logo\/image\/\",\"url\":\"https:\/\/librairie7l.com\/wp-content\/uploads\/2022\/08\/logo-1.png\",\"contentUrl\":\"https:\/\/librairie7l.com\/wp-content\/uploads\/2022\/08\/logo-1.png\",\"width\":227,\"height\":301,\"caption\":\"Librairie 7L\"},\"image\":{\"@id\":\"https:\/\/librairie7l.com\/en\/#\/schema\/logo\/image\/\"}}]}<\/script>\n<!-- \/ Yoast SEO plugin. -->","yoast_head_json":{"title":"LA GRAMMAIRE DU CIN\u00c9MA ; DE L'\u00c9CRITURE AU MONTAGE : LES TECHNIQUES DU LANGAGE FILM\u00c9 (2E \u00c9DITION) - Librairie 7L","robots":{"index":"index","follow":"follow","max-snippet":"max-snippet:-1","max-image-preview":"max-image-preview:large","max-video-preview":"max-video-preview:-1"},"canonical":"https:\/\/librairie7l.com\/en\/produit\/la-grammaire-du-cinema-de-lecriture-au-montage-les-techniques-du-langage-filme-2e-edition\/","og_locale":"en_US","og_type":"article","og_title":"LA GRAMMAIRE DU CIN\u00c9MA ; DE L'\u00c9CRITURE AU MONTAGE : LES TECHNIQUES DU LANGAGE FILM\u00c9 (2E \u00c9DITION) - Librairie 7L","og_description":"Prise de vues, montage, cadre, mouvements de cam\u00e9ra, raccords, transitions et effets visuels constituent la grammaire du cin\u00e9ma. Moyens d&#8217;expression du r\u00e9alisateur, ils lui permettent de raconter une histoire, cr\u00e9er une ambiance et transmettre des \u00e9motions. Outil indispensable pour l&#8217;\u00e9tudiant en cin\u00e9ma ou le cin\u00e9phile, ce livre pratique expose les techniques, r\u00e8gles et principes du [&hellip;]","og_url":"https:\/\/librairie7l.com\/en\/produit\/la-grammaire-du-cinema-de-lecriture-au-montage-les-techniques-du-langage-filme-2e-edition\/","og_site_name":"Librairie 7L","article_modified_time":"2026-05-05T15:06:04+00:00","og_image":[{"width":600,"height":832,"url":"https:\/\/librairie7l.com\/wp-content\/uploads\/2019\/02\/9782200622510_1_75.jpg","type":"image\/jpeg"}],"twitter_card":"summary_large_image","twitter_misc":{"Est. reading time":"1 minute"},"schema":{"@context":"https:\/\/schema.org","@graph":[{"@type":"WebPage","@id":"https:\/\/librairie7l.com\/en\/produit\/la-grammaire-du-cinema-de-lecriture-au-montage-les-techniques-du-langage-filme-2e-edition\/","url":"https:\/\/librairie7l.com\/en\/produit\/la-grammaire-du-cinema-de-lecriture-au-montage-les-techniques-du-langage-filme-2e-edition\/","name":"LA GRAMMAIRE DU CIN\u00c9MA ; DE L'\u00c9CRITURE AU MONTAGE : LES TECHNIQUES DU LANGAGE FILM\u00c9 (2E \u00c9DITION) - Librairie 7L","isPartOf":{"@id":"https:\/\/librairie7l.com\/en\/#website"},"datePublished":"2023-05-10T11:18:46+00:00","dateModified":"2026-05-05T15:06:04+00:00","breadcrumb":{"@id":"https:\/\/librairie7l.com\/en\/produit\/la-grammaire-du-cinema-de-lecriture-au-montage-les-techniques-du-langage-filme-2e-edition\/#breadcrumb"},"inLanguage":"en-US","potentialAction":[{"@type":"ReadAction","target":["https:\/\/librairie7l.com\/en\/produit\/la-grammaire-du-cinema-de-lecriture-au-montage-les-techniques-du-langage-filme-2e-edition\/"]}]},{"@type":"BreadcrumbList","@id":"https:\/\/librairie7l.com\/en\/produit\/la-grammaire-du-cinema-de-lecriture-au-montage-les-techniques-du-langage-filme-2e-edition\/#breadcrumb","itemListElement":[{"@type":"ListItem","position":1,"name":"Accueil","item":"https:\/\/librairie7l.com\/en\/"},{"@type":"ListItem","position":2,"name":"Shop","item":"https:\/\/librairie7l.com\/en\/shop\/"},{"@type":"ListItem","position":3,"name":"LA GRAMMAIRE DU CIN\u00c9MA ; DE L&#8217;\u00c9CRITURE AU MONTAGE : LES TECHNIQUES DU LANGAGE FILM\u00c9 (2E \u00c9DITION)"}]},{"@type":"WebSite","@id":"https:\/\/librairie7l.com\/en\/#website","url":"https:\/\/librairie7l.com\/en\/","name":"Librairie 7L","description":"Librairie fond\u00e9e en 1999 par Karl Lagerfeld \u00e0 Paris","publisher":{"@id":"https:\/\/librairie7l.com\/en\/#organization"},"potentialAction":[{"@type":"SearchAction","target":{"@type":"EntryPoint","urlTemplate":"https:\/\/librairie7l.com\/en\/?s={search_term_string}"},"query-input":"required name=search_term_string"}],"inLanguage":"en-US"},{"@type":"Organization","@id":"https:\/\/librairie7l.com\/en\/#organization","name":"Librairie 7L","url":"https:\/\/librairie7l.com\/en\/","logo":{"@type":"ImageObject","inLanguage":"en-US","@id":"https:\/\/librairie7l.com\/en\/#\/schema\/logo\/image\/","url":"https:\/\/librairie7l.com\/wp-content\/uploads\/2022\/08\/logo-1.png","contentUrl":"https:\/\/librairie7l.com\/wp-content\/uploads\/2022\/08\/logo-1.png","width":227,"height":301,"caption":"Librairie 7L"},"image":{"@id":"https:\/\/librairie7l.com\/en\/#\/schema\/logo\/image\/"}}]}},"_links":{"self":[{"href":"https:\/\/librairie7l.com\/en\/wp-json\/wp\/v2\/product\/27947"}],"collection":[{"href":"https:\/\/librairie7l.com\/en\/wp-json\/wp\/v2\/product"}],"about":[{"href":"https:\/\/librairie7l.com\/en\/wp-json\/wp\/v2\/types\/product"}],"wp:featuredmedia":[{"embeddable":true,"href":"https:\/\/librairie7l.com\/en\/wp-json\/wp\/v2\/media\/27945"}],"wp:attachment":[{"href":"https:\/\/librairie7l.com\/en\/wp-json\/wp\/v2\/media?parent=27947"}],"wp:term":[{"taxonomy":"product_cat","embeddable":true,"href":"https:\/\/librairie7l.com\/en\/wp-json\/wp\/v2\/product_cat?post=27947"},{"taxonomy":"product_tag","embeddable":true,"href":"https:\/\/librairie7l.com\/en\/wp-json\/wp\/v2\/product_tag?post=27947"}],"curies":[{"name":"wp","href":"https:\/\/api.w.org\/{rel}","templated":true}]}}