{"id":27959,"date":"2023-05-10T13:18:56","date_gmt":"2023-05-10T11:18:56","guid":{"rendered":"https:\/\/librairie7l.com\/?post_type=product&#038;p=27959"},"modified":"2026-04-20T18:06:14","modified_gmt":"2026-04-20T16:06:14","slug":"lecoanet-hemant-les-orientalistes-de-la-haute-couture","status":"publish","type":"product","link":"https:\/\/librairie7l.com\/en\/produit\/lecoanet-hemant-les-orientalistes-de-la-haute-couture\/","title":{"rendered":"LECOANET HEMANT : LES ORIENTALISTES DE LA HAUTE COUTURE"},"content":{"rendered":"<p>Premi\u00e8re r\u00e9trospective consacr\u00e9e \u00e0 la maison Lecoanet Hemant, l&#8217;exposition Les Orientalistes de la Haute Couture s&#8217;annonce comme un voyage au coeur d&#8217;une mode chatoyante et raffin\u00e9e cultivant l&#8217;art du m\u00e9tissage, un savant m\u00e9lange des cultures fran\u00e7aise et indienne.<br \/>\nLa maison Lecoanet Hemant na\u00eet en 1979 de l&#8217;association de Didier Lecoanet, n\u00e9 en 1955, qui a fait ses premi\u00e8res armes chez Lanvin, et de Hemant Sagar, n\u00e9 \u00e0 New Dehli en 1957. Leur fructueuse collaboration les am\u00e8ne \u00e0 d\u00e9filer de 1984 \u00e0 2000 dans le cercle ferm\u00e9 de la haute couture parisienne. Depuis, la maison s&#8217;est orient\u00e9e vers le pr\u00eat-\u00e0-porter cosmopolite con\u00e7u en Inde.<br \/>\nLe style Lecoanet Hemant, c&#8217;est une allure po\u00e9tique qui traverse le temps et les continents. Une vision de l&#8217;Orient qui s&#8217;exprime \u00e0 travers les modulations du drap\u00e9 et une certaine id\u00e9e du coup\u00e9cousu \u00e0 la fran\u00e7aise. V\u00e9ritables marques de fabrique de la maison, le sari indien d\u00e9clin\u00e9 \u00e0 l&#8217;envi et les r\u00e9f\u00e9rences \u00e0 la nature sous forme d&#8217;imprim\u00e9s, de tiss\u00e9s et de broderies aux mati\u00e8res originales, comme la ramie ou encore la fibre d&#8217;ananas.<br \/>\nSpectacle \u00e9blouissant en tous points, les quelques quatre-vingt silhouettes \u00e9voquent l&#8217;h\u00e9ritage culturel d&#8217;une route de la soie imaginaire. L&#8217;exposition se d\u00e9ploie dans une \u00e9l\u00e9gante galerie scand\u00e9e de grandes vitrines o\u00f9 de somptueuses tenues sont mises en sc\u00e8ne aux c\u00f4t\u00e9s de mobilier et objets d\u00e9coratifs tout droit sortis d&#8217;un film d&#8217;Agatha Christie. Les robes du soir brod\u00e9es c\u00f4toient les ch\u00e2les \u00e0 franges dor\u00e9es non loin d&#8217;opulents manteaux damass\u00e9s et autres tailleurs aux savants drap\u00e9s&#8230; Une mode r\u00e9jouissante digne des contes des &#8220;Mille et Une Nuits&#8221;.<\/p>\n","protected":false},"excerpt":{"rendered":"<p>Premi\u00e8re r\u00e9trospective consacr\u00e9e \u00e0 la maison Lecoanet Hemant, l&#8217;exposition Les Orientalistes de la Haute Couture s&#8217;annonce comme un voyage au coeur d&#8217;une mode chatoyante et raffin\u00e9e cultivant l&#8217;art du m\u00e9tissage, un savant m\u00e9lange des cultures fran\u00e7aise et indienne. La maison Lecoanet Hemant na\u00eet en 1979 de l&#8217;association de Didier Lecoanet, n\u00e9 en 1955, qui a [&hellip;]<\/p>\n","protected":false},"featured_media":27957,"template":"","meta":[],"product_cat":[55,2948,2957,19],"product_tag":[],"acf":[],"yoast_head":"<!-- This site is optimized with the Yoast SEO plugin v20.11 - https:\/\/yoast.com\/wordpress\/plugins\/seo\/ -->\n<title>LECOANET HEMANT : LES ORIENTALISTES DE LA HAUTE COUTURE - Librairie 7L<\/title>\n<meta name=\"robots\" content=\"index, follow, max-snippet:-1, max-image-preview:large, max-video-preview:-1\" \/>\n<link rel=\"canonical\" href=\"https:\/\/librairie7l.com\/en\/produit\/lecoanet-hemant-les-orientalistes-de-la-haute-couture\/\" \/>\n<meta property=\"og:locale\" content=\"en_US\" \/>\n<meta property=\"og:type\" content=\"article\" \/>\n<meta property=\"og:title\" content=\"LECOANET HEMANT : LES ORIENTALISTES DE LA HAUTE COUTURE - Librairie 7L\" \/>\n<meta property=\"og:description\" content=\"Premi\u00e8re r\u00e9trospective consacr\u00e9e \u00e0 la maison Lecoanet Hemant, l&#8217;exposition Les Orientalistes de la Haute Couture s&#8217;annonce comme un voyage au coeur d&#8217;une mode chatoyante et raffin\u00e9e cultivant l&#8217;art du m\u00e9tissage, un savant m\u00e9lange des cultures fran\u00e7aise et indienne. La maison Lecoanet Hemant na\u00eet en 1979 de l&#8217;association de Didier Lecoanet, n\u00e9 en 1955, qui a [&hellip;]\" \/>\n<meta property=\"og:url\" content=\"https:\/\/librairie7l.com\/en\/produit\/lecoanet-hemant-les-orientalistes-de-la-haute-couture\/\" \/>\n<meta property=\"og:site_name\" content=\"Librairie 7L\" \/>\n<meta property=\"article:modified_time\" content=\"2026-04-20T16:06:14+00:00\" \/>\n<meta property=\"og:image\" content=\"https:\/\/librairie7l.com\/wp-content\/uploads\/2019\/12\/9789461615923_1_75.jpg\" \/>\n\t<meta property=\"og:image:width\" content=\"400\" \/>\n\t<meta property=\"og:image:height\" content=\"509\" \/>\n\t<meta property=\"og:image:type\" content=\"image\/jpeg\" \/>\n<meta name=\"twitter:card\" content=\"summary_large_image\" \/>\n<meta name=\"twitter:label1\" content=\"Est. reading time\" \/>\n\t<meta name=\"twitter:data1\" content=\"1 minute\" \/>\n<script type=\"application\/ld+json\" class=\"yoast-schema-graph\">{\"@context\":\"https:\/\/schema.org\",\"@graph\":[{\"@type\":\"WebPage\",\"@id\":\"https:\/\/librairie7l.com\/en\/produit\/lecoanet-hemant-les-orientalistes-de-la-haute-couture\/\",\"url\":\"https:\/\/librairie7l.com\/en\/produit\/lecoanet-hemant-les-orientalistes-de-la-haute-couture\/\",\"name\":\"LECOANET HEMANT : LES ORIENTALISTES DE LA HAUTE COUTURE - Librairie 7L\",\"isPartOf\":{\"@id\":\"https:\/\/librairie7l.com\/en\/#website\"},\"datePublished\":\"2023-05-10T11:18:56+00:00\",\"dateModified\":\"2026-04-20T16:06:14+00:00\",\"breadcrumb\":{\"@id\":\"https:\/\/librairie7l.com\/en\/produit\/lecoanet-hemant-les-orientalistes-de-la-haute-couture\/#breadcrumb\"},\"inLanguage\":\"en-US\",\"potentialAction\":[{\"@type\":\"ReadAction\",\"target\":[\"https:\/\/librairie7l.com\/en\/produit\/lecoanet-hemant-les-orientalistes-de-la-haute-couture\/\"]}]},{\"@type\":\"BreadcrumbList\",\"@id\":\"https:\/\/librairie7l.com\/en\/produit\/lecoanet-hemant-les-orientalistes-de-la-haute-couture\/#breadcrumb\",\"itemListElement\":[{\"@type\":\"ListItem\",\"position\":1,\"name\":\"Accueil\",\"item\":\"https:\/\/librairie7l.com\/en\/\"},{\"@type\":\"ListItem\",\"position\":2,\"name\":\"Shop\",\"item\":\"https:\/\/librairie7l.com\/en\/shop\/\"},{\"@type\":\"ListItem\",\"position\":3,\"name\":\"LECOANET HEMANT : LES ORIENTALISTES DE LA HAUTE COUTURE\"}]},{\"@type\":\"WebSite\",\"@id\":\"https:\/\/librairie7l.com\/en\/#website\",\"url\":\"https:\/\/librairie7l.com\/en\/\",\"name\":\"Librairie 7L\",\"description\":\"Librairie fond\u00e9e en 1999 par Karl Lagerfeld \u00e0 Paris\",\"publisher\":{\"@id\":\"https:\/\/librairie7l.com\/en\/#organization\"},\"potentialAction\":[{\"@type\":\"SearchAction\",\"target\":{\"@type\":\"EntryPoint\",\"urlTemplate\":\"https:\/\/librairie7l.com\/en\/?s={search_term_string}\"},\"query-input\":\"required name=search_term_string\"}],\"inLanguage\":\"en-US\"},{\"@type\":\"Organization\",\"@id\":\"https:\/\/librairie7l.com\/en\/#organization\",\"name\":\"Librairie 7L\",\"url\":\"https:\/\/librairie7l.com\/en\/\",\"logo\":{\"@type\":\"ImageObject\",\"inLanguage\":\"en-US\",\"@id\":\"https:\/\/librairie7l.com\/en\/#\/schema\/logo\/image\/\",\"url\":\"https:\/\/librairie7l.com\/wp-content\/uploads\/2022\/08\/logo-1.png\",\"contentUrl\":\"https:\/\/librairie7l.com\/wp-content\/uploads\/2022\/08\/logo-1.png\",\"width\":227,\"height\":301,\"caption\":\"Librairie 7L\"},\"image\":{\"@id\":\"https:\/\/librairie7l.com\/en\/#\/schema\/logo\/image\/\"}}]}<\/script>\n<!-- \/ Yoast SEO plugin. -->","yoast_head_json":{"title":"LECOANET HEMANT : LES ORIENTALISTES DE LA HAUTE COUTURE - Librairie 7L","robots":{"index":"index","follow":"follow","max-snippet":"max-snippet:-1","max-image-preview":"max-image-preview:large","max-video-preview":"max-video-preview:-1"},"canonical":"https:\/\/librairie7l.com\/en\/produit\/lecoanet-hemant-les-orientalistes-de-la-haute-couture\/","og_locale":"en_US","og_type":"article","og_title":"LECOANET HEMANT : LES ORIENTALISTES DE LA HAUTE COUTURE - Librairie 7L","og_description":"Premi\u00e8re r\u00e9trospective consacr\u00e9e \u00e0 la maison Lecoanet Hemant, l&#8217;exposition Les Orientalistes de la Haute Couture s&#8217;annonce comme un voyage au coeur d&#8217;une mode chatoyante et raffin\u00e9e cultivant l&#8217;art du m\u00e9tissage, un savant m\u00e9lange des cultures fran\u00e7aise et indienne. La maison Lecoanet Hemant na\u00eet en 1979 de l&#8217;association de Didier Lecoanet, n\u00e9 en 1955, qui a [&hellip;]","og_url":"https:\/\/librairie7l.com\/en\/produit\/lecoanet-hemant-les-orientalistes-de-la-haute-couture\/","og_site_name":"Librairie 7L","article_modified_time":"2026-04-20T16:06:14+00:00","og_image":[{"width":400,"height":509,"url":"https:\/\/librairie7l.com\/wp-content\/uploads\/2019\/12\/9789461615923_1_75.jpg","type":"image\/jpeg"}],"twitter_card":"summary_large_image","twitter_misc":{"Est. reading time":"1 minute"},"schema":{"@context":"https:\/\/schema.org","@graph":[{"@type":"WebPage","@id":"https:\/\/librairie7l.com\/en\/produit\/lecoanet-hemant-les-orientalistes-de-la-haute-couture\/","url":"https:\/\/librairie7l.com\/en\/produit\/lecoanet-hemant-les-orientalistes-de-la-haute-couture\/","name":"LECOANET HEMANT : LES ORIENTALISTES DE LA HAUTE COUTURE - Librairie 7L","isPartOf":{"@id":"https:\/\/librairie7l.com\/en\/#website"},"datePublished":"2023-05-10T11:18:56+00:00","dateModified":"2026-04-20T16:06:14+00:00","breadcrumb":{"@id":"https:\/\/librairie7l.com\/en\/produit\/lecoanet-hemant-les-orientalistes-de-la-haute-couture\/#breadcrumb"},"inLanguage":"en-US","potentialAction":[{"@type":"ReadAction","target":["https:\/\/librairie7l.com\/en\/produit\/lecoanet-hemant-les-orientalistes-de-la-haute-couture\/"]}]},{"@type":"BreadcrumbList","@id":"https:\/\/librairie7l.com\/en\/produit\/lecoanet-hemant-les-orientalistes-de-la-haute-couture\/#breadcrumb","itemListElement":[{"@type":"ListItem","position":1,"name":"Accueil","item":"https:\/\/librairie7l.com\/en\/"},{"@type":"ListItem","position":2,"name":"Shop","item":"https:\/\/librairie7l.com\/en\/shop\/"},{"@type":"ListItem","position":3,"name":"LECOANET HEMANT : LES ORIENTALISTES DE LA HAUTE COUTURE"}]},{"@type":"WebSite","@id":"https:\/\/librairie7l.com\/en\/#website","url":"https:\/\/librairie7l.com\/en\/","name":"Librairie 7L","description":"Librairie fond\u00e9e en 1999 par Karl Lagerfeld \u00e0 Paris","publisher":{"@id":"https:\/\/librairie7l.com\/en\/#organization"},"potentialAction":[{"@type":"SearchAction","target":{"@type":"EntryPoint","urlTemplate":"https:\/\/librairie7l.com\/en\/?s={search_term_string}"},"query-input":"required name=search_term_string"}],"inLanguage":"en-US"},{"@type":"Organization","@id":"https:\/\/librairie7l.com\/en\/#organization","name":"Librairie 7L","url":"https:\/\/librairie7l.com\/en\/","logo":{"@type":"ImageObject","inLanguage":"en-US","@id":"https:\/\/librairie7l.com\/en\/#\/schema\/logo\/image\/","url":"https:\/\/librairie7l.com\/wp-content\/uploads\/2022\/08\/logo-1.png","contentUrl":"https:\/\/librairie7l.com\/wp-content\/uploads\/2022\/08\/logo-1.png","width":227,"height":301,"caption":"Librairie 7L"},"image":{"@id":"https:\/\/librairie7l.com\/en\/#\/schema\/logo\/image\/"}}]}},"_links":{"self":[{"href":"https:\/\/librairie7l.com\/en\/wp-json\/wp\/v2\/product\/27959"}],"collection":[{"href":"https:\/\/librairie7l.com\/en\/wp-json\/wp\/v2\/product"}],"about":[{"href":"https:\/\/librairie7l.com\/en\/wp-json\/wp\/v2\/types\/product"}],"wp:featuredmedia":[{"embeddable":true,"href":"https:\/\/librairie7l.com\/en\/wp-json\/wp\/v2\/media\/27957"}],"wp:attachment":[{"href":"https:\/\/librairie7l.com\/en\/wp-json\/wp\/v2\/media?parent=27959"}],"wp:term":[{"taxonomy":"product_cat","embeddable":true,"href":"https:\/\/librairie7l.com\/en\/wp-json\/wp\/v2\/product_cat?post=27959"},{"taxonomy":"product_tag","embeddable":true,"href":"https:\/\/librairie7l.com\/en\/wp-json\/wp\/v2\/product_tag?post=27959"}],"curies":[{"name":"wp","href":"https:\/\/api.w.org\/{rel}","templated":true}]}}