{"id":27963,"date":"2023-05-10T13:18:59","date_gmt":"2023-05-10T11:18:59","guid":{"rendered":"https:\/\/librairie7l.com\/?post_type=product&#038;p=27963"},"modified":"2026-04-07T02:25:27","modified_gmt":"2026-04-07T00:25:27","slug":"a-la-vie-a-la-mort-vanites-dhier-et-daujourdhui","status":"publish","type":"product","link":"https:\/\/librairie7l.com\/en\/produit\/a-la-vie-a-la-mort-vanites-dhier-et-daujourdhui\/","title":{"rendered":"\u00c0 LA VIE, \u00c0 LA MORT ! VANIT\u00c9S D&#8217;HIER ET D&#8217;AUJOURD&#8217;HUI."},"content":{"rendered":"<p>Des oeuvres embl\u00e9matiques du mus\u00e9e des Beaux-Arts de Lyon, telles que les vanit\u00e9s de Simon Renard de Saint-Andr\u00e9 et de Pablo Picasso, c\u00f4toieront, dans cette exposition, des oeuvres in\u00e9dites, issues des r\u00e9serves mais aussi des oeuvres majeures du Mus\u00e9e d&#8217;art contemporain de Lyon ainsi que celles de collections priv\u00e9es dont la cat\u00e9gorie du \u00ab memento mori \u00bb constitue un axe majeur.<br \/>\nCet ouvrage rassemblera des oeuvres du XVIe au XXIe si\u00e8cle cr\u00e9\u00e9es en \u00e9cho aux c\u00e9l\u00e8bres paroles de l&#8217;Eccl\u00e9siaste selon lesquelles \u00ab Vanit\u00e9 des vanit\u00e9s, tout est vanit\u00e9 \u00bb. Il permettra d&#8217;envisager les diff\u00e9rentes typologies auxquelles les artistes ont eu recours, au fil des si\u00e8cles, pour rappeler le terme in\u00e9luctablement assign\u00e9 \u00e0 toute activit\u00e9 humaine. Une grande diversit\u00e9 de th\u00e9matiques ont, en effet, \u00e9t\u00e9 mises \u00e0 profit par les artistes pour exprimer la fragilit\u00e9 de la vie et pour inviter \u00e0 en profiter au mieux. De fait, ce rappel r\u00e9current tend, certes, \u00e0 relativiser l&#8217;importance des pr\u00e9tentions humaines, jug\u00e9es d\u00e9risoires, voire condamnables, mais il vise aussi \u00e0 provoquer une prise de conscience pouvant entra\u00eener \u00e0 son tour un meilleur usage du temps imparti pour chaque existence.<br \/>\nParmi les artistes pr\u00e9sent\u00e9s dans l&#8217;exposition, nous pouvons citer : Hendrick Hondius, Armand Avril, Err\u00f3, Gilbert &amp; George, Paul Rebeyrolle, Miquel Barcelo, George Pencz, Jean-Luc Mylayne, Francis Bacon, Jan Fabre, Bruce Naumann, etc.<\/p>\n","protected":false},"excerpt":{"rendered":"<p>Des oeuvres embl\u00e9matiques du mus\u00e9e des Beaux-Arts de Lyon, telles que les vanit\u00e9s de Simon Renard de Saint-Andr\u00e9 et de Pablo Picasso, c\u00f4toieront, dans cette exposition, des oeuvres in\u00e9dites, issues des r\u00e9serves mais aussi des oeuvres majeures du Mus\u00e9e d&#8217;art contemporain de Lyon ainsi que celles de collections priv\u00e9es dont la cat\u00e9gorie du \u00ab memento [&hellip;]<\/p>\n","protected":false},"featured_media":27961,"template":"","meta":[],"product_cat":[55,2948,47,2953],"product_tag":[],"acf":[],"yoast_head":"<!-- This site is optimized with the Yoast SEO plugin v20.11 - https:\/\/yoast.com\/wordpress\/plugins\/seo\/ -->\n<title>\u00c0 LA VIE, \u00c0 LA MORT ! VANIT\u00c9S D&#039;HIER ET D&#039;AUJOURD&#039;HUI. - Librairie 7L<\/title>\n<meta name=\"robots\" content=\"index, follow, max-snippet:-1, max-image-preview:large, max-video-preview:-1\" \/>\n<link rel=\"canonical\" href=\"https:\/\/librairie7l.com\/en\/produit\/a-la-vie-a-la-mort-vanites-dhier-et-daujourdhui\/\" \/>\n<meta property=\"og:locale\" content=\"en_US\" \/>\n<meta property=\"og:type\" content=\"article\" \/>\n<meta property=\"og:title\" content=\"\u00c0 LA VIE, \u00c0 LA MORT ! VANIT\u00c9S D&#039;HIER ET D&#039;AUJOURD&#039;HUI. - Librairie 7L\" \/>\n<meta property=\"og:description\" content=\"Des oeuvres embl\u00e9matiques du mus\u00e9e des Beaux-Arts de Lyon, telles que les vanit\u00e9s de Simon Renard de Saint-Andr\u00e9 et de Pablo Picasso, c\u00f4toieront, dans cette exposition, des oeuvres in\u00e9dites, issues des r\u00e9serves mais aussi des oeuvres majeures du Mus\u00e9e d&#8217;art contemporain de Lyon ainsi que celles de collections priv\u00e9es dont la cat\u00e9gorie du \u00ab memento [&hellip;]\" \/>\n<meta property=\"og:url\" content=\"https:\/\/librairie7l.com\/en\/produit\/a-la-vie-a-la-mort-vanites-dhier-et-daujourdhui\/\" \/>\n<meta property=\"og:site_name\" content=\"Librairie 7L\" \/>\n<meta property=\"article:modified_time\" content=\"2026-04-07T00:25:27+00:00\" \/>\n<meta property=\"og:image\" content=\"https:\/\/librairie7l.com\/wp-content\/uploads\/2021\/10\/9782363063113_1_75.jpg\" \/>\n\t<meta property=\"og:image:width\" content=\"400\" \/>\n\t<meta property=\"og:image:height\" content=\"445\" \/>\n\t<meta property=\"og:image:type\" content=\"image\/jpeg\" \/>\n<meta name=\"twitter:card\" content=\"summary_large_image\" \/>\n<meta name=\"twitter:label1\" content=\"Est. reading time\" \/>\n\t<meta name=\"twitter:data1\" content=\"1 minute\" \/>\n<script type=\"application\/ld+json\" class=\"yoast-schema-graph\">{\"@context\":\"https:\/\/schema.org\",\"@graph\":[{\"@type\":\"WebPage\",\"@id\":\"https:\/\/librairie7l.com\/en\/produit\/a-la-vie-a-la-mort-vanites-dhier-et-daujourdhui\/\",\"url\":\"https:\/\/librairie7l.com\/en\/produit\/a-la-vie-a-la-mort-vanites-dhier-et-daujourdhui\/\",\"name\":\"\u00c0 LA VIE, \u00c0 LA MORT ! VANIT\u00c9S D'HIER ET D'AUJOURD'HUI. - Librairie 7L\",\"isPartOf\":{\"@id\":\"https:\/\/librairie7l.com\/en\/#website\"},\"datePublished\":\"2023-05-10T11:18:59+00:00\",\"dateModified\":\"2026-04-07T00:25:27+00:00\",\"breadcrumb\":{\"@id\":\"https:\/\/librairie7l.com\/en\/produit\/a-la-vie-a-la-mort-vanites-dhier-et-daujourdhui\/#breadcrumb\"},\"inLanguage\":\"en-US\",\"potentialAction\":[{\"@type\":\"ReadAction\",\"target\":[\"https:\/\/librairie7l.com\/en\/produit\/a-la-vie-a-la-mort-vanites-dhier-et-daujourdhui\/\"]}]},{\"@type\":\"BreadcrumbList\",\"@id\":\"https:\/\/librairie7l.com\/en\/produit\/a-la-vie-a-la-mort-vanites-dhier-et-daujourdhui\/#breadcrumb\",\"itemListElement\":[{\"@type\":\"ListItem\",\"position\":1,\"name\":\"Accueil\",\"item\":\"https:\/\/librairie7l.com\/en\/\"},{\"@type\":\"ListItem\",\"position\":2,\"name\":\"Shop\",\"item\":\"https:\/\/librairie7l.com\/en\/shop\/\"},{\"@type\":\"ListItem\",\"position\":3,\"name\":\"\u00c0 LA VIE, \u00c0 LA MORT ! VANIT\u00c9S D&#8217;HIER ET D&#8217;AUJOURD&#8217;HUI.\"}]},{\"@type\":\"WebSite\",\"@id\":\"https:\/\/librairie7l.com\/en\/#website\",\"url\":\"https:\/\/librairie7l.com\/en\/\",\"name\":\"Librairie 7L\",\"description\":\"Librairie fond\u00e9e en 1999 par Karl Lagerfeld \u00e0 Paris\",\"publisher\":{\"@id\":\"https:\/\/librairie7l.com\/en\/#organization\"},\"potentialAction\":[{\"@type\":\"SearchAction\",\"target\":{\"@type\":\"EntryPoint\",\"urlTemplate\":\"https:\/\/librairie7l.com\/en\/?s={search_term_string}\"},\"query-input\":\"required name=search_term_string\"}],\"inLanguage\":\"en-US\"},{\"@type\":\"Organization\",\"@id\":\"https:\/\/librairie7l.com\/en\/#organization\",\"name\":\"Librairie 7L\",\"url\":\"https:\/\/librairie7l.com\/en\/\",\"logo\":{\"@type\":\"ImageObject\",\"inLanguage\":\"en-US\",\"@id\":\"https:\/\/librairie7l.com\/en\/#\/schema\/logo\/image\/\",\"url\":\"https:\/\/librairie7l.com\/wp-content\/uploads\/2022\/08\/logo-1.png\",\"contentUrl\":\"https:\/\/librairie7l.com\/wp-content\/uploads\/2022\/08\/logo-1.png\",\"width\":227,\"height\":301,\"caption\":\"Librairie 7L\"},\"image\":{\"@id\":\"https:\/\/librairie7l.com\/en\/#\/schema\/logo\/image\/\"}}]}<\/script>\n<!-- \/ Yoast SEO plugin. -->","yoast_head_json":{"title":"\u00c0 LA VIE, \u00c0 LA MORT ! VANIT\u00c9S D'HIER ET D'AUJOURD'HUI. - Librairie 7L","robots":{"index":"index","follow":"follow","max-snippet":"max-snippet:-1","max-image-preview":"max-image-preview:large","max-video-preview":"max-video-preview:-1"},"canonical":"https:\/\/librairie7l.com\/en\/produit\/a-la-vie-a-la-mort-vanites-dhier-et-daujourdhui\/","og_locale":"en_US","og_type":"article","og_title":"\u00c0 LA VIE, \u00c0 LA MORT ! VANIT\u00c9S D'HIER ET D'AUJOURD'HUI. - Librairie 7L","og_description":"Des oeuvres embl\u00e9matiques du mus\u00e9e des Beaux-Arts de Lyon, telles que les vanit\u00e9s de Simon Renard de Saint-Andr\u00e9 et de Pablo Picasso, c\u00f4toieront, dans cette exposition, des oeuvres in\u00e9dites, issues des r\u00e9serves mais aussi des oeuvres majeures du Mus\u00e9e d&#8217;art contemporain de Lyon ainsi que celles de collections priv\u00e9es dont la cat\u00e9gorie du \u00ab memento [&hellip;]","og_url":"https:\/\/librairie7l.com\/en\/produit\/a-la-vie-a-la-mort-vanites-dhier-et-daujourdhui\/","og_site_name":"Librairie 7L","article_modified_time":"2026-04-07T00:25:27+00:00","og_image":[{"width":400,"height":445,"url":"https:\/\/librairie7l.com\/wp-content\/uploads\/2021\/10\/9782363063113_1_75.jpg","type":"image\/jpeg"}],"twitter_card":"summary_large_image","twitter_misc":{"Est. reading time":"1 minute"},"schema":{"@context":"https:\/\/schema.org","@graph":[{"@type":"WebPage","@id":"https:\/\/librairie7l.com\/en\/produit\/a-la-vie-a-la-mort-vanites-dhier-et-daujourdhui\/","url":"https:\/\/librairie7l.com\/en\/produit\/a-la-vie-a-la-mort-vanites-dhier-et-daujourdhui\/","name":"\u00c0 LA VIE, \u00c0 LA MORT ! VANIT\u00c9S D'HIER ET D'AUJOURD'HUI. - Librairie 7L","isPartOf":{"@id":"https:\/\/librairie7l.com\/en\/#website"},"datePublished":"2023-05-10T11:18:59+00:00","dateModified":"2026-04-07T00:25:27+00:00","breadcrumb":{"@id":"https:\/\/librairie7l.com\/en\/produit\/a-la-vie-a-la-mort-vanites-dhier-et-daujourdhui\/#breadcrumb"},"inLanguage":"en-US","potentialAction":[{"@type":"ReadAction","target":["https:\/\/librairie7l.com\/en\/produit\/a-la-vie-a-la-mort-vanites-dhier-et-daujourdhui\/"]}]},{"@type":"BreadcrumbList","@id":"https:\/\/librairie7l.com\/en\/produit\/a-la-vie-a-la-mort-vanites-dhier-et-daujourdhui\/#breadcrumb","itemListElement":[{"@type":"ListItem","position":1,"name":"Accueil","item":"https:\/\/librairie7l.com\/en\/"},{"@type":"ListItem","position":2,"name":"Shop","item":"https:\/\/librairie7l.com\/en\/shop\/"},{"@type":"ListItem","position":3,"name":"\u00c0 LA VIE, \u00c0 LA MORT ! VANIT\u00c9S D&#8217;HIER ET D&#8217;AUJOURD&#8217;HUI."}]},{"@type":"WebSite","@id":"https:\/\/librairie7l.com\/en\/#website","url":"https:\/\/librairie7l.com\/en\/","name":"Librairie 7L","description":"Librairie fond\u00e9e en 1999 par Karl Lagerfeld \u00e0 Paris","publisher":{"@id":"https:\/\/librairie7l.com\/en\/#organization"},"potentialAction":[{"@type":"SearchAction","target":{"@type":"EntryPoint","urlTemplate":"https:\/\/librairie7l.com\/en\/?s={search_term_string}"},"query-input":"required name=search_term_string"}],"inLanguage":"en-US"},{"@type":"Organization","@id":"https:\/\/librairie7l.com\/en\/#organization","name":"Librairie 7L","url":"https:\/\/librairie7l.com\/en\/","logo":{"@type":"ImageObject","inLanguage":"en-US","@id":"https:\/\/librairie7l.com\/en\/#\/schema\/logo\/image\/","url":"https:\/\/librairie7l.com\/wp-content\/uploads\/2022\/08\/logo-1.png","contentUrl":"https:\/\/librairie7l.com\/wp-content\/uploads\/2022\/08\/logo-1.png","width":227,"height":301,"caption":"Librairie 7L"},"image":{"@id":"https:\/\/librairie7l.com\/en\/#\/schema\/logo\/image\/"}}]}},"_links":{"self":[{"href":"https:\/\/librairie7l.com\/en\/wp-json\/wp\/v2\/product\/27963"}],"collection":[{"href":"https:\/\/librairie7l.com\/en\/wp-json\/wp\/v2\/product"}],"about":[{"href":"https:\/\/librairie7l.com\/en\/wp-json\/wp\/v2\/types\/product"}],"wp:featuredmedia":[{"embeddable":true,"href":"https:\/\/librairie7l.com\/en\/wp-json\/wp\/v2\/media\/27961"}],"wp:attachment":[{"href":"https:\/\/librairie7l.com\/en\/wp-json\/wp\/v2\/media?parent=27963"}],"wp:term":[{"taxonomy":"product_cat","embeddable":true,"href":"https:\/\/librairie7l.com\/en\/wp-json\/wp\/v2\/product_cat?post=27963"},{"taxonomy":"product_tag","embeddable":true,"href":"https:\/\/librairie7l.com\/en\/wp-json\/wp\/v2\/product_tag?post=27963"}],"curies":[{"name":"wp","href":"https:\/\/api.w.org\/{rel}","templated":true}]}}