{"id":27967,"date":"2023-05-10T13:19:02","date_gmt":"2023-05-10T11:19:02","guid":{"rendered":"https:\/\/librairie7l.com\/?post_type=product&#038;p=27967"},"modified":"2026-04-06T15:29:43","modified_gmt":"2026-04-06T13:29:43","slug":"la-fleur-doranger-en-parfumerie","status":"publish","type":"product","link":"https:\/\/librairie7l.com\/en\/produit\/la-fleur-doranger-en-parfumerie\/","title":{"rendered":"LA FLEUR D&#8217;ORANGER EN PARFUMERIE"},"content":{"rendered":"<p>Explorez chaque facette de cette fleur aux mille visages : botanique, histoire, arts, gastronomie, agriculture, chimie, sans oublier parfums et parfumeurs.<br \/>\nCultiv\u00e9e en Tunisie, au Maroc et en \u00c9gypte, la fleur d&#8217;oranger, \u00e0 l&#8217;odeur si caract\u00e9ristique, est une mati\u00e8re d\u00e9licate dont les boutons sont r\u00e9colt\u00e9s un \u00e0 un \u00e0 la main. Transform\u00e9e ensuite en huile essentielle de N\u00e9roli, en absolue ou encore en eau, elle a ce pouvoir de satisfaire aussi bien les p\u00e2tissiers que les parfumeurs gr\u00e2ce \u00e0 ses notes solaires et m\u00e9diterran\u00e9ennes. Son parfum, \u00e0 la fois \u00e9clatant, p\u00e9tillant et vert pour l&#8217;essence, et plus sensuel, chaud et animal pour l&#8217;absolue, \u00e9voque tour \u00e0 tour la f\u00e9minit\u00e9, l&#8217;enfance ou encore la fra\u00eecheur des douces apr\u00e8s-midis d&#8217;\u00e9t\u00e9.<\/p>\n","protected":false},"excerpt":{"rendered":"<p>Explorez chaque facette de cette fleur aux mille visages : botanique, histoire, arts, gastronomie, agriculture, chimie, sans oublier parfums et parfumeurs. Cultiv\u00e9e en Tunisie, au Maroc et en \u00c9gypte, la fleur d&#8217;oranger, \u00e0 l&#8217;odeur si caract\u00e9ristique, est une mati\u00e8re d\u00e9licate dont les boutons sont r\u00e9colt\u00e9s un \u00e0 un \u00e0 la main. Transform\u00e9e ensuite en huile [&hellip;]<\/p>\n","protected":false},"featured_media":27965,"template":"","meta":[],"product_cat":[55,2948,2957,19],"product_tag":[],"acf":[],"yoast_head":"<!-- This site is optimized with the Yoast SEO plugin v20.11 - https:\/\/yoast.com\/wordpress\/plugins\/seo\/ -->\n<title>LA FLEUR D&#039;ORANGER EN PARFUMERIE - Librairie 7L<\/title>\n<meta name=\"robots\" content=\"index, follow, max-snippet:-1, max-image-preview:large, max-video-preview:-1\" \/>\n<link rel=\"canonical\" href=\"https:\/\/librairie7l.com\/en\/produit\/la-fleur-doranger-en-parfumerie\/\" \/>\n<meta property=\"og:locale\" content=\"en_US\" \/>\n<meta property=\"og:type\" content=\"article\" \/>\n<meta property=\"og:title\" content=\"LA FLEUR D&#039;ORANGER EN PARFUMERIE - Librairie 7L\" \/>\n<meta property=\"og:description\" content=\"Explorez chaque facette de cette fleur aux mille visages : botanique, histoire, arts, gastronomie, agriculture, chimie, sans oublier parfums et parfumeurs. Cultiv\u00e9e en Tunisie, au Maroc et en \u00c9gypte, la fleur d&#8217;oranger, \u00e0 l&#8217;odeur si caract\u00e9ristique, est une mati\u00e8re d\u00e9licate dont les boutons sont r\u00e9colt\u00e9s un \u00e0 un \u00e0 la main. Transform\u00e9e ensuite en huile [&hellip;]\" \/>\n<meta property=\"og:url\" content=\"https:\/\/librairie7l.com\/en\/produit\/la-fleur-doranger-en-parfumerie\/\" \/>\n<meta property=\"og:site_name\" content=\"Librairie 7L\" \/>\n<meta property=\"article:modified_time\" content=\"2026-04-06T13:29:43+00:00\" \/>\n<meta property=\"og:image\" content=\"https:\/\/librairie7l.com\/wp-content\/uploads\/2020\/06\/9782491567088_1_75.jpg\" \/>\n\t<meta property=\"og:image:width\" content=\"158\" \/>\n\t<meta property=\"og:image:height\" content=\"227\" \/>\n\t<meta property=\"og:image:type\" content=\"image\/jpeg\" \/>\n<meta name=\"twitter:card\" content=\"summary_large_image\" \/>\n<meta name=\"twitter:label1\" content=\"Est. reading time\" \/>\n\t<meta name=\"twitter:data1\" content=\"1 minute\" \/>\n<script type=\"application\/ld+json\" class=\"yoast-schema-graph\">{\"@context\":\"https:\/\/schema.org\",\"@graph\":[{\"@type\":\"WebPage\",\"@id\":\"https:\/\/librairie7l.com\/en\/produit\/la-fleur-doranger-en-parfumerie\/\",\"url\":\"https:\/\/librairie7l.com\/en\/produit\/la-fleur-doranger-en-parfumerie\/\",\"name\":\"LA FLEUR D'ORANGER EN PARFUMERIE - Librairie 7L\",\"isPartOf\":{\"@id\":\"https:\/\/librairie7l.com\/en\/#website\"},\"datePublished\":\"2023-05-10T11:19:02+00:00\",\"dateModified\":\"2026-04-06T13:29:43+00:00\",\"breadcrumb\":{\"@id\":\"https:\/\/librairie7l.com\/en\/produit\/la-fleur-doranger-en-parfumerie\/#breadcrumb\"},\"inLanguage\":\"en-US\",\"potentialAction\":[{\"@type\":\"ReadAction\",\"target\":[\"https:\/\/librairie7l.com\/en\/produit\/la-fleur-doranger-en-parfumerie\/\"]}]},{\"@type\":\"BreadcrumbList\",\"@id\":\"https:\/\/librairie7l.com\/en\/produit\/la-fleur-doranger-en-parfumerie\/#breadcrumb\",\"itemListElement\":[{\"@type\":\"ListItem\",\"position\":1,\"name\":\"Accueil\",\"item\":\"https:\/\/librairie7l.com\/en\/\"},{\"@type\":\"ListItem\",\"position\":2,\"name\":\"Shop\",\"item\":\"https:\/\/librairie7l.com\/en\/shop\/\"},{\"@type\":\"ListItem\",\"position\":3,\"name\":\"LA FLEUR D&#8217;ORANGER EN PARFUMERIE\"}]},{\"@type\":\"WebSite\",\"@id\":\"https:\/\/librairie7l.com\/en\/#website\",\"url\":\"https:\/\/librairie7l.com\/en\/\",\"name\":\"Librairie 7L\",\"description\":\"Librairie fond\u00e9e en 1999 par Karl Lagerfeld \u00e0 Paris\",\"publisher\":{\"@id\":\"https:\/\/librairie7l.com\/en\/#organization\"},\"potentialAction\":[{\"@type\":\"SearchAction\",\"target\":{\"@type\":\"EntryPoint\",\"urlTemplate\":\"https:\/\/librairie7l.com\/en\/?s={search_term_string}\"},\"query-input\":\"required name=search_term_string\"}],\"inLanguage\":\"en-US\"},{\"@type\":\"Organization\",\"@id\":\"https:\/\/librairie7l.com\/en\/#organization\",\"name\":\"Librairie 7L\",\"url\":\"https:\/\/librairie7l.com\/en\/\",\"logo\":{\"@type\":\"ImageObject\",\"inLanguage\":\"en-US\",\"@id\":\"https:\/\/librairie7l.com\/en\/#\/schema\/logo\/image\/\",\"url\":\"https:\/\/librairie7l.com\/wp-content\/uploads\/2022\/08\/logo-1.png\",\"contentUrl\":\"https:\/\/librairie7l.com\/wp-content\/uploads\/2022\/08\/logo-1.png\",\"width\":227,\"height\":301,\"caption\":\"Librairie 7L\"},\"image\":{\"@id\":\"https:\/\/librairie7l.com\/en\/#\/schema\/logo\/image\/\"}}]}<\/script>\n<!-- \/ Yoast SEO plugin. -->","yoast_head_json":{"title":"LA FLEUR D'ORANGER EN PARFUMERIE - Librairie 7L","robots":{"index":"index","follow":"follow","max-snippet":"max-snippet:-1","max-image-preview":"max-image-preview:large","max-video-preview":"max-video-preview:-1"},"canonical":"https:\/\/librairie7l.com\/en\/produit\/la-fleur-doranger-en-parfumerie\/","og_locale":"en_US","og_type":"article","og_title":"LA FLEUR D'ORANGER EN PARFUMERIE - Librairie 7L","og_description":"Explorez chaque facette de cette fleur aux mille visages : botanique, histoire, arts, gastronomie, agriculture, chimie, sans oublier parfums et parfumeurs. Cultiv\u00e9e en Tunisie, au Maroc et en \u00c9gypte, la fleur d&#8217;oranger, \u00e0 l&#8217;odeur si caract\u00e9ristique, est une mati\u00e8re d\u00e9licate dont les boutons sont r\u00e9colt\u00e9s un \u00e0 un \u00e0 la main. Transform\u00e9e ensuite en huile [&hellip;]","og_url":"https:\/\/librairie7l.com\/en\/produit\/la-fleur-doranger-en-parfumerie\/","og_site_name":"Librairie 7L","article_modified_time":"2026-04-06T13:29:43+00:00","og_image":[{"width":158,"height":227,"url":"https:\/\/librairie7l.com\/wp-content\/uploads\/2020\/06\/9782491567088_1_75.jpg","type":"image\/jpeg"}],"twitter_card":"summary_large_image","twitter_misc":{"Est. reading time":"1 minute"},"schema":{"@context":"https:\/\/schema.org","@graph":[{"@type":"WebPage","@id":"https:\/\/librairie7l.com\/en\/produit\/la-fleur-doranger-en-parfumerie\/","url":"https:\/\/librairie7l.com\/en\/produit\/la-fleur-doranger-en-parfumerie\/","name":"LA FLEUR D'ORANGER EN PARFUMERIE - Librairie 7L","isPartOf":{"@id":"https:\/\/librairie7l.com\/en\/#website"},"datePublished":"2023-05-10T11:19:02+00:00","dateModified":"2026-04-06T13:29:43+00:00","breadcrumb":{"@id":"https:\/\/librairie7l.com\/en\/produit\/la-fleur-doranger-en-parfumerie\/#breadcrumb"},"inLanguage":"en-US","potentialAction":[{"@type":"ReadAction","target":["https:\/\/librairie7l.com\/en\/produit\/la-fleur-doranger-en-parfumerie\/"]}]},{"@type":"BreadcrumbList","@id":"https:\/\/librairie7l.com\/en\/produit\/la-fleur-doranger-en-parfumerie\/#breadcrumb","itemListElement":[{"@type":"ListItem","position":1,"name":"Accueil","item":"https:\/\/librairie7l.com\/en\/"},{"@type":"ListItem","position":2,"name":"Shop","item":"https:\/\/librairie7l.com\/en\/shop\/"},{"@type":"ListItem","position":3,"name":"LA FLEUR D&#8217;ORANGER EN PARFUMERIE"}]},{"@type":"WebSite","@id":"https:\/\/librairie7l.com\/en\/#website","url":"https:\/\/librairie7l.com\/en\/","name":"Librairie 7L","description":"Librairie fond\u00e9e en 1999 par Karl Lagerfeld \u00e0 Paris","publisher":{"@id":"https:\/\/librairie7l.com\/en\/#organization"},"potentialAction":[{"@type":"SearchAction","target":{"@type":"EntryPoint","urlTemplate":"https:\/\/librairie7l.com\/en\/?s={search_term_string}"},"query-input":"required name=search_term_string"}],"inLanguage":"en-US"},{"@type":"Organization","@id":"https:\/\/librairie7l.com\/en\/#organization","name":"Librairie 7L","url":"https:\/\/librairie7l.com\/en\/","logo":{"@type":"ImageObject","inLanguage":"en-US","@id":"https:\/\/librairie7l.com\/en\/#\/schema\/logo\/image\/","url":"https:\/\/librairie7l.com\/wp-content\/uploads\/2022\/08\/logo-1.png","contentUrl":"https:\/\/librairie7l.com\/wp-content\/uploads\/2022\/08\/logo-1.png","width":227,"height":301,"caption":"Librairie 7L"},"image":{"@id":"https:\/\/librairie7l.com\/en\/#\/schema\/logo\/image\/"}}]}},"_links":{"self":[{"href":"https:\/\/librairie7l.com\/en\/wp-json\/wp\/v2\/product\/27967"}],"collection":[{"href":"https:\/\/librairie7l.com\/en\/wp-json\/wp\/v2\/product"}],"about":[{"href":"https:\/\/librairie7l.com\/en\/wp-json\/wp\/v2\/types\/product"}],"wp:featuredmedia":[{"embeddable":true,"href":"https:\/\/librairie7l.com\/en\/wp-json\/wp\/v2\/media\/27965"}],"wp:attachment":[{"href":"https:\/\/librairie7l.com\/en\/wp-json\/wp\/v2\/media?parent=27967"}],"wp:term":[{"taxonomy":"product_cat","embeddable":true,"href":"https:\/\/librairie7l.com\/en\/wp-json\/wp\/v2\/product_cat?post=27967"},{"taxonomy":"product_tag","embeddable":true,"href":"https:\/\/librairie7l.com\/en\/wp-json\/wp\/v2\/product_tag?post=27967"}],"curies":[{"name":"wp","href":"https:\/\/api.w.org\/{rel}","templated":true}]}}