{"id":27975,"date":"2023-05-10T13:19:12","date_gmt":"2023-05-10T11:19:12","guid":{"rendered":"https:\/\/librairie7l.com\/?post_type=product&#038;p=27975"},"modified":"2026-04-30T00:27:42","modified_gmt":"2026-04-29T22:27:42","slug":"la-dentelle-dans-lart-contemporain","status":"publish","type":"product","link":"https:\/\/librairie7l.com\/en\/produit\/la-dentelle-dans-lart-contemporain\/","title":{"rendered":"LA DENTELLE DANS L&#8217;ART CONTEMPORAIN"},"content":{"rendered":"<p>La dentelle dans l&#8217;art contemporain r\u00e9unit une trentaine d&#8217;artistes contemporains internationaux utilisant les techniques dentelli\u00e8res comme m\u00e9dium.<br \/>\nAvec les fuseaux ou l&#8217;aiguille, ces artistes dentelli\u00e8res et dentelliers bousculent les codes de la dentelle traditionnelle et en d\u00e9voilent tout son potentiel cr\u00e9atif.<br \/>\nChaque entretien est une immersion passionnante dans leur univers et leur rapport \u00e0 ce savoir-faire s\u00e9culaire.\u00c9LODIE ANTOINE, JANE ATKINSON, DANIELA BANATOVA, ARMEL BARRAUD, ANNIE BASCOUL, MARIE-TH\u00c9R\u00c8SE BONNIOL, LYDIE CHAMARET, PIERRE FOUCH\u00c9, H\u00c9L\u00c8NE DE GOTTAL, FIONA HARRINGTON, MAGGIE HENSEL-BROWN, GENEVI\u00c8VE KESTELOOT, KIM LIEBERMAN, V\u00c9RONIQUE LOUPPE, MACLEJAN, FRAN\u00c7OISE MICOUD, DORIE MILLERSON, MARIAN NU\u00d1EZ, BISTRA PISANCHEVA, V\u00c9RONIQUE POROT, GENEVI\u00c8VE QUI\u00c9VREUX, LOU ROY, MARJOLAINE SALVADOR-MOREL, LIEVE SMETS, LAURAN SUNDIN, TARMO THORSTR\u00d6M, NICOLE VALSESIA-LAIR, DENISE WATTS.<\/p>\n","protected":false},"excerpt":{"rendered":"<p>La dentelle dans l&#8217;art contemporain r\u00e9unit une trentaine d&#8217;artistes contemporains internationaux utilisant les techniques dentelli\u00e8res comme m\u00e9dium. Avec les fuseaux ou l&#8217;aiguille, ces artistes dentelli\u00e8res et dentelliers bousculent les codes de la dentelle traditionnelle et en d\u00e9voilent tout son potentiel cr\u00e9atif. Chaque entretien est une immersion passionnante dans leur univers et leur rapport \u00e0 ce [&hellip;]<\/p>\n","protected":false},"featured_media":27973,"template":"","meta":[],"product_cat":[55,2948,47,2953],"product_tag":[],"acf":[],"yoast_head":"<!-- This site is optimized with the Yoast SEO plugin v20.11 - https:\/\/yoast.com\/wordpress\/plugins\/seo\/ -->\n<title>LA DENTELLE DANS L&#039;ART CONTEMPORAIN - Librairie 7L<\/title>\n<meta name=\"robots\" content=\"index, follow, max-snippet:-1, max-image-preview:large, max-video-preview:-1\" \/>\n<link rel=\"canonical\" href=\"https:\/\/librairie7l.com\/en\/produit\/la-dentelle-dans-lart-contemporain\/\" \/>\n<meta property=\"og:locale\" content=\"en_US\" \/>\n<meta property=\"og:type\" content=\"article\" \/>\n<meta property=\"og:title\" content=\"LA DENTELLE DANS L&#039;ART CONTEMPORAIN - Librairie 7L\" \/>\n<meta property=\"og:description\" content=\"La dentelle dans l&#8217;art contemporain r\u00e9unit une trentaine d&#8217;artistes contemporains internationaux utilisant les techniques dentelli\u00e8res comme m\u00e9dium. Avec les fuseaux ou l&#8217;aiguille, ces artistes dentelli\u00e8res et dentelliers bousculent les codes de la dentelle traditionnelle et en d\u00e9voilent tout son potentiel cr\u00e9atif. Chaque entretien est une immersion passionnante dans leur univers et leur rapport \u00e0 ce [&hellip;]\" \/>\n<meta property=\"og:url\" content=\"https:\/\/librairie7l.com\/en\/produit\/la-dentelle-dans-lart-contemporain\/\" \/>\n<meta property=\"og:site_name\" content=\"Librairie 7L\" \/>\n<meta property=\"article:modified_time\" content=\"2026-04-29T22:27:42+00:00\" \/>\n<meta property=\"og:image\" content=\"https:\/\/librairie7l.com\/wp-content\/uploads\/2021\/06\/9782378170370_1_75.jpg\" \/>\n\t<meta property=\"og:image:width\" content=\"600\" \/>\n\t<meta property=\"og:image:height\" content=\"660\" \/>\n\t<meta property=\"og:image:type\" content=\"image\/jpeg\" \/>\n<meta name=\"twitter:card\" content=\"summary_large_image\" \/>\n<meta name=\"twitter:label1\" content=\"Est. reading time\" \/>\n\t<meta name=\"twitter:data1\" content=\"1 minute\" \/>\n<script type=\"application\/ld+json\" class=\"yoast-schema-graph\">{\"@context\":\"https:\/\/schema.org\",\"@graph\":[{\"@type\":\"WebPage\",\"@id\":\"https:\/\/librairie7l.com\/en\/produit\/la-dentelle-dans-lart-contemporain\/\",\"url\":\"https:\/\/librairie7l.com\/en\/produit\/la-dentelle-dans-lart-contemporain\/\",\"name\":\"LA DENTELLE DANS L'ART CONTEMPORAIN - Librairie 7L\",\"isPartOf\":{\"@id\":\"https:\/\/librairie7l.com\/en\/#website\"},\"datePublished\":\"2023-05-10T11:19:12+00:00\",\"dateModified\":\"2026-04-29T22:27:42+00:00\",\"breadcrumb\":{\"@id\":\"https:\/\/librairie7l.com\/en\/produit\/la-dentelle-dans-lart-contemporain\/#breadcrumb\"},\"inLanguage\":\"en-US\",\"potentialAction\":[{\"@type\":\"ReadAction\",\"target\":[\"https:\/\/librairie7l.com\/en\/produit\/la-dentelle-dans-lart-contemporain\/\"]}]},{\"@type\":\"BreadcrumbList\",\"@id\":\"https:\/\/librairie7l.com\/en\/produit\/la-dentelle-dans-lart-contemporain\/#breadcrumb\",\"itemListElement\":[{\"@type\":\"ListItem\",\"position\":1,\"name\":\"Accueil\",\"item\":\"https:\/\/librairie7l.com\/en\/\"},{\"@type\":\"ListItem\",\"position\":2,\"name\":\"Shop\",\"item\":\"https:\/\/librairie7l.com\/en\/shop\/\"},{\"@type\":\"ListItem\",\"position\":3,\"name\":\"LA DENTELLE DANS L&#8217;ART CONTEMPORAIN\"}]},{\"@type\":\"WebSite\",\"@id\":\"https:\/\/librairie7l.com\/en\/#website\",\"url\":\"https:\/\/librairie7l.com\/en\/\",\"name\":\"Librairie 7L\",\"description\":\"Librairie fond\u00e9e en 1999 par Karl Lagerfeld \u00e0 Paris\",\"publisher\":{\"@id\":\"https:\/\/librairie7l.com\/en\/#organization\"},\"potentialAction\":[{\"@type\":\"SearchAction\",\"target\":{\"@type\":\"EntryPoint\",\"urlTemplate\":\"https:\/\/librairie7l.com\/en\/?s={search_term_string}\"},\"query-input\":\"required name=search_term_string\"}],\"inLanguage\":\"en-US\"},{\"@type\":\"Organization\",\"@id\":\"https:\/\/librairie7l.com\/en\/#organization\",\"name\":\"Librairie 7L\",\"url\":\"https:\/\/librairie7l.com\/en\/\",\"logo\":{\"@type\":\"ImageObject\",\"inLanguage\":\"en-US\",\"@id\":\"https:\/\/librairie7l.com\/en\/#\/schema\/logo\/image\/\",\"url\":\"https:\/\/librairie7l.com\/wp-content\/uploads\/2022\/08\/logo-1.png\",\"contentUrl\":\"https:\/\/librairie7l.com\/wp-content\/uploads\/2022\/08\/logo-1.png\",\"width\":227,\"height\":301,\"caption\":\"Librairie 7L\"},\"image\":{\"@id\":\"https:\/\/librairie7l.com\/en\/#\/schema\/logo\/image\/\"}}]}<\/script>\n<!-- \/ Yoast SEO plugin. -->","yoast_head_json":{"title":"LA DENTELLE DANS L'ART CONTEMPORAIN - Librairie 7L","robots":{"index":"index","follow":"follow","max-snippet":"max-snippet:-1","max-image-preview":"max-image-preview:large","max-video-preview":"max-video-preview:-1"},"canonical":"https:\/\/librairie7l.com\/en\/produit\/la-dentelle-dans-lart-contemporain\/","og_locale":"en_US","og_type":"article","og_title":"LA DENTELLE DANS L'ART CONTEMPORAIN - Librairie 7L","og_description":"La dentelle dans l&#8217;art contemporain r\u00e9unit une trentaine d&#8217;artistes contemporains internationaux utilisant les techniques dentelli\u00e8res comme m\u00e9dium. Avec les fuseaux ou l&#8217;aiguille, ces artistes dentelli\u00e8res et dentelliers bousculent les codes de la dentelle traditionnelle et en d\u00e9voilent tout son potentiel cr\u00e9atif. Chaque entretien est une immersion passionnante dans leur univers et leur rapport \u00e0 ce [&hellip;]","og_url":"https:\/\/librairie7l.com\/en\/produit\/la-dentelle-dans-lart-contemporain\/","og_site_name":"Librairie 7L","article_modified_time":"2026-04-29T22:27:42+00:00","og_image":[{"width":600,"height":660,"url":"https:\/\/librairie7l.com\/wp-content\/uploads\/2021\/06\/9782378170370_1_75.jpg","type":"image\/jpeg"}],"twitter_card":"summary_large_image","twitter_misc":{"Est. reading time":"1 minute"},"schema":{"@context":"https:\/\/schema.org","@graph":[{"@type":"WebPage","@id":"https:\/\/librairie7l.com\/en\/produit\/la-dentelle-dans-lart-contemporain\/","url":"https:\/\/librairie7l.com\/en\/produit\/la-dentelle-dans-lart-contemporain\/","name":"LA DENTELLE DANS L'ART CONTEMPORAIN - Librairie 7L","isPartOf":{"@id":"https:\/\/librairie7l.com\/en\/#website"},"datePublished":"2023-05-10T11:19:12+00:00","dateModified":"2026-04-29T22:27:42+00:00","breadcrumb":{"@id":"https:\/\/librairie7l.com\/en\/produit\/la-dentelle-dans-lart-contemporain\/#breadcrumb"},"inLanguage":"en-US","potentialAction":[{"@type":"ReadAction","target":["https:\/\/librairie7l.com\/en\/produit\/la-dentelle-dans-lart-contemporain\/"]}]},{"@type":"BreadcrumbList","@id":"https:\/\/librairie7l.com\/en\/produit\/la-dentelle-dans-lart-contemporain\/#breadcrumb","itemListElement":[{"@type":"ListItem","position":1,"name":"Accueil","item":"https:\/\/librairie7l.com\/en\/"},{"@type":"ListItem","position":2,"name":"Shop","item":"https:\/\/librairie7l.com\/en\/shop\/"},{"@type":"ListItem","position":3,"name":"LA DENTELLE DANS L&#8217;ART CONTEMPORAIN"}]},{"@type":"WebSite","@id":"https:\/\/librairie7l.com\/en\/#website","url":"https:\/\/librairie7l.com\/en\/","name":"Librairie 7L","description":"Librairie fond\u00e9e en 1999 par Karl Lagerfeld \u00e0 Paris","publisher":{"@id":"https:\/\/librairie7l.com\/en\/#organization"},"potentialAction":[{"@type":"SearchAction","target":{"@type":"EntryPoint","urlTemplate":"https:\/\/librairie7l.com\/en\/?s={search_term_string}"},"query-input":"required name=search_term_string"}],"inLanguage":"en-US"},{"@type":"Organization","@id":"https:\/\/librairie7l.com\/en\/#organization","name":"Librairie 7L","url":"https:\/\/librairie7l.com\/en\/","logo":{"@type":"ImageObject","inLanguage":"en-US","@id":"https:\/\/librairie7l.com\/en\/#\/schema\/logo\/image\/","url":"https:\/\/librairie7l.com\/wp-content\/uploads\/2022\/08\/logo-1.png","contentUrl":"https:\/\/librairie7l.com\/wp-content\/uploads\/2022\/08\/logo-1.png","width":227,"height":301,"caption":"Librairie 7L"},"image":{"@id":"https:\/\/librairie7l.com\/en\/#\/schema\/logo\/image\/"}}]}},"_links":{"self":[{"href":"https:\/\/librairie7l.com\/en\/wp-json\/wp\/v2\/product\/27975"}],"collection":[{"href":"https:\/\/librairie7l.com\/en\/wp-json\/wp\/v2\/product"}],"about":[{"href":"https:\/\/librairie7l.com\/en\/wp-json\/wp\/v2\/types\/product"}],"wp:featuredmedia":[{"embeddable":true,"href":"https:\/\/librairie7l.com\/en\/wp-json\/wp\/v2\/media\/27973"}],"wp:attachment":[{"href":"https:\/\/librairie7l.com\/en\/wp-json\/wp\/v2\/media?parent=27975"}],"wp:term":[{"taxonomy":"product_cat","embeddable":true,"href":"https:\/\/librairie7l.com\/en\/wp-json\/wp\/v2\/product_cat?post=27975"},{"taxonomy":"product_tag","embeddable":true,"href":"https:\/\/librairie7l.com\/en\/wp-json\/wp\/v2\/product_tag?post=27975"}],"curies":[{"name":"wp","href":"https:\/\/api.w.org\/{rel}","templated":true}]}}