{"id":28009,"date":"2023-05-10T13:20:18","date_gmt":"2023-05-10T11:20:18","guid":{"rendered":"https:\/\/librairie7l.com\/?post_type=product&#038;p=28009"},"modified":"2026-04-07T04:14:07","modified_gmt":"2026-04-07T02:14:07","slug":"la-main-tunisienne-le-geste-en-heritage","status":"publish","type":"product","link":"https:\/\/librairie7l.com\/en\/produit\/la-main-tunisienne-le-geste-en-heritage\/","title":{"rendered":"LA MAIN TUNISIENNE : LE GESTE EN H\u00c9RITAGE"},"content":{"rendered":"<p>LA MAIN TUNISIENNE. LE GESTE EN H\u00c9RITAGE PROPOSE UN VOYAGE EN TUNISIE SUR LE TH\u00c8ME DE L&#8217;ARTISANAT. L&#8217;OUVRAGE SE CONCENTRE SUR DIVERS ATELIERS ORGANIS\u00c9S DANS LE CADRE DU PROJET MEN\u00c9 PAR LA FONDATION RAMBOURG DEPUIS 2018, AUTOUR DES ACTIVIT\u00c9S TELLES QUE LA MODE, LA SPARTERIE, LA C\u00c9RAMIQUE, LA DINANDERIE, LA VERRERIE OU LA MOSA\u00cfQUE.<\/p>\n<p>Le livre d\u00e9voile des photographies des pi\u00e8ces fabriqu\u00e9es lors de ces ateliers et rassemble les t\u00e9moignages des participants. Faisant dialoguer des objets contemporains avec des pi\u00e8ces plus anciennes, l&#8217;ouvrage donne \u00e0 comprendre comment le savoir-faire classique se m\u00eale au design dans la production artisanale actuelle. Les objets issus des ateliers sont \u00e0 la fois innovants et gardent un lien fort avec l&#8217;identit\u00e9 culturelle nationale. <\/p>\n<p>L&#8217;ouvrage met en lumi\u00e8re non seulement des cr\u00e9ateurs contemporains, tunisiens et \u00e9trangers, mais aussi des figures embl\u00e9matiques de l&#8217;artisanat tunisien \u00e0 travers des hommages qui leur sont consacr\u00e9s. Il aborde des th\u00e8mes tels que le dialogue avec la mati\u00e8re, l&#8217;analyse du langage propre de l&#8217;artisanat, le respect des valeurs \u00e9thiques, ou la compr\u00e9hension du territoire, en proposant une lecture approfondie de l&#8217;artisanat tunisien d&#8217;hier et d&#8217;aujourd&#8217;hui.<\/p>\n","protected":false},"excerpt":{"rendered":"<p>LA MAIN TUNISIENNE. LE GESTE EN H\u00c9RITAGE PROPOSE UN VOYAGE EN TUNISIE SUR LE TH\u00c8ME DE L&#8217;ARTISANAT. L&#8217;OUVRAGE SE CONCENTRE SUR DIVERS ATELIERS ORGANIS\u00c9S DANS LE CADRE DU PROJET MEN\u00c9 PAR LA FONDATION RAMBOURG DEPUIS 2018, AUTOUR DES ACTIVIT\u00c9S TELLES QUE LA MODE, LA SPARTERIE, LA C\u00c9RAMIQUE, LA DINANDERIE, LA VERRERIE OU LA MOSA\u00cfQUE. Le [&hellip;]<\/p>\n","protected":false},"featured_media":28007,"template":"","meta":[],"product_cat":[55,2948,18,2952],"product_tag":[],"acf":[],"yoast_head":"<!-- This site is optimized with the Yoast SEO plugin v20.11 - https:\/\/yoast.com\/wordpress\/plugins\/seo\/ -->\n<title>LA MAIN TUNISIENNE : LE GESTE EN H\u00c9RITAGE - Librairie 7L<\/title>\n<meta name=\"robots\" content=\"index, follow, max-snippet:-1, max-image-preview:large, max-video-preview:-1\" \/>\n<link rel=\"canonical\" href=\"https:\/\/librairie7l.com\/en\/produit\/la-main-tunisienne-le-geste-en-heritage\/\" \/>\n<meta property=\"og:locale\" content=\"en_US\" \/>\n<meta property=\"og:type\" content=\"article\" \/>\n<meta property=\"og:title\" content=\"LA MAIN TUNISIENNE : LE GESTE EN H\u00c9RITAGE - Librairie 7L\" \/>\n<meta property=\"og:description\" content=\"LA MAIN TUNISIENNE. LE GESTE EN H\u00c9RITAGE PROPOSE UN VOYAGE EN TUNISIE SUR LE TH\u00c8ME DE L&#8217;ARTISANAT. L&#8217;OUVRAGE SE CONCENTRE SUR DIVERS ATELIERS ORGANIS\u00c9S DANS LE CADRE DU PROJET MEN\u00c9 PAR LA FONDATION RAMBOURG DEPUIS 2018, AUTOUR DES ACTIVIT\u00c9S TELLES QUE LA MODE, LA SPARTERIE, LA C\u00c9RAMIQUE, LA DINANDERIE, LA VERRERIE OU LA MOSA\u00cfQUE. Le [&hellip;]\" \/>\n<meta property=\"og:url\" content=\"https:\/\/librairie7l.com\/en\/produit\/la-main-tunisienne-le-geste-en-heritage\/\" \/>\n<meta property=\"og:site_name\" content=\"Librairie 7L\" \/>\n<meta property=\"article:modified_time\" content=\"2026-04-07T02:14:07+00:00\" \/>\n<meta property=\"og:image\" content=\"https:\/\/librairie7l.com\/wp-content\/uploads\/2021\/11\/9782370741769_1_75.jpg\" \/>\n\t<meta property=\"og:image:width\" content=\"600\" \/>\n\t<meta property=\"og:image:height\" content=\"790\" \/>\n\t<meta property=\"og:image:type\" content=\"image\/jpeg\" \/>\n<meta name=\"twitter:card\" content=\"summary_large_image\" \/>\n<meta name=\"twitter:label1\" content=\"Est. reading time\" \/>\n\t<meta name=\"twitter:data1\" content=\"1 minute\" \/>\n<script type=\"application\/ld+json\" class=\"yoast-schema-graph\">{\"@context\":\"https:\/\/schema.org\",\"@graph\":[{\"@type\":\"WebPage\",\"@id\":\"https:\/\/librairie7l.com\/en\/produit\/la-main-tunisienne-le-geste-en-heritage\/\",\"url\":\"https:\/\/librairie7l.com\/en\/produit\/la-main-tunisienne-le-geste-en-heritage\/\",\"name\":\"LA MAIN TUNISIENNE : LE GESTE EN H\u00c9RITAGE - Librairie 7L\",\"isPartOf\":{\"@id\":\"https:\/\/librairie7l.com\/en\/#website\"},\"datePublished\":\"2023-05-10T11:20:18+00:00\",\"dateModified\":\"2026-04-07T02:14:07+00:00\",\"breadcrumb\":{\"@id\":\"https:\/\/librairie7l.com\/en\/produit\/la-main-tunisienne-le-geste-en-heritage\/#breadcrumb\"},\"inLanguage\":\"en-US\",\"potentialAction\":[{\"@type\":\"ReadAction\",\"target\":[\"https:\/\/librairie7l.com\/en\/produit\/la-main-tunisienne-le-geste-en-heritage\/\"]}]},{\"@type\":\"BreadcrumbList\",\"@id\":\"https:\/\/librairie7l.com\/en\/produit\/la-main-tunisienne-le-geste-en-heritage\/#breadcrumb\",\"itemListElement\":[{\"@type\":\"ListItem\",\"position\":1,\"name\":\"Accueil\",\"item\":\"https:\/\/librairie7l.com\/en\/\"},{\"@type\":\"ListItem\",\"position\":2,\"name\":\"Shop\",\"item\":\"https:\/\/librairie7l.com\/en\/shop\/\"},{\"@type\":\"ListItem\",\"position\":3,\"name\":\"LA MAIN TUNISIENNE : LE GESTE EN H\u00c9RITAGE\"}]},{\"@type\":\"WebSite\",\"@id\":\"https:\/\/librairie7l.com\/en\/#website\",\"url\":\"https:\/\/librairie7l.com\/en\/\",\"name\":\"Librairie 7L\",\"description\":\"Librairie fond\u00e9e en 1999 par Karl Lagerfeld \u00e0 Paris\",\"publisher\":{\"@id\":\"https:\/\/librairie7l.com\/en\/#organization\"},\"potentialAction\":[{\"@type\":\"SearchAction\",\"target\":{\"@type\":\"EntryPoint\",\"urlTemplate\":\"https:\/\/librairie7l.com\/en\/?s={search_term_string}\"},\"query-input\":\"required name=search_term_string\"}],\"inLanguage\":\"en-US\"},{\"@type\":\"Organization\",\"@id\":\"https:\/\/librairie7l.com\/en\/#organization\",\"name\":\"Librairie 7L\",\"url\":\"https:\/\/librairie7l.com\/en\/\",\"logo\":{\"@type\":\"ImageObject\",\"inLanguage\":\"en-US\",\"@id\":\"https:\/\/librairie7l.com\/en\/#\/schema\/logo\/image\/\",\"url\":\"https:\/\/librairie7l.com\/wp-content\/uploads\/2022\/08\/logo-1.png\",\"contentUrl\":\"https:\/\/librairie7l.com\/wp-content\/uploads\/2022\/08\/logo-1.png\",\"width\":227,\"height\":301,\"caption\":\"Librairie 7L\"},\"image\":{\"@id\":\"https:\/\/librairie7l.com\/en\/#\/schema\/logo\/image\/\"}}]}<\/script>\n<!-- \/ Yoast SEO plugin. -->","yoast_head_json":{"title":"LA MAIN TUNISIENNE : LE GESTE EN H\u00c9RITAGE - Librairie 7L","robots":{"index":"index","follow":"follow","max-snippet":"max-snippet:-1","max-image-preview":"max-image-preview:large","max-video-preview":"max-video-preview:-1"},"canonical":"https:\/\/librairie7l.com\/en\/produit\/la-main-tunisienne-le-geste-en-heritage\/","og_locale":"en_US","og_type":"article","og_title":"LA MAIN TUNISIENNE : LE GESTE EN H\u00c9RITAGE - Librairie 7L","og_description":"LA MAIN TUNISIENNE. LE GESTE EN H\u00c9RITAGE PROPOSE UN VOYAGE EN TUNISIE SUR LE TH\u00c8ME DE L&#8217;ARTISANAT. L&#8217;OUVRAGE SE CONCENTRE SUR DIVERS ATELIERS ORGANIS\u00c9S DANS LE CADRE DU PROJET MEN\u00c9 PAR LA FONDATION RAMBOURG DEPUIS 2018, AUTOUR DES ACTIVIT\u00c9S TELLES QUE LA MODE, LA SPARTERIE, LA C\u00c9RAMIQUE, LA DINANDERIE, LA VERRERIE OU LA MOSA\u00cfQUE. Le [&hellip;]","og_url":"https:\/\/librairie7l.com\/en\/produit\/la-main-tunisienne-le-geste-en-heritage\/","og_site_name":"Librairie 7L","article_modified_time":"2026-04-07T02:14:07+00:00","og_image":[{"width":600,"height":790,"url":"https:\/\/librairie7l.com\/wp-content\/uploads\/2021\/11\/9782370741769_1_75.jpg","type":"image\/jpeg"}],"twitter_card":"summary_large_image","twitter_misc":{"Est. reading time":"1 minute"},"schema":{"@context":"https:\/\/schema.org","@graph":[{"@type":"WebPage","@id":"https:\/\/librairie7l.com\/en\/produit\/la-main-tunisienne-le-geste-en-heritage\/","url":"https:\/\/librairie7l.com\/en\/produit\/la-main-tunisienne-le-geste-en-heritage\/","name":"LA MAIN TUNISIENNE : LE GESTE EN H\u00c9RITAGE - Librairie 7L","isPartOf":{"@id":"https:\/\/librairie7l.com\/en\/#website"},"datePublished":"2023-05-10T11:20:18+00:00","dateModified":"2026-04-07T02:14:07+00:00","breadcrumb":{"@id":"https:\/\/librairie7l.com\/en\/produit\/la-main-tunisienne-le-geste-en-heritage\/#breadcrumb"},"inLanguage":"en-US","potentialAction":[{"@type":"ReadAction","target":["https:\/\/librairie7l.com\/en\/produit\/la-main-tunisienne-le-geste-en-heritage\/"]}]},{"@type":"BreadcrumbList","@id":"https:\/\/librairie7l.com\/en\/produit\/la-main-tunisienne-le-geste-en-heritage\/#breadcrumb","itemListElement":[{"@type":"ListItem","position":1,"name":"Accueil","item":"https:\/\/librairie7l.com\/en\/"},{"@type":"ListItem","position":2,"name":"Shop","item":"https:\/\/librairie7l.com\/en\/shop\/"},{"@type":"ListItem","position":3,"name":"LA MAIN TUNISIENNE : LE GESTE EN H\u00c9RITAGE"}]},{"@type":"WebSite","@id":"https:\/\/librairie7l.com\/en\/#website","url":"https:\/\/librairie7l.com\/en\/","name":"Librairie 7L","description":"Librairie fond\u00e9e en 1999 par Karl Lagerfeld \u00e0 Paris","publisher":{"@id":"https:\/\/librairie7l.com\/en\/#organization"},"potentialAction":[{"@type":"SearchAction","target":{"@type":"EntryPoint","urlTemplate":"https:\/\/librairie7l.com\/en\/?s={search_term_string}"},"query-input":"required name=search_term_string"}],"inLanguage":"en-US"},{"@type":"Organization","@id":"https:\/\/librairie7l.com\/en\/#organization","name":"Librairie 7L","url":"https:\/\/librairie7l.com\/en\/","logo":{"@type":"ImageObject","inLanguage":"en-US","@id":"https:\/\/librairie7l.com\/en\/#\/schema\/logo\/image\/","url":"https:\/\/librairie7l.com\/wp-content\/uploads\/2022\/08\/logo-1.png","contentUrl":"https:\/\/librairie7l.com\/wp-content\/uploads\/2022\/08\/logo-1.png","width":227,"height":301,"caption":"Librairie 7L"},"image":{"@id":"https:\/\/librairie7l.com\/en\/#\/schema\/logo\/image\/"}}]}},"_links":{"self":[{"href":"https:\/\/librairie7l.com\/en\/wp-json\/wp\/v2\/product\/28009"}],"collection":[{"href":"https:\/\/librairie7l.com\/en\/wp-json\/wp\/v2\/product"}],"about":[{"href":"https:\/\/librairie7l.com\/en\/wp-json\/wp\/v2\/types\/product"}],"wp:featuredmedia":[{"embeddable":true,"href":"https:\/\/librairie7l.com\/en\/wp-json\/wp\/v2\/media\/28007"}],"wp:attachment":[{"href":"https:\/\/librairie7l.com\/en\/wp-json\/wp\/v2\/media?parent=28009"}],"wp:term":[{"taxonomy":"product_cat","embeddable":true,"href":"https:\/\/librairie7l.com\/en\/wp-json\/wp\/v2\/product_cat?post=28009"},{"taxonomy":"product_tag","embeddable":true,"href":"https:\/\/librairie7l.com\/en\/wp-json\/wp\/v2\/product_tag?post=28009"}],"curies":[{"name":"wp","href":"https:\/\/api.w.org\/{rel}","templated":true}]}}