{"id":28013,"date":"2023-05-10T13:20:26","date_gmt":"2023-05-10T11:20:26","guid":{"rendered":"https:\/\/librairie7l.com\/?post_type=product&#038;p=28013"},"modified":"2026-04-06T11:07:08","modified_gmt":"2026-04-06T09:07:08","slug":"jacques-de-bascher-dandy-de-lombre","status":"publish","type":"product","link":"https:\/\/librairie7l.com\/en\/produit\/jacques-de-bascher-dandy-de-lombre\/","title":{"rendered":"JACQUES DE BASCHER ; DANDY DE L&#8217;OMBRE"},"content":{"rendered":"<p>\u00ab Chaque jour, Jacques de Bascher d\u00e9jeune aux Deux Magots ou chez Lipp, toujours \u00e0 la m\u00eame table. Il retrouve dans ce minuscule triangle germanopratin l&#8217;ensemble de la faune qu&#8217;il recroisera le soir venu. Ses journ\u00e9es suivent un rituel immuable. Lorsqu&#8217;il rentre chez lui apr\u00e8s le d\u00e9jeuner, il fait une sieste puis se rend chez Carita, o\u00f9 Monsieur Guy, coiffeur de feu G\u00e9rard Philipe, se charge de sa nuque. Quand il ne prend pas soin de son apparence, il va au cin\u00e9ma, fait du shopping, prend le th\u00e9 chez une comtesse ou re\u00e7oit un amant. Vers dix-sept heures, il repart vers l&#8217;Od\u00e9on et s&#8217;installe au Dauphin, rue de Buci. Il y joue au flipper et y ach\u00e8te les substances n\u00e9cessaires \u00e0 la prochaine nuit. Puis il se rend chez Karl Lagerfeld avant de rentrer se pr\u00e9parer pour sa soir\u00e9e et de filer vers le Flore, l&#8217;antichambre de la nuit, \u00e0 quatre minutes de chez lui. \u00bb L&#8217;allure d&#8217;aristocrate, le go\u00fbt tr\u00e8s s\u00fbr et la beaut\u00e9 viscontienne de Jacques de Bascher feront de lui la muse de Karl Lagerfeld et l&#8217;amant terrible d&#8217;Yves Saint Laurent. Ce livre, fruit d&#8217;une enqu\u00eate aupr\u00e8s de ceux qui l&#8217;ont c\u00f4toy\u00e9, admir\u00e9 ou mal aim\u00e9, est une plong\u00e9e dans les ann\u00e9es 1970 et 1980, ces ann\u00e9es folles qui consum\u00e8rent Paris et ses troupes, et dont il fut l&#8217;une des figures les plus singuli\u00e8res.<\/p>\n","protected":false},"excerpt":{"rendered":"<p>\u00ab Chaque jour, Jacques de Bascher d\u00e9jeune aux Deux Magots ou chez Lipp, toujours \u00e0 la m\u00eame table. Il retrouve dans ce minuscule triangle germanopratin l&#8217;ensemble de la faune qu&#8217;il recroisera le soir venu. Ses journ\u00e9es suivent un rituel immuable. Lorsqu&#8217;il rentre chez lui apr\u00e8s le d\u00e9jeuner, il fait une sieste puis se rend chez [&hellip;]<\/p>\n","protected":false},"featured_media":32179,"template":"","meta":[],"product_cat":[55,2948,2957,19],"product_tag":[],"acf":[],"yoast_head":"<!-- This site is optimized with the Yoast SEO plugin v20.11 - https:\/\/yoast.com\/wordpress\/plugins\/seo\/ -->\n<title>JACQUES DE BASCHER ; DANDY DE L&#039;OMBRE - Librairie 7L<\/title>\n<meta name=\"robots\" content=\"index, follow, max-snippet:-1, max-image-preview:large, max-video-preview:-1\" \/>\n<link rel=\"canonical\" href=\"https:\/\/librairie7l.com\/en\/produit\/jacques-de-bascher-dandy-de-lombre\/\" \/>\n<meta property=\"og:locale\" content=\"en_US\" \/>\n<meta property=\"og:type\" content=\"article\" \/>\n<meta property=\"og:title\" content=\"JACQUES DE BASCHER ; DANDY DE L&#039;OMBRE - Librairie 7L\" \/>\n<meta property=\"og:description\" content=\"\u00ab Chaque jour, Jacques de Bascher d\u00e9jeune aux Deux Magots ou chez Lipp, toujours \u00e0 la m\u00eame table. Il retrouve dans ce minuscule triangle germanopratin l&#8217;ensemble de la faune qu&#8217;il recroisera le soir venu. Ses journ\u00e9es suivent un rituel immuable. Lorsqu&#8217;il rentre chez lui apr\u00e8s le d\u00e9jeuner, il fait une sieste puis se rend chez [&hellip;]\" \/>\n<meta property=\"og:url\" content=\"https:\/\/librairie7l.com\/en\/produit\/jacques-de-bascher-dandy-de-lombre\/\" \/>\n<meta property=\"og:site_name\" content=\"Librairie 7L\" \/>\n<meta property=\"article:modified_time\" content=\"2026-04-06T09:07:08+00:00\" \/>\n<meta property=\"og:image\" content=\"https:\/\/librairie7l.com\/wp-content\/uploads\/2020\/10\/9782259304986_1_75.jpg\" \/>\n\t<meta property=\"og:image:width\" content=\"400\" \/>\n\t<meta property=\"og:image:height\" content=\"655\" \/>\n\t<meta property=\"og:image:type\" content=\"image\/jpeg\" \/>\n<meta name=\"twitter:card\" content=\"summary_large_image\" \/>\n<meta name=\"twitter:label1\" content=\"Est. reading time\" \/>\n\t<meta name=\"twitter:data1\" content=\"1 minute\" \/>\n<script type=\"application\/ld+json\" class=\"yoast-schema-graph\">{\"@context\":\"https:\/\/schema.org\",\"@graph\":[{\"@type\":\"WebPage\",\"@id\":\"https:\/\/librairie7l.com\/en\/produit\/jacques-de-bascher-dandy-de-lombre\/\",\"url\":\"https:\/\/librairie7l.com\/en\/produit\/jacques-de-bascher-dandy-de-lombre\/\",\"name\":\"JACQUES DE BASCHER ; DANDY DE L'OMBRE - Librairie 7L\",\"isPartOf\":{\"@id\":\"https:\/\/librairie7l.com\/en\/#website\"},\"datePublished\":\"2023-05-10T11:20:26+00:00\",\"dateModified\":\"2026-04-06T09:07:08+00:00\",\"breadcrumb\":{\"@id\":\"https:\/\/librairie7l.com\/en\/produit\/jacques-de-bascher-dandy-de-lombre\/#breadcrumb\"},\"inLanguage\":\"en-US\",\"potentialAction\":[{\"@type\":\"ReadAction\",\"target\":[\"https:\/\/librairie7l.com\/en\/produit\/jacques-de-bascher-dandy-de-lombre\/\"]}]},{\"@type\":\"BreadcrumbList\",\"@id\":\"https:\/\/librairie7l.com\/en\/produit\/jacques-de-bascher-dandy-de-lombre\/#breadcrumb\",\"itemListElement\":[{\"@type\":\"ListItem\",\"position\":1,\"name\":\"Accueil\",\"item\":\"https:\/\/librairie7l.com\/en\/\"},{\"@type\":\"ListItem\",\"position\":2,\"name\":\"Shop\",\"item\":\"https:\/\/librairie7l.com\/en\/shop\/\"},{\"@type\":\"ListItem\",\"position\":3,\"name\":\"JACQUES DE BASCHER ; DANDY DE L&#8217;OMBRE\"}]},{\"@type\":\"WebSite\",\"@id\":\"https:\/\/librairie7l.com\/en\/#website\",\"url\":\"https:\/\/librairie7l.com\/en\/\",\"name\":\"Librairie 7L\",\"description\":\"Librairie fond\u00e9e en 1999 par Karl Lagerfeld \u00e0 Paris\",\"publisher\":{\"@id\":\"https:\/\/librairie7l.com\/en\/#organization\"},\"potentialAction\":[{\"@type\":\"SearchAction\",\"target\":{\"@type\":\"EntryPoint\",\"urlTemplate\":\"https:\/\/librairie7l.com\/en\/?s={search_term_string}\"},\"query-input\":\"required name=search_term_string\"}],\"inLanguage\":\"en-US\"},{\"@type\":\"Organization\",\"@id\":\"https:\/\/librairie7l.com\/en\/#organization\",\"name\":\"Librairie 7L\",\"url\":\"https:\/\/librairie7l.com\/en\/\",\"logo\":{\"@type\":\"ImageObject\",\"inLanguage\":\"en-US\",\"@id\":\"https:\/\/librairie7l.com\/en\/#\/schema\/logo\/image\/\",\"url\":\"https:\/\/librairie7l.com\/wp-content\/uploads\/2022\/08\/logo-1.png\",\"contentUrl\":\"https:\/\/librairie7l.com\/wp-content\/uploads\/2022\/08\/logo-1.png\",\"width\":227,\"height\":301,\"caption\":\"Librairie 7L\"},\"image\":{\"@id\":\"https:\/\/librairie7l.com\/en\/#\/schema\/logo\/image\/\"}}]}<\/script>\n<!-- \/ Yoast SEO plugin. -->","yoast_head_json":{"title":"JACQUES DE BASCHER ; DANDY DE L'OMBRE - Librairie 7L","robots":{"index":"index","follow":"follow","max-snippet":"max-snippet:-1","max-image-preview":"max-image-preview:large","max-video-preview":"max-video-preview:-1"},"canonical":"https:\/\/librairie7l.com\/en\/produit\/jacques-de-bascher-dandy-de-lombre\/","og_locale":"en_US","og_type":"article","og_title":"JACQUES DE BASCHER ; DANDY DE L'OMBRE - Librairie 7L","og_description":"\u00ab Chaque jour, Jacques de Bascher d\u00e9jeune aux Deux Magots ou chez Lipp, toujours \u00e0 la m\u00eame table. Il retrouve dans ce minuscule triangle germanopratin l&#8217;ensemble de la faune qu&#8217;il recroisera le soir venu. Ses journ\u00e9es suivent un rituel immuable. Lorsqu&#8217;il rentre chez lui apr\u00e8s le d\u00e9jeuner, il fait une sieste puis se rend chez [&hellip;]","og_url":"https:\/\/librairie7l.com\/en\/produit\/jacques-de-bascher-dandy-de-lombre\/","og_site_name":"Librairie 7L","article_modified_time":"2026-04-06T09:07:08+00:00","og_image":[{"width":400,"height":655,"url":"https:\/\/librairie7l.com\/wp-content\/uploads\/2020\/10\/9782259304986_1_75.jpg","type":"image\/jpeg"}],"twitter_card":"summary_large_image","twitter_misc":{"Est. reading time":"1 minute"},"schema":{"@context":"https:\/\/schema.org","@graph":[{"@type":"WebPage","@id":"https:\/\/librairie7l.com\/en\/produit\/jacques-de-bascher-dandy-de-lombre\/","url":"https:\/\/librairie7l.com\/en\/produit\/jacques-de-bascher-dandy-de-lombre\/","name":"JACQUES DE BASCHER ; DANDY DE L'OMBRE - Librairie 7L","isPartOf":{"@id":"https:\/\/librairie7l.com\/en\/#website"},"datePublished":"2023-05-10T11:20:26+00:00","dateModified":"2026-04-06T09:07:08+00:00","breadcrumb":{"@id":"https:\/\/librairie7l.com\/en\/produit\/jacques-de-bascher-dandy-de-lombre\/#breadcrumb"},"inLanguage":"en-US","potentialAction":[{"@type":"ReadAction","target":["https:\/\/librairie7l.com\/en\/produit\/jacques-de-bascher-dandy-de-lombre\/"]}]},{"@type":"BreadcrumbList","@id":"https:\/\/librairie7l.com\/en\/produit\/jacques-de-bascher-dandy-de-lombre\/#breadcrumb","itemListElement":[{"@type":"ListItem","position":1,"name":"Accueil","item":"https:\/\/librairie7l.com\/en\/"},{"@type":"ListItem","position":2,"name":"Shop","item":"https:\/\/librairie7l.com\/en\/shop\/"},{"@type":"ListItem","position":3,"name":"JACQUES DE BASCHER ; DANDY DE L&#8217;OMBRE"}]},{"@type":"WebSite","@id":"https:\/\/librairie7l.com\/en\/#website","url":"https:\/\/librairie7l.com\/en\/","name":"Librairie 7L","description":"Librairie fond\u00e9e en 1999 par Karl Lagerfeld \u00e0 Paris","publisher":{"@id":"https:\/\/librairie7l.com\/en\/#organization"},"potentialAction":[{"@type":"SearchAction","target":{"@type":"EntryPoint","urlTemplate":"https:\/\/librairie7l.com\/en\/?s={search_term_string}"},"query-input":"required name=search_term_string"}],"inLanguage":"en-US"},{"@type":"Organization","@id":"https:\/\/librairie7l.com\/en\/#organization","name":"Librairie 7L","url":"https:\/\/librairie7l.com\/en\/","logo":{"@type":"ImageObject","inLanguage":"en-US","@id":"https:\/\/librairie7l.com\/en\/#\/schema\/logo\/image\/","url":"https:\/\/librairie7l.com\/wp-content\/uploads\/2022\/08\/logo-1.png","contentUrl":"https:\/\/librairie7l.com\/wp-content\/uploads\/2022\/08\/logo-1.png","width":227,"height":301,"caption":"Librairie 7L"},"image":{"@id":"https:\/\/librairie7l.com\/en\/#\/schema\/logo\/image\/"}}]}},"_links":{"self":[{"href":"https:\/\/librairie7l.com\/en\/wp-json\/wp\/v2\/product\/28013"}],"collection":[{"href":"https:\/\/librairie7l.com\/en\/wp-json\/wp\/v2\/product"}],"about":[{"href":"https:\/\/librairie7l.com\/en\/wp-json\/wp\/v2\/types\/product"}],"wp:featuredmedia":[{"embeddable":true,"href":"https:\/\/librairie7l.com\/en\/wp-json\/wp\/v2\/media\/32179"}],"wp:attachment":[{"href":"https:\/\/librairie7l.com\/en\/wp-json\/wp\/v2\/media?parent=28013"}],"wp:term":[{"taxonomy":"product_cat","embeddable":true,"href":"https:\/\/librairie7l.com\/en\/wp-json\/wp\/v2\/product_cat?post=28013"},{"taxonomy":"product_tag","embeddable":true,"href":"https:\/\/librairie7l.com\/en\/wp-json\/wp\/v2\/product_tag?post=28013"}],"curies":[{"name":"wp","href":"https:\/\/api.w.org\/{rel}","templated":true}]}}