{"id":28061,"date":"2023-05-10T13:21:44","date_gmt":"2023-05-10T11:21:44","guid":{"rendered":"https:\/\/librairie7l.com\/?post_type=product&#038;p=28061"},"modified":"2026-04-12T04:06:05","modified_gmt":"2026-04-12T02:06:05","slug":"the-va-sourcebook-of-pattern-and-ornament","status":"publish","type":"product","link":"https:\/\/librairie7l.com\/en\/produit\/the-va-sourcebook-of-pattern-and-ornament\/","title":{"rendered":"THE V&AMP;A SOURCEBOOK OF PATTERN AND ORNAMENT"},"content":{"rendered":"<p>Cet ouvrage r\u00e9alis\u00e9 avec le Victoria &amp; Albert Museum rend hommage \u00e0 leur collection unique au monde de motifs sur papier et textile de diff\u00e9rentes \u00e9poques. Il pr\u00e9sente une riche s\u00e9lection de motifs class\u00e9s par th\u00e8me (les fleurs, l&#8217;abstraction, les animaux etc), et souvent mis en regard avec des objets d&#8217;arts d\u00e9coratifs issus de l&#8217;importante collection du mus\u00e9e.<\/p>\n","protected":false},"excerpt":{"rendered":"<p>Cet ouvrage r\u00e9alis\u00e9 avec le Victoria &amp; Albert Museum rend hommage \u00e0 leur collection unique au monde de motifs sur papier et textile de diff\u00e9rentes \u00e9poques. Il pr\u00e9sente une riche s\u00e9lection de motifs class\u00e9s par th\u00e8me (les fleurs, l&#8217;abstraction, les animaux etc), et souvent mis en regard avec des objets d&#8217;arts d\u00e9coratifs issus de l&#8217;importante [&hellip;]<\/p>\n","protected":false},"featured_media":28059,"template":"","meta":[],"product_cat":[55,2948,18,2952],"product_tag":[],"acf":[],"yoast_head":"<!-- This site is optimized with the Yoast SEO plugin v20.11 - https:\/\/yoast.com\/wordpress\/plugins\/seo\/ -->\n<title>THE V&amp;A SOURCEBOOK OF PATTERN AND ORNAMENT - Librairie 7L<\/title>\n<meta name=\"robots\" content=\"index, follow, max-snippet:-1, max-image-preview:large, max-video-preview:-1\" \/>\n<link rel=\"canonical\" href=\"https:\/\/librairie7l.com\/en\/produit\/the-va-sourcebook-of-pattern-and-ornament\/\" \/>\n<meta property=\"og:locale\" content=\"en_US\" \/>\n<meta property=\"og:type\" content=\"article\" \/>\n<meta property=\"og:title\" content=\"THE V&amp;A SOURCEBOOK OF PATTERN AND ORNAMENT - Librairie 7L\" \/>\n<meta property=\"og:description\" content=\"Cet ouvrage r\u00e9alis\u00e9 avec le Victoria &amp; Albert Museum rend hommage \u00e0 leur collection unique au monde de motifs sur papier et textile de diff\u00e9rentes \u00e9poques. Il pr\u00e9sente une riche s\u00e9lection de motifs class\u00e9s par th\u00e8me (les fleurs, l&#8217;abstraction, les animaux etc), et souvent mis en regard avec des objets d&#8217;arts d\u00e9coratifs issus de l&#8217;importante [&hellip;]\" \/>\n<meta property=\"og:url\" content=\"https:\/\/librairie7l.com\/en\/produit\/the-va-sourcebook-of-pattern-and-ornament\/\" \/>\n<meta property=\"og:site_name\" content=\"Librairie 7L\" \/>\n<meta property=\"article:modified_time\" content=\"2026-04-12T02:06:05+00:00\" \/>\n<meta property=\"og:image\" content=\"https:\/\/librairie7l.com\/wp-content\/uploads\/2021\/07\/9780500480724_1_75.jpg\" \/>\n\t<meta property=\"og:image:width\" content=\"419\" \/>\n\t<meta property=\"og:image:height\" content=\"500\" \/>\n\t<meta property=\"og:image:type\" content=\"image\/jpeg\" \/>\n<meta name=\"twitter:card\" content=\"summary_large_image\" \/>\n<script type=\"application\/ld+json\" class=\"yoast-schema-graph\">{\"@context\":\"https:\/\/schema.org\",\"@graph\":[{\"@type\":\"WebPage\",\"@id\":\"https:\/\/librairie7l.com\/en\/produit\/the-va-sourcebook-of-pattern-and-ornament\/\",\"url\":\"https:\/\/librairie7l.com\/en\/produit\/the-va-sourcebook-of-pattern-and-ornament\/\",\"name\":\"THE V&amp;A SOURCEBOOK OF PATTERN AND ORNAMENT - Librairie 7L\",\"isPartOf\":{\"@id\":\"https:\/\/librairie7l.com\/en\/#website\"},\"datePublished\":\"2023-05-10T11:21:44+00:00\",\"dateModified\":\"2026-04-12T02:06:05+00:00\",\"breadcrumb\":{\"@id\":\"https:\/\/librairie7l.com\/en\/produit\/the-va-sourcebook-of-pattern-and-ornament\/#breadcrumb\"},\"inLanguage\":\"en-US\",\"potentialAction\":[{\"@type\":\"ReadAction\",\"target\":[\"https:\/\/librairie7l.com\/en\/produit\/the-va-sourcebook-of-pattern-and-ornament\/\"]}]},{\"@type\":\"BreadcrumbList\",\"@id\":\"https:\/\/librairie7l.com\/en\/produit\/the-va-sourcebook-of-pattern-and-ornament\/#breadcrumb\",\"itemListElement\":[{\"@type\":\"ListItem\",\"position\":1,\"name\":\"Accueil\",\"item\":\"https:\/\/librairie7l.com\/en\/\"},{\"@type\":\"ListItem\",\"position\":2,\"name\":\"Shop\",\"item\":\"https:\/\/librairie7l.com\/en\/shop\/\"},{\"@type\":\"ListItem\",\"position\":3,\"name\":\"THE V&AMP;A SOURCEBOOK OF PATTERN AND ORNAMENT\"}]},{\"@type\":\"WebSite\",\"@id\":\"https:\/\/librairie7l.com\/en\/#website\",\"url\":\"https:\/\/librairie7l.com\/en\/\",\"name\":\"Librairie 7L\",\"description\":\"Librairie fond\u00e9e en 1999 par Karl Lagerfeld \u00e0 Paris\",\"publisher\":{\"@id\":\"https:\/\/librairie7l.com\/en\/#organization\"},\"potentialAction\":[{\"@type\":\"SearchAction\",\"target\":{\"@type\":\"EntryPoint\",\"urlTemplate\":\"https:\/\/librairie7l.com\/en\/?s={search_term_string}\"},\"query-input\":\"required name=search_term_string\"}],\"inLanguage\":\"en-US\"},{\"@type\":\"Organization\",\"@id\":\"https:\/\/librairie7l.com\/en\/#organization\",\"name\":\"Librairie 7L\",\"url\":\"https:\/\/librairie7l.com\/en\/\",\"logo\":{\"@type\":\"ImageObject\",\"inLanguage\":\"en-US\",\"@id\":\"https:\/\/librairie7l.com\/en\/#\/schema\/logo\/image\/\",\"url\":\"https:\/\/librairie7l.com\/wp-content\/uploads\/2022\/08\/logo-1.png\",\"contentUrl\":\"https:\/\/librairie7l.com\/wp-content\/uploads\/2022\/08\/logo-1.png\",\"width\":227,\"height\":301,\"caption\":\"Librairie 7L\"},\"image\":{\"@id\":\"https:\/\/librairie7l.com\/en\/#\/schema\/logo\/image\/\"}}]}<\/script>\n<!-- \/ Yoast SEO plugin. -->","yoast_head_json":{"title":"THE V&amp;A SOURCEBOOK OF PATTERN AND ORNAMENT - Librairie 7L","robots":{"index":"index","follow":"follow","max-snippet":"max-snippet:-1","max-image-preview":"max-image-preview:large","max-video-preview":"max-video-preview:-1"},"canonical":"https:\/\/librairie7l.com\/en\/produit\/the-va-sourcebook-of-pattern-and-ornament\/","og_locale":"en_US","og_type":"article","og_title":"THE V&amp;A SOURCEBOOK OF PATTERN AND ORNAMENT - Librairie 7L","og_description":"Cet ouvrage r\u00e9alis\u00e9 avec le Victoria &amp; Albert Museum rend hommage \u00e0 leur collection unique au monde de motifs sur papier et textile de diff\u00e9rentes \u00e9poques. Il pr\u00e9sente une riche s\u00e9lection de motifs class\u00e9s par th\u00e8me (les fleurs, l&#8217;abstraction, les animaux etc), et souvent mis en regard avec des objets d&#8217;arts d\u00e9coratifs issus de l&#8217;importante [&hellip;]","og_url":"https:\/\/librairie7l.com\/en\/produit\/the-va-sourcebook-of-pattern-and-ornament\/","og_site_name":"Librairie 7L","article_modified_time":"2026-04-12T02:06:05+00:00","og_image":[{"width":419,"height":500,"url":"https:\/\/librairie7l.com\/wp-content\/uploads\/2021\/07\/9780500480724_1_75.jpg","type":"image\/jpeg"}],"twitter_card":"summary_large_image","schema":{"@context":"https:\/\/schema.org","@graph":[{"@type":"WebPage","@id":"https:\/\/librairie7l.com\/en\/produit\/the-va-sourcebook-of-pattern-and-ornament\/","url":"https:\/\/librairie7l.com\/en\/produit\/the-va-sourcebook-of-pattern-and-ornament\/","name":"THE V&amp;A SOURCEBOOK OF PATTERN AND ORNAMENT - Librairie 7L","isPartOf":{"@id":"https:\/\/librairie7l.com\/en\/#website"},"datePublished":"2023-05-10T11:21:44+00:00","dateModified":"2026-04-12T02:06:05+00:00","breadcrumb":{"@id":"https:\/\/librairie7l.com\/en\/produit\/the-va-sourcebook-of-pattern-and-ornament\/#breadcrumb"},"inLanguage":"en-US","potentialAction":[{"@type":"ReadAction","target":["https:\/\/librairie7l.com\/en\/produit\/the-va-sourcebook-of-pattern-and-ornament\/"]}]},{"@type":"BreadcrumbList","@id":"https:\/\/librairie7l.com\/en\/produit\/the-va-sourcebook-of-pattern-and-ornament\/#breadcrumb","itemListElement":[{"@type":"ListItem","position":1,"name":"Accueil","item":"https:\/\/librairie7l.com\/en\/"},{"@type":"ListItem","position":2,"name":"Shop","item":"https:\/\/librairie7l.com\/en\/shop\/"},{"@type":"ListItem","position":3,"name":"THE V&AMP;A SOURCEBOOK OF PATTERN AND ORNAMENT"}]},{"@type":"WebSite","@id":"https:\/\/librairie7l.com\/en\/#website","url":"https:\/\/librairie7l.com\/en\/","name":"Librairie 7L","description":"Librairie fond\u00e9e en 1999 par Karl Lagerfeld \u00e0 Paris","publisher":{"@id":"https:\/\/librairie7l.com\/en\/#organization"},"potentialAction":[{"@type":"SearchAction","target":{"@type":"EntryPoint","urlTemplate":"https:\/\/librairie7l.com\/en\/?s={search_term_string}"},"query-input":"required name=search_term_string"}],"inLanguage":"en-US"},{"@type":"Organization","@id":"https:\/\/librairie7l.com\/en\/#organization","name":"Librairie 7L","url":"https:\/\/librairie7l.com\/en\/","logo":{"@type":"ImageObject","inLanguage":"en-US","@id":"https:\/\/librairie7l.com\/en\/#\/schema\/logo\/image\/","url":"https:\/\/librairie7l.com\/wp-content\/uploads\/2022\/08\/logo-1.png","contentUrl":"https:\/\/librairie7l.com\/wp-content\/uploads\/2022\/08\/logo-1.png","width":227,"height":301,"caption":"Librairie 7L"},"image":{"@id":"https:\/\/librairie7l.com\/en\/#\/schema\/logo\/image\/"}}]}},"_links":{"self":[{"href":"https:\/\/librairie7l.com\/en\/wp-json\/wp\/v2\/product\/28061"}],"collection":[{"href":"https:\/\/librairie7l.com\/en\/wp-json\/wp\/v2\/product"}],"about":[{"href":"https:\/\/librairie7l.com\/en\/wp-json\/wp\/v2\/types\/product"}],"wp:featuredmedia":[{"embeddable":true,"href":"https:\/\/librairie7l.com\/en\/wp-json\/wp\/v2\/media\/28059"}],"wp:attachment":[{"href":"https:\/\/librairie7l.com\/en\/wp-json\/wp\/v2\/media?parent=28061"}],"wp:term":[{"taxonomy":"product_cat","embeddable":true,"href":"https:\/\/librairie7l.com\/en\/wp-json\/wp\/v2\/product_cat?post=28061"},{"taxonomy":"product_tag","embeddable":true,"href":"https:\/\/librairie7l.com\/en\/wp-json\/wp\/v2\/product_tag?post=28061"}],"curies":[{"name":"wp","href":"https:\/\/api.w.org\/{rel}","templated":true}]}}