{"id":28081,"date":"2023-05-10T13:22:11","date_gmt":"2023-05-10T11:22:11","guid":{"rendered":"https:\/\/librairie7l.com\/?post_type=product&#038;p=28081"},"modified":"2026-04-12T02:45:47","modified_gmt":"2026-04-12T00:45:47","slug":"formes-et-couleurs-les-arts-decoratifs-dans-le-fonds-de-livres-anciens-de-lis","status":"publish","type":"product","link":"https:\/\/librairie7l.com\/en\/produit\/formes-et-couleurs-les-arts-decoratifs-dans-le-fonds-de-livres-anciens-de-lis\/","title":{"rendered":"FORMES ET COULEURS : LES ARTS D\u00c9CORATIFS DANS LE FONDS DE LIVRES ANCIENS DE L&#8217;ISDAT"},"content":{"rendered":"<p>Formes et couleurs est le titre d&#8217;un livre \u00e9dit\u00e9 il y a cent ans exactement, en 1921, par la Librairie centrale des beaux-arts. L&#8217;auteur, Auguste Thomas, a r\u00e9alis\u00e9 au pochoir vingt planches de motifs d\u00e9coratifs tr\u00e8s richement color\u00e9s. C&#8217;est ce livre qui a inspir\u00e9 l&#8217;id\u00e9e de cr\u00e9er un r\u00e9pertoire d&#8217;images foisonnant sur la th\u00e9matique des Arts d\u00e9coratifs selon deux axes stricts mais vastes : la forme et la couleur.<br \/>\nL&#8217;invitation faite \u00e0 Val\u00e9rie du Ch\u00e9n\u00e9 de travailler \u00e0 deux voix avec Anne Jourdain, responsable du fonds ancien, selon des choix implicitement subjectifs, allait de soi : par sa recherche plastique sur la couleur, sur la forme dessin\u00e9e en contours, et par la d\u00e9couverte qu&#8217;elle a faite du fonds ancien en arrivant \u00e0 l&#8217;isdaT, venant de Paris o\u00f9 elle avait \u00e9tudi\u00e9 aux beaux-arts. Il lui fallait transmettre aux \u00e9tudiant\u00b7es de premi\u00e8re ann\u00e9e le \u00ab tr\u00e9sor \u00bb contenu dans ces livres anciens et les inciter \u00e0 revenir les ouvrir comme des bo\u00eetes \u00e0 images au fil de leurs ann\u00e9es d&#8217;\u00e9tude. Entre la p\u00e9dagogie et le fonds ancien, l&#8217;enrichissement est mutuel, toujours.<br \/>\nComme ces jeunes \u00e9tudiant\u00b7es, nous sommes invit\u00e9\u00b7es \u00e0 oublier nos \u00e9crans usuels pour nous satisfaire d&#8217;un simple contact visuel avec le livre, sans prise de vue, sans \u00e9crans lumineux interpos\u00e9s, mais par le toucher du papier, de la reliure, en manipulant l&#8217;ouvrage. Temporalit\u00e9 et espace sont dilu\u00e9s par la concentration, le temps pos\u00e9, en suspend, que g\u00e9n\u00e8re cette simple consultation. Les gestes sont lents, la manipulation et l&#8217;observation mesur\u00e9es ; on \u00e9change des paroles.<br \/>\nLe studio de graphisme St\u00e9r\u00e9o Buro a joint son regard \u00e0 celui des \u00e9diteursn\u00f4tres : Diane Boivin et Silvia Dor\u00e9 ont \u00e9labor\u00e9 une suite iconologique de formes et de couleurs aux contrastes et aux tons allant en se d\u00e9lavant, changeant de gradation au fil des pages.<br \/>\nLes images sont pos\u00e9es face \u00e0 face, par association de formes et de couleurs, en toute subjectivit\u00e9, selon le cadrage, les motifs, les teintes, par connivence, par r\u00e9action, par similitude, par opposition, par jeu, par hasard, sans r\u00e8gles ni contraintes.<\/p>\n","protected":false},"excerpt":{"rendered":"<p>Formes et couleurs est le titre d&#8217;un livre \u00e9dit\u00e9 il y a cent ans exactement, en 1921, par la Librairie centrale des beaux-arts. L&#8217;auteur, Auguste Thomas, a r\u00e9alis\u00e9 au pochoir vingt planches de motifs d\u00e9coratifs tr\u00e8s richement color\u00e9s. C&#8217;est ce livre qui a inspir\u00e9 l&#8217;id\u00e9e de cr\u00e9er un r\u00e9pertoire d&#8217;images foisonnant sur la th\u00e9matique des [&hellip;]<\/p>\n","protected":false},"featured_media":28079,"template":"","meta":[],"product_cat":[55,2948,18,2952],"product_tag":[],"acf":[],"yoast_head":"<!-- This site is optimized with the Yoast SEO plugin v20.11 - https:\/\/yoast.com\/wordpress\/plugins\/seo\/ -->\n<title>FORMES ET COULEURS : LES ARTS D\u00c9CORATIFS DANS LE FONDS DE LIVRES ANCIENS DE L&#039;ISDAT - Librairie 7L<\/title>\n<meta name=\"robots\" content=\"index, follow, max-snippet:-1, max-image-preview:large, max-video-preview:-1\" \/>\n<link rel=\"canonical\" href=\"https:\/\/librairie7l.com\/en\/produit\/formes-et-couleurs-les-arts-decoratifs-dans-le-fonds-de-livres-anciens-de-lis\/\" \/>\n<meta property=\"og:locale\" content=\"en_US\" \/>\n<meta property=\"og:type\" content=\"article\" \/>\n<meta property=\"og:title\" content=\"FORMES ET COULEURS : LES ARTS D\u00c9CORATIFS DANS LE FONDS DE LIVRES ANCIENS DE L&#039;ISDAT - Librairie 7L\" \/>\n<meta property=\"og:description\" content=\"Formes et couleurs est le titre d&#8217;un livre \u00e9dit\u00e9 il y a cent ans exactement, en 1921, par la Librairie centrale des beaux-arts. L&#8217;auteur, Auguste Thomas, a r\u00e9alis\u00e9 au pochoir vingt planches de motifs d\u00e9coratifs tr\u00e8s richement color\u00e9s. C&#8217;est ce livre qui a inspir\u00e9 l&#8217;id\u00e9e de cr\u00e9er un r\u00e9pertoire d&#8217;images foisonnant sur la th\u00e9matique des [&hellip;]\" \/>\n<meta property=\"og:url\" content=\"https:\/\/librairie7l.com\/en\/produit\/formes-et-couleurs-les-arts-decoratifs-dans-le-fonds-de-livres-anciens-de-lis\/\" \/>\n<meta property=\"og:site_name\" content=\"Librairie 7L\" \/>\n<meta property=\"article:modified_time\" content=\"2026-04-12T00:45:47+00:00\" \/>\n<meta property=\"og:image\" content=\"https:\/\/librairie7l.com\/wp-content\/uploads\/2022\/04\/9782356990570_1_75.jpg\" \/>\n\t<meta property=\"og:image:width\" content=\"600\" \/>\n\t<meta property=\"og:image:height\" content=\"824\" \/>\n\t<meta property=\"og:image:type\" content=\"image\/jpeg\" \/>\n<meta name=\"twitter:card\" content=\"summary_large_image\" \/>\n<meta name=\"twitter:label1\" content=\"Est. reading time\" \/>\n\t<meta name=\"twitter:data1\" content=\"2 minutes\" \/>\n<script type=\"application\/ld+json\" class=\"yoast-schema-graph\">{\"@context\":\"https:\/\/schema.org\",\"@graph\":[{\"@type\":\"WebPage\",\"@id\":\"https:\/\/librairie7l.com\/en\/produit\/formes-et-couleurs-les-arts-decoratifs-dans-le-fonds-de-livres-anciens-de-lis\/\",\"url\":\"https:\/\/librairie7l.com\/en\/produit\/formes-et-couleurs-les-arts-decoratifs-dans-le-fonds-de-livres-anciens-de-lis\/\",\"name\":\"FORMES ET COULEURS : LES ARTS D\u00c9CORATIFS DANS LE FONDS DE LIVRES ANCIENS DE L'ISDAT - Librairie 7L\",\"isPartOf\":{\"@id\":\"https:\/\/librairie7l.com\/en\/#website\"},\"datePublished\":\"2023-05-10T11:22:11+00:00\",\"dateModified\":\"2026-04-12T00:45:47+00:00\",\"breadcrumb\":{\"@id\":\"https:\/\/librairie7l.com\/en\/produit\/formes-et-couleurs-les-arts-decoratifs-dans-le-fonds-de-livres-anciens-de-lis\/#breadcrumb\"},\"inLanguage\":\"en-US\",\"potentialAction\":[{\"@type\":\"ReadAction\",\"target\":[\"https:\/\/librairie7l.com\/en\/produit\/formes-et-couleurs-les-arts-decoratifs-dans-le-fonds-de-livres-anciens-de-lis\/\"]}]},{\"@type\":\"BreadcrumbList\",\"@id\":\"https:\/\/librairie7l.com\/en\/produit\/formes-et-couleurs-les-arts-decoratifs-dans-le-fonds-de-livres-anciens-de-lis\/#breadcrumb\",\"itemListElement\":[{\"@type\":\"ListItem\",\"position\":1,\"name\":\"Accueil\",\"item\":\"https:\/\/librairie7l.com\/en\/\"},{\"@type\":\"ListItem\",\"position\":2,\"name\":\"Shop\",\"item\":\"https:\/\/librairie7l.com\/en\/shop\/\"},{\"@type\":\"ListItem\",\"position\":3,\"name\":\"FORMES ET COULEURS : LES ARTS D\u00c9CORATIFS DANS LE FONDS DE LIVRES ANCIENS DE L&#8217;ISDAT\"}]},{\"@type\":\"WebSite\",\"@id\":\"https:\/\/librairie7l.com\/en\/#website\",\"url\":\"https:\/\/librairie7l.com\/en\/\",\"name\":\"Librairie 7L\",\"description\":\"Librairie fond\u00e9e en 1999 par Karl Lagerfeld \u00e0 Paris\",\"publisher\":{\"@id\":\"https:\/\/librairie7l.com\/en\/#organization\"},\"potentialAction\":[{\"@type\":\"SearchAction\",\"target\":{\"@type\":\"EntryPoint\",\"urlTemplate\":\"https:\/\/librairie7l.com\/en\/?s={search_term_string}\"},\"query-input\":\"required name=search_term_string\"}],\"inLanguage\":\"en-US\"},{\"@type\":\"Organization\",\"@id\":\"https:\/\/librairie7l.com\/en\/#organization\",\"name\":\"Librairie 7L\",\"url\":\"https:\/\/librairie7l.com\/en\/\",\"logo\":{\"@type\":\"ImageObject\",\"inLanguage\":\"en-US\",\"@id\":\"https:\/\/librairie7l.com\/en\/#\/schema\/logo\/image\/\",\"url\":\"https:\/\/librairie7l.com\/wp-content\/uploads\/2022\/08\/logo-1.png\",\"contentUrl\":\"https:\/\/librairie7l.com\/wp-content\/uploads\/2022\/08\/logo-1.png\",\"width\":227,\"height\":301,\"caption\":\"Librairie 7L\"},\"image\":{\"@id\":\"https:\/\/librairie7l.com\/en\/#\/schema\/logo\/image\/\"}}]}<\/script>\n<!-- \/ Yoast SEO plugin. -->","yoast_head_json":{"title":"FORMES ET COULEURS : LES ARTS D\u00c9CORATIFS DANS LE FONDS DE LIVRES ANCIENS DE L'ISDAT - Librairie 7L","robots":{"index":"index","follow":"follow","max-snippet":"max-snippet:-1","max-image-preview":"max-image-preview:large","max-video-preview":"max-video-preview:-1"},"canonical":"https:\/\/librairie7l.com\/en\/produit\/formes-et-couleurs-les-arts-decoratifs-dans-le-fonds-de-livres-anciens-de-lis\/","og_locale":"en_US","og_type":"article","og_title":"FORMES ET COULEURS : LES ARTS D\u00c9CORATIFS DANS LE FONDS DE LIVRES ANCIENS DE L'ISDAT - Librairie 7L","og_description":"Formes et couleurs est le titre d&#8217;un livre \u00e9dit\u00e9 il y a cent ans exactement, en 1921, par la Librairie centrale des beaux-arts. L&#8217;auteur, Auguste Thomas, a r\u00e9alis\u00e9 au pochoir vingt planches de motifs d\u00e9coratifs tr\u00e8s richement color\u00e9s. C&#8217;est ce livre qui a inspir\u00e9 l&#8217;id\u00e9e de cr\u00e9er un r\u00e9pertoire d&#8217;images foisonnant sur la th\u00e9matique des [&hellip;]","og_url":"https:\/\/librairie7l.com\/en\/produit\/formes-et-couleurs-les-arts-decoratifs-dans-le-fonds-de-livres-anciens-de-lis\/","og_site_name":"Librairie 7L","article_modified_time":"2026-04-12T00:45:47+00:00","og_image":[{"width":600,"height":824,"url":"https:\/\/librairie7l.com\/wp-content\/uploads\/2022\/04\/9782356990570_1_75.jpg","type":"image\/jpeg"}],"twitter_card":"summary_large_image","twitter_misc":{"Est. reading time":"2 minutes"},"schema":{"@context":"https:\/\/schema.org","@graph":[{"@type":"WebPage","@id":"https:\/\/librairie7l.com\/en\/produit\/formes-et-couleurs-les-arts-decoratifs-dans-le-fonds-de-livres-anciens-de-lis\/","url":"https:\/\/librairie7l.com\/en\/produit\/formes-et-couleurs-les-arts-decoratifs-dans-le-fonds-de-livres-anciens-de-lis\/","name":"FORMES ET COULEURS : LES ARTS D\u00c9CORATIFS DANS LE FONDS DE LIVRES ANCIENS DE L'ISDAT - Librairie 7L","isPartOf":{"@id":"https:\/\/librairie7l.com\/en\/#website"},"datePublished":"2023-05-10T11:22:11+00:00","dateModified":"2026-04-12T00:45:47+00:00","breadcrumb":{"@id":"https:\/\/librairie7l.com\/en\/produit\/formes-et-couleurs-les-arts-decoratifs-dans-le-fonds-de-livres-anciens-de-lis\/#breadcrumb"},"inLanguage":"en-US","potentialAction":[{"@type":"ReadAction","target":["https:\/\/librairie7l.com\/en\/produit\/formes-et-couleurs-les-arts-decoratifs-dans-le-fonds-de-livres-anciens-de-lis\/"]}]},{"@type":"BreadcrumbList","@id":"https:\/\/librairie7l.com\/en\/produit\/formes-et-couleurs-les-arts-decoratifs-dans-le-fonds-de-livres-anciens-de-lis\/#breadcrumb","itemListElement":[{"@type":"ListItem","position":1,"name":"Accueil","item":"https:\/\/librairie7l.com\/en\/"},{"@type":"ListItem","position":2,"name":"Shop","item":"https:\/\/librairie7l.com\/en\/shop\/"},{"@type":"ListItem","position":3,"name":"FORMES ET COULEURS : LES ARTS D\u00c9CORATIFS DANS LE FONDS DE LIVRES ANCIENS DE L&#8217;ISDAT"}]},{"@type":"WebSite","@id":"https:\/\/librairie7l.com\/en\/#website","url":"https:\/\/librairie7l.com\/en\/","name":"Librairie 7L","description":"Librairie fond\u00e9e en 1999 par Karl Lagerfeld \u00e0 Paris","publisher":{"@id":"https:\/\/librairie7l.com\/en\/#organization"},"potentialAction":[{"@type":"SearchAction","target":{"@type":"EntryPoint","urlTemplate":"https:\/\/librairie7l.com\/en\/?s={search_term_string}"},"query-input":"required name=search_term_string"}],"inLanguage":"en-US"},{"@type":"Organization","@id":"https:\/\/librairie7l.com\/en\/#organization","name":"Librairie 7L","url":"https:\/\/librairie7l.com\/en\/","logo":{"@type":"ImageObject","inLanguage":"en-US","@id":"https:\/\/librairie7l.com\/en\/#\/schema\/logo\/image\/","url":"https:\/\/librairie7l.com\/wp-content\/uploads\/2022\/08\/logo-1.png","contentUrl":"https:\/\/librairie7l.com\/wp-content\/uploads\/2022\/08\/logo-1.png","width":227,"height":301,"caption":"Librairie 7L"},"image":{"@id":"https:\/\/librairie7l.com\/en\/#\/schema\/logo\/image\/"}}]}},"_links":{"self":[{"href":"https:\/\/librairie7l.com\/en\/wp-json\/wp\/v2\/product\/28081"}],"collection":[{"href":"https:\/\/librairie7l.com\/en\/wp-json\/wp\/v2\/product"}],"about":[{"href":"https:\/\/librairie7l.com\/en\/wp-json\/wp\/v2\/types\/product"}],"wp:featuredmedia":[{"embeddable":true,"href":"https:\/\/librairie7l.com\/en\/wp-json\/wp\/v2\/media\/28079"}],"wp:attachment":[{"href":"https:\/\/librairie7l.com\/en\/wp-json\/wp\/v2\/media?parent=28081"}],"wp:term":[{"taxonomy":"product_cat","embeddable":true,"href":"https:\/\/librairie7l.com\/en\/wp-json\/wp\/v2\/product_cat?post=28081"},{"taxonomy":"product_tag","embeddable":true,"href":"https:\/\/librairie7l.com\/en\/wp-json\/wp\/v2\/product_tag?post=28081"}],"curies":[{"name":"wp","href":"https:\/\/api.w.org\/{rel}","templated":true}]}}