{"id":28093,"date":"2023-05-10T13:22:26","date_gmt":"2023-05-10T11:22:26","guid":{"rendered":"https:\/\/librairie7l.com\/?post_type=product&#038;p=28093"},"modified":"2026-04-19T07:43:31","modified_gmt":"2026-04-19T05:43:31","slug":"la-lettre-et-limage","status":"publish","type":"product","link":"https:\/\/librairie7l.com\/en\/produit\/la-lettre-et-limage\/","title":{"rendered":"LA LETTRE ET L&#8217;IMAGE"},"content":{"rendered":"<p>Les lettres ont d&#8217;abord \u00e9t\u00e9 des images.<br \/>\nComme on sait, le mot &#8220;alphabet&#8221; a \u00e9t\u00e9 form\u00e9 \u00e0 partir des lettres aleph et beth, qui repr\u00e9sentent respectivement, dans leur graphie ancienne, une t\u00eate de taureau (\u00e0 l&#8217;envers) et une maison, dont le trac\u00e9 emprunte \u00e0 un hi\u00e9roglyphe \u00e9gyptien o\u00f9 l&#8217;on peut reconna\u00eetre notre b couch\u00e9. Or, \u00e0 toutes les \u00e9poques, se r\u00e9v\u00e8le le souci constant &#8211; secret ou avou\u00e9 &#8211; de rechercher dans le dessin des lettres cette figuration perdue.<br \/>\nEt tout se passe comme si les utilisateurs de l&#8217;alphabet latin (qu&#8217;il s&#8217;agisse de po\u00e8tes, de calligraphes ou de peintres, mais aussi de p\u00e9dagogues, d&#8217;enfants ou de sociologues) refusaient la s\u00e9cheresse g\u00e9om\u00e9trique de son trac\u00e9, comme s&#8217;ils s&#8217;effor\u00e7aient de retourner instinctivement aux enfances de l&#8217;\u00e9criture et de red\u00e9couvrir, enfouis sous les s\u00e9diments laiss\u00e9s par des mill\u00e9naires de civilisation, les mots-images, les dessins parlants, les signes-choses, les &#8220;paroles peintes&#8221; des \u00e9critures premi\u00e8res.<br \/>\nC&#8217;est ainsi que, du Moyen Age jusqu&#8217;\u00e0 nos jours, on retrouve ces alphabets faits de lettres-fleurs, de lettres-animaux, de lettres-hommes ou de lettres-objets. Et la publicit\u00e9 contemporaine fait fr\u00e9quemment appel \u00e0 ces alphabets anim\u00e9s qui r\u00e9introduisent dans la lettre une image visible. Notre propos aura donc \u00e9t\u00e9 de prendre en compte cette p\u00e9rennit\u00e9 \u00e0 travers le temps et l&#8217;espace, \u00e0 l&#8217;aide d&#8217;enjambements parfois audacieux et de rapprochements impr\u00e9vus.<br \/>\nDe Simmias de Rhodes \u00e0 Apollinaire, de Rabelais \u00e0 Hugo ou \u00e0 Goethe, de Sterne \u00e0 Edward Lear ou Kipling, mais aussi de Daumier \u00e0 Klee ou de Raban Maur \u00e0 Kandinsky, on ne compte plus les auteurs et les artistes qui ont \u00e9t\u00e9 fascin\u00e9s par le pouvoir des lettres, le jeu de leurs combinaisons et qui leur assignent un r\u00f4le comparable \u00e0 celui qu&#8217;elles jouent aussi bien dans la plupart des religions que dans les arts talismaniques ou dans la thaumaturgie.<br \/>\nDe cette d\u00e9marche (qui para\u00eetra \u00e0 certains singuli\u00e8re), on ne trouvera pas mention dans les dictionnaires et les encyclop\u00e9dies, non plus (sinon tr\u00e8s fragmentairement) dans les histoires de l&#8217;art et de la communication. C&#8217;est cette lacune que vient combler ce livre, en proposant une somme encyclop\u00e9dique qui nous offre de cette conception animiste du monde des exemples savoureux et ludiques. Car si Platon d\u00e9j\u00e0, par la bouche de Socrate, demandait que les lettres eussent &#8220;de la ressemblance avec les choses&#8221;.<br \/>\nHumpty-Dumpty, pour sa part, dit \u00e0 Alice : &#8221; Mon nom signifie la forme que j&#8217;ai. &#8221;<\/p>\n","protected":false},"excerpt":{"rendered":"<p>Les lettres ont d&#8217;abord \u00e9t\u00e9 des images. Comme on sait, le mot &#8220;alphabet&#8221; a \u00e9t\u00e9 form\u00e9 \u00e0 partir des lettres aleph et beth, qui repr\u00e9sentent respectivement, dans leur graphie ancienne, une t\u00eate de taureau (\u00e0 l&#8217;envers) et une maison, dont le trac\u00e9 emprunte \u00e0 un hi\u00e9roglyphe \u00e9gyptien o\u00f9 l&#8217;on peut reconna\u00eetre notre b couch\u00e9. Or, [&hellip;]<\/p>\n","protected":false},"featured_media":28091,"template":"","meta":[],"product_cat":[55,2948,18,2952],"product_tag":[],"acf":[],"yoast_head":"<!-- This site is optimized with the Yoast SEO plugin v20.11 - https:\/\/yoast.com\/wordpress\/plugins\/seo\/ -->\n<title>LA LETTRE ET L&#039;IMAGE - Librairie 7L<\/title>\n<meta name=\"robots\" content=\"index, follow, max-snippet:-1, max-image-preview:large, max-video-preview:-1\" \/>\n<link rel=\"canonical\" href=\"https:\/\/librairie7l.com\/en\/produit\/la-lettre-et-limage\/\" \/>\n<meta property=\"og:locale\" content=\"en_US\" \/>\n<meta property=\"og:type\" content=\"article\" \/>\n<meta property=\"og:title\" content=\"LA LETTRE ET L&#039;IMAGE - Librairie 7L\" \/>\n<meta property=\"og:description\" content=\"Les lettres ont d&#8217;abord \u00e9t\u00e9 des images. Comme on sait, le mot &#8220;alphabet&#8221; a \u00e9t\u00e9 form\u00e9 \u00e0 partir des lettres aleph et beth, qui repr\u00e9sentent respectivement, dans leur graphie ancienne, une t\u00eate de taureau (\u00e0 l&#8217;envers) et une maison, dont le trac\u00e9 emprunte \u00e0 un hi\u00e9roglyphe \u00e9gyptien o\u00f9 l&#8217;on peut reconna\u00eetre notre b couch\u00e9. Or, [&hellip;]\" \/>\n<meta property=\"og:url\" content=\"https:\/\/librairie7l.com\/en\/produit\/la-lettre-et-limage\/\" \/>\n<meta property=\"og:site_name\" content=\"Librairie 7L\" \/>\n<meta property=\"article:modified_time\" content=\"2026-04-19T05:43:31+00:00\" \/>\n<meta property=\"og:image\" content=\"https:\/\/librairie7l.com\/wp-content\/uploads\/2003\/09\/9782070117758_1_75.jpg\" \/>\n\t<meta property=\"og:image:width\" content=\"381\" \/>\n\t<meta property=\"og:image:height\" content=\"475\" \/>\n\t<meta property=\"og:image:type\" content=\"image\/jpeg\" \/>\n<meta name=\"twitter:card\" content=\"summary_large_image\" \/>\n<meta name=\"twitter:label1\" content=\"Est. reading time\" \/>\n\t<meta name=\"twitter:data1\" content=\"2 minutes\" \/>\n<script type=\"application\/ld+json\" class=\"yoast-schema-graph\">{\"@context\":\"https:\/\/schema.org\",\"@graph\":[{\"@type\":\"WebPage\",\"@id\":\"https:\/\/librairie7l.com\/en\/produit\/la-lettre-et-limage\/\",\"url\":\"https:\/\/librairie7l.com\/en\/produit\/la-lettre-et-limage\/\",\"name\":\"LA LETTRE ET L'IMAGE - Librairie 7L\",\"isPartOf\":{\"@id\":\"https:\/\/librairie7l.com\/en\/#website\"},\"datePublished\":\"2023-05-10T11:22:26+00:00\",\"dateModified\":\"2026-04-19T05:43:31+00:00\",\"breadcrumb\":{\"@id\":\"https:\/\/librairie7l.com\/en\/produit\/la-lettre-et-limage\/#breadcrumb\"},\"inLanguage\":\"en-US\",\"potentialAction\":[{\"@type\":\"ReadAction\",\"target\":[\"https:\/\/librairie7l.com\/en\/produit\/la-lettre-et-limage\/\"]}]},{\"@type\":\"BreadcrumbList\",\"@id\":\"https:\/\/librairie7l.com\/en\/produit\/la-lettre-et-limage\/#breadcrumb\",\"itemListElement\":[{\"@type\":\"ListItem\",\"position\":1,\"name\":\"Accueil\",\"item\":\"https:\/\/librairie7l.com\/en\/\"},{\"@type\":\"ListItem\",\"position\":2,\"name\":\"Shop\",\"item\":\"https:\/\/librairie7l.com\/en\/shop\/\"},{\"@type\":\"ListItem\",\"position\":3,\"name\":\"LA LETTRE ET L&#8217;IMAGE\"}]},{\"@type\":\"WebSite\",\"@id\":\"https:\/\/librairie7l.com\/en\/#website\",\"url\":\"https:\/\/librairie7l.com\/en\/\",\"name\":\"Librairie 7L\",\"description\":\"Librairie fond\u00e9e en 1999 par Karl Lagerfeld \u00e0 Paris\",\"publisher\":{\"@id\":\"https:\/\/librairie7l.com\/en\/#organization\"},\"potentialAction\":[{\"@type\":\"SearchAction\",\"target\":{\"@type\":\"EntryPoint\",\"urlTemplate\":\"https:\/\/librairie7l.com\/en\/?s={search_term_string}\"},\"query-input\":\"required name=search_term_string\"}],\"inLanguage\":\"en-US\"},{\"@type\":\"Organization\",\"@id\":\"https:\/\/librairie7l.com\/en\/#organization\",\"name\":\"Librairie 7L\",\"url\":\"https:\/\/librairie7l.com\/en\/\",\"logo\":{\"@type\":\"ImageObject\",\"inLanguage\":\"en-US\",\"@id\":\"https:\/\/librairie7l.com\/en\/#\/schema\/logo\/image\/\",\"url\":\"https:\/\/librairie7l.com\/wp-content\/uploads\/2022\/08\/logo-1.png\",\"contentUrl\":\"https:\/\/librairie7l.com\/wp-content\/uploads\/2022\/08\/logo-1.png\",\"width\":227,\"height\":301,\"caption\":\"Librairie 7L\"},\"image\":{\"@id\":\"https:\/\/librairie7l.com\/en\/#\/schema\/logo\/image\/\"}}]}<\/script>\n<!-- \/ Yoast SEO plugin. -->","yoast_head_json":{"title":"LA LETTRE ET L'IMAGE - Librairie 7L","robots":{"index":"index","follow":"follow","max-snippet":"max-snippet:-1","max-image-preview":"max-image-preview:large","max-video-preview":"max-video-preview:-1"},"canonical":"https:\/\/librairie7l.com\/en\/produit\/la-lettre-et-limage\/","og_locale":"en_US","og_type":"article","og_title":"LA LETTRE ET L'IMAGE - Librairie 7L","og_description":"Les lettres ont d&#8217;abord \u00e9t\u00e9 des images. Comme on sait, le mot &#8220;alphabet&#8221; a \u00e9t\u00e9 form\u00e9 \u00e0 partir des lettres aleph et beth, qui repr\u00e9sentent respectivement, dans leur graphie ancienne, une t\u00eate de taureau (\u00e0 l&#8217;envers) et une maison, dont le trac\u00e9 emprunte \u00e0 un hi\u00e9roglyphe \u00e9gyptien o\u00f9 l&#8217;on peut reconna\u00eetre notre b couch\u00e9. Or, [&hellip;]","og_url":"https:\/\/librairie7l.com\/en\/produit\/la-lettre-et-limage\/","og_site_name":"Librairie 7L","article_modified_time":"2026-04-19T05:43:31+00:00","og_image":[{"width":381,"height":475,"url":"https:\/\/librairie7l.com\/wp-content\/uploads\/2003\/09\/9782070117758_1_75.jpg","type":"image\/jpeg"}],"twitter_card":"summary_large_image","twitter_misc":{"Est. reading time":"2 minutes"},"schema":{"@context":"https:\/\/schema.org","@graph":[{"@type":"WebPage","@id":"https:\/\/librairie7l.com\/en\/produit\/la-lettre-et-limage\/","url":"https:\/\/librairie7l.com\/en\/produit\/la-lettre-et-limage\/","name":"LA LETTRE ET L'IMAGE - Librairie 7L","isPartOf":{"@id":"https:\/\/librairie7l.com\/en\/#website"},"datePublished":"2023-05-10T11:22:26+00:00","dateModified":"2026-04-19T05:43:31+00:00","breadcrumb":{"@id":"https:\/\/librairie7l.com\/en\/produit\/la-lettre-et-limage\/#breadcrumb"},"inLanguage":"en-US","potentialAction":[{"@type":"ReadAction","target":["https:\/\/librairie7l.com\/en\/produit\/la-lettre-et-limage\/"]}]},{"@type":"BreadcrumbList","@id":"https:\/\/librairie7l.com\/en\/produit\/la-lettre-et-limage\/#breadcrumb","itemListElement":[{"@type":"ListItem","position":1,"name":"Accueil","item":"https:\/\/librairie7l.com\/en\/"},{"@type":"ListItem","position":2,"name":"Shop","item":"https:\/\/librairie7l.com\/en\/shop\/"},{"@type":"ListItem","position":3,"name":"LA LETTRE ET L&#8217;IMAGE"}]},{"@type":"WebSite","@id":"https:\/\/librairie7l.com\/en\/#website","url":"https:\/\/librairie7l.com\/en\/","name":"Librairie 7L","description":"Librairie fond\u00e9e en 1999 par Karl Lagerfeld \u00e0 Paris","publisher":{"@id":"https:\/\/librairie7l.com\/en\/#organization"},"potentialAction":[{"@type":"SearchAction","target":{"@type":"EntryPoint","urlTemplate":"https:\/\/librairie7l.com\/en\/?s={search_term_string}"},"query-input":"required name=search_term_string"}],"inLanguage":"en-US"},{"@type":"Organization","@id":"https:\/\/librairie7l.com\/en\/#organization","name":"Librairie 7L","url":"https:\/\/librairie7l.com\/en\/","logo":{"@type":"ImageObject","inLanguage":"en-US","@id":"https:\/\/librairie7l.com\/en\/#\/schema\/logo\/image\/","url":"https:\/\/librairie7l.com\/wp-content\/uploads\/2022\/08\/logo-1.png","contentUrl":"https:\/\/librairie7l.com\/wp-content\/uploads\/2022\/08\/logo-1.png","width":227,"height":301,"caption":"Librairie 7L"},"image":{"@id":"https:\/\/librairie7l.com\/en\/#\/schema\/logo\/image\/"}}]}},"_links":{"self":[{"href":"https:\/\/librairie7l.com\/en\/wp-json\/wp\/v2\/product\/28093"}],"collection":[{"href":"https:\/\/librairie7l.com\/en\/wp-json\/wp\/v2\/product"}],"about":[{"href":"https:\/\/librairie7l.com\/en\/wp-json\/wp\/v2\/types\/product"}],"wp:featuredmedia":[{"embeddable":true,"href":"https:\/\/librairie7l.com\/en\/wp-json\/wp\/v2\/media\/28091"}],"wp:attachment":[{"href":"https:\/\/librairie7l.com\/en\/wp-json\/wp\/v2\/media?parent=28093"}],"wp:term":[{"taxonomy":"product_cat","embeddable":true,"href":"https:\/\/librairie7l.com\/en\/wp-json\/wp\/v2\/product_cat?post=28093"},{"taxonomy":"product_tag","embeddable":true,"href":"https:\/\/librairie7l.com\/en\/wp-json\/wp\/v2\/product_tag?post=28093"}],"curies":[{"name":"wp","href":"https:\/\/api.w.org\/{rel}","templated":true}]}}