{"id":28101,"date":"2023-05-10T13:22:50","date_gmt":"2023-05-10T11:22:50","guid":{"rendered":"https:\/\/librairie7l.com\/?post_type=product&#038;p=28101"},"modified":"2026-04-06T23:30:04","modified_gmt":"2026-04-06T21:30:04","slug":"martin-parr","status":"publish","type":"product","link":"https:\/\/librairie7l.com\/en\/produit\/martin-parr\/","title":{"rendered":"MARTIN PARR"},"content":{"rendered":"<p>Cet album, publi\u00e9 \u00e0 l&#8217;occasion d&#8217;une exposition consacr\u00e9e au photographe en Allemagne en 2004, retrace la carri\u00e8re de Martin Parr. V. Williams analyse son exploration documentaire de la culture populaire et de la soci\u00e9t\u00e9 de consommation \u00e0 travers le monde durant les trente derni\u00e8res ann\u00e9es. Edition augment\u00e9e de trois chapitres consacr\u00e9s \u00e0 ses diverses activit\u00e9s, de l&#8217;\u00e9dition au blogging.<\/p>\n","protected":false},"excerpt":{"rendered":"<p>Cet album, publi\u00e9 \u00e0 l&#8217;occasion d&#8217;une exposition consacr\u00e9e au photographe en Allemagne en 2004, retrace la carri\u00e8re de Martin Parr. V. Williams analyse son exploration documentaire de la culture populaire et de la soci\u00e9t\u00e9 de consommation \u00e0 travers le monde durant les trente derni\u00e8res ann\u00e9es. Edition augment\u00e9e de trois chapitres consacr\u00e9s \u00e0 ses diverses activit\u00e9s, [&hellip;]<\/p>\n","protected":false},"featured_media":28099,"template":"","meta":[],"product_cat":[55,2948,2958,17],"product_tag":[],"acf":[],"yoast_head":"<!-- This site is optimized with the Yoast SEO plugin v20.11 - https:\/\/yoast.com\/wordpress\/plugins\/seo\/ -->\n<title>MARTIN PARR - Librairie 7L<\/title>\n<meta name=\"robots\" content=\"index, follow, max-snippet:-1, max-image-preview:large, max-video-preview:-1\" \/>\n<link rel=\"canonical\" href=\"https:\/\/librairie7l.com\/en\/produit\/martin-parr\/\" \/>\n<meta property=\"og:locale\" content=\"en_US\" \/>\n<meta property=\"og:type\" content=\"article\" \/>\n<meta property=\"og:title\" content=\"MARTIN PARR - Librairie 7L\" \/>\n<meta property=\"og:description\" content=\"Cet album, publi\u00e9 \u00e0 l&#8217;occasion d&#8217;une exposition consacr\u00e9e au photographe en Allemagne en 2004, retrace la carri\u00e8re de Martin Parr. V. Williams analyse son exploration documentaire de la culture populaire et de la soci\u00e9t\u00e9 de consommation \u00e0 travers le monde durant les trente derni\u00e8res ann\u00e9es. Edition augment\u00e9e de trois chapitres consacr\u00e9s \u00e0 ses diverses activit\u00e9s, [&hellip;]\" \/>\n<meta property=\"og:url\" content=\"https:\/\/librairie7l.com\/en\/produit\/martin-parr\/\" \/>\n<meta property=\"og:site_name\" content=\"Librairie 7L\" \/>\n<meta property=\"article:modified_time\" content=\"2026-04-06T21:30:04+00:00\" \/>\n<meta property=\"og:image\" content=\"https:\/\/librairie7l.com\/wp-content\/uploads\/2014\/01\/9780714867878_1_75.jpg\" \/>\n\t<meta property=\"og:image:width\" content=\"1136\" \/>\n\t<meta property=\"og:image:height\" content=\"1000\" \/>\n\t<meta property=\"og:image:type\" content=\"image\/jpeg\" \/>\n<meta name=\"twitter:card\" content=\"summary_large_image\" \/>\n<script type=\"application\/ld+json\" class=\"yoast-schema-graph\">{\"@context\":\"https:\/\/schema.org\",\"@graph\":[{\"@type\":\"WebPage\",\"@id\":\"https:\/\/librairie7l.com\/en\/produit\/martin-parr\/\",\"url\":\"https:\/\/librairie7l.com\/en\/produit\/martin-parr\/\",\"name\":\"MARTIN PARR - Librairie 7L\",\"isPartOf\":{\"@id\":\"https:\/\/librairie7l.com\/en\/#website\"},\"datePublished\":\"2023-05-10T11:22:50+00:00\",\"dateModified\":\"2026-04-06T21:30:04+00:00\",\"breadcrumb\":{\"@id\":\"https:\/\/librairie7l.com\/en\/produit\/martin-parr\/#breadcrumb\"},\"inLanguage\":\"en-US\",\"potentialAction\":[{\"@type\":\"ReadAction\",\"target\":[\"https:\/\/librairie7l.com\/en\/produit\/martin-parr\/\"]}]},{\"@type\":\"BreadcrumbList\",\"@id\":\"https:\/\/librairie7l.com\/en\/produit\/martin-parr\/#breadcrumb\",\"itemListElement\":[{\"@type\":\"ListItem\",\"position\":1,\"name\":\"Accueil\",\"item\":\"https:\/\/librairie7l.com\/en\/\"},{\"@type\":\"ListItem\",\"position\":2,\"name\":\"Shop\",\"item\":\"https:\/\/librairie7l.com\/en\/shop\/\"},{\"@type\":\"ListItem\",\"position\":3,\"name\":\"MARTIN PARR\"}]},{\"@type\":\"WebSite\",\"@id\":\"https:\/\/librairie7l.com\/en\/#website\",\"url\":\"https:\/\/librairie7l.com\/en\/\",\"name\":\"Librairie 7L\",\"description\":\"Librairie fond\u00e9e en 1999 par Karl Lagerfeld \u00e0 Paris\",\"publisher\":{\"@id\":\"https:\/\/librairie7l.com\/en\/#organization\"},\"potentialAction\":[{\"@type\":\"SearchAction\",\"target\":{\"@type\":\"EntryPoint\",\"urlTemplate\":\"https:\/\/librairie7l.com\/en\/?s={search_term_string}\"},\"query-input\":\"required name=search_term_string\"}],\"inLanguage\":\"en-US\"},{\"@type\":\"Organization\",\"@id\":\"https:\/\/librairie7l.com\/en\/#organization\",\"name\":\"Librairie 7L\",\"url\":\"https:\/\/librairie7l.com\/en\/\",\"logo\":{\"@type\":\"ImageObject\",\"inLanguage\":\"en-US\",\"@id\":\"https:\/\/librairie7l.com\/en\/#\/schema\/logo\/image\/\",\"url\":\"https:\/\/librairie7l.com\/wp-content\/uploads\/2022\/08\/logo-1.png\",\"contentUrl\":\"https:\/\/librairie7l.com\/wp-content\/uploads\/2022\/08\/logo-1.png\",\"width\":227,\"height\":301,\"caption\":\"Librairie 7L\"},\"image\":{\"@id\":\"https:\/\/librairie7l.com\/en\/#\/schema\/logo\/image\/\"}}]}<\/script>\n<!-- \/ Yoast SEO plugin. -->","yoast_head_json":{"title":"MARTIN PARR - Librairie 7L","robots":{"index":"index","follow":"follow","max-snippet":"max-snippet:-1","max-image-preview":"max-image-preview:large","max-video-preview":"max-video-preview:-1"},"canonical":"https:\/\/librairie7l.com\/en\/produit\/martin-parr\/","og_locale":"en_US","og_type":"article","og_title":"MARTIN PARR - Librairie 7L","og_description":"Cet album, publi\u00e9 \u00e0 l&#8217;occasion d&#8217;une exposition consacr\u00e9e au photographe en Allemagne en 2004, retrace la carri\u00e8re de Martin Parr. V. Williams analyse son exploration documentaire de la culture populaire et de la soci\u00e9t\u00e9 de consommation \u00e0 travers le monde durant les trente derni\u00e8res ann\u00e9es. Edition augment\u00e9e de trois chapitres consacr\u00e9s \u00e0 ses diverses activit\u00e9s, [&hellip;]","og_url":"https:\/\/librairie7l.com\/en\/produit\/martin-parr\/","og_site_name":"Librairie 7L","article_modified_time":"2026-04-06T21:30:04+00:00","og_image":[{"width":1136,"height":1000,"url":"https:\/\/librairie7l.com\/wp-content\/uploads\/2014\/01\/9780714867878_1_75.jpg","type":"image\/jpeg"}],"twitter_card":"summary_large_image","schema":{"@context":"https:\/\/schema.org","@graph":[{"@type":"WebPage","@id":"https:\/\/librairie7l.com\/en\/produit\/martin-parr\/","url":"https:\/\/librairie7l.com\/en\/produit\/martin-parr\/","name":"MARTIN PARR - Librairie 7L","isPartOf":{"@id":"https:\/\/librairie7l.com\/en\/#website"},"datePublished":"2023-05-10T11:22:50+00:00","dateModified":"2026-04-06T21:30:04+00:00","breadcrumb":{"@id":"https:\/\/librairie7l.com\/en\/produit\/martin-parr\/#breadcrumb"},"inLanguage":"en-US","potentialAction":[{"@type":"ReadAction","target":["https:\/\/librairie7l.com\/en\/produit\/martin-parr\/"]}]},{"@type":"BreadcrumbList","@id":"https:\/\/librairie7l.com\/en\/produit\/martin-parr\/#breadcrumb","itemListElement":[{"@type":"ListItem","position":1,"name":"Accueil","item":"https:\/\/librairie7l.com\/en\/"},{"@type":"ListItem","position":2,"name":"Shop","item":"https:\/\/librairie7l.com\/en\/shop\/"},{"@type":"ListItem","position":3,"name":"MARTIN PARR"}]},{"@type":"WebSite","@id":"https:\/\/librairie7l.com\/en\/#website","url":"https:\/\/librairie7l.com\/en\/","name":"Librairie 7L","description":"Librairie fond\u00e9e en 1999 par Karl Lagerfeld \u00e0 Paris","publisher":{"@id":"https:\/\/librairie7l.com\/en\/#organization"},"potentialAction":[{"@type":"SearchAction","target":{"@type":"EntryPoint","urlTemplate":"https:\/\/librairie7l.com\/en\/?s={search_term_string}"},"query-input":"required name=search_term_string"}],"inLanguage":"en-US"},{"@type":"Organization","@id":"https:\/\/librairie7l.com\/en\/#organization","name":"Librairie 7L","url":"https:\/\/librairie7l.com\/en\/","logo":{"@type":"ImageObject","inLanguage":"en-US","@id":"https:\/\/librairie7l.com\/en\/#\/schema\/logo\/image\/","url":"https:\/\/librairie7l.com\/wp-content\/uploads\/2022\/08\/logo-1.png","contentUrl":"https:\/\/librairie7l.com\/wp-content\/uploads\/2022\/08\/logo-1.png","width":227,"height":301,"caption":"Librairie 7L"},"image":{"@id":"https:\/\/librairie7l.com\/en\/#\/schema\/logo\/image\/"}}]}},"_links":{"self":[{"href":"https:\/\/librairie7l.com\/en\/wp-json\/wp\/v2\/product\/28101"}],"collection":[{"href":"https:\/\/librairie7l.com\/en\/wp-json\/wp\/v2\/product"}],"about":[{"href":"https:\/\/librairie7l.com\/en\/wp-json\/wp\/v2\/types\/product"}],"wp:featuredmedia":[{"embeddable":true,"href":"https:\/\/librairie7l.com\/en\/wp-json\/wp\/v2\/media\/28099"}],"wp:attachment":[{"href":"https:\/\/librairie7l.com\/en\/wp-json\/wp\/v2\/media?parent=28101"}],"wp:term":[{"taxonomy":"product_cat","embeddable":true,"href":"https:\/\/librairie7l.com\/en\/wp-json\/wp\/v2\/product_cat?post=28101"},{"taxonomy":"product_tag","embeddable":true,"href":"https:\/\/librairie7l.com\/en\/wp-json\/wp\/v2\/product_tag?post=28101"}],"curies":[{"name":"wp","href":"https:\/\/api.w.org\/{rel}","templated":true}]}}