{"id":28109,"date":"2023-05-10T13:23:10","date_gmt":"2023-05-10T11:23:10","guid":{"rendered":"https:\/\/librairie7l.com\/?post_type=product&#038;p=28109"},"modified":"2026-04-23T09:44:47","modified_gmt":"2026-04-23T07:44:47","slug":"les-techniques-narratives-du-cinema-les-100-plus-grands-procedes-que-tout-real","status":"publish","type":"product","link":"https:\/\/librairie7l.com\/en\/produit\/les-techniques-narratives-du-cinema-les-100-plus-grands-procedes-que-tout-real\/","title":{"rendered":"LES TECHNIQUES NARRATIVES DU CINEMA ; LES 100 PLUS GRANDS PROC\u00c9D\u00c9S QUE TOUT R\u00c9ALISATEUR DOIT CONNA\u00ceTRE"},"content":{"rendered":"<p>Je m&#8217;efforce de toujours chercher d&#8217;abord la fa\u00e7on cin\u00e9matographique de raconter une histoire par la succession des plans et des morceaux de film entre eux. Lorsqu&#8217;on \u00e9crit un film, il est indispensable [&#8230;] chaque fois qu&#8217;il est possible, d&#8217;accorder la pr\u00e9f\u00e9rence au visuel sur le dialogue [&#8230;] En r\u00e9sum\u00e9, on peut dire que le rectangle de l&#8217;\u00e9cran doit \u00eatre charg\u00e9 d&#8217;\u00e9motion.En \u00e9cho \u00e0 ces propos d&#8217;Alfred Hitchcock, ce livre pr\u00e9sente 100 exemples des techniques proprement cin\u00e9matographiques qui construisent l&#8217;histoire d&#8217;un film. De Metropolis \u00e0 Kill Bill, des extraits de sc\u00e9narii c\u00e9l\u00e8bres montrent comment cr\u00e9er des caract\u00e8res, dynamiser une action, donner toute sa force \u00e0 une intrigue par le travail du cadrage, des mouvements de cam\u00e9ra, de la lumi\u00e8re&#8230;La force de ce v\u00e9ritable guide de r\u00e9f\u00e9rence \u00e0 l&#8217;usage des sc\u00e9naristes, des r\u00e9alisateurs et de tous les cin\u00e9philes est d&#8217;offrir une traduction simple et efficace, gr\u00e2ce notamment \u00e0 la reproduction de tr\u00e8s nombreux photogrammes, de la fa\u00e7on dont le cin\u00e9ma produit du sens. Et de prouver, au travers de r\u00e9f\u00e9rences tant classiques que contemporaines, qu&#8217;un film est bien autre chose que de la photographie de gens qui parlent.<\/p>\n","protected":false},"excerpt":{"rendered":"<p>Je m&#8217;efforce de toujours chercher d&#8217;abord la fa\u00e7on cin\u00e9matographique de raconter une histoire par la succession des plans et des morceaux de film entre eux. Lorsqu&#8217;on \u00e9crit un film, il est indispensable [&#8230;] chaque fois qu&#8217;il est possible, d&#8217;accorder la pr\u00e9f\u00e9rence au visuel sur le dialogue [&#8230;] En r\u00e9sum\u00e9, on peut dire que le rectangle [&hellip;]<\/p>\n","protected":false},"featured_media":28107,"template":"","meta":[],"product_cat":[55,2948,2958,17],"product_tag":[],"acf":[],"yoast_head":"<!-- This site is optimized with the Yoast SEO plugin v20.11 - https:\/\/yoast.com\/wordpress\/plugins\/seo\/ -->\n<title>LES TECHNIQUES NARRATIVES DU CINEMA ; LES 100 PLUS GRANDS PROC\u00c9D\u00c9S QUE TOUT R\u00c9ALISATEUR DOIT CONNA\u00ceTRE - Librairie 7L<\/title>\n<meta name=\"robots\" content=\"index, follow, max-snippet:-1, max-image-preview:large, max-video-preview:-1\" \/>\n<link rel=\"canonical\" href=\"https:\/\/librairie7l.com\/en\/produit\/les-techniques-narratives-du-cinema-les-100-plus-grands-procedes-que-tout-real\/\" \/>\n<meta property=\"og:locale\" content=\"en_US\" \/>\n<meta property=\"og:type\" content=\"article\" \/>\n<meta property=\"og:title\" content=\"LES TECHNIQUES NARRATIVES DU CINEMA ; LES 100 PLUS GRANDS PROC\u00c9D\u00c9S QUE TOUT R\u00c9ALISATEUR DOIT CONNA\u00ceTRE - Librairie 7L\" \/>\n<meta property=\"og:description\" content=\"Je m&#8217;efforce de toujours chercher d&#8217;abord la fa\u00e7on cin\u00e9matographique de raconter une histoire par la succession des plans et des morceaux de film entre eux. Lorsqu&#8217;on \u00e9crit un film, il est indispensable [&#8230;] chaque fois qu&#8217;il est possible, d&#8217;accorder la pr\u00e9f\u00e9rence au visuel sur le dialogue [&#8230;] En r\u00e9sum\u00e9, on peut dire que le rectangle [&hellip;]\" \/>\n<meta property=\"og:url\" content=\"https:\/\/librairie7l.com\/en\/produit\/les-techniques-narratives-du-cinema-les-100-plus-grands-procedes-que-tout-real\/\" \/>\n<meta property=\"og:site_name\" content=\"Librairie 7L\" \/>\n<meta property=\"article:modified_time\" content=\"2026-04-23T07:44:47+00:00\" \/>\n<meta property=\"og:image\" content=\"https:\/\/librairie7l.com\/wp-content\/uploads\/2005\/10\/9782212117615_1_75.jpg\" \/>\n\t<meta property=\"og:image:width\" content=\"784\" \/>\n\t<meta property=\"og:image:height\" content=\"525\" \/>\n\t<meta property=\"og:image:type\" content=\"image\/jpeg\" \/>\n<meta name=\"twitter:card\" content=\"summary_large_image\" \/>\n<meta name=\"twitter:label1\" content=\"Est. reading time\" \/>\n\t<meta name=\"twitter:data1\" content=\"1 minute\" \/>\n<script type=\"application\/ld+json\" class=\"yoast-schema-graph\">{\"@context\":\"https:\/\/schema.org\",\"@graph\":[{\"@type\":\"WebPage\",\"@id\":\"https:\/\/librairie7l.com\/en\/produit\/les-techniques-narratives-du-cinema-les-100-plus-grands-procedes-que-tout-real\/\",\"url\":\"https:\/\/librairie7l.com\/en\/produit\/les-techniques-narratives-du-cinema-les-100-plus-grands-procedes-que-tout-real\/\",\"name\":\"LES TECHNIQUES NARRATIVES DU CINEMA ; LES 100 PLUS GRANDS PROC\u00c9D\u00c9S QUE TOUT R\u00c9ALISATEUR DOIT CONNA\u00ceTRE - Librairie 7L\",\"isPartOf\":{\"@id\":\"https:\/\/librairie7l.com\/en\/#website\"},\"datePublished\":\"2023-05-10T11:23:10+00:00\",\"dateModified\":\"2026-04-23T07:44:47+00:00\",\"breadcrumb\":{\"@id\":\"https:\/\/librairie7l.com\/en\/produit\/les-techniques-narratives-du-cinema-les-100-plus-grands-procedes-que-tout-real\/#breadcrumb\"},\"inLanguage\":\"en-US\",\"potentialAction\":[{\"@type\":\"ReadAction\",\"target\":[\"https:\/\/librairie7l.com\/en\/produit\/les-techniques-narratives-du-cinema-les-100-plus-grands-procedes-que-tout-real\/\"]}]},{\"@type\":\"BreadcrumbList\",\"@id\":\"https:\/\/librairie7l.com\/en\/produit\/les-techniques-narratives-du-cinema-les-100-plus-grands-procedes-que-tout-real\/#breadcrumb\",\"itemListElement\":[{\"@type\":\"ListItem\",\"position\":1,\"name\":\"Accueil\",\"item\":\"https:\/\/librairie7l.com\/en\/\"},{\"@type\":\"ListItem\",\"position\":2,\"name\":\"Shop\",\"item\":\"https:\/\/librairie7l.com\/en\/shop\/\"},{\"@type\":\"ListItem\",\"position\":3,\"name\":\"LES TECHNIQUES NARRATIVES DU CINEMA ; LES 100 PLUS GRANDS PROC\u00c9D\u00c9S QUE TOUT R\u00c9ALISATEUR DOIT CONNA\u00ceTRE\"}]},{\"@type\":\"WebSite\",\"@id\":\"https:\/\/librairie7l.com\/en\/#website\",\"url\":\"https:\/\/librairie7l.com\/en\/\",\"name\":\"Librairie 7L\",\"description\":\"Librairie fond\u00e9e en 1999 par Karl Lagerfeld \u00e0 Paris\",\"publisher\":{\"@id\":\"https:\/\/librairie7l.com\/en\/#organization\"},\"potentialAction\":[{\"@type\":\"SearchAction\",\"target\":{\"@type\":\"EntryPoint\",\"urlTemplate\":\"https:\/\/librairie7l.com\/en\/?s={search_term_string}\"},\"query-input\":\"required name=search_term_string\"}],\"inLanguage\":\"en-US\"},{\"@type\":\"Organization\",\"@id\":\"https:\/\/librairie7l.com\/en\/#organization\",\"name\":\"Librairie 7L\",\"url\":\"https:\/\/librairie7l.com\/en\/\",\"logo\":{\"@type\":\"ImageObject\",\"inLanguage\":\"en-US\",\"@id\":\"https:\/\/librairie7l.com\/en\/#\/schema\/logo\/image\/\",\"url\":\"https:\/\/librairie7l.com\/wp-content\/uploads\/2022\/08\/logo-1.png\",\"contentUrl\":\"https:\/\/librairie7l.com\/wp-content\/uploads\/2022\/08\/logo-1.png\",\"width\":227,\"height\":301,\"caption\":\"Librairie 7L\"},\"image\":{\"@id\":\"https:\/\/librairie7l.com\/en\/#\/schema\/logo\/image\/\"}}]}<\/script>\n<!-- \/ Yoast SEO plugin. -->","yoast_head_json":{"title":"LES TECHNIQUES NARRATIVES DU CINEMA ; LES 100 PLUS GRANDS PROC\u00c9D\u00c9S QUE TOUT R\u00c9ALISATEUR DOIT CONNA\u00ceTRE - Librairie 7L","robots":{"index":"index","follow":"follow","max-snippet":"max-snippet:-1","max-image-preview":"max-image-preview:large","max-video-preview":"max-video-preview:-1"},"canonical":"https:\/\/librairie7l.com\/en\/produit\/les-techniques-narratives-du-cinema-les-100-plus-grands-procedes-que-tout-real\/","og_locale":"en_US","og_type":"article","og_title":"LES TECHNIQUES NARRATIVES DU CINEMA ; LES 100 PLUS GRANDS PROC\u00c9D\u00c9S QUE TOUT R\u00c9ALISATEUR DOIT CONNA\u00ceTRE - Librairie 7L","og_description":"Je m&#8217;efforce de toujours chercher d&#8217;abord la fa\u00e7on cin\u00e9matographique de raconter une histoire par la succession des plans et des morceaux de film entre eux. Lorsqu&#8217;on \u00e9crit un film, il est indispensable [&#8230;] chaque fois qu&#8217;il est possible, d&#8217;accorder la pr\u00e9f\u00e9rence au visuel sur le dialogue [&#8230;] En r\u00e9sum\u00e9, on peut dire que le rectangle [&hellip;]","og_url":"https:\/\/librairie7l.com\/en\/produit\/les-techniques-narratives-du-cinema-les-100-plus-grands-procedes-que-tout-real\/","og_site_name":"Librairie 7L","article_modified_time":"2026-04-23T07:44:47+00:00","og_image":[{"width":784,"height":525,"url":"https:\/\/librairie7l.com\/wp-content\/uploads\/2005\/10\/9782212117615_1_75.jpg","type":"image\/jpeg"}],"twitter_card":"summary_large_image","twitter_misc":{"Est. reading time":"1 minute"},"schema":{"@context":"https:\/\/schema.org","@graph":[{"@type":"WebPage","@id":"https:\/\/librairie7l.com\/en\/produit\/les-techniques-narratives-du-cinema-les-100-plus-grands-procedes-que-tout-real\/","url":"https:\/\/librairie7l.com\/en\/produit\/les-techniques-narratives-du-cinema-les-100-plus-grands-procedes-que-tout-real\/","name":"LES TECHNIQUES NARRATIVES DU CINEMA ; LES 100 PLUS GRANDS PROC\u00c9D\u00c9S QUE TOUT R\u00c9ALISATEUR DOIT CONNA\u00ceTRE - Librairie 7L","isPartOf":{"@id":"https:\/\/librairie7l.com\/en\/#website"},"datePublished":"2023-05-10T11:23:10+00:00","dateModified":"2026-04-23T07:44:47+00:00","breadcrumb":{"@id":"https:\/\/librairie7l.com\/en\/produit\/les-techniques-narratives-du-cinema-les-100-plus-grands-procedes-que-tout-real\/#breadcrumb"},"inLanguage":"en-US","potentialAction":[{"@type":"ReadAction","target":["https:\/\/librairie7l.com\/en\/produit\/les-techniques-narratives-du-cinema-les-100-plus-grands-procedes-que-tout-real\/"]}]},{"@type":"BreadcrumbList","@id":"https:\/\/librairie7l.com\/en\/produit\/les-techniques-narratives-du-cinema-les-100-plus-grands-procedes-que-tout-real\/#breadcrumb","itemListElement":[{"@type":"ListItem","position":1,"name":"Accueil","item":"https:\/\/librairie7l.com\/en\/"},{"@type":"ListItem","position":2,"name":"Shop","item":"https:\/\/librairie7l.com\/en\/shop\/"},{"@type":"ListItem","position":3,"name":"LES TECHNIQUES NARRATIVES DU CINEMA ; LES 100 PLUS GRANDS PROC\u00c9D\u00c9S QUE TOUT R\u00c9ALISATEUR DOIT CONNA\u00ceTRE"}]},{"@type":"WebSite","@id":"https:\/\/librairie7l.com\/en\/#website","url":"https:\/\/librairie7l.com\/en\/","name":"Librairie 7L","description":"Librairie fond\u00e9e en 1999 par Karl Lagerfeld \u00e0 Paris","publisher":{"@id":"https:\/\/librairie7l.com\/en\/#organization"},"potentialAction":[{"@type":"SearchAction","target":{"@type":"EntryPoint","urlTemplate":"https:\/\/librairie7l.com\/en\/?s={search_term_string}"},"query-input":"required name=search_term_string"}],"inLanguage":"en-US"},{"@type":"Organization","@id":"https:\/\/librairie7l.com\/en\/#organization","name":"Librairie 7L","url":"https:\/\/librairie7l.com\/en\/","logo":{"@type":"ImageObject","inLanguage":"en-US","@id":"https:\/\/librairie7l.com\/en\/#\/schema\/logo\/image\/","url":"https:\/\/librairie7l.com\/wp-content\/uploads\/2022\/08\/logo-1.png","contentUrl":"https:\/\/librairie7l.com\/wp-content\/uploads\/2022\/08\/logo-1.png","width":227,"height":301,"caption":"Librairie 7L"},"image":{"@id":"https:\/\/librairie7l.com\/en\/#\/schema\/logo\/image\/"}}]}},"_links":{"self":[{"href":"https:\/\/librairie7l.com\/en\/wp-json\/wp\/v2\/product\/28109"}],"collection":[{"href":"https:\/\/librairie7l.com\/en\/wp-json\/wp\/v2\/product"}],"about":[{"href":"https:\/\/librairie7l.com\/en\/wp-json\/wp\/v2\/types\/product"}],"wp:featuredmedia":[{"embeddable":true,"href":"https:\/\/librairie7l.com\/en\/wp-json\/wp\/v2\/media\/28107"}],"wp:attachment":[{"href":"https:\/\/librairie7l.com\/en\/wp-json\/wp\/v2\/media?parent=28109"}],"wp:term":[{"taxonomy":"product_cat","embeddable":true,"href":"https:\/\/librairie7l.com\/en\/wp-json\/wp\/v2\/product_cat?post=28109"},{"taxonomy":"product_tag","embeddable":true,"href":"https:\/\/librairie7l.com\/en\/wp-json\/wp\/v2\/product_tag?post=28109"}],"curies":[{"name":"wp","href":"https:\/\/api.w.org\/{rel}","templated":true}]}}