{"id":28118,"date":"2023-05-10T13:23:24","date_gmt":"2023-05-10T11:23:24","guid":{"rendered":"https:\/\/librairie7l.com\/?post_type=product&#038;p=28118"},"modified":"2026-04-07T00:36:15","modified_gmt":"2026-04-06T22:36:15","slug":"metamorphoses-histoire-naturelle-et-didactique-dans-les-collections-strasbourg","status":"publish","type":"product","link":"https:\/\/librairie7l.com\/en\/produit\/metamorphoses-histoire-naturelle-et-didactique-dans-les-collections-strasbourg\/","title":{"rendered":"M\u00c9TAMORPHOSES ; HISTOIRE NATURELLE ET DIDACTIQUE DANS LES COLLECTIONS STRASBOURGEOISES"},"content":{"rendered":"<p>Dans ce nouveau titre, le dialogue s&#8217;installe entre art et science, et plus particuli\u00e8rement entre gravures et sp\u00e9cimens. N\u00e9e en 1647, Anna Maria Sibylla Merian a tr\u00e8s rapidement mis ses talents d&#8217;illustratrice au service de l&#8217;entomologie. \u00c0 une \u00e9poque o\u00f9 les femmes actrices dans le domaine des sciences sont rarissimes, elle s&#8217;illustre en participant \u00e0 un long voyage scientifique au Suriname, alors colonie n\u00e9erlandaise. Fascin\u00e9e par les insectes et leurs m\u00e9tamorphoses, en particulier celle des papillons, elle multiplie les observations de plantes, insectes et autres animaux exotiques, participant avec ses gravures \u00e0 l&#8217;avanc\u00e9e des sciences naturelles.<br \/>\nLa Biblioth\u00e8que des Mus\u00e9es de Strasbourg conserve un ouvrage scientifique paru \u00e0 Paris en 1771 et contenant une \u00e9dition fran\u00e7aise de l&#8217;oeuvre majeure de Merian, Metamorphosis insectorum Surinamensium, qui contient le fruit de ses observations, illustr\u00e9es de nombreuses gravures. Dans ce num\u00e9ro du Cabinet de l&#8217;amateur, les gravures en question figurant fleurs, papillons, chenilles et autres insectes, cohabiteront avec les sp\u00e9cimens du Mus\u00e9e zoologique de Strasbourg. Quelle meilleure illustration de l&#8217;esprit et du travail d&#8217;Anna Maria Sibylla Merian, qui associe \u00e9troitement ses illustrations \u00e0 l&#8217;observation de la nature et qui, par ailleurs, collectionnait elle-m\u00eame les insectes ?<\/p>\n","protected":false},"excerpt":{"rendered":"<p>Dans ce nouveau titre, le dialogue s&#8217;installe entre art et science, et plus particuli\u00e8rement entre gravures et sp\u00e9cimens. N\u00e9e en 1647, Anna Maria Sibylla Merian a tr\u00e8s rapidement mis ses talents d&#8217;illustratrice au service de l&#8217;entomologie. \u00c0 une \u00e9poque o\u00f9 les femmes actrices dans le domaine des sciences sont rarissimes, elle s&#8217;illustre en participant \u00e0 [&hellip;]<\/p>\n","protected":false},"featured_media":28116,"template":"","meta":[],"product_cat":[2948,2956],"product_tag":[],"acf":[],"yoast_head":"<!-- This site is optimized with the Yoast SEO plugin v20.11 - https:\/\/yoast.com\/wordpress\/plugins\/seo\/ -->\n<title>M\u00c9TAMORPHOSES ; HISTOIRE NATURELLE ET DIDACTIQUE DANS LES COLLECTIONS STRASBOURGEOISES - Librairie 7L<\/title>\n<meta name=\"robots\" content=\"index, follow, max-snippet:-1, max-image-preview:large, max-video-preview:-1\" \/>\n<link rel=\"canonical\" href=\"https:\/\/librairie7l.com\/en\/produit\/metamorphoses-histoire-naturelle-et-didactique-dans-les-collections-strasbourg\/\" \/>\n<meta property=\"og:locale\" content=\"en_US\" \/>\n<meta property=\"og:type\" content=\"article\" \/>\n<meta property=\"og:title\" content=\"M\u00c9TAMORPHOSES ; HISTOIRE NATURELLE ET DIDACTIQUE DANS LES COLLECTIONS STRASBOURGEOISES - Librairie 7L\" \/>\n<meta property=\"og:description\" content=\"Dans ce nouveau titre, le dialogue s&#8217;installe entre art et science, et plus particuli\u00e8rement entre gravures et sp\u00e9cimens. N\u00e9e en 1647, Anna Maria Sibylla Merian a tr\u00e8s rapidement mis ses talents d&#8217;illustratrice au service de l&#8217;entomologie. \u00c0 une \u00e9poque o\u00f9 les femmes actrices dans le domaine des sciences sont rarissimes, elle s&#8217;illustre en participant \u00e0 [&hellip;]\" \/>\n<meta property=\"og:url\" content=\"https:\/\/librairie7l.com\/en\/produit\/metamorphoses-histoire-naturelle-et-didactique-dans-les-collections-strasbourg\/\" \/>\n<meta property=\"og:site_name\" content=\"Librairie 7L\" \/>\n<meta property=\"article:modified_time\" content=\"2026-04-06T22:36:15+00:00\" \/>\n<meta property=\"og:image\" content=\"https:\/\/librairie7l.com\/wp-content\/uploads\/2020\/04\/9782351251850_1_75.jpg\" \/>\n\t<meta property=\"og:image:width\" content=\"400\" \/>\n\t<meta property=\"og:image:height\" content=\"588\" \/>\n\t<meta property=\"og:image:type\" content=\"image\/jpeg\" \/>\n<meta name=\"twitter:card\" content=\"summary_large_image\" \/>\n<meta name=\"twitter:label1\" content=\"Est. reading time\" \/>\n\t<meta name=\"twitter:data1\" content=\"1 minute\" \/>\n<script type=\"application\/ld+json\" class=\"yoast-schema-graph\">{\"@context\":\"https:\/\/schema.org\",\"@graph\":[{\"@type\":\"WebPage\",\"@id\":\"https:\/\/librairie7l.com\/en\/produit\/metamorphoses-histoire-naturelle-et-didactique-dans-les-collections-strasbourg\/\",\"url\":\"https:\/\/librairie7l.com\/en\/produit\/metamorphoses-histoire-naturelle-et-didactique-dans-les-collections-strasbourg\/\",\"name\":\"M\u00c9TAMORPHOSES ; HISTOIRE NATURELLE ET DIDACTIQUE DANS LES COLLECTIONS STRASBOURGEOISES - Librairie 7L\",\"isPartOf\":{\"@id\":\"https:\/\/librairie7l.com\/en\/#website\"},\"datePublished\":\"2023-05-10T11:23:24+00:00\",\"dateModified\":\"2026-04-06T22:36:15+00:00\",\"breadcrumb\":{\"@id\":\"https:\/\/librairie7l.com\/en\/produit\/metamorphoses-histoire-naturelle-et-didactique-dans-les-collections-strasbourg\/#breadcrumb\"},\"inLanguage\":\"en-US\",\"potentialAction\":[{\"@type\":\"ReadAction\",\"target\":[\"https:\/\/librairie7l.com\/en\/produit\/metamorphoses-histoire-naturelle-et-didactique-dans-les-collections-strasbourg\/\"]}]},{\"@type\":\"BreadcrumbList\",\"@id\":\"https:\/\/librairie7l.com\/en\/produit\/metamorphoses-histoire-naturelle-et-didactique-dans-les-collections-strasbourg\/#breadcrumb\",\"itemListElement\":[{\"@type\":\"ListItem\",\"position\":1,\"name\":\"Accueil\",\"item\":\"https:\/\/librairie7l.com\/en\/\"},{\"@type\":\"ListItem\",\"position\":2,\"name\":\"Shop\",\"item\":\"https:\/\/librairie7l.com\/en\/shop\/\"},{\"@type\":\"ListItem\",\"position\":3,\"name\":\"M\u00c9TAMORPHOSES ; HISTOIRE NATURELLE ET DIDACTIQUE DANS LES COLLECTIONS STRASBOURGEOISES\"}]},{\"@type\":\"WebSite\",\"@id\":\"https:\/\/librairie7l.com\/en\/#website\",\"url\":\"https:\/\/librairie7l.com\/en\/\",\"name\":\"Librairie 7L\",\"description\":\"Librairie fond\u00e9e en 1999 par Karl Lagerfeld \u00e0 Paris\",\"publisher\":{\"@id\":\"https:\/\/librairie7l.com\/en\/#organization\"},\"potentialAction\":[{\"@type\":\"SearchAction\",\"target\":{\"@type\":\"EntryPoint\",\"urlTemplate\":\"https:\/\/librairie7l.com\/en\/?s={search_term_string}\"},\"query-input\":\"required name=search_term_string\"}],\"inLanguage\":\"en-US\"},{\"@type\":\"Organization\",\"@id\":\"https:\/\/librairie7l.com\/en\/#organization\",\"name\":\"Librairie 7L\",\"url\":\"https:\/\/librairie7l.com\/en\/\",\"logo\":{\"@type\":\"ImageObject\",\"inLanguage\":\"en-US\",\"@id\":\"https:\/\/librairie7l.com\/en\/#\/schema\/logo\/image\/\",\"url\":\"https:\/\/librairie7l.com\/wp-content\/uploads\/2022\/08\/logo-1.png\",\"contentUrl\":\"https:\/\/librairie7l.com\/wp-content\/uploads\/2022\/08\/logo-1.png\",\"width\":227,\"height\":301,\"caption\":\"Librairie 7L\"},\"image\":{\"@id\":\"https:\/\/librairie7l.com\/en\/#\/schema\/logo\/image\/\"}}]}<\/script>\n<!-- \/ Yoast SEO plugin. -->","yoast_head_json":{"title":"M\u00c9TAMORPHOSES ; HISTOIRE NATURELLE ET DIDACTIQUE DANS LES COLLECTIONS STRASBOURGEOISES - Librairie 7L","robots":{"index":"index","follow":"follow","max-snippet":"max-snippet:-1","max-image-preview":"max-image-preview:large","max-video-preview":"max-video-preview:-1"},"canonical":"https:\/\/librairie7l.com\/en\/produit\/metamorphoses-histoire-naturelle-et-didactique-dans-les-collections-strasbourg\/","og_locale":"en_US","og_type":"article","og_title":"M\u00c9TAMORPHOSES ; HISTOIRE NATURELLE ET DIDACTIQUE DANS LES COLLECTIONS STRASBOURGEOISES - Librairie 7L","og_description":"Dans ce nouveau titre, le dialogue s&#8217;installe entre art et science, et plus particuli\u00e8rement entre gravures et sp\u00e9cimens. N\u00e9e en 1647, Anna Maria Sibylla Merian a tr\u00e8s rapidement mis ses talents d&#8217;illustratrice au service de l&#8217;entomologie. \u00c0 une \u00e9poque o\u00f9 les femmes actrices dans le domaine des sciences sont rarissimes, elle s&#8217;illustre en participant \u00e0 [&hellip;]","og_url":"https:\/\/librairie7l.com\/en\/produit\/metamorphoses-histoire-naturelle-et-didactique-dans-les-collections-strasbourg\/","og_site_name":"Librairie 7L","article_modified_time":"2026-04-06T22:36:15+00:00","og_image":[{"width":400,"height":588,"url":"https:\/\/librairie7l.com\/wp-content\/uploads\/2020\/04\/9782351251850_1_75.jpg","type":"image\/jpeg"}],"twitter_card":"summary_large_image","twitter_misc":{"Est. reading time":"1 minute"},"schema":{"@context":"https:\/\/schema.org","@graph":[{"@type":"WebPage","@id":"https:\/\/librairie7l.com\/en\/produit\/metamorphoses-histoire-naturelle-et-didactique-dans-les-collections-strasbourg\/","url":"https:\/\/librairie7l.com\/en\/produit\/metamorphoses-histoire-naturelle-et-didactique-dans-les-collections-strasbourg\/","name":"M\u00c9TAMORPHOSES ; HISTOIRE NATURELLE ET DIDACTIQUE DANS LES COLLECTIONS STRASBOURGEOISES - Librairie 7L","isPartOf":{"@id":"https:\/\/librairie7l.com\/en\/#website"},"datePublished":"2023-05-10T11:23:24+00:00","dateModified":"2026-04-06T22:36:15+00:00","breadcrumb":{"@id":"https:\/\/librairie7l.com\/en\/produit\/metamorphoses-histoire-naturelle-et-didactique-dans-les-collections-strasbourg\/#breadcrumb"},"inLanguage":"en-US","potentialAction":[{"@type":"ReadAction","target":["https:\/\/librairie7l.com\/en\/produit\/metamorphoses-histoire-naturelle-et-didactique-dans-les-collections-strasbourg\/"]}]},{"@type":"BreadcrumbList","@id":"https:\/\/librairie7l.com\/en\/produit\/metamorphoses-histoire-naturelle-et-didactique-dans-les-collections-strasbourg\/#breadcrumb","itemListElement":[{"@type":"ListItem","position":1,"name":"Accueil","item":"https:\/\/librairie7l.com\/en\/"},{"@type":"ListItem","position":2,"name":"Shop","item":"https:\/\/librairie7l.com\/en\/shop\/"},{"@type":"ListItem","position":3,"name":"M\u00c9TAMORPHOSES ; HISTOIRE NATURELLE ET DIDACTIQUE DANS LES COLLECTIONS STRASBOURGEOISES"}]},{"@type":"WebSite","@id":"https:\/\/librairie7l.com\/en\/#website","url":"https:\/\/librairie7l.com\/en\/","name":"Librairie 7L","description":"Librairie fond\u00e9e en 1999 par Karl Lagerfeld \u00e0 Paris","publisher":{"@id":"https:\/\/librairie7l.com\/en\/#organization"},"potentialAction":[{"@type":"SearchAction","target":{"@type":"EntryPoint","urlTemplate":"https:\/\/librairie7l.com\/en\/?s={search_term_string}"},"query-input":"required name=search_term_string"}],"inLanguage":"en-US"},{"@type":"Organization","@id":"https:\/\/librairie7l.com\/en\/#organization","name":"Librairie 7L","url":"https:\/\/librairie7l.com\/en\/","logo":{"@type":"ImageObject","inLanguage":"en-US","@id":"https:\/\/librairie7l.com\/en\/#\/schema\/logo\/image\/","url":"https:\/\/librairie7l.com\/wp-content\/uploads\/2022\/08\/logo-1.png","contentUrl":"https:\/\/librairie7l.com\/wp-content\/uploads\/2022\/08\/logo-1.png","width":227,"height":301,"caption":"Librairie 7L"},"image":{"@id":"https:\/\/librairie7l.com\/en\/#\/schema\/logo\/image\/"}}]}},"_links":{"self":[{"href":"https:\/\/librairie7l.com\/en\/wp-json\/wp\/v2\/product\/28118"}],"collection":[{"href":"https:\/\/librairie7l.com\/en\/wp-json\/wp\/v2\/product"}],"about":[{"href":"https:\/\/librairie7l.com\/en\/wp-json\/wp\/v2\/types\/product"}],"wp:featuredmedia":[{"embeddable":true,"href":"https:\/\/librairie7l.com\/en\/wp-json\/wp\/v2\/media\/28116"}],"wp:attachment":[{"href":"https:\/\/librairie7l.com\/en\/wp-json\/wp\/v2\/media?parent=28118"}],"wp:term":[{"taxonomy":"product_cat","embeddable":true,"href":"https:\/\/librairie7l.com\/en\/wp-json\/wp\/v2\/product_cat?post=28118"},{"taxonomy":"product_tag","embeddable":true,"href":"https:\/\/librairie7l.com\/en\/wp-json\/wp\/v2\/product_tag?post=28118"}],"curies":[{"name":"wp","href":"https:\/\/api.w.org\/{rel}","templated":true}]}}