{"id":28121,"date":"2023-05-10T13:23:24","date_gmt":"2023-05-10T11:23:24","guid":{"rendered":"https:\/\/librairie7l.com\/?post_type=product&#038;p=28121"},"modified":"2026-04-17T07:06:47","modified_gmt":"2026-04-17T05:06:47","slug":"sape-comme-jadis","status":"publish","type":"product","link":"https:\/\/librairie7l.com\/en\/produit\/sape-comme-jadis\/","title":{"rendered":"SAP\u00c9 COMME JADIS"},"content":{"rendered":"<p>Pourquoi Jules C\u00e9sar s&#8217;est-il accroch\u00e9 \u00e0 sa toge ? Catherine de M\u00e9dicis avait-elle une culotte ? Pourquoi le Che portait-il toujours un b\u00e9ret alors qu&#8217;il n&#8217;\u00e9tait m\u00eame pas basque ? Pourquoi \u00c9lisabeth II s&#8217;habille-t-elle comme un panneau de signalisation ? Pour quelle raison Donald Trump refuse-t-il d&#8217;avouer qu&#8217;il met des peignoirs ?<br \/>\nYvane Jacob explore la garde-robe de 60 illustres personnages. En m\u00eame temps qu&#8217;elle r\u00e9v\u00e8le le sens cach\u00e9, ou oubli\u00e9, du v\u00eatement, c&#8217;est l&#8217;\u00e9volution des mentalit\u00e9s et des rapports sociaux qui se dessine. On ne s&#8217;habille pas seulement pour se prot\u00e9ger du froid ou pour cacher sa nudit\u00e9 : en se parant, on se r\u00e9volte, on se distingue, on s\u00e9duit, on conteste, on interpelle&#8230; On s&#8217;exprime ! Aux pr\u00e9occupations intimes et esth\u00e9tiques se m\u00ealent des consid\u00e9rations \u00e9conomiques, sociales et politiques.<br \/>\nSi le bonnet ne fait plus le docteur ni la robe le magistrat, le v\u00eatement reste un langage. Ces 60 portraits tentent de le d\u00e9coder, d\u00e9voilant avec l\u00e9g\u00e8ret\u00e9 mais sans frivolit\u00e9 tout ce que rev\u00eat l&#8217;habit.<\/p>\n","protected":false},"excerpt":{"rendered":"<p>Pourquoi Jules C\u00e9sar s&#8217;est-il accroch\u00e9 \u00e0 sa toge ? Catherine de M\u00e9dicis avait-elle une culotte ? Pourquoi le Che portait-il toujours un b\u00e9ret alors qu&#8217;il n&#8217;\u00e9tait m\u00eame pas basque ? Pourquoi \u00c9lisabeth II s&#8217;habille-t-elle comme un panneau de signalisation ? Pour quelle raison Donald Trump refuse-t-il d&#8217;avouer qu&#8217;il met des peignoirs ? Yvane Jacob explore [&hellip;]<\/p>\n","protected":false},"featured_media":28119,"template":"","meta":[],"product_cat":[55,2948,2957,19],"product_tag":[],"acf":[],"yoast_head":"<!-- This site is optimized with the Yoast SEO plugin v20.11 - https:\/\/yoast.com\/wordpress\/plugins\/seo\/ -->\n<title>SAP\u00c9 COMME JADIS - Librairie 7L<\/title>\n<meta name=\"robots\" content=\"index, follow, max-snippet:-1, max-image-preview:large, max-video-preview:-1\" \/>\n<link rel=\"canonical\" href=\"https:\/\/librairie7l.com\/en\/produit\/sape-comme-jadis\/\" \/>\n<meta property=\"og:locale\" content=\"en_US\" \/>\n<meta property=\"og:type\" content=\"article\" \/>\n<meta property=\"og:title\" content=\"SAP\u00c9 COMME JADIS - Librairie 7L\" \/>\n<meta property=\"og:description\" content=\"Pourquoi Jules C\u00e9sar s&#8217;est-il accroch\u00e9 \u00e0 sa toge ? Catherine de M\u00e9dicis avait-elle une culotte ? Pourquoi le Che portait-il toujours un b\u00e9ret alors qu&#8217;il n&#8217;\u00e9tait m\u00eame pas basque ? Pourquoi \u00c9lisabeth II s&#8217;habille-t-elle comme un panneau de signalisation ? Pour quelle raison Donald Trump refuse-t-il d&#8217;avouer qu&#8217;il met des peignoirs ? Yvane Jacob explore [&hellip;]\" \/>\n<meta property=\"og:url\" content=\"https:\/\/librairie7l.com\/en\/produit\/sape-comme-jadis\/\" \/>\n<meta property=\"og:site_name\" content=\"Librairie 7L\" \/>\n<meta property=\"article:modified_time\" content=\"2026-04-17T05:06:47+00:00\" \/>\n<meta property=\"og:image\" content=\"https:\/\/librairie7l.com\/wp-content\/uploads\/2019\/06\/9782221242964_1_75.jpg\" \/>\n\t<meta property=\"og:image:width\" content=\"600\" \/>\n\t<meta property=\"og:image:height\" content=\"784\" \/>\n\t<meta property=\"og:image:type\" content=\"image\/jpeg\" \/>\n<meta name=\"twitter:card\" content=\"summary_large_image\" \/>\n<meta name=\"twitter:label1\" content=\"Est. reading time\" \/>\n\t<meta name=\"twitter:data1\" content=\"1 minute\" \/>\n<script type=\"application\/ld+json\" class=\"yoast-schema-graph\">{\"@context\":\"https:\/\/schema.org\",\"@graph\":[{\"@type\":\"WebPage\",\"@id\":\"https:\/\/librairie7l.com\/en\/produit\/sape-comme-jadis\/\",\"url\":\"https:\/\/librairie7l.com\/en\/produit\/sape-comme-jadis\/\",\"name\":\"SAP\u00c9 COMME JADIS - Librairie 7L\",\"isPartOf\":{\"@id\":\"https:\/\/librairie7l.com\/en\/#website\"},\"datePublished\":\"2023-05-10T11:23:24+00:00\",\"dateModified\":\"2026-04-17T05:06:47+00:00\",\"breadcrumb\":{\"@id\":\"https:\/\/librairie7l.com\/en\/produit\/sape-comme-jadis\/#breadcrumb\"},\"inLanguage\":\"en-US\",\"potentialAction\":[{\"@type\":\"ReadAction\",\"target\":[\"https:\/\/librairie7l.com\/en\/produit\/sape-comme-jadis\/\"]}]},{\"@type\":\"BreadcrumbList\",\"@id\":\"https:\/\/librairie7l.com\/en\/produit\/sape-comme-jadis\/#breadcrumb\",\"itemListElement\":[{\"@type\":\"ListItem\",\"position\":1,\"name\":\"Accueil\",\"item\":\"https:\/\/librairie7l.com\/en\/\"},{\"@type\":\"ListItem\",\"position\":2,\"name\":\"Shop\",\"item\":\"https:\/\/librairie7l.com\/en\/shop\/\"},{\"@type\":\"ListItem\",\"position\":3,\"name\":\"SAP\u00c9 COMME JADIS\"}]},{\"@type\":\"WebSite\",\"@id\":\"https:\/\/librairie7l.com\/en\/#website\",\"url\":\"https:\/\/librairie7l.com\/en\/\",\"name\":\"Librairie 7L\",\"description\":\"Librairie fond\u00e9e en 1999 par Karl Lagerfeld \u00e0 Paris\",\"publisher\":{\"@id\":\"https:\/\/librairie7l.com\/en\/#organization\"},\"potentialAction\":[{\"@type\":\"SearchAction\",\"target\":{\"@type\":\"EntryPoint\",\"urlTemplate\":\"https:\/\/librairie7l.com\/en\/?s={search_term_string}\"},\"query-input\":\"required name=search_term_string\"}],\"inLanguage\":\"en-US\"},{\"@type\":\"Organization\",\"@id\":\"https:\/\/librairie7l.com\/en\/#organization\",\"name\":\"Librairie 7L\",\"url\":\"https:\/\/librairie7l.com\/en\/\",\"logo\":{\"@type\":\"ImageObject\",\"inLanguage\":\"en-US\",\"@id\":\"https:\/\/librairie7l.com\/en\/#\/schema\/logo\/image\/\",\"url\":\"https:\/\/librairie7l.com\/wp-content\/uploads\/2022\/08\/logo-1.png\",\"contentUrl\":\"https:\/\/librairie7l.com\/wp-content\/uploads\/2022\/08\/logo-1.png\",\"width\":227,\"height\":301,\"caption\":\"Librairie 7L\"},\"image\":{\"@id\":\"https:\/\/librairie7l.com\/en\/#\/schema\/logo\/image\/\"}}]}<\/script>\n<!-- \/ Yoast SEO plugin. -->","yoast_head_json":{"title":"SAP\u00c9 COMME JADIS - Librairie 7L","robots":{"index":"index","follow":"follow","max-snippet":"max-snippet:-1","max-image-preview":"max-image-preview:large","max-video-preview":"max-video-preview:-1"},"canonical":"https:\/\/librairie7l.com\/en\/produit\/sape-comme-jadis\/","og_locale":"en_US","og_type":"article","og_title":"SAP\u00c9 COMME JADIS - Librairie 7L","og_description":"Pourquoi Jules C\u00e9sar s&#8217;est-il accroch\u00e9 \u00e0 sa toge ? Catherine de M\u00e9dicis avait-elle une culotte ? Pourquoi le Che portait-il toujours un b\u00e9ret alors qu&#8217;il n&#8217;\u00e9tait m\u00eame pas basque ? Pourquoi \u00c9lisabeth II s&#8217;habille-t-elle comme un panneau de signalisation ? Pour quelle raison Donald Trump refuse-t-il d&#8217;avouer qu&#8217;il met des peignoirs ? Yvane Jacob explore [&hellip;]","og_url":"https:\/\/librairie7l.com\/en\/produit\/sape-comme-jadis\/","og_site_name":"Librairie 7L","article_modified_time":"2026-04-17T05:06:47+00:00","og_image":[{"width":600,"height":784,"url":"https:\/\/librairie7l.com\/wp-content\/uploads\/2019\/06\/9782221242964_1_75.jpg","type":"image\/jpeg"}],"twitter_card":"summary_large_image","twitter_misc":{"Est. reading time":"1 minute"},"schema":{"@context":"https:\/\/schema.org","@graph":[{"@type":"WebPage","@id":"https:\/\/librairie7l.com\/en\/produit\/sape-comme-jadis\/","url":"https:\/\/librairie7l.com\/en\/produit\/sape-comme-jadis\/","name":"SAP\u00c9 COMME JADIS - Librairie 7L","isPartOf":{"@id":"https:\/\/librairie7l.com\/en\/#website"},"datePublished":"2023-05-10T11:23:24+00:00","dateModified":"2026-04-17T05:06:47+00:00","breadcrumb":{"@id":"https:\/\/librairie7l.com\/en\/produit\/sape-comme-jadis\/#breadcrumb"},"inLanguage":"en-US","potentialAction":[{"@type":"ReadAction","target":["https:\/\/librairie7l.com\/en\/produit\/sape-comme-jadis\/"]}]},{"@type":"BreadcrumbList","@id":"https:\/\/librairie7l.com\/en\/produit\/sape-comme-jadis\/#breadcrumb","itemListElement":[{"@type":"ListItem","position":1,"name":"Accueil","item":"https:\/\/librairie7l.com\/en\/"},{"@type":"ListItem","position":2,"name":"Shop","item":"https:\/\/librairie7l.com\/en\/shop\/"},{"@type":"ListItem","position":3,"name":"SAP\u00c9 COMME JADIS"}]},{"@type":"WebSite","@id":"https:\/\/librairie7l.com\/en\/#website","url":"https:\/\/librairie7l.com\/en\/","name":"Librairie 7L","description":"Librairie fond\u00e9e en 1999 par Karl Lagerfeld \u00e0 Paris","publisher":{"@id":"https:\/\/librairie7l.com\/en\/#organization"},"potentialAction":[{"@type":"SearchAction","target":{"@type":"EntryPoint","urlTemplate":"https:\/\/librairie7l.com\/en\/?s={search_term_string}"},"query-input":"required name=search_term_string"}],"inLanguage":"en-US"},{"@type":"Organization","@id":"https:\/\/librairie7l.com\/en\/#organization","name":"Librairie 7L","url":"https:\/\/librairie7l.com\/en\/","logo":{"@type":"ImageObject","inLanguage":"en-US","@id":"https:\/\/librairie7l.com\/en\/#\/schema\/logo\/image\/","url":"https:\/\/librairie7l.com\/wp-content\/uploads\/2022\/08\/logo-1.png","contentUrl":"https:\/\/librairie7l.com\/wp-content\/uploads\/2022\/08\/logo-1.png","width":227,"height":301,"caption":"Librairie 7L"},"image":{"@id":"https:\/\/librairie7l.com\/en\/#\/schema\/logo\/image\/"}}]}},"_links":{"self":[{"href":"https:\/\/librairie7l.com\/en\/wp-json\/wp\/v2\/product\/28121"}],"collection":[{"href":"https:\/\/librairie7l.com\/en\/wp-json\/wp\/v2\/product"}],"about":[{"href":"https:\/\/librairie7l.com\/en\/wp-json\/wp\/v2\/types\/product"}],"wp:featuredmedia":[{"embeddable":true,"href":"https:\/\/librairie7l.com\/en\/wp-json\/wp\/v2\/media\/28119"}],"wp:attachment":[{"href":"https:\/\/librairie7l.com\/en\/wp-json\/wp\/v2\/media?parent=28121"}],"wp:term":[{"taxonomy":"product_cat","embeddable":true,"href":"https:\/\/librairie7l.com\/en\/wp-json\/wp\/v2\/product_cat?post=28121"},{"taxonomy":"product_tag","embeddable":true,"href":"https:\/\/librairie7l.com\/en\/wp-json\/wp\/v2\/product_tag?post=28121"}],"curies":[{"name":"wp","href":"https:\/\/api.w.org\/{rel}","templated":true}]}}