{"id":28125,"date":"2023-05-10T13:23:35","date_gmt":"2023-05-10T11:23:35","guid":{"rendered":"https:\/\/librairie7l.com\/?post_type=product&#038;p=28125"},"modified":"2026-05-16T22:34:51","modified_gmt":"2026-05-16T20:34:51","slug":"portraits-dinterieurs","status":"publish","type":"product","link":"https:\/\/librairie7l.com\/en\/produit\/portraits-dinterieurs\/","title":{"rendered":"PORTRAITS D&#8217;INTERIEURS"},"content":{"rendered":"<p>\u00abNous cr\u00e9ons des maisons pour que les gens s&#8217;y sentent bien et y trouvent leur bonheur. Nous pensons que chaque maison est une oasis ; un lieu de silence dans un monde trop bruyant !\u00bb \u00e9crit Axel Vervoordt.Marchand d&#8217;art install\u00e9e \u00e0 Anvers depuis cinquante ans, la soci\u00e9t\u00e9 Vervoordt met en sc\u00e8ne des demeures dans le monde entier, v\u00e9ritables havres de paix en harmonie avec la nature, dans lesquelles elle fait dialoguer les \u00e9poques et les objets. Ses clients appr\u00e9cient son go\u00fbt unique !Dans ce nouvel ouvrage, elle nous fait d\u00e9couvrir des projets men\u00e9s \u00e0 bien aux \u00c9tats-Unis, en Belgique, en Angleterre, en France, en Italie et en Espagne, ainsi que des premi\u00e8res r\u00e9alisations en Inde, en Russie et au Japon !Sur chaque chantier, la soci\u00e9t\u00e9 a mis en \u00e9vidence la mani\u00e8re unique qu&#8217;elle a de relier l&#8217;art, l&#8217;architecture et la nature en une seule pratique.<\/p>\n","protected":false},"excerpt":{"rendered":"<p>\u00abNous cr\u00e9ons des maisons pour que les gens s&#8217;y sentent bien et y trouvent leur bonheur. Nous pensons que chaque maison est une oasis ; un lieu de silence dans un monde trop bruyant !\u00bb \u00e9crit Axel Vervoordt.Marchand d&#8217;art install\u00e9e \u00e0 Anvers depuis cinquante ans, la soci\u00e9t\u00e9 Vervoordt met en sc\u00e8ne des demeures dans le [&hellip;]<\/p>\n","protected":false},"featured_media":28123,"template":"","meta":[],"product_cat":[55,2948,18,2952],"product_tag":[],"acf":[],"yoast_head":"<!-- This site is optimized with the Yoast SEO plugin v20.11 - https:\/\/yoast.com\/wordpress\/plugins\/seo\/ -->\n<title>PORTRAITS D&#039;INTERIEURS - Librairie 7L<\/title>\n<meta name=\"robots\" content=\"index, follow, max-snippet:-1, max-image-preview:large, max-video-preview:-1\" \/>\n<link rel=\"canonical\" href=\"https:\/\/librairie7l.com\/en\/produit\/portraits-dinterieurs\/\" \/>\n<meta property=\"og:locale\" content=\"en_US\" \/>\n<meta property=\"og:type\" content=\"article\" \/>\n<meta property=\"og:title\" content=\"PORTRAITS D&#039;INTERIEURS - Librairie 7L\" \/>\n<meta property=\"og:description\" content=\"\u00abNous cr\u00e9ons des maisons pour que les gens s&#8217;y sentent bien et y trouvent leur bonheur. Nous pensons que chaque maison est une oasis ; un lieu de silence dans un monde trop bruyant !\u00bb \u00e9crit Axel Vervoordt.Marchand d&#8217;art install\u00e9e \u00e0 Anvers depuis cinquante ans, la soci\u00e9t\u00e9 Vervoordt met en sc\u00e8ne des demeures dans le [&hellip;]\" \/>\n<meta property=\"og:url\" content=\"https:\/\/librairie7l.com\/en\/produit\/portraits-dinterieurs\/\" \/>\n<meta property=\"og:site_name\" content=\"Librairie 7L\" \/>\n<meta property=\"article:modified_time\" content=\"2026-05-16T20:34:51+00:00\" \/>\n<meta property=\"og:image\" content=\"https:\/\/librairie7l.com\/wp-content\/uploads\/2019\/10\/9782081496316_1_75.jpg\" \/>\n\t<meta property=\"og:image:width\" content=\"600\" \/>\n\t<meta property=\"og:image:height\" content=\"791\" \/>\n\t<meta property=\"og:image:type\" content=\"image\/jpeg\" \/>\n<meta name=\"twitter:card\" content=\"summary_large_image\" \/>\n<meta name=\"twitter:label1\" content=\"Est. reading time\" \/>\n\t<meta name=\"twitter:data1\" content=\"1 minute\" \/>\n<script type=\"application\/ld+json\" class=\"yoast-schema-graph\">{\"@context\":\"https:\/\/schema.org\",\"@graph\":[{\"@type\":\"WebPage\",\"@id\":\"https:\/\/librairie7l.com\/en\/produit\/portraits-dinterieurs\/\",\"url\":\"https:\/\/librairie7l.com\/en\/produit\/portraits-dinterieurs\/\",\"name\":\"PORTRAITS D'INTERIEURS - Librairie 7L\",\"isPartOf\":{\"@id\":\"https:\/\/librairie7l.com\/en\/#website\"},\"datePublished\":\"2023-05-10T11:23:35+00:00\",\"dateModified\":\"2026-05-16T20:34:51+00:00\",\"breadcrumb\":{\"@id\":\"https:\/\/librairie7l.com\/en\/produit\/portraits-dinterieurs\/#breadcrumb\"},\"inLanguage\":\"en-US\",\"potentialAction\":[{\"@type\":\"ReadAction\",\"target\":[\"https:\/\/librairie7l.com\/en\/produit\/portraits-dinterieurs\/\"]}]},{\"@type\":\"BreadcrumbList\",\"@id\":\"https:\/\/librairie7l.com\/en\/produit\/portraits-dinterieurs\/#breadcrumb\",\"itemListElement\":[{\"@type\":\"ListItem\",\"position\":1,\"name\":\"Accueil\",\"item\":\"https:\/\/librairie7l.com\/en\/\"},{\"@type\":\"ListItem\",\"position\":2,\"name\":\"Shop\",\"item\":\"https:\/\/librairie7l.com\/en\/shop\/\"},{\"@type\":\"ListItem\",\"position\":3,\"name\":\"PORTRAITS D&#8217;INTERIEURS\"}]},{\"@type\":\"WebSite\",\"@id\":\"https:\/\/librairie7l.com\/en\/#website\",\"url\":\"https:\/\/librairie7l.com\/en\/\",\"name\":\"Librairie 7L\",\"description\":\"Librairie fond\u00e9e en 1999 par Karl Lagerfeld \u00e0 Paris\",\"publisher\":{\"@id\":\"https:\/\/librairie7l.com\/en\/#organization\"},\"potentialAction\":[{\"@type\":\"SearchAction\",\"target\":{\"@type\":\"EntryPoint\",\"urlTemplate\":\"https:\/\/librairie7l.com\/en\/?s={search_term_string}\"},\"query-input\":\"required name=search_term_string\"}],\"inLanguage\":\"en-US\"},{\"@type\":\"Organization\",\"@id\":\"https:\/\/librairie7l.com\/en\/#organization\",\"name\":\"Librairie 7L\",\"url\":\"https:\/\/librairie7l.com\/en\/\",\"logo\":{\"@type\":\"ImageObject\",\"inLanguage\":\"en-US\",\"@id\":\"https:\/\/librairie7l.com\/en\/#\/schema\/logo\/image\/\",\"url\":\"https:\/\/librairie7l.com\/wp-content\/uploads\/2022\/08\/logo-1.png\",\"contentUrl\":\"https:\/\/librairie7l.com\/wp-content\/uploads\/2022\/08\/logo-1.png\",\"width\":227,\"height\":301,\"caption\":\"Librairie 7L\"},\"image\":{\"@id\":\"https:\/\/librairie7l.com\/en\/#\/schema\/logo\/image\/\"}}]}<\/script>\n<!-- \/ Yoast SEO plugin. -->","yoast_head_json":{"title":"PORTRAITS D'INTERIEURS - Librairie 7L","robots":{"index":"index","follow":"follow","max-snippet":"max-snippet:-1","max-image-preview":"max-image-preview:large","max-video-preview":"max-video-preview:-1"},"canonical":"https:\/\/librairie7l.com\/en\/produit\/portraits-dinterieurs\/","og_locale":"en_US","og_type":"article","og_title":"PORTRAITS D'INTERIEURS - Librairie 7L","og_description":"\u00abNous cr\u00e9ons des maisons pour que les gens s&#8217;y sentent bien et y trouvent leur bonheur. Nous pensons que chaque maison est une oasis ; un lieu de silence dans un monde trop bruyant !\u00bb \u00e9crit Axel Vervoordt.Marchand d&#8217;art install\u00e9e \u00e0 Anvers depuis cinquante ans, la soci\u00e9t\u00e9 Vervoordt met en sc\u00e8ne des demeures dans le [&hellip;]","og_url":"https:\/\/librairie7l.com\/en\/produit\/portraits-dinterieurs\/","og_site_name":"Librairie 7L","article_modified_time":"2026-05-16T20:34:51+00:00","og_image":[{"width":600,"height":791,"url":"https:\/\/librairie7l.com\/wp-content\/uploads\/2019\/10\/9782081496316_1_75.jpg","type":"image\/jpeg"}],"twitter_card":"summary_large_image","twitter_misc":{"Est. reading time":"1 minute"},"schema":{"@context":"https:\/\/schema.org","@graph":[{"@type":"WebPage","@id":"https:\/\/librairie7l.com\/en\/produit\/portraits-dinterieurs\/","url":"https:\/\/librairie7l.com\/en\/produit\/portraits-dinterieurs\/","name":"PORTRAITS D'INTERIEURS - Librairie 7L","isPartOf":{"@id":"https:\/\/librairie7l.com\/en\/#website"},"datePublished":"2023-05-10T11:23:35+00:00","dateModified":"2026-05-16T20:34:51+00:00","breadcrumb":{"@id":"https:\/\/librairie7l.com\/en\/produit\/portraits-dinterieurs\/#breadcrumb"},"inLanguage":"en-US","potentialAction":[{"@type":"ReadAction","target":["https:\/\/librairie7l.com\/en\/produit\/portraits-dinterieurs\/"]}]},{"@type":"BreadcrumbList","@id":"https:\/\/librairie7l.com\/en\/produit\/portraits-dinterieurs\/#breadcrumb","itemListElement":[{"@type":"ListItem","position":1,"name":"Accueil","item":"https:\/\/librairie7l.com\/en\/"},{"@type":"ListItem","position":2,"name":"Shop","item":"https:\/\/librairie7l.com\/en\/shop\/"},{"@type":"ListItem","position":3,"name":"PORTRAITS D&#8217;INTERIEURS"}]},{"@type":"WebSite","@id":"https:\/\/librairie7l.com\/en\/#website","url":"https:\/\/librairie7l.com\/en\/","name":"Librairie 7L","description":"Librairie fond\u00e9e en 1999 par Karl Lagerfeld \u00e0 Paris","publisher":{"@id":"https:\/\/librairie7l.com\/en\/#organization"},"potentialAction":[{"@type":"SearchAction","target":{"@type":"EntryPoint","urlTemplate":"https:\/\/librairie7l.com\/en\/?s={search_term_string}"},"query-input":"required name=search_term_string"}],"inLanguage":"en-US"},{"@type":"Organization","@id":"https:\/\/librairie7l.com\/en\/#organization","name":"Librairie 7L","url":"https:\/\/librairie7l.com\/en\/","logo":{"@type":"ImageObject","inLanguage":"en-US","@id":"https:\/\/librairie7l.com\/en\/#\/schema\/logo\/image\/","url":"https:\/\/librairie7l.com\/wp-content\/uploads\/2022\/08\/logo-1.png","contentUrl":"https:\/\/librairie7l.com\/wp-content\/uploads\/2022\/08\/logo-1.png","width":227,"height":301,"caption":"Librairie 7L"},"image":{"@id":"https:\/\/librairie7l.com\/en\/#\/schema\/logo\/image\/"}}]}},"_links":{"self":[{"href":"https:\/\/librairie7l.com\/en\/wp-json\/wp\/v2\/product\/28125"}],"collection":[{"href":"https:\/\/librairie7l.com\/en\/wp-json\/wp\/v2\/product"}],"about":[{"href":"https:\/\/librairie7l.com\/en\/wp-json\/wp\/v2\/types\/product"}],"wp:featuredmedia":[{"embeddable":true,"href":"https:\/\/librairie7l.com\/en\/wp-json\/wp\/v2\/media\/28123"}],"wp:attachment":[{"href":"https:\/\/librairie7l.com\/en\/wp-json\/wp\/v2\/media?parent=28125"}],"wp:term":[{"taxonomy":"product_cat","embeddable":true,"href":"https:\/\/librairie7l.com\/en\/wp-json\/wp\/v2\/product_cat?post=28125"},{"taxonomy":"product_tag","embeddable":true,"href":"https:\/\/librairie7l.com\/en\/wp-json\/wp\/v2\/product_tag?post=28125"}],"curies":[{"name":"wp","href":"https:\/\/api.w.org\/{rel}","templated":true}]}}